{"id":29538,"date":"2025-05-14T15:08:30","date_gmt":"2025-05-14T19:08:30","guid":{"rendered":"https:\/\/cabanons.com\/?page_id=29538"},"modified":"2025-05-14T15:09:56","modified_gmt":"2025-05-14T19:09:56","slug":"gazebo-design","status":"publish","type":"page","link":"https:\/\/cabanons.com\/en\/gazebo-design\/","title":{"rendered":"Gazebo design"},"content":{"rendered":"\t\t<div data-elementor-type=\"wp-page\" data-elementor-id=\"29538\" class=\"elementor elementor-29538 elementor-29151\" data-elementor-post-type=\"page\">\n\t\t\t\t\t\t<section class=\"elementor-section elementor-top-section elementor-element elementor-element-07976cf elementor-section-boxed elementor-section-height-default elementor-section-height-default\" data-id=\"07976cf\" data-element_type=\"section\" data-e-type=\"section\">\n\t\t\t\t\t\t<div class=\"elementor-container elementor-column-gap-default\">\n\t\t\t\t\t<div class=\"elementor-column elementor-col-100 elementor-top-column elementor-element elementor-element-7f55345\" data-id=\"7f55345\" data-element_type=\"column\" data-e-type=\"column\">\n\t\t\t<div class=\"elementor-widget-wrap elementor-element-populated\">\n\t\t\t\t\t\t<div class=\"elementor-element elementor-element-dad61ff elementor-widget elementor-widget-image\" data-id=\"dad61ff\" data-element_type=\"widget\" data-e-type=\"widget\" data-widget_type=\"image.default\">\n\t\t\t\t<div class=\"elementor-widget-container\">\n\t\t\t\t\t\t\t\t\t\t\t\t\t\t\t<img decoding=\"async\" width=\"113\" height=\"53\" data-src=\"https:\/\/cabanons.com\/wp-content\/uploads\/2025\/05\/Gazebo_Design_color.png\" class=\"attachment-large size-large wp-image-29154 lazyload\" alt=\"\" src=\"data:image\/svg+xml;base64,PHN2ZyB3aWR0aD0iMSIgaGVpZ2h0PSIxIiB4bWxucz0iaHR0cDovL3d3dy53My5vcmcvMjAwMC9zdmciPjwvc3ZnPg==\" style=\"--smush-placeholder-width: 113px; --smush-placeholder-aspect-ratio: 113\/53;\" \/>\t\t\t\t\t\t\t\t\t\t\t\t\t\t\t<\/div>\n\t\t\t\t<\/div>\n\t\t\t\t\t<\/div>\n\t\t<\/div>\n\t\t\t\t\t<\/div>\n\t\t<\/section>\n\t\t\t\t<section class=\"elementor-section elementor-top-section elementor-element elementor-element-e209d1d elementor-section-boxed elementor-section-height-default elementor-section-height-default\" data-id=\"e209d1d\" data-element_type=\"section\" data-e-type=\"section\">\n\t\t\t\t\t\t<div class=\"elementor-container elementor-column-gap-default\">\n\t\t\t\t\t<div class=\"elementor-column elementor-col-100 elementor-top-column elementor-element elementor-element-36ae74b\" data-id=\"36ae74b\" data-element_type=\"column\" data-e-type=\"column\">\n\t\t\t<div class=\"elementor-widget-wrap elementor-element-populated\">\n\t\t\t\t\t\t<div class=\"elementor-element elementor-element-6c62bf9 elementor-widget elementor-widget-text-editor\" data-id=\"6c62bf9\" data-element_type=\"widget\" data-e-type=\"widget\" data-widget_type=\"text-editor.default\">\n\t\t\t\t<div class=\"elementor-widget-container\">\n\t\t\t\t\t\t\t\t\t<p>Hardtop gazebos are sturdy, elegant outdoor structures that offer optimum protection from the elements, while adding an aesthetic touch to your outdoor space. Designed to withstand a wide range of weather conditions, these shelters are ideal for prolonging the use of your terrace or garden all year round.<\/p>\t\t\t\t\t\t\t\t<\/div>\n\t\t\t\t<\/div>\n\t\t\t\t\t<\/div>\n\t\t<\/div>\n\t\t\t\t\t<\/div>\n\t\t<\/section>\n\t\t\t\t<section class=\"elementor-section elementor-top-section elementor-element elementor-element-9292f1d elementor-section-boxed elementor-section-height-default elementor-section-height-default\" data-id=\"9292f1d\" data-element_type=\"section\" data-e-type=\"section\">\n\t\t\t\t\t\t<div class=\"elementor-container elementor-column-gap-default\">\n\t\t\t\t\t<div class=\"elementor-column elementor-col-33 elementor-top-column elementor-element elementor-element-b345f47\" data-id=\"b345f47\" data-element_type=\"column\" data-e-type=\"column\">\n\t\t\t<div class=\"elementor-widget-wrap\">\n\t\t\t\t\t\t\t<\/div>\n\t\t<\/div>\n\t\t\t\t<div class=\"elementor-column elementor-col-33 elementor-top-column elementor-element elementor-element-395be08\" data-id=\"395be08\" data-element_type=\"column\" data-e-type=\"column\">\n\t\t\t<div class=\"elementor-widget-wrap elementor-element-populated\">\n\t\t\t\t\t\t<div class=\"elementor-element elementor-element-6ec2d73 elementor-flip-box--effect-flip elementor-flip-box--direction-up elementor-widget elementor-widget-flip-box\" data-id=\"6ec2d73\" data-element_type=\"widget\" data-e-type=\"widget\" data-widget_type=\"flip-box.default\">\n\t\t\t\t<div class=\"elementor-widget-container\">\n\t\t\t\t\t\t\t<div class=\"elementor-flip-box\" tabindex=\"0\">\n\t\t\t<div class=\"elementor-flip-box__layer elementor-flip-box__front\">\n\t\t\t\t<div class=\"elementor-flip-box__layer__overlay\">\n\t\t\t\t\t<div class=\"elementor-flip-box__layer__inner\">\n\t\t\t\t\t\t\n\t\t\t\t\t\t\n\t\t\t\t\t\t\t\t\t\t\t<\/div>\n\t\t\t\t<\/div>\n\t\t\t<\/div>\n\t\t\t<div class=\"elementor-flip-box__layer elementor-flip-box__back\">\n\t\t\t<div class=\"elementor-flip-box__layer__overlay\">\n\t\t\t\t<div class=\"elementor-flip-box__layer__inner\">\n\t\t\t\t\t\t\t\t\t\t\t<h3 class=\"elementor-flip-box__layer__title\">\n\t\t\t\t\t\t\tHardtop Gazebo\t\t\t\t\t\t<\/h3>\n\t\t\t\t\t\n\t\t\t\t\t\t\t\t\t\t\t<div class=\"elementor-flip-box__layer__description\">\n\t\t\t\t\t\t\t- Refuge 12'x14'<br>\n\n\t\t\t\t\t\t<\/div>\n\t\t\t\t\t\n\t\t\t\t\t\t\t\t\t\t\t<a class=\"elementor-flip-box__button elementor-button elementor-size-sm\" href=\"https:\/\/cabanons.com\/refuge-gazebo-design\/\">\n\t\t\t\t\t\t\tSee more\t\t\t\t\t\t<\/a>\n\t\t\t\t\t\t\t\t<\/div>\n\t\t<\/div>\n\t\t<\/div>\n\t\t<\/div>\n\t\t\t\t\t\t<\/div>\n\t\t\t\t<\/div>\n\t\t\t\t\t<\/div>\n\t\t<\/div>\n\t\t\t\t<div class=\"elementor-column elementor-col-33 elementor-top-column elementor-element elementor-element-4303593\" data-id=\"4303593\" data-element_type=\"column\" data-e-type=\"column\">\n\t\t\t<div class=\"elementor-widget-wrap\">\n\t\t\t\t\t\t\t<\/div>\n\t\t<\/div>\n\t\t\t\t\t<\/div>\n\t\t<\/section>\n\t\t\t\t<\/div>\n\t\t","protected":false},"excerpt":{"rendered":"<p>Hardtop gazebos are sturdy, elegant outdoor structures that offer optimum protection from the elements, while adding an aesthetic touch to your outdoor space. Designed to withstand a wide range of weather conditions, these shelters are ideal for prolonging the use of your terrace or garden all year round. Hardtop Gazebo &#8211; Refuge 12&#8217;x14&#8242; See more<\/p>\n","protected":false},"author":15,"featured_media":0,"parent":0,"menu_order":0,"comment_status":"closed","ping_status":"closed","template":"elementor_header_footer","meta":{"content-type":"","footnotes":""},"class_list":["post-29538","page","type-page","status-publish","hentry"],"yoast_head":"<!-- This site is optimized with the Yoast SEO plugin v27.5 - https:\/\/yoast.com\/product\/yoast-seo-wordpress\/ -->\n<title>Gazebo design - Garages et Cabanons Fontaine<\/title>\n<meta name=\"description\" content=\"Hardtop gazebos are sturdy, elegant outdoor structures that offer optimum protection from the elements, while adding an aesthetic touch to your outdoor Choisissez parmi nos mod\u00e8les de base aux architectures vari\u00e9es.Trouvez facilement le mod\u00e8le qui se marie \u00e0 votre d\u00e9cor et qui correspond \u00e0 vos besoins.\" \/>\n<meta name=\"robots\" content=\"index, follow, max-snippet:-1, max-image-preview:large, max-video-preview:-1\" \/>\n<link rel=\"canonical\" href=\"https:\/\/cabanons.com\/en\/gazebo-design\/\" \/>\n<meta property=\"og:locale\" content=\"en_US\" \/>\n<meta property=\"og:type\" content=\"article\" \/>\n<meta property=\"og:title\" content=\"Gazebo design - Garages et Cabanons Fontaine\" \/>\n<meta property=\"og:description\" content=\"Hardtop gazebos are sturdy, elegant outdoor structures that offer optimum protection from the elements, while adding an aesthetic touch to your outdoor Choisissez parmi nos mod\u00e8les de base aux architectures vari\u00e9es.Trouvez facilement le mod\u00e8le qui se marie \u00e0 votre d\u00e9cor et qui correspond \u00e0 vos besoins.\" \/>\n<meta property=\"og:url\" content=\"https:\/\/cabanons.com\/en\/gazebo-design\/\" \/>\n<meta property=\"og:site_name\" content=\"Garages et Cabanons Fontaine\" \/>\n<meta property=\"article:modified_time\" content=\"2025-05-14T19:09:56+00:00\" \/>\n<meta property=\"og:image\" content=\"https:\/\/cabanons.com\/wp-content\/uploads\/2025\/05\/Gazebo_Design_color.png\" \/>\n\t<meta property=\"og:image:width\" content=\"113\" \/>\n\t<meta property=\"og:image:height\" content=\"53\" \/>\n\t<meta property=\"og:image:type\" content=\"image\/png\" \/>\n<meta name=\"twitter:card\" content=\"summary_large_image\" \/>\n<script type=\"application\/ld+json\" class=\"yoast-schema-graph\">{\"@context\":\"https:\\\/\\\/schema.org\",\"@graph\":[{\"@type\":\"WebPage\",\"@id\":\"https:\\\/\\\/cabanons.com\\\/en\\\/gazebo-design\\\/\",\"url\":\"https:\\\/\\\/cabanons.com\\\/en\\\/gazebo-design\\\/\",\"name\":\"Gazebo design - Garages et Cabanons Fontaine\",\"isPartOf\":{\"@id\":\"https:\\\/\\\/cabanons.com\\\/en\\\/#website\"},\"primaryImageOfPage\":{\"@id\":\"https:\\\/\\\/cabanons.com\\\/en\\\/gazebo-design\\\/#primaryimage\"},\"image\":{\"@id\":\"https:\\\/\\\/cabanons.com\\\/en\\\/gazebo-design\\\/#primaryimage\"},\"thumbnailUrl\":\"https:\\\/\\\/cabanons.com\\\/wp-content\\\/uploads\\\/2025\\\/05\\\/Gazebo_Design_color.png\",\"datePublished\":\"2025-05-14T19:08:30+00:00\",\"dateModified\":\"2025-05-14T19:09:56+00:00\",\"description\":\"Hardtop gazebos are sturdy, elegant outdoor structures that offer optimum protection from the elements, while adding an aesthetic touch to your outdoor Choisissez parmi nos mod\u00e8les de base aux architectures vari\u00e9es.Trouvez facilement le mod\u00e8le qui se marie \u00e0 votre d\u00e9cor et qui correspond \u00e0 vos besoins.\",\"breadcrumb\":{\"@id\":\"https:\\\/\\\/cabanons.com\\\/en\\\/gazebo-design\\\/#breadcrumb\"},\"inLanguage\":\"en-CA\",\"potentialAction\":[{\"@type\":\"ReadAction\",\"target\":[\"https:\\\/\\\/cabanons.com\\\/en\\\/gazebo-design\\\/\"]}]},{\"@type\":\"ImageObject\",\"inLanguage\":\"en-CA\",\"@id\":\"https:\\\/\\\/cabanons.com\\\/en\\\/gazebo-design\\\/#primaryimage\",\"url\":\"https:\\\/\\\/cabanons.com\\\/wp-content\\\/uploads\\\/2025\\\/05\\\/Gazebo_Design_color.png\",\"contentUrl\":\"https:\\\/\\\/cabanons.com\\\/wp-content\\\/uploads\\\/2025\\\/05\\\/Gazebo_Design_color.png\"},{\"@type\":\"BreadcrumbList\",\"@id\":\"https:\\\/\\\/cabanons.com\\\/en\\\/gazebo-design\\\/#breadcrumb\",\"itemListElement\":[{\"@type\":\"ListItem\",\"position\":1,\"name\":\"Accueil\",\"item\":\"https:\\\/\\\/cabanons.com\\\/en\\\/\"},{\"@type\":\"ListItem\",\"position\":2,\"name\":\"Gazebo design\"}]},{\"@type\":\"WebSite\",\"@id\":\"https:\\\/\\\/cabanons.com\\\/en\\\/#website\",\"url\":\"https:\\\/\\\/cabanons.com\\\/en\\\/\",\"name\":\"Garages et Cabanons Fontaine\",\"description\":\"LA QUALIT\u00c9 IN\u00c9GAL\u00c9 DEPUIS 1976\",\"publisher\":{\"@id\":\"https:\\\/\\\/cabanons.com\\\/en\\\/#organization\"},\"potentialAction\":[{\"@type\":\"SearchAction\",\"target\":{\"@type\":\"EntryPoint\",\"urlTemplate\":\"https:\\\/\\\/cabanons.com\\\/en\\\/?s={search_term_string}\"},\"query-input\":{\"@type\":\"PropertyValueSpecification\",\"valueRequired\":true,\"valueName\":\"search_term_string\"}}],\"inLanguage\":\"en-CA\"},{\"@type\":\"Organization\",\"@id\":\"https:\\\/\\\/cabanons.com\\\/en\\\/#organization\",\"name\":\"Garages et Cabanons Fontaine\",\"url\":\"https:\\\/\\\/cabanons.com\\\/en\\\/\",\"logo\":{\"@type\":\"ImageObject\",\"inLanguage\":\"en-CA\",\"@id\":\"https:\\\/\\\/cabanons.com\\\/en\\\/#\\\/schema\\\/logo\\\/image\\\/\",\"url\":\"https:\\\/\\\/cabanons.com\\\/wp-content\\\/uploads\\\/2020\\\/11\\\/icone_Logo_Garages_et_Cabanons_Fontaine_horz.png\",\"contentUrl\":\"https:\\\/\\\/cabanons.com\\\/wp-content\\\/uploads\\\/2020\\\/11\\\/icone_Logo_Garages_et_Cabanons_Fontaine_horz.png\",\"width\":716,\"height\":156,\"caption\":\"Garages et Cabanons Fontaine\"},\"image\":{\"@id\":\"https:\\\/\\\/cabanons.com\\\/en\\\/#\\\/schema\\\/logo\\\/image\\\/\"}}]}<\/script>\n<!-- \/ Yoast SEO plugin. -->","yoast_head_json":{"title":"Gazebo design - Garages et Cabanons Fontaine","description":"Hardtop gazebos are sturdy, elegant outdoor structures that offer optimum protection from the elements, while adding an aesthetic touch to your outdoor Choisissez parmi nos mod\u00e8les de base aux architectures vari\u00e9es.Trouvez facilement le mod\u00e8le qui se marie \u00e0 votre d\u00e9cor et qui correspond \u00e0 vos besoins.","robots":{"index":"index","follow":"follow","max-snippet":"max-snippet:-1","max-image-preview":"max-image-preview:large","max-video-preview":"max-video-preview:-1"},"canonical":"https:\/\/cabanons.com\/en\/gazebo-design\/","og_locale":"en_US","og_type":"article","og_title":"Gazebo design - Garages et Cabanons Fontaine","og_description":"Hardtop gazebos are sturdy, elegant outdoor structures that offer optimum protection from the elements, while adding an aesthetic touch to your outdoor Choisissez parmi nos mod\u00e8les de base aux architectures vari\u00e9es.Trouvez facilement le mod\u00e8le qui se marie \u00e0 votre d\u00e9cor et qui correspond \u00e0 vos besoins.","og_url":"https:\/\/cabanons.com\/en\/gazebo-design\/","og_site_name":"Garages et Cabanons Fontaine","article_modified_time":"2025-05-14T19:09:56+00:00","og_image":[{"width":113,"height":53,"url":"https:\/\/cabanons.com\/wp-content\/uploads\/2025\/05\/Gazebo_Design_color.png","type":"image\/png"}],"twitter_card":"summary_large_image","schema":{"@context":"https:\/\/schema.org","@graph":[{"@type":"WebPage","@id":"https:\/\/cabanons.com\/en\/gazebo-design\/","url":"https:\/\/cabanons.com\/en\/gazebo-design\/","name":"Gazebo design - Garages et Cabanons Fontaine","isPartOf":{"@id":"https:\/\/cabanons.com\/en\/#website"},"primaryImageOfPage":{"@id":"https:\/\/cabanons.com\/en\/gazebo-design\/#primaryimage"},"image":{"@id":"https:\/\/cabanons.com\/en\/gazebo-design\/#primaryimage"},"thumbnailUrl":"https:\/\/cabanons.com\/wp-content\/uploads\/2025\/05\/Gazebo_Design_color.png","datePublished":"2025-05-14T19:08:30+00:00","dateModified":"2025-05-14T19:09:56+00:00","description":"Hardtop gazebos are sturdy, elegant outdoor structures that offer optimum protection from the elements, while adding an aesthetic touch to your outdoor Choisissez parmi nos mod\u00e8les de base aux architectures vari\u00e9es.Trouvez facilement le mod\u00e8le qui se marie \u00e0 votre d\u00e9cor et qui correspond \u00e0 vos besoins.","breadcrumb":{"@id":"https:\/\/cabanons.com\/en\/gazebo-design\/#breadcrumb"},"inLanguage":"en-CA","potentialAction":[{"@type":"ReadAction","target":["https:\/\/cabanons.com\/en\/gazebo-design\/"]}]},{"@type":"ImageObject","inLanguage":"en-CA","@id":"https:\/\/cabanons.com\/en\/gazebo-design\/#primaryimage","url":"https:\/\/cabanons.com\/wp-content\/uploads\/2025\/05\/Gazebo_Design_color.png","contentUrl":"https:\/\/cabanons.com\/wp-content\/uploads\/2025\/05\/Gazebo_Design_color.png"},{"@type":"BreadcrumbList","@id":"https:\/\/cabanons.com\/en\/gazebo-design\/#breadcrumb","itemListElement":[{"@type":"ListItem","position":1,"name":"Accueil","item":"https:\/\/cabanons.com\/en\/"},{"@type":"ListItem","position":2,"name":"Gazebo design"}]},{"@type":"WebSite","@id":"https:\/\/cabanons.com\/en\/#website","url":"https:\/\/cabanons.com\/en\/","name":"Garages et Cabanons Fontaine","description":"LA QUALIT\u00c9 IN\u00c9GAL\u00c9 DEPUIS 1976","publisher":{"@id":"https:\/\/cabanons.com\/en\/#organization"},"potentialAction":[{"@type":"SearchAction","target":{"@type":"EntryPoint","urlTemplate":"https:\/\/cabanons.com\/en\/?s={search_term_string}"},"query-input":{"@type":"PropertyValueSpecification","valueRequired":true,"valueName":"search_term_string"}}],"inLanguage":"en-CA"},{"@type":"Organization","@id":"https:\/\/cabanons.com\/en\/#organization","name":"Garages et Cabanons Fontaine","url":"https:\/\/cabanons.com\/en\/","logo":{"@type":"ImageObject","inLanguage":"en-CA","@id":"https:\/\/cabanons.com\/en\/#\/schema\/logo\/image\/","url":"https:\/\/cabanons.com\/wp-content\/uploads\/2020\/11\/icone_Logo_Garages_et_Cabanons_Fontaine_horz.png","contentUrl":"https:\/\/cabanons.com\/wp-content\/uploads\/2020\/11\/icone_Logo_Garages_et_Cabanons_Fontaine_horz.png","width":716,"height":156,"caption":"Garages et Cabanons Fontaine"},"image":{"@id":"https:\/\/cabanons.com\/en\/#\/schema\/logo\/image\/"}}]}},"_links":{"self":[{"href":"https:\/\/cabanons.com\/en\/wp-json\/wp\/v2\/pages\/29538","targetHints":{"allow":["GET"]}}],"collection":[{"href":"https:\/\/cabanons.com\/en\/wp-json\/wp\/v2\/pages"}],"about":[{"href":"https:\/\/cabanons.com\/en\/wp-json\/wp\/v2\/types\/page"}],"author":[{"embeddable":true,"href":"https:\/\/cabanons.com\/en\/wp-json\/wp\/v2\/users\/15"}],"replies":[{"embeddable":true,"href":"https:\/\/cabanons.com\/en\/wp-json\/wp\/v2\/comments?post=29538"}],"version-history":[{"count":6,"href":"https:\/\/cabanons.com\/en\/wp-json\/wp\/v2\/pages\/29538\/revisions"}],"predecessor-version":[{"id":29544,"href":"https:\/\/cabanons.com\/en\/wp-json\/wp\/v2\/pages\/29538\/revisions\/29544"}],"wp:attachment":[{"href":"https:\/\/cabanons.com\/en\/wp-json\/wp\/v2\/media?parent=29538"}],"curies":[{"name":"wp","href":"https:\/\/api.w.org\/{rel}","templated":true}]}}