{"id":30649,"date":"2025-08-07T13:02:03","date_gmt":"2025-08-07T17:02:03","guid":{"rendered":"https:\/\/cabanons.com\/?page_id=30649"},"modified":"2025-08-07T13:06:12","modified_gmt":"2025-08-07T17:06:12","slug":"project-boise","status":"publish","type":"page","link":"https:\/\/cabanons.com\/en\/project-boise\/","title":{"rendered":"Project BOIS\u00c9"},"content":{"rendered":"\t\t<div data-elementor-type=\"wp-page\" data-elementor-id=\"30649\" class=\"elementor elementor-30649 elementor-30648\" data-elementor-post-type=\"page\">\n\t\t\t\t\t\t<section class=\"elementor-section elementor-top-section elementor-element elementor-element-56a09a3 elementor-section-boxed elementor-section-height-default elementor-section-height-default\" data-id=\"56a09a3\" data-element_type=\"section\" data-e-type=\"section\">\n\t\t\t\t\t\t<div class=\"elementor-container elementor-column-gap-default\">\n\t\t\t\t\t<div class=\"elementor-column elementor-col-100 elementor-top-column elementor-element elementor-element-4f4ee3a\" data-id=\"4f4ee3a\" data-element_type=\"column\" data-e-type=\"column\">\n\t\t\t<div class=\"elementor-widget-wrap elementor-element-populated\">\n\t\t\t\t\t\t<div class=\"elementor-element elementor-element-e453512 elementor-widget elementor-widget-heading\" data-id=\"e453512\" data-element_type=\"widget\" data-e-type=\"widget\" data-widget_type=\"heading.default\">\n\t\t\t\t<div class=\"elementor-widget-container\">\n\t\t\t\t\t<h2 class=\"elementor-heading-title elementor-size-default\">Project BOIS\u00c9<\/h2>\t\t\t\t<\/div>\n\t\t\t\t<\/div>\n\t\t\t\t<div class=\"elementor-element elementor-element-a6c8e52 elementor-widget-divider--view-line elementor-widget elementor-widget-divider\" data-id=\"a6c8e52\" data-element_type=\"widget\" data-e-type=\"widget\" data-widget_type=\"divider.default\">\n\t\t\t\t<div class=\"elementor-widget-container\">\n\t\t\t\t\t\t\t<div class=\"elementor-divider\">\n\t\t\t<span class=\"elementor-divider-separator\">\n\t\t\t\t\t\t<\/span>\n\t\t<\/div>\n\t\t\t\t\t\t<\/div>\n\t\t\t\t<\/div>\n\t\t\t\t\t<\/div>\n\t\t<\/div>\n\t\t\t\t\t<\/div>\n\t\t<\/section>\n\t\t\t\t<section class=\"elementor-section elementor-top-section elementor-element elementor-element-c061505 elementor-section-content-middle elementor-section-boxed elementor-section-height-default elementor-section-height-default\" data-id=\"c061505\" data-element_type=\"section\" data-e-type=\"section\">\n\t\t\t\t\t\t<div class=\"elementor-container elementor-column-gap-default\">\n\t\t\t\t\t<div class=\"elementor-column elementor-col-33 elementor-top-column elementor-element elementor-element-4b1daf6\" data-id=\"4b1daf6\" data-element_type=\"column\" data-e-type=\"column\">\n\t\t\t<div class=\"elementor-widget-wrap elementor-element-populated\">\n\t\t\t\t\t\t<div class=\"elementor-element elementor-element-addf38f elementor-widget elementor-widget-heading\" data-id=\"addf38f\" data-element_type=\"widget\" data-e-type=\"widget\" data-widget_type=\"heading.default\">\n\t\t\t\t<div class=\"elementor-widget-container\">\n\t\t\t\t\t<h2 class=\"elementor-heading-title elementor-size-default\">Need a shed?<\/h2>\t\t\t\t<\/div>\n\t\t\t\t<\/div>\n\t\t\t\t<div class=\"elementor-element elementor-element-8a40a6d elementor-widget elementor-widget-text-editor\" data-id=\"8a40a6d\" data-element_type=\"widget\" data-e-type=\"widget\" data-widget_type=\"text-editor.default\">\n\t\t\t\t<div class=\"elementor-widget-container\">\n\t\t\t\t\t\t\t\t\t<p><strong>8&#8217;x8&#8242; shed<\/strong> based on our <a href=\"https:\/\/cabanons.com\/en\/sheds\/jazz\/\">Jazz<\/a> model, featuring our signature windows and our exclusive Fontaine Garages and Cabanons frosted <strong>fiberglass door<\/strong> with full glass panel.<\/p>\t\t\t\t\t\t\t\t<\/div>\n\t\t\t\t<\/div>\n\t\t\t\t\t<\/div>\n\t\t<\/div>\n\t\t\t\t<div class=\"elementor-column elementor-col-66 elementor-top-column elementor-element elementor-element-f13de5c\" data-id=\"f13de5c\" data-element_type=\"column\" data-e-type=\"column\">\n\t\t\t<div class=\"elementor-widget-wrap elementor-element-populated\">\n\t\t\t\t\t\t<div class=\"elementor-element elementor-element-7dc0e64 elementor-widget elementor-widget-image\" data-id=\"7dc0e64\" data-element_type=\"widget\" data-e-type=\"widget\" data-widget_type=\"image.default\">\n\t\t\t\t<div class=\"elementor-widget-container\">\n\t\t\t\t\t\t\t\t\t\t\t\t\t\t\t<img fetchpriority=\"high\" decoding=\"async\" width=\"1024\" height=\"683\" src=\"https:\/\/cabanons.com\/wp-content\/uploads\/2025\/08\/IMG_1353-1024x683.jpg\" class=\"attachment-large size-large wp-image-30674\" alt=\"\" srcset=\"https:\/\/cabanons.com\/wp-content\/uploads\/2025\/08\/IMG_1353-1024x683.jpg 1024w, https:\/\/cabanons.com\/wp-content\/uploads\/2025\/08\/IMG_1353-300x200.jpg 300w, https:\/\/cabanons.com\/wp-content\/uploads\/2025\/08\/IMG_1353-768x512.jpg 768w, https:\/\/cabanons.com\/wp-content\/uploads\/2025\/08\/IMG_1353-150x100.jpg 150w, https:\/\/cabanons.com\/wp-content\/uploads\/2025\/08\/IMG_1353-416x277.jpg 416w, https:\/\/cabanons.com\/wp-content\/uploads\/2025\/08\/IMG_1353.jpg 1200w\" sizes=\"(max-width: 1024px) 100vw, 1024px\" \/>\t\t\t\t\t\t\t\t\t\t\t\t\t\t\t<\/div>\n\t\t\t\t<\/div>\n\t\t\t\t\t<\/div>\n\t\t<\/div>\n\t\t\t\t\t<\/div>\n\t\t<\/section>\n\t\t\t\t<section class=\"elementor-section elementor-top-section elementor-element elementor-element-ca78eda elementor-section-boxed elementor-section-height-default elementor-section-height-default\" data-id=\"ca78eda\" data-element_type=\"section\" data-e-type=\"section\">\n\t\t\t\t\t\t<div class=\"elementor-container elementor-column-gap-default\">\n\t\t\t\t\t<div class=\"elementor-column elementor-col-66 elementor-top-column elementor-element elementor-element-91ed8dc\" data-id=\"91ed8dc\" data-element_type=\"column\" data-e-type=\"column\">\n\t\t\t<div class=\"elementor-widget-wrap elementor-element-populated\">\n\t\t\t\t\t\t<div class=\"elementor-element elementor-element-96c3315 elementor-arrows-position-inside elementor-pagination-position-outside elementor-widget elementor-widget-image-carousel\" data-id=\"96c3315\" data-element_type=\"widget\" data-e-type=\"widget\" data-settings=\"{&quot;slides_to_show&quot;:&quot;1&quot;,&quot;lazyload&quot;:&quot;yes&quot;,&quot;effect&quot;:&quot;fade&quot;,&quot;navigation&quot;:&quot;both&quot;,&quot;autoplay&quot;:&quot;yes&quot;,&quot;pause_on_hover&quot;:&quot;yes&quot;,&quot;pause_on_interaction&quot;:&quot;yes&quot;,&quot;autoplay_speed&quot;:5000,&quot;infinite&quot;:&quot;yes&quot;,&quot;speed&quot;:500}\" data-widget_type=\"image-carousel.default\">\n\t\t\t\t<div class=\"elementor-widget-container\">\n\t\t\t\t\t\t\t<div class=\"elementor-image-carousel-wrapper swiper\" role=\"region\" aria-roledescription=\"carousel\" aria-label=\"Carrousel d\u2019images\" dir=\"ltr\">\n\t\t\t<div class=\"elementor-image-carousel swiper-wrapper\" aria-live=\"off\">\n\t\t\t\t\t\t\t\t<div class=\"swiper-slide\" role=\"group\" aria-roledescription=\"slide\" aria-label=\"1 of 5\"><figure class=\"swiper-slide-inner\"><img class=\"swiper-slide-image swiper-lazy\" data-src=\"https:\/\/cabanons.com\/wp-content\/uploads\/2025\/08\/IMG_1356-1024x683.jpg\" alt=\"IMG_1356\" \/><div class=\"swiper-lazy-preloader\"><\/div><\/figure><\/div><div class=\"swiper-slide\" role=\"group\" aria-roledescription=\"slide\" aria-label=\"2 of 5\"><figure class=\"swiper-slide-inner\"><img class=\"swiper-slide-image swiper-lazy\" data-src=\"https:\/\/cabanons.com\/wp-content\/uploads\/2025\/08\/IMG_1344-1024x683.jpg\" alt=\"IMG_1344\" \/><div class=\"swiper-lazy-preloader\"><\/div><\/figure><\/div><div class=\"swiper-slide\" role=\"group\" aria-roledescription=\"slide\" aria-label=\"3 of 5\"><figure class=\"swiper-slide-inner\"><img class=\"swiper-slide-image swiper-lazy\" data-src=\"https:\/\/cabanons.com\/wp-content\/uploads\/2025\/08\/IMG_1346-1024x683.jpg\" alt=\"IMG_1346\" \/><div class=\"swiper-lazy-preloader\"><\/div><\/figure><\/div><div class=\"swiper-slide\" role=\"group\" aria-roledescription=\"slide\" aria-label=\"4 of 5\"><figure class=\"swiper-slide-inner\"><img class=\"swiper-slide-image swiper-lazy\" data-src=\"https:\/\/cabanons.com\/wp-content\/uploads\/2025\/08\/IMG_1350-1024x683.jpg\" alt=\"IMG_1350\" \/><div class=\"swiper-lazy-preloader\"><\/div><\/figure><\/div><div class=\"swiper-slide\" role=\"group\" aria-roledescription=\"slide\" aria-label=\"5 of 5\"><figure class=\"swiper-slide-inner\"><img class=\"swiper-slide-image swiper-lazy\" data-src=\"https:\/\/cabanons.com\/wp-content\/uploads\/2025\/08\/IMG_1357-1024x683.jpg\" alt=\"IMG_1357\" \/><div class=\"swiper-lazy-preloader\"><\/div><\/figure><\/div>\t\t\t<\/div>\n\t\t\t\t\t\t\t\t\t\t\t\t<div class=\"elementor-swiper-button elementor-swiper-button-prev\" role=\"button\" tabindex=\"0\">\n\t\t\t\t\t\t<i aria-hidden=\"true\" class=\"eicon-chevron-left\"><\/i>\t\t\t\t\t<\/div>\n\t\t\t\t\t<div class=\"elementor-swiper-button elementor-swiper-button-next\" role=\"button\" tabindex=\"0\">\n\t\t\t\t\t\t<i aria-hidden=\"true\" class=\"eicon-chevron-right\"><\/i>\t\t\t\t\t<\/div>\n\t\t\t\t\n\t\t\t\t\t\t\t\t\t<div class=\"swiper-pagination\"><\/div>\n\t\t\t\t\t\t\t\t\t<\/div>\n\t\t\t\t\t\t<\/div>\n\t\t\t\t<\/div>\n\t\t\t\t\t<\/div>\n\t\t<\/div>\n\t\t\t\t<div class=\"elementor-column elementor-col-33 elementor-top-column elementor-element elementor-element-255ad4e\" data-id=\"255ad4e\" data-element_type=\"column\" data-e-type=\"column\">\n\t\t\t<div class=\"elementor-widget-wrap elementor-element-populated\">\n\t\t\t\t\t\t<div class=\"elementor-element elementor-element-8c08213 elementor-widget elementor-widget-heading\" data-id=\"8c08213\" data-element_type=\"widget\" data-e-type=\"widget\" data-widget_type=\"heading.default\">\n\t\t\t\t<div class=\"elementor-widget-container\">\n\t\t\t\t\t<h2 class=\"elementor-heading-title elementor-size-default\">Need a garage?<\/h2>\t\t\t\t<\/div>\n\t\t\t\t<\/div>\n\t\t\t\t<div class=\"elementor-element elementor-element-eae3dae elementor-widget elementor-widget-text-editor\" data-id=\"eae3dae\" data-element_type=\"widget\" data-e-type=\"widget\" data-widget_type=\"text-editor.default\">\n\t\t\t\t<div class=\"elementor-widget-container\">\n\t\t\t\t\t\t\t\t\t<p><strong>14&#8217;x14&#8242; garage<\/strong> built using our <a href=\"https:\/\/cabanons.com\/en\/garages\/zephire\/\">Zephire<\/a> model with a 9&#8217;x7&#8242; panoramic door that offers an incredible look.<\/p>\t\t\t\t\t\t\t\t<\/div>\n\t\t\t\t<\/div>\n\t\t\t\t<div class=\"elementor-element elementor-element-29b92f6 elementor-widget__width-initial elementor-widget elementor-widget-video\" data-id=\"29b92f6\" data-element_type=\"widget\" data-e-type=\"widget\" data-settings=\"{&quot;video_type&quot;:&quot;hosted&quot;,&quot;controls&quot;:&quot;yes&quot;}\" data-widget_type=\"video.default\">\n\t\t\t\t<div class=\"elementor-widget-container\">\n\t\t\t\t\t\t\t<div class=\"e-hosted-video elementor-wrapper elementor-open-inline\">\n\t\t\t\t\t<video class=\"elementor-video\" src=\"https:\/\/cabanons.com\/wp-content\/uploads\/2025\/08\/TIKTOK_VERSIONFINAL.mp4\" controls=\"\" preload=\"metadata\" controlsList=\"nodownload\"><\/video>\n\t\t\t\t<\/div>\n\t\t\t\t\t\t<\/div>\n\t\t\t\t<\/div>\n\t\t\t\t\t<\/div>\n\t\t<\/div>\n\t\t\t\t\t<\/div>\n\t\t<\/section>\n\t\t\t\t<section class=\"elementor-section elementor-top-section elementor-element elementor-element-03356db elementor-section-boxed elementor-section-height-default elementor-section-height-default\" data-id=\"03356db\" data-element_type=\"section\" data-e-type=\"section\">\n\t\t\t\t\t\t<div class=\"elementor-container elementor-column-gap-default\">\n\t\t\t\t\t<div class=\"elementor-column elementor-col-100 elementor-top-column elementor-element elementor-element-35a74a7\" data-id=\"35a74a7\" data-element_type=\"column\" data-e-type=\"column\">\n\t\t\t<div class=\"elementor-widget-wrap elementor-element-populated\">\n\t\t\t\t\t\t<div class=\"elementor-element elementor-element-b47b4a2 elementor-widget-divider--view-line elementor-widget elementor-widget-divider\" data-id=\"b47b4a2\" data-element_type=\"widget\" data-e-type=\"widget\" data-widget_type=\"divider.default\">\n\t\t\t\t<div class=\"elementor-widget-container\">\n\t\t\t\t\t\t\t<div class=\"elementor-divider\">\n\t\t\t<span class=\"elementor-divider-separator\">\n\t\t\t\t\t\t<\/span>\n\t\t<\/div>\n\t\t\t\t\t\t<\/div>\n\t\t\t\t<\/div>\n\t\t\t\t<div class=\"elementor-element elementor-element-520f007 elementor-widget elementor-widget-heading\" data-id=\"520f007\" data-element_type=\"widget\" data-e-type=\"widget\" data-widget_type=\"heading.default\">\n\t\t\t\t<div class=\"elementor-widget-container\">\n\t\t\t\t\t<h2 class=\"elementor-heading-title elementor-size-default\">Would you like a shed that meets your dreams and is accessible?<\/h2>\t\t\t\t<\/div>\n\t\t\t\t<\/div>\n\t\t\t\t<div class=\"elementor-element elementor-element-c673c60 elementor-widget elementor-widget-button\" data-id=\"c673c60\" data-element_type=\"widget\" data-e-type=\"widget\" data-widget_type=\"button.default\">\n\t\t\t\t<div class=\"elementor-widget-container\">\n\t\t\t\t\t\t\t\t\t<div class=\"elementor-button-wrapper\">\n\t\t\t\t\t<a class=\"elementor-button elementor-button-link elementor-size-sm\" href=\"https:\/\/cabanons.com\/en\/contact-us\/\">\n\t\t\t\t\t\t<span class=\"elementor-button-content-wrapper\">\n\t\t\t\t\t\t\t\t\t<span class=\"elementor-button-text\">Contact-us !<\/span>\n\t\t\t\t\t<\/span>\n\t\t\t\t\t<\/a>\n\t\t\t\t<\/div>\n\t\t\t\t\t\t\t\t<\/div>\n\t\t\t\t<\/div>\n\t\t\t\t\t<\/div>\n\t\t<\/div>\n\t\t\t\t\t<\/div>\n\t\t<\/section>\n\t\t\t\t<\/div>\n\t\t","protected":false},"excerpt":{"rendered":"<p>Project BOIS\u00c9 Need a shed? 8&#8217;x8&#8242; shed based on our Jazz model, featuring our signature windows and our exclusive Fontaine Garages and Cabanons frosted fiberglass door with full glass panel. Need a garage? 14&#8217;x14&#8242; garage built using our Zephire model with a 9&#8217;x7&#8242; panoramic door that offers an incredible look. https:\/\/cabanons.com\/wp-content\/uploads\/2025\/08\/TIKTOK_VERSIONFINAL.mp4 Would you like a [&hellip;]<\/p>\n","protected":false},"author":15,"featured_media":30674,"parent":0,"menu_order":0,"comment_status":"closed","ping_status":"closed","template":"elementor_header_footer","meta":{"content-type":"","footnotes":""},"class_list":["post-30649","page","type-page","status-publish","has-post-thumbnail","hentry"],"yoast_head":"<!-- This site is optimized with the Yoast SEO plugin v27.4 - https:\/\/yoast.com\/product\/yoast-seo-wordpress\/ -->\n<title>Project BOIS\u00c9 - Garages et Cabanons Fontaine<\/title>\n<meta name=\"description\" content=\"Bois\u00e9 Project includes a shed and a garage. Click on the link to find out more about this project.\" \/>\n<meta name=\"robots\" content=\"index, follow, max-snippet:-1, max-image-preview:large, max-video-preview:-1\" \/>\n<link rel=\"canonical\" href=\"https:\/\/cabanons.com\/en\/project-boise\/\" \/>\n<meta property=\"og:locale\" content=\"en_US\" \/>\n<meta property=\"og:type\" content=\"article\" \/>\n<meta property=\"og:title\" content=\"Project BOIS\u00c9 - Garages et Cabanons Fontaine\" \/>\n<meta property=\"og:description\" content=\"Bois\u00e9 Project includes a shed and a garage. Click on the link to find out more about this project.\" \/>\n<meta property=\"og:url\" content=\"https:\/\/cabanons.com\/en\/project-boise\/\" \/>\n<meta property=\"og:site_name\" content=\"Garages et Cabanons Fontaine\" \/>\n<meta property=\"article:modified_time\" content=\"2025-08-07T17:06:12+00:00\" \/>\n<meta property=\"og:image\" content=\"https:\/\/cabanons.com\/wp-content\/uploads\/2025\/08\/IMG_1353.jpg\" \/>\n\t<meta property=\"og:image:width\" content=\"1200\" \/>\n\t<meta property=\"og:image:height\" content=\"800\" \/>\n\t<meta property=\"og:image:type\" content=\"image\/jpeg\" \/>\n<meta name=\"twitter:card\" content=\"summary_large_image\" \/>\n<script type=\"application\/ld+json\" class=\"yoast-schema-graph\">{\"@context\":\"https:\\\/\\\/schema.org\",\"@graph\":[{\"@type\":\"WebPage\",\"@id\":\"https:\\\/\\\/cabanons.com\\\/en\\\/project-boise\\\/\",\"url\":\"https:\\\/\\\/cabanons.com\\\/en\\\/project-boise\\\/\",\"name\":\"Project BOIS\u00c9 - Garages et Cabanons Fontaine\",\"isPartOf\":{\"@id\":\"https:\\\/\\\/cabanons.com\\\/en\\\/#website\"},\"primaryImageOfPage\":{\"@id\":\"https:\\\/\\\/cabanons.com\\\/en\\\/project-boise\\\/#primaryimage\"},\"image\":{\"@id\":\"https:\\\/\\\/cabanons.com\\\/en\\\/project-boise\\\/#primaryimage\"},\"thumbnailUrl\":\"https:\\\/\\\/cabanons.com\\\/wp-content\\\/uploads\\\/2025\\\/08\\\/IMG_1353.jpg\",\"datePublished\":\"2025-08-07T17:02:03+00:00\",\"dateModified\":\"2025-08-07T17:06:12+00:00\",\"description\":\"Bois\u00e9 Project includes a shed and a garage. Click on the link to find out more about this project.\",\"breadcrumb\":{\"@id\":\"https:\\\/\\\/cabanons.com\\\/en\\\/project-boise\\\/#breadcrumb\"},\"inLanguage\":\"en-CA\",\"potentialAction\":[{\"@type\":\"ReadAction\",\"target\":[\"https:\\\/\\\/cabanons.com\\\/en\\\/project-boise\\\/\"]}]},{\"@type\":\"ImageObject\",\"inLanguage\":\"en-CA\",\"@id\":\"https:\\\/\\\/cabanons.com\\\/en\\\/project-boise\\\/#primaryimage\",\"url\":\"https:\\\/\\\/cabanons.com\\\/wp-content\\\/uploads\\\/2025\\\/08\\\/IMG_1353.jpg\",\"contentUrl\":\"https:\\\/\\\/cabanons.com\\\/wp-content\\\/uploads\\\/2025\\\/08\\\/IMG_1353.jpg\",\"width\":1200,\"height\":800,\"caption\":\"Projet Bois\u00e9\"},{\"@type\":\"BreadcrumbList\",\"@id\":\"https:\\\/\\\/cabanons.com\\\/en\\\/project-boise\\\/#breadcrumb\",\"itemListElement\":[{\"@type\":\"ListItem\",\"position\":1,\"name\":\"Accueil\",\"item\":\"https:\\\/\\\/cabanons.com\\\/en\\\/\"},{\"@type\":\"ListItem\",\"position\":2,\"name\":\"Project BOIS\u00c9\"}]},{\"@type\":\"WebSite\",\"@id\":\"https:\\\/\\\/cabanons.com\\\/en\\\/#website\",\"url\":\"https:\\\/\\\/cabanons.com\\\/en\\\/\",\"name\":\"Garages et Cabanons Fontaine\",\"description\":\"LA QUALIT\u00c9 IN\u00c9GAL\u00c9 DEPUIS 1976\",\"publisher\":{\"@id\":\"https:\\\/\\\/cabanons.com\\\/en\\\/#organization\"},\"potentialAction\":[{\"@type\":\"SearchAction\",\"target\":{\"@type\":\"EntryPoint\",\"urlTemplate\":\"https:\\\/\\\/cabanons.com\\\/en\\\/?s={search_term_string}\"},\"query-input\":{\"@type\":\"PropertyValueSpecification\",\"valueRequired\":true,\"valueName\":\"search_term_string\"}}],\"inLanguage\":\"en-CA\"},{\"@type\":\"Organization\",\"@id\":\"https:\\\/\\\/cabanons.com\\\/en\\\/#organization\",\"name\":\"Garages et Cabanons Fontaine\",\"url\":\"https:\\\/\\\/cabanons.com\\\/en\\\/\",\"logo\":{\"@type\":\"ImageObject\",\"inLanguage\":\"en-CA\",\"@id\":\"https:\\\/\\\/cabanons.com\\\/en\\\/#\\\/schema\\\/logo\\\/image\\\/\",\"url\":\"https:\\\/\\\/cabanons.com\\\/wp-content\\\/uploads\\\/2020\\\/11\\\/icone_Logo_Garages_et_Cabanons_Fontaine_horz.png\",\"contentUrl\":\"https:\\\/\\\/cabanons.com\\\/wp-content\\\/uploads\\\/2020\\\/11\\\/icone_Logo_Garages_et_Cabanons_Fontaine_horz.png\",\"width\":716,\"height\":156,\"caption\":\"Garages et Cabanons Fontaine\"},\"image\":{\"@id\":\"https:\\\/\\\/cabanons.com\\\/en\\\/#\\\/schema\\\/logo\\\/image\\\/\"}}]}<\/script>\n<!-- \/ Yoast SEO plugin. -->","yoast_head_json":{"title":"Project BOIS\u00c9 - Garages et Cabanons Fontaine","description":"Bois\u00e9 Project includes a shed and a garage. Click on the link to find out more about this project.","robots":{"index":"index","follow":"follow","max-snippet":"max-snippet:-1","max-image-preview":"max-image-preview:large","max-video-preview":"max-video-preview:-1"},"canonical":"https:\/\/cabanons.com\/en\/project-boise\/","og_locale":"en_US","og_type":"article","og_title":"Project BOIS\u00c9 - Garages et Cabanons Fontaine","og_description":"Bois\u00e9 Project includes a shed and a garage. Click on the link to find out more about this project.","og_url":"https:\/\/cabanons.com\/en\/project-boise\/","og_site_name":"Garages et Cabanons Fontaine","article_modified_time":"2025-08-07T17:06:12+00:00","og_image":[{"width":1200,"height":800,"url":"https:\/\/cabanons.com\/wp-content\/uploads\/2025\/08\/IMG_1353.jpg","type":"image\/jpeg"}],"twitter_card":"summary_large_image","schema":{"@context":"https:\/\/schema.org","@graph":[{"@type":"WebPage","@id":"https:\/\/cabanons.com\/en\/project-boise\/","url":"https:\/\/cabanons.com\/en\/project-boise\/","name":"Project BOIS\u00c9 - Garages et Cabanons Fontaine","isPartOf":{"@id":"https:\/\/cabanons.com\/en\/#website"},"primaryImageOfPage":{"@id":"https:\/\/cabanons.com\/en\/project-boise\/#primaryimage"},"image":{"@id":"https:\/\/cabanons.com\/en\/project-boise\/#primaryimage"},"thumbnailUrl":"https:\/\/cabanons.com\/wp-content\/uploads\/2025\/08\/IMG_1353.jpg","datePublished":"2025-08-07T17:02:03+00:00","dateModified":"2025-08-07T17:06:12+00:00","description":"Bois\u00e9 Project includes a shed and a garage. Click on the link to find out more about this project.","breadcrumb":{"@id":"https:\/\/cabanons.com\/en\/project-boise\/#breadcrumb"},"inLanguage":"en-CA","potentialAction":[{"@type":"ReadAction","target":["https:\/\/cabanons.com\/en\/project-boise\/"]}]},{"@type":"ImageObject","inLanguage":"en-CA","@id":"https:\/\/cabanons.com\/en\/project-boise\/#primaryimage","url":"https:\/\/cabanons.com\/wp-content\/uploads\/2025\/08\/IMG_1353.jpg","contentUrl":"https:\/\/cabanons.com\/wp-content\/uploads\/2025\/08\/IMG_1353.jpg","width":1200,"height":800,"caption":"Projet Bois\u00e9"},{"@type":"BreadcrumbList","@id":"https:\/\/cabanons.com\/en\/project-boise\/#breadcrumb","itemListElement":[{"@type":"ListItem","position":1,"name":"Accueil","item":"https:\/\/cabanons.com\/en\/"},{"@type":"ListItem","position":2,"name":"Project BOIS\u00c9"}]},{"@type":"WebSite","@id":"https:\/\/cabanons.com\/en\/#website","url":"https:\/\/cabanons.com\/en\/","name":"Garages et Cabanons Fontaine","description":"LA QUALIT\u00c9 IN\u00c9GAL\u00c9 DEPUIS 1976","publisher":{"@id":"https:\/\/cabanons.com\/en\/#organization"},"potentialAction":[{"@type":"SearchAction","target":{"@type":"EntryPoint","urlTemplate":"https:\/\/cabanons.com\/en\/?s={search_term_string}"},"query-input":{"@type":"PropertyValueSpecification","valueRequired":true,"valueName":"search_term_string"}}],"inLanguage":"en-CA"},{"@type":"Organization","@id":"https:\/\/cabanons.com\/en\/#organization","name":"Garages et Cabanons Fontaine","url":"https:\/\/cabanons.com\/en\/","logo":{"@type":"ImageObject","inLanguage":"en-CA","@id":"https:\/\/cabanons.com\/en\/#\/schema\/logo\/image\/","url":"https:\/\/cabanons.com\/wp-content\/uploads\/2020\/11\/icone_Logo_Garages_et_Cabanons_Fontaine_horz.png","contentUrl":"https:\/\/cabanons.com\/wp-content\/uploads\/2020\/11\/icone_Logo_Garages_et_Cabanons_Fontaine_horz.png","width":716,"height":156,"caption":"Garages et Cabanons Fontaine"},"image":{"@id":"https:\/\/cabanons.com\/en\/#\/schema\/logo\/image\/"}}]}},"_links":{"self":[{"href":"https:\/\/cabanons.com\/en\/wp-json\/wp\/v2\/pages\/30649","targetHints":{"allow":["GET"]}}],"collection":[{"href":"https:\/\/cabanons.com\/en\/wp-json\/wp\/v2\/pages"}],"about":[{"href":"https:\/\/cabanons.com\/en\/wp-json\/wp\/v2\/types\/page"}],"author":[{"embeddable":true,"href":"https:\/\/cabanons.com\/en\/wp-json\/wp\/v2\/users\/15"}],"replies":[{"embeddable":true,"href":"https:\/\/cabanons.com\/en\/wp-json\/wp\/v2\/comments?post=30649"}],"version-history":[{"count":4,"href":"https:\/\/cabanons.com\/en\/wp-json\/wp\/v2\/pages\/30649\/revisions"}],"predecessor-version":[{"id":30740,"href":"https:\/\/cabanons.com\/en\/wp-json\/wp\/v2\/pages\/30649\/revisions\/30740"}],"wp:featuredmedia":[{"embeddable":true,"href":"https:\/\/cabanons.com\/en\/wp-json\/wp\/v2\/media\/30674"}],"wp:attachment":[{"href":"https:\/\/cabanons.com\/en\/wp-json\/wp\/v2\/media?parent=30649"}],"curies":[{"name":"wp","href":"https:\/\/api.w.org\/{rel}","templated":true}]}}