{"id":32633,"date":"2026-04-07T09:14:21","date_gmt":"2026-04-07T13:14:21","guid":{"rendered":"https:\/\/cabanons.com\/?page_id=32633"},"modified":"2026-04-07T09:40:06","modified_gmt":"2026-04-07T13:40:06","slug":"pergola-bali","status":"publish","type":"page","link":"https:\/\/cabanons.com\/en\/pergola-bali\/","title":{"rendered":"Pergola Bali"},"content":{"rendered":"\t\t<div data-elementor-type=\"wp-page\" data-elementor-id=\"32633\" class=\"elementor elementor-32633 elementor-32632\" data-elementor-post-type=\"page\">\n\t\t\t\t\t\t<section class=\"elementor-section elementor-top-section elementor-element elementor-element-14fee02 elementor-section-boxed elementor-section-height-default elementor-section-height-default\" data-id=\"14fee02\" data-element_type=\"section\" data-e-type=\"section\">\n\t\t\t\t\t\t<div class=\"elementor-container elementor-column-gap-default\">\n\t\t\t\t\t<div class=\"elementor-column elementor-col-100 elementor-top-column elementor-element elementor-element-b3e42d0\" data-id=\"b3e42d0\" data-element_type=\"column\" data-e-type=\"column\">\n\t\t\t<div class=\"elementor-widget-wrap elementor-element-populated\">\n\t\t\t\t\t\t<div class=\"elementor-element elementor-element-f2e4a7e elementor-widget elementor-widget-image\" data-id=\"f2e4a7e\" data-element_type=\"widget\" data-e-type=\"widget\" data-widget_type=\"image.default\">\n\t\t\t\t<div class=\"elementor-widget-container\">\n\t\t\t\t\t\t\t\t\t\t\t\t\t\t\t<img decoding=\"async\" width=\"145\" height=\"52\" data-src=\"https:\/\/cabanons.com\/wp-content\/uploads\/2025\/05\/Pergolas_Design_color.png\" class=\"attachment-large size-large wp-image-29087 lazyload\" alt=\"\" src=\"data:image\/svg+xml;base64,PHN2ZyB3aWR0aD0iMSIgaGVpZ2h0PSIxIiB4bWxucz0iaHR0cDovL3d3dy53My5vcmcvMjAwMC9zdmciPjwvc3ZnPg==\" style=\"--smush-placeholder-width: 145px; --smush-placeholder-aspect-ratio: 145\/52;\" \/>\t\t\t\t\t\t\t\t\t\t\t\t\t\t\t<\/div>\n\t\t\t\t<\/div>\n\t\t\t\t\t<\/div>\n\t\t<\/div>\n\t\t\t\t\t<\/div>\n\t\t<\/section>\n\t\t\t\t<section class=\"elementor-section elementor-top-section elementor-element elementor-element-a1ec483 elementor-section-boxed elementor-section-height-default elementor-section-height-default\" data-id=\"a1ec483\" data-element_type=\"section\" data-e-type=\"section\">\n\t\t\t\t\t\t<div class=\"elementor-container elementor-column-gap-default\">\n\t\t\t\t\t<div class=\"elementor-column elementor-col-100 elementor-top-column elementor-element elementor-element-3e36a92\" data-id=\"3e36a92\" data-element_type=\"column\" data-e-type=\"column\">\n\t\t\t<div class=\"elementor-widget-wrap elementor-element-populated\">\n\t\t\t\t\t\t<div class=\"elementor-element elementor-element-0ea27f2 elementor-widget elementor-widget-text-editor\" data-id=\"0ea27f2\" data-element_type=\"widget\" data-e-type=\"widget\" data-widget_type=\"text-editor.default\">\n\t\t\t\t<div class=\"elementor-widget-container\">\n\t\t\t\t\t\t\t\t\t<p><strong>PERGOLA BALI<\/strong> &#8211;<\/p><p>Create your ultimate relaxation spot with the BALI pergola, featuring a built-in sofa and fabric mosquito nets for ultimate comfort.<\/p><p>Its durable, weather-resistant frame transforms your backyard into a true outdoor living room, perfect for relaxing, reading, or spending time with family.<\/p><p>Its roof features adjustable aluminum louvers, allowing you to easily control light and rain protection. In just a few seconds, you can create shade, let the sun in, or protect yourself from the elements to fully enjoy your outdoor space.<\/p><p>Available in black or white for both the pergola and the mosquito screen, to perfectly complement your outdoor design.<\/p><p>For even more comfort, optional mosquito screens are available so you can enjoy your evenings outdoors while staying protected from insects.<\/p>\t\t\t\t\t\t\t\t<\/div>\n\t\t\t\t<\/div>\n\t\t\t\t\t<\/div>\n\t\t<\/div>\n\t\t\t\t\t<\/div>\n\t\t<\/section>\n\t\t\t\t<section class=\"elementor-section elementor-top-section elementor-element elementor-element-933fd4b elementor-section-boxed elementor-section-height-default elementor-section-height-default\" data-id=\"933fd4b\" data-element_type=\"section\" data-e-type=\"section\">\n\t\t\t\t\t\t<div class=\"elementor-container elementor-column-gap-default\">\n\t\t\t\t\t<div class=\"elementor-column elementor-col-33 elementor-top-column elementor-element elementor-element-7a4ae1a\" data-id=\"7a4ae1a\" data-element_type=\"column\" data-e-type=\"column\">\n\t\t\t<div class=\"elementor-widget-wrap elementor-element-populated\">\n\t\t\t\t\t\t<div class=\"elementor-element elementor-element-87d6bab elementor-skin-coverflow elementor-widget__width-initial elementor-arrows-yes elementor-pagination-type-bullets elementor-pagination-position-outside elementor-widget elementor-widget-media-carousel\" data-id=\"87d6bab\" data-element_type=\"widget\" data-e-type=\"widget\" data-settings=\"{&quot;skin&quot;:&quot;coverflow&quot;,&quot;slides_per_view&quot;:&quot;1&quot;,&quot;show_arrows&quot;:&quot;yes&quot;,&quot;pagination&quot;:&quot;bullets&quot;,&quot;speed&quot;:500,&quot;space_between&quot;:{&quot;unit&quot;:&quot;px&quot;,&quot;size&quot;:10,&quot;sizes&quot;:[]},&quot;space_between_tablet&quot;:{&quot;unit&quot;:&quot;px&quot;,&quot;size&quot;:10,&quot;sizes&quot;:[]},&quot;space_between_mobile&quot;:{&quot;unit&quot;:&quot;px&quot;,&quot;size&quot;:10,&quot;sizes&quot;:[]}}\" data-widget_type=\"media-carousel.default\">\n\t\t\t\t<div class=\"elementor-widget-container\">\n\t\t\t\t\t\t\t\t\t<div class=\"elementor-swiper\">\n\t\t\t\t\t<div class=\"elementor-main-swiper swiper\" role=\"region\" aria-roledescription=\"carousel\" aria-label=\"Diapositives\">\n\t\t\t\t<div class=\"swiper-wrapper\">\n\t\t\t\t\t\t\t\t\t\t\t<div class=\"swiper-slide\" role=\"group\" aria-roledescription=\"slide\">\n\t\t\t\t\t\t\t\t\t<div class=\"elementor-carousel-image lazyload\" role=\"img\" aria-label=\"Seat-Flyer-rush.jpg\" style=\"background-image:inherit\" data-bg-image=\"url(&#039;https:\/\/cabanons.com\/wp-content\/uploads\/2026\/04\/Seat-Flyer-rush.jpg&#039;)\">\n\n\t\t\t\n\t\t\t\t\t<\/div>\n\t\t\t\t\t\t\t\t<\/div>\n\t\t\t\t\t\t\t\t\t\t\t<div class=\"swiper-slide\" role=\"group\" aria-roledescription=\"slide\">\n\t\t\t\t\t\t\t\t\t<div class=\"elementor-carousel-image lazyload\" role=\"img\" aria-label=\"Gemini_Generated_Image_fxx9osfxx9osfxx9.jpg\" style=\"background-image:inherit\" data-bg-image=\"url(&#039;https:\/\/cabanons.com\/wp-content\/uploads\/2026\/04\/Gemini_Generated_Image_fxx9osfxx9osfxx9.jpg&#039;)\">\n\n\t\t\t\n\t\t\t\t\t<\/div>\n\t\t\t\t\t\t\t\t<\/div>\n\t\t\t\t\t\t\t\t\t<\/div>\n\t\t\t\t\t\t\t\t\t\t\t\t\t\t\t<div class=\"elementor-swiper-button elementor-swiper-button-prev\" role=\"button\" tabindex=\"0\" aria-label=\"Previous\">\n\t\t\t\t\t\t\t<i aria-hidden=\"true\" class=\"eicon-chevron-left\"><\/i>\t\t\t\t\t\t<\/div>\n\t\t\t\t\t\t<div class=\"elementor-swiper-button elementor-swiper-button-next\" role=\"button\" tabindex=\"0\" aria-label=\"Next\">\n\t\t\t\t\t\t\t<i aria-hidden=\"true\" class=\"eicon-chevron-right\"><\/i>\t\t\t\t\t\t<\/div>\n\t\t\t\t\t\t\t\t\t\t\t\t\t\t\t\t<div class=\"swiper-pagination\"><\/div>\n\t\t\t\t\t\t\t\t\t\t\t\t<\/div>\n\t\t\t\t<\/div>\n\t\t\t\t\t\t\t\t<\/div>\n\t\t\t\t<\/div>\n\t\t\t\t\t<\/div>\n\t\t<\/div>\n\t\t\t\t<div class=\"elementor-column elementor-col-66 elementor-top-column elementor-element elementor-element-b640be4\" data-id=\"b640be4\" data-element_type=\"column\" data-e-type=\"column\">\n\t\t\t<div class=\"elementor-widget-wrap elementor-element-populated\">\n\t\t\t\t\t\t<div class=\"elementor-element elementor-element-f58bd14 elementor-widget elementor-widget-heading\" data-id=\"f58bd14\" data-element_type=\"widget\" data-e-type=\"widget\" data-widget_type=\"heading.default\">\n\t\t\t\t<div class=\"elementor-widget-container\">\n\t\t\t\t\t<h2 class=\"elementor-heading-title elementor-size-default\">PERGOLA BALI - 6'X7'<\/h2>\t\t\t\t<\/div>\n\t\t\t\t<\/div>\n\t\t\t\t<div class=\"elementor-element elementor-element-db982ec elementor-widget elementor-widget-accordion\" data-id=\"db982ec\" data-element_type=\"widget\" data-e-type=\"widget\" data-widget_type=\"accordion.default\">\n\t\t\t\t<div class=\"elementor-widget-container\">\n\t\t\t\t\t\t\t<div class=\"elementor-accordion\">\n\t\t\t\t\t\t\t<div class=\"elementor-accordion-item\">\n\t\t\t\t\t<div id=\"elementor-tab-title-2301\" class=\"elementor-tab-title\" data-tab=\"1\" role=\"button\" aria-controls=\"elementor-tab-content-2301\" aria-expanded=\"false\">\n\t\t\t\t\t\t\t\t\t\t\t\t\t<span class=\"elementor-accordion-icon elementor-accordion-icon-left\" aria-hidden=\"true\">\n\t\t\t\t\t\t\t\t\t\t\t\t\t\t\t<span class=\"elementor-accordion-icon-closed\"><i class=\"fas fa-plus\"><\/i><\/span>\n\t\t\t\t\t\t\t\t<span class=\"elementor-accordion-icon-opened\"><i class=\"fas fa-minus\"><\/i><\/span>\n\t\t\t\t\t\t\t\t\t\t\t\t\t\t<\/span>\n\t\t\t\t\t\t\t\t\t\t\t\t<a class=\"elementor-accordion-title\" tabindex=\"0\">Description<\/a>\n\t\t\t\t\t<\/div>\n\t\t\t\t\t<div id=\"elementor-tab-content-2301\" class=\"elementor-tab-content elementor-clearfix\" data-tab=\"1\" role=\"region\" aria-labelledby=\"elementor-tab-title-2301\"><p>The sofa is available in two colors: sand white or black, to complement your outdoor decor.<\/p><ul><li>Low maintenance. No risk of frequent tears or stains.<\/li><li>Resistant to mold and corrosion.<\/li><li>Protection from the sun, while shielding you from UV rays.<\/li><li>More durable than pergolas with canvas roofs<\/li><\/ul><\/div>\n\t\t\t\t<\/div>\n\t\t\t\t\t\t\t<div class=\"elementor-accordion-item\">\n\t\t\t\t\t<div id=\"elementor-tab-title-2302\" class=\"elementor-tab-title\" data-tab=\"2\" role=\"button\" aria-controls=\"elementor-tab-content-2302\" aria-expanded=\"false\">\n\t\t\t\t\t\t\t\t\t\t\t\t\t<span class=\"elementor-accordion-icon elementor-accordion-icon-left\" aria-hidden=\"true\">\n\t\t\t\t\t\t\t\t\t\t\t\t\t\t\t<span class=\"elementor-accordion-icon-closed\"><i class=\"fas fa-plus\"><\/i><\/span>\n\t\t\t\t\t\t\t\t<span class=\"elementor-accordion-icon-opened\"><i class=\"fas fa-minus\"><\/i><\/span>\n\t\t\t\t\t\t\t\t\t\t\t\t\t\t<\/span>\n\t\t\t\t\t\t\t\t\t\t\t\t<a class=\"elementor-accordion-title\" tabindex=\"0\">Color<\/a>\n\t\t\t\t\t<\/div>\n\t\t\t\t\t<div id=\"elementor-tab-content-2302\" class=\"elementor-tab-content elementor-clearfix\" data-tab=\"2\" role=\"region\" aria-labelledby=\"elementor-tab-title-2302\"><p>The frame is available in white or black.<\/p><\/div>\n\t\t\t\t<\/div>\n\t\t\t\t\t\t\t<div class=\"elementor-accordion-item\">\n\t\t\t\t\t<div id=\"elementor-tab-title-2303\" class=\"elementor-tab-title\" data-tab=\"3\" role=\"button\" aria-controls=\"elementor-tab-content-2303\" aria-expanded=\"false\">\n\t\t\t\t\t\t\t\t\t\t\t\t\t<span class=\"elementor-accordion-icon elementor-accordion-icon-left\" aria-hidden=\"true\">\n\t\t\t\t\t\t\t\t\t\t\t\t\t\t\t<span class=\"elementor-accordion-icon-closed\"><i class=\"fas fa-plus\"><\/i><\/span>\n\t\t\t\t\t\t\t\t<span class=\"elementor-accordion-icon-opened\"><i class=\"fas fa-minus\"><\/i><\/span>\n\t\t\t\t\t\t\t\t\t\t\t\t\t\t<\/span>\n\t\t\t\t\t\t\t\t\t\t\t\t<a class=\"elementor-accordion-title\" tabindex=\"0\">Dimension<\/a>\n\t\t\t\t\t<\/div>\n\t\t\t\t\t<div id=\"elementor-tab-content-2303\" class=\"elementor-tab-content elementor-clearfix\" data-tab=\"3\" role=\"region\" aria-labelledby=\"elementor-tab-title-2303\"><p>Actual size :<\/p><p><img fetchpriority=\"high\" decoding=\"async\" class=\"size-full wp-image-33205 alignleft\" src=\"https:\/\/cabanons.com\/wp-content\/uploads\/2026\/04\/dimension-bali-3.png\" alt=\"\" width=\"297\" height=\"254\" srcset=\"https:\/\/cabanons.com\/wp-content\/uploads\/2026\/04\/dimension-bali-3.png 297w, https:\/\/cabanons.com\/wp-content\/uploads\/2026\/04\/dimension-bali-3-150x128.png 150w\" sizes=\"(max-width: 297px) 100vw, 297px\" \/> <img decoding=\"async\" class=\"size-medium wp-image-33207 alignleft lazyload\" data-src=\"https:\/\/cabanons.com\/wp-content\/uploads\/2026\/04\/dimension-bali-2-189x300.png\" alt=\"\" width=\"189\" height=\"300\" data-srcset=\"https:\/\/cabanons.com\/wp-content\/uploads\/2026\/04\/dimension-bali-2-189x300.png 189w, https:\/\/cabanons.com\/wp-content\/uploads\/2026\/04\/dimension-bali-2-94x150.png 94w, https:\/\/cabanons.com\/wp-content\/uploads\/2026\/04\/dimension-bali-2.png 214w\" data-sizes=\"(max-width: 189px) 100vw, 189px\" src=\"data:image\/svg+xml;base64,PHN2ZyB3aWR0aD0iMSIgaGVpZ2h0PSIxIiB4bWxucz0iaHR0cDovL3d3dy53My5vcmcvMjAwMC9zdmciPjwvc3ZnPg==\" style=\"--smush-placeholder-width: 189px; --smush-placeholder-aspect-ratio: 189\/300;\" \/> <img decoding=\"async\" class=\"size-medium wp-image-33209 alignleft lazyload\" data-src=\"https:\/\/cabanons.com\/wp-content\/uploads\/2026\/04\/dimension-bali-300x272.png\" alt=\"\" width=\"300\" height=\"272\" data-srcset=\"https:\/\/cabanons.com\/wp-content\/uploads\/2026\/04\/dimension-bali-300x272.png 300w, https:\/\/cabanons.com\/wp-content\/uploads\/2026\/04\/dimension-bali-150x136.png 150w, https:\/\/cabanons.com\/wp-content\/uploads\/2026\/04\/dimension-bali.png 383w\" data-sizes=\"(max-width: 300px) 100vw, 300px\" src=\"data:image\/svg+xml;base64,PHN2ZyB3aWR0aD0iMSIgaGVpZ2h0PSIxIiB4bWxucz0iaHR0cDovL3d3dy53My5vcmcvMjAwMC9zdmciPjwvc3ZnPg==\" style=\"--smush-placeholder-width: 300px; --smush-placeholder-aspect-ratio: 300\/272;\" \/><\/p><\/div>\n\t\t\t\t<\/div>\n\t\t\t\t\t\t\t\t<\/div>\n\t\t\t\t\t\t<\/div>\n\t\t\t\t<\/div>\n\t\t\t\t\t<\/div>\n\t\t<\/div>\n\t\t\t\t\t<\/div>\n\t\t<\/section>\n\t\t\t\t<section class=\"elementor-section elementor-top-section elementor-element elementor-element-ad3912f elementor-section-boxed elementor-section-height-default elementor-section-height-default\" data-id=\"ad3912f\" data-element_type=\"section\" data-e-type=\"section\">\n\t\t\t\t\t\t<div class=\"elementor-container elementor-column-gap-default\">\n\t\t\t\t\t<div class=\"elementor-column elementor-col-100 elementor-top-column elementor-element elementor-element-7df9e63\" data-id=\"7df9e63\" data-element_type=\"column\" data-e-type=\"column\">\n\t\t\t<div class=\"elementor-widget-wrap elementor-element-populated\">\n\t\t\t\t\t\t<div class=\"elementor-element elementor-element-12becf8 elementor-align-center elementor-widget elementor-widget-button\" data-id=\"12becf8\" data-element_type=\"widget\" data-e-type=\"widget\" data-widget_type=\"button.default\">\n\t\t\t\t<div class=\"elementor-widget-container\">\n\t\t\t\t\t\t\t\t\t<div class=\"elementor-button-wrapper\">\n\t\t\t\t\t<a class=\"elementor-button elementor-button-link elementor-size-sm\" href=\"https:\/\/cabanons.com\/en\/pergolas-design\/\">\n\t\t\t\t\t\t<span class=\"elementor-button-content-wrapper\">\n\t\t\t\t\t\t\t\t\t<span class=\"elementor-button-text\">&lt; Back<\/span>\n\t\t\t\t\t<\/span>\n\t\t\t\t\t<\/a>\n\t\t\t\t<\/div>\n\t\t\t\t\t\t\t\t<\/div>\n\t\t\t\t<\/div>\n\t\t\t\t\t<\/div>\n\t\t<\/div>\n\t\t\t\t\t<\/div>\n\t\t<\/section>\n\t\t\t\t<\/div>\n\t\t","protected":false},"excerpt":{"rendered":"<p>PERGOLA BALI &#8211; Create your ultimate relaxation spot with the BALI pergola, featuring a built-in sofa and fabric mosquito nets for ultimate comfort. Its durable, weather-resistant frame transforms your backyard into a true outdoor living room, perfect for relaxing, reading, or spending time with family. Its roof features adjustable aluminum louvers, allowing you to easily [&hellip;]<\/p>\n","protected":false},"author":15,"featured_media":32637,"parent":0,"menu_order":0,"comment_status":"closed","ping_status":"closed","template":"elementor_header_footer","meta":{"content-type":"","footnotes":""},"class_list":["post-32633","page","type-page","status-publish","has-post-thumbnail","hentry"],"yoast_head":"<!-- This site is optimized with the Yoast SEO plugin v27.5 - https:\/\/yoast.com\/product\/yoast-seo-wordpress\/ -->\n<title>Pergola Bali - Garages et Cabanons Fontaine<\/title>\n<meta name=\"description\" content=\"PERGOLA BALI -Create your ultimate relaxation spot with the BALI pergola, featuring a built-in sofa and fabric mosquito nets for ultimate comfort.Its Choisissez parmi nos mod\u00e8les de base aux architectures vari\u00e9es.Trouvez facilement le mod\u00e8le qui se marie \u00e0 votre d\u00e9cor et qui correspond \u00e0 vos besoins.\" \/>\n<meta name=\"robots\" content=\"index, follow, max-snippet:-1, max-image-preview:large, max-video-preview:-1\" \/>\n<link rel=\"canonical\" href=\"https:\/\/cabanons.com\/en\/pergola-bali\/\" \/>\n<meta property=\"og:locale\" content=\"en_US\" \/>\n<meta property=\"og:type\" content=\"article\" \/>\n<meta property=\"og:title\" content=\"Pergola Bali - Garages et Cabanons Fontaine\" \/>\n<meta property=\"og:description\" content=\"PERGOLA BALI -Create your ultimate relaxation spot with the BALI pergola, featuring a built-in sofa and fabric mosquito nets for ultimate comfort.Its Choisissez parmi nos mod\u00e8les de base aux architectures vari\u00e9es.Trouvez facilement le mod\u00e8le qui se marie \u00e0 votre d\u00e9cor et qui correspond \u00e0 vos besoins.\" \/>\n<meta property=\"og:url\" content=\"https:\/\/cabanons.com\/en\/pergola-bali\/\" \/>\n<meta property=\"og:site_name\" content=\"Garages et Cabanons Fontaine\" \/>\n<meta property=\"article:modified_time\" content=\"2026-04-07T13:40:06+00:00\" \/>\n<meta property=\"og:image\" content=\"https:\/\/cabanons.com\/wp-content\/uploads\/2026\/03\/Seat-Flyer-rush.jpg\" \/>\n\t<meta property=\"og:image:width\" content=\"800\" \/>\n\t<meta property=\"og:image:height\" content=\"427\" \/>\n\t<meta property=\"og:image:type\" content=\"image\/jpeg\" \/>\n<meta name=\"twitter:card\" content=\"summary_large_image\" \/>\n<meta name=\"twitter:label1\" content=\"Est. reading time\" \/>\n\t<meta name=\"twitter:data1\" content=\"1 minute\" \/>\n<script type=\"application\/ld+json\" class=\"yoast-schema-graph\">{\"@context\":\"https:\\\/\\\/schema.org\",\"@graph\":[{\"@type\":\"WebPage\",\"@id\":\"https:\\\/\\\/cabanons.com\\\/en\\\/pergola-bali\\\/\",\"url\":\"https:\\\/\\\/cabanons.com\\\/en\\\/pergola-bali\\\/\",\"name\":\"Pergola Bali - Garages et Cabanons Fontaine\",\"isPartOf\":{\"@id\":\"https:\\\/\\\/cabanons.com\\\/en\\\/#website\"},\"primaryImageOfPage\":{\"@id\":\"https:\\\/\\\/cabanons.com\\\/en\\\/pergola-bali\\\/#primaryimage\"},\"image\":{\"@id\":\"https:\\\/\\\/cabanons.com\\\/en\\\/pergola-bali\\\/#primaryimage\"},\"thumbnailUrl\":\"https:\\\/\\\/cabanons.com\\\/wp-content\\\/uploads\\\/2026\\\/03\\\/Seat-Flyer-rush.jpg\",\"datePublished\":\"2026-04-07T13:14:21+00:00\",\"dateModified\":\"2026-04-07T13:40:06+00:00\",\"description\":\"PERGOLA BALI -Create your ultimate relaxation spot with the BALI pergola, featuring a built-in sofa and fabric mosquito nets for ultimate comfort.Its Choisissez parmi nos mod\u00e8les de base aux architectures vari\u00e9es.Trouvez facilement le mod\u00e8le qui se marie \u00e0 votre d\u00e9cor et qui correspond \u00e0 vos besoins.\",\"breadcrumb\":{\"@id\":\"https:\\\/\\\/cabanons.com\\\/en\\\/pergola-bali\\\/#breadcrumb\"},\"inLanguage\":\"en-CA\",\"potentialAction\":[{\"@type\":\"ReadAction\",\"target\":[\"https:\\\/\\\/cabanons.com\\\/en\\\/pergola-bali\\\/\"]}]},{\"@type\":\"ImageObject\",\"inLanguage\":\"en-CA\",\"@id\":\"https:\\\/\\\/cabanons.com\\\/en\\\/pergola-bali\\\/#primaryimage\",\"url\":\"https:\\\/\\\/cabanons.com\\\/wp-content\\\/uploads\\\/2026\\\/03\\\/Seat-Flyer-rush.jpg\",\"contentUrl\":\"https:\\\/\\\/cabanons.com\\\/wp-content\\\/uploads\\\/2026\\\/03\\\/Seat-Flyer-rush.jpg\",\"width\":800,\"height\":427},{\"@type\":\"BreadcrumbList\",\"@id\":\"https:\\\/\\\/cabanons.com\\\/en\\\/pergola-bali\\\/#breadcrumb\",\"itemListElement\":[{\"@type\":\"ListItem\",\"position\":1,\"name\":\"Accueil\",\"item\":\"https:\\\/\\\/cabanons.com\\\/en\\\/\"},{\"@type\":\"ListItem\",\"position\":2,\"name\":\"Pergola Bali\"}]},{\"@type\":\"WebSite\",\"@id\":\"https:\\\/\\\/cabanons.com\\\/en\\\/#website\",\"url\":\"https:\\\/\\\/cabanons.com\\\/en\\\/\",\"name\":\"Garages et Cabanons Fontaine\",\"description\":\"LA QUALIT\u00c9 IN\u00c9GAL\u00c9 DEPUIS 1976\",\"publisher\":{\"@id\":\"https:\\\/\\\/cabanons.com\\\/en\\\/#organization\"},\"potentialAction\":[{\"@type\":\"SearchAction\",\"target\":{\"@type\":\"EntryPoint\",\"urlTemplate\":\"https:\\\/\\\/cabanons.com\\\/en\\\/?s={search_term_string}\"},\"query-input\":{\"@type\":\"PropertyValueSpecification\",\"valueRequired\":true,\"valueName\":\"search_term_string\"}}],\"inLanguage\":\"en-CA\"},{\"@type\":\"Organization\",\"@id\":\"https:\\\/\\\/cabanons.com\\\/en\\\/#organization\",\"name\":\"Garages et Cabanons Fontaine\",\"url\":\"https:\\\/\\\/cabanons.com\\\/en\\\/\",\"logo\":{\"@type\":\"ImageObject\",\"inLanguage\":\"en-CA\",\"@id\":\"https:\\\/\\\/cabanons.com\\\/en\\\/#\\\/schema\\\/logo\\\/image\\\/\",\"url\":\"https:\\\/\\\/cabanons.com\\\/wp-content\\\/uploads\\\/2020\\\/11\\\/icone_Logo_Garages_et_Cabanons_Fontaine_horz.png\",\"contentUrl\":\"https:\\\/\\\/cabanons.com\\\/wp-content\\\/uploads\\\/2020\\\/11\\\/icone_Logo_Garages_et_Cabanons_Fontaine_horz.png\",\"width\":716,\"height\":156,\"caption\":\"Garages et Cabanons Fontaine\"},\"image\":{\"@id\":\"https:\\\/\\\/cabanons.com\\\/en\\\/#\\\/schema\\\/logo\\\/image\\\/\"}}]}<\/script>\n<!-- \/ Yoast SEO plugin. -->","yoast_head_json":{"title":"Pergola Bali - Garages et Cabanons Fontaine","description":"PERGOLA BALI -Create your ultimate relaxation spot with the BALI pergola, featuring a built-in sofa and fabric mosquito nets for ultimate comfort.Its Choisissez parmi nos mod\u00e8les de base aux architectures vari\u00e9es.Trouvez facilement le mod\u00e8le qui se marie \u00e0 votre d\u00e9cor et qui correspond \u00e0 vos besoins.","robots":{"index":"index","follow":"follow","max-snippet":"max-snippet:-1","max-image-preview":"max-image-preview:large","max-video-preview":"max-video-preview:-1"},"canonical":"https:\/\/cabanons.com\/en\/pergola-bali\/","og_locale":"en_US","og_type":"article","og_title":"Pergola Bali - Garages et Cabanons Fontaine","og_description":"PERGOLA BALI -Create your ultimate relaxation spot with the BALI pergola, featuring a built-in sofa and fabric mosquito nets for ultimate comfort.Its Choisissez parmi nos mod\u00e8les de base aux architectures vari\u00e9es.Trouvez facilement le mod\u00e8le qui se marie \u00e0 votre d\u00e9cor et qui correspond \u00e0 vos besoins.","og_url":"https:\/\/cabanons.com\/en\/pergola-bali\/","og_site_name":"Garages et Cabanons Fontaine","article_modified_time":"2026-04-07T13:40:06+00:00","og_image":[{"width":800,"height":427,"url":"https:\/\/cabanons.com\/wp-content\/uploads\/2026\/03\/Seat-Flyer-rush.jpg","type":"image\/jpeg"}],"twitter_card":"summary_large_image","twitter_misc":{"Est. reading time":"1 minute"},"schema":{"@context":"https:\/\/schema.org","@graph":[{"@type":"WebPage","@id":"https:\/\/cabanons.com\/en\/pergola-bali\/","url":"https:\/\/cabanons.com\/en\/pergola-bali\/","name":"Pergola Bali - Garages et Cabanons Fontaine","isPartOf":{"@id":"https:\/\/cabanons.com\/en\/#website"},"primaryImageOfPage":{"@id":"https:\/\/cabanons.com\/en\/pergola-bali\/#primaryimage"},"image":{"@id":"https:\/\/cabanons.com\/en\/pergola-bali\/#primaryimage"},"thumbnailUrl":"https:\/\/cabanons.com\/wp-content\/uploads\/2026\/03\/Seat-Flyer-rush.jpg","datePublished":"2026-04-07T13:14:21+00:00","dateModified":"2026-04-07T13:40:06+00:00","description":"PERGOLA BALI -Create your ultimate relaxation spot with the BALI pergola, featuring a built-in sofa and fabric mosquito nets for ultimate comfort.Its Choisissez parmi nos mod\u00e8les de base aux architectures vari\u00e9es.Trouvez facilement le mod\u00e8le qui se marie \u00e0 votre d\u00e9cor et qui correspond \u00e0 vos besoins.","breadcrumb":{"@id":"https:\/\/cabanons.com\/en\/pergola-bali\/#breadcrumb"},"inLanguage":"en-CA","potentialAction":[{"@type":"ReadAction","target":["https:\/\/cabanons.com\/en\/pergola-bali\/"]}]},{"@type":"ImageObject","inLanguage":"en-CA","@id":"https:\/\/cabanons.com\/en\/pergola-bali\/#primaryimage","url":"https:\/\/cabanons.com\/wp-content\/uploads\/2026\/03\/Seat-Flyer-rush.jpg","contentUrl":"https:\/\/cabanons.com\/wp-content\/uploads\/2026\/03\/Seat-Flyer-rush.jpg","width":800,"height":427},{"@type":"BreadcrumbList","@id":"https:\/\/cabanons.com\/en\/pergola-bali\/#breadcrumb","itemListElement":[{"@type":"ListItem","position":1,"name":"Accueil","item":"https:\/\/cabanons.com\/en\/"},{"@type":"ListItem","position":2,"name":"Pergola Bali"}]},{"@type":"WebSite","@id":"https:\/\/cabanons.com\/en\/#website","url":"https:\/\/cabanons.com\/en\/","name":"Garages et Cabanons Fontaine","description":"LA QUALIT\u00c9 IN\u00c9GAL\u00c9 DEPUIS 1976","publisher":{"@id":"https:\/\/cabanons.com\/en\/#organization"},"potentialAction":[{"@type":"SearchAction","target":{"@type":"EntryPoint","urlTemplate":"https:\/\/cabanons.com\/en\/?s={search_term_string}"},"query-input":{"@type":"PropertyValueSpecification","valueRequired":true,"valueName":"search_term_string"}}],"inLanguage":"en-CA"},{"@type":"Organization","@id":"https:\/\/cabanons.com\/en\/#organization","name":"Garages et Cabanons Fontaine","url":"https:\/\/cabanons.com\/en\/","logo":{"@type":"ImageObject","inLanguage":"en-CA","@id":"https:\/\/cabanons.com\/en\/#\/schema\/logo\/image\/","url":"https:\/\/cabanons.com\/wp-content\/uploads\/2020\/11\/icone_Logo_Garages_et_Cabanons_Fontaine_horz.png","contentUrl":"https:\/\/cabanons.com\/wp-content\/uploads\/2020\/11\/icone_Logo_Garages_et_Cabanons_Fontaine_horz.png","width":716,"height":156,"caption":"Garages et Cabanons Fontaine"},"image":{"@id":"https:\/\/cabanons.com\/en\/#\/schema\/logo\/image\/"}}]}},"_links":{"self":[{"href":"https:\/\/cabanons.com\/en\/wp-json\/wp\/v2\/pages\/32633","targetHints":{"allow":["GET"]}}],"collection":[{"href":"https:\/\/cabanons.com\/en\/wp-json\/wp\/v2\/pages"}],"about":[{"href":"https:\/\/cabanons.com\/en\/wp-json\/wp\/v2\/types\/page"}],"author":[{"embeddable":true,"href":"https:\/\/cabanons.com\/en\/wp-json\/wp\/v2\/users\/15"}],"replies":[{"embeddable":true,"href":"https:\/\/cabanons.com\/en\/wp-json\/wp\/v2\/comments?post=32633"}],"version-history":[{"count":7,"href":"https:\/\/cabanons.com\/en\/wp-json\/wp\/v2\/pages\/32633\/revisions"}],"predecessor-version":[{"id":33213,"href":"https:\/\/cabanons.com\/en\/wp-json\/wp\/v2\/pages\/32633\/revisions\/33213"}],"wp:featuredmedia":[{"embeddable":true,"href":"https:\/\/cabanons.com\/en\/wp-json\/wp\/v2\/media\/32637"}],"wp:attachment":[{"href":"https:\/\/cabanons.com\/en\/wp-json\/wp\/v2\/media?parent=32633"}],"curies":[{"name":"wp","href":"https:\/\/api.w.org\/{rel}","templated":true}]}}