{"id":32654,"date":"2026-04-07T10:56:27","date_gmt":"2026-04-07T14:56:27","guid":{"rendered":"https:\/\/cabanons.com\/?page_id=32654"},"modified":"2026-04-07T11:00:27","modified_gmt":"2026-04-07T15:00:27","slug":"pergola-bar","status":"publish","type":"page","link":"https:\/\/cabanons.com\/en\/pergola-bar\/","title":{"rendered":"Pergola Bar"},"content":{"rendered":"\t\t<div data-elementor-type=\"wp-page\" data-elementor-id=\"32654\" class=\"elementor elementor-32654 elementor-32653\" data-elementor-post-type=\"page\">\n\t\t\t\t\t\t<section class=\"elementor-section elementor-top-section elementor-element elementor-element-14fee02 elementor-section-boxed elementor-section-height-default elementor-section-height-default\" data-id=\"14fee02\" data-element_type=\"section\" data-e-type=\"section\">\n\t\t\t\t\t\t<div class=\"elementor-container elementor-column-gap-default\">\n\t\t\t\t\t<div class=\"elementor-column elementor-col-100 elementor-top-column elementor-element elementor-element-b3e42d0\" data-id=\"b3e42d0\" data-element_type=\"column\" data-e-type=\"column\">\n\t\t\t<div class=\"elementor-widget-wrap elementor-element-populated\">\n\t\t\t\t\t\t<div class=\"elementor-element elementor-element-f2e4a7e elementor-widget elementor-widget-image\" data-id=\"f2e4a7e\" data-element_type=\"widget\" data-e-type=\"widget\" data-widget_type=\"image.default\">\n\t\t\t\t<div class=\"elementor-widget-container\">\n\t\t\t\t\t\t\t\t\t\t\t\t\t\t\t<img decoding=\"async\" width=\"145\" height=\"52\" data-src=\"https:\/\/cabanons.com\/wp-content\/uploads\/2025\/05\/Pergolas_Design_color.png\" class=\"attachment-large size-large wp-image-29087 lazyload\" alt=\"\" src=\"data:image\/svg+xml;base64,PHN2ZyB3aWR0aD0iMSIgaGVpZ2h0PSIxIiB4bWxucz0iaHR0cDovL3d3dy53My5vcmcvMjAwMC9zdmciPjwvc3ZnPg==\" style=\"--smush-placeholder-width: 145px; --smush-placeholder-aspect-ratio: 145\/52;\" \/>\t\t\t\t\t\t\t\t\t\t\t\t\t\t\t<\/div>\n\t\t\t\t<\/div>\n\t\t\t\t\t<\/div>\n\t\t<\/div>\n\t\t\t\t\t<\/div>\n\t\t<\/section>\n\t\t\t\t<section class=\"elementor-section elementor-top-section elementor-element elementor-element-2c73c99 elementor-section-boxed elementor-section-height-default elementor-section-height-default\" data-id=\"2c73c99\" data-element_type=\"section\" data-e-type=\"section\">\n\t\t\t\t\t\t<div class=\"elementor-container elementor-column-gap-default\">\n\t\t\t\t\t<div class=\"elementor-column elementor-col-100 elementor-top-column elementor-element elementor-element-238b0a5\" data-id=\"238b0a5\" data-element_type=\"column\" data-e-type=\"column\">\n\t\t\t<div class=\"elementor-widget-wrap elementor-element-populated\">\n\t\t\t\t\t\t<div class=\"elementor-element elementor-element-ba835b8 elementor-widget elementor-widget-text-editor\" data-id=\"ba835b8\" data-element_type=\"widget\" data-e-type=\"widget\" data-widget_type=\"text-editor.default\">\n\t\t\t\t<div class=\"elementor-widget-container\">\n\t\t\t\t\t\t\t\t\t<p><strong>PERGOLA BAR &#8211;<\/strong><\/p><p>Transform your backyard into a true entertainment space with our premium pergola bar. Designed for entertaining, relaxing, and impressing, it combines modern design, durable materials, and ingenious functionality.<\/p><p>Its built-in counter is perfect for mixing cocktails or serving your guests, while the pendant lights create a warm atmosphere for your evenings.<\/p><p>Ideal for happy hour with friends, a BBQ, or a family gathering, the pergola bar will quickly become the focal point of your outdoor space.<\/p>\t\t\t\t\t\t\t\t<\/div>\n\t\t\t\t<\/div>\n\t\t\t\t\t<\/div>\n\t\t<\/div>\n\t\t\t\t\t<\/div>\n\t\t<\/section>\n\t\t\t\t<section class=\"elementor-section elementor-top-section elementor-element elementor-element-aa6947c elementor-section-boxed elementor-section-height-default elementor-section-height-default\" data-id=\"aa6947c\" data-element_type=\"section\" data-e-type=\"section\">\n\t\t\t\t\t\t<div class=\"elementor-container elementor-column-gap-default\">\n\t\t\t\t\t<div class=\"elementor-column elementor-col-33 elementor-top-column elementor-element elementor-element-78efbd1\" data-id=\"78efbd1\" data-element_type=\"column\" data-e-type=\"column\">\n\t\t\t<div class=\"elementor-widget-wrap elementor-element-populated\">\n\t\t\t\t\t\t<div class=\"elementor-element elementor-element-ded849d elementor-skin-coverflow elementor-widget__width-initial elementor-arrows-yes elementor-pagination-type-bullets elementor-pagination-position-outside elementor-widget elementor-widget-media-carousel\" data-id=\"ded849d\" data-element_type=\"widget\" data-e-type=\"widget\" data-settings=\"{&quot;skin&quot;:&quot;coverflow&quot;,&quot;slides_per_view&quot;:&quot;1&quot;,&quot;show_arrows&quot;:&quot;yes&quot;,&quot;pagination&quot;:&quot;bullets&quot;,&quot;speed&quot;:500,&quot;space_between&quot;:{&quot;unit&quot;:&quot;px&quot;,&quot;size&quot;:10,&quot;sizes&quot;:[]},&quot;space_between_tablet&quot;:{&quot;unit&quot;:&quot;px&quot;,&quot;size&quot;:10,&quot;sizes&quot;:[]},&quot;space_between_mobile&quot;:{&quot;unit&quot;:&quot;px&quot;,&quot;size&quot;:10,&quot;sizes&quot;:[]}}\" data-widget_type=\"media-carousel.default\">\n\t\t\t\t<div class=\"elementor-widget-container\">\n\t\t\t\t\t\t\t\t\t<div class=\"elementor-swiper\">\n\t\t\t\t\t<div class=\"elementor-main-swiper swiper\" role=\"region\" aria-roledescription=\"carousel\" aria-label=\"Diapositives\">\n\t\t\t\t<div class=\"swiper-wrapper\">\n\t\t\t\t\t\t\t\t\t\t\t<div class=\"swiper-slide\" role=\"group\" aria-roledescription=\"slide\">\n\t\t\t\t\t\t\t\t\t<div class=\"elementor-carousel-image lazyload\" role=\"img\" aria-label=\"Bar-White-Demo-1-Presentation-Pollo.png\" style=\"background-image:inherit\" data-bg-image=\"url(&#039;https:\/\/cabanons.com\/wp-content\/uploads\/2026\/04\/Bar-White-Demo-1-Presentation-Pollo.png&#039;)\">\n\n\t\t\t\n\t\t\t\t\t<\/div>\n\t\t\t\t\t\t\t\t<\/div>\n\t\t\t\t\t\t\t\t\t\t\t<div class=\"swiper-slide\" role=\"group\" aria-roledescription=\"slide\">\n\t\t\t\t\t\t\t\t\t<div class=\"elementor-carousel-image lazyload\" role=\"img\" aria-label=\"Pergola-de-bar-moderne-en-exterieur.png\" style=\"background-image:inherit\" data-bg-image=\"url(&#039;https:\/\/cabanons.com\/wp-content\/uploads\/2026\/04\/Pergola-de-bar-moderne-en-exterieur.png&#039;)\">\n\n\t\t\t\n\t\t\t\t\t<\/div>\n\t\t\t\t\t\t\t\t<\/div>\n\t\t\t\t\t\t\t\t\t<\/div>\n\t\t\t\t\t\t\t\t\t\t\t\t\t\t\t<div class=\"elementor-swiper-button elementor-swiper-button-prev\" role=\"button\" tabindex=\"0\" aria-label=\"Previous\">\n\t\t\t\t\t\t\t<i aria-hidden=\"true\" class=\"eicon-chevron-left\"><\/i>\t\t\t\t\t\t<\/div>\n\t\t\t\t\t\t<div class=\"elementor-swiper-button elementor-swiper-button-next\" role=\"button\" tabindex=\"0\" aria-label=\"Next\">\n\t\t\t\t\t\t\t<i aria-hidden=\"true\" class=\"eicon-chevron-right\"><\/i>\t\t\t\t\t\t<\/div>\n\t\t\t\t\t\t\t\t\t\t\t\t\t\t\t\t<div class=\"swiper-pagination\"><\/div>\n\t\t\t\t\t\t\t\t\t\t\t\t<\/div>\n\t\t\t\t<\/div>\n\t\t\t\t\t\t\t\t<\/div>\n\t\t\t\t<\/div>\n\t\t\t\t\t<\/div>\n\t\t<\/div>\n\t\t\t\t<div class=\"elementor-column elementor-col-66 elementor-top-column elementor-element elementor-element-1f0db39\" data-id=\"1f0db39\" data-element_type=\"column\" data-e-type=\"column\">\n\t\t\t<div class=\"elementor-widget-wrap elementor-element-populated\">\n\t\t\t\t\t\t<div class=\"elementor-element elementor-element-eeead71 elementor-widget elementor-widget-heading\" data-id=\"eeead71\" data-element_type=\"widget\" data-e-type=\"widget\" data-widget_type=\"heading.default\">\n\t\t\t\t<div class=\"elementor-widget-container\">\n\t\t\t\t\t<h2 class=\"elementor-heading-title elementor-size-default\">PERGOLA BAR - 8' x 13'<\/h2>\t\t\t\t<\/div>\n\t\t\t\t<\/div>\n\t\t\t\t<div class=\"elementor-element elementor-element-1d9a969 elementor-widget elementor-widget-accordion\" data-id=\"1d9a969\" data-element_type=\"widget\" data-e-type=\"widget\" data-widget_type=\"accordion.default\">\n\t\t\t\t<div class=\"elementor-widget-container\">\n\t\t\t\t\t\t\t<div class=\"elementor-accordion\">\n\t\t\t\t\t\t\t<div class=\"elementor-accordion-item\">\n\t\t\t\t\t<div id=\"elementor-tab-title-3101\" class=\"elementor-tab-title\" data-tab=\"1\" role=\"button\" aria-controls=\"elementor-tab-content-3101\" aria-expanded=\"false\">\n\t\t\t\t\t\t\t\t\t\t\t\t\t<span class=\"elementor-accordion-icon elementor-accordion-icon-left\" aria-hidden=\"true\">\n\t\t\t\t\t\t\t\t\t\t\t\t\t\t\t<span class=\"elementor-accordion-icon-closed\"><i class=\"fas fa-plus\"><\/i><\/span>\n\t\t\t\t\t\t\t\t<span class=\"elementor-accordion-icon-opened\"><i class=\"fas fa-minus\"><\/i><\/span>\n\t\t\t\t\t\t\t\t\t\t\t\t\t\t<\/span>\n\t\t\t\t\t\t\t\t\t\t\t\t<a class=\"elementor-accordion-title\" tabindex=\"0\">Description<\/a>\n\t\t\t\t\t<\/div>\n\t\t\t\t\t<div id=\"elementor-tab-content-3101\" class=\"elementor-tab-content elementor-clearfix\" data-tab=\"1\" role=\"region\" aria-labelledby=\"elementor-tab-title-3101\"><p>A roof with adjustable aluminum louvers allows you to easily control the amount of light and provide protection from the rain.<\/p><p>Understand:<\/p><ul><li>3 pendant lights<\/li><li>2 hanging brackets<\/li><li>Solar LED light<\/li><\/ul><\/div>\n\t\t\t\t<\/div>\n\t\t\t\t\t\t\t<div class=\"elementor-accordion-item\">\n\t\t\t\t\t<div id=\"elementor-tab-title-3102\" class=\"elementor-tab-title\" data-tab=\"2\" role=\"button\" aria-controls=\"elementor-tab-content-3102\" aria-expanded=\"false\">\n\t\t\t\t\t\t\t\t\t\t\t\t\t<span class=\"elementor-accordion-icon elementor-accordion-icon-left\" aria-hidden=\"true\">\n\t\t\t\t\t\t\t\t\t\t\t\t\t\t\t<span class=\"elementor-accordion-icon-closed\"><i class=\"fas fa-plus\"><\/i><\/span>\n\t\t\t\t\t\t\t\t<span class=\"elementor-accordion-icon-opened\"><i class=\"fas fa-minus\"><\/i><\/span>\n\t\t\t\t\t\t\t\t\t\t\t\t\t\t<\/span>\n\t\t\t\t\t\t\t\t\t\t\t\t<a class=\"elementor-accordion-title\" tabindex=\"0\">Couleur<\/a>\n\t\t\t\t\t<\/div>\n\t\t\t\t\t<div id=\"elementor-tab-content-3102\" class=\"elementor-tab-content elementor-clearfix\" data-tab=\"2\" role=\"region\" aria-labelledby=\"elementor-tab-title-3102\"><p>Available in black or white<\/p><\/div>\n\t\t\t\t<\/div>\n\t\t\t\t\t\t\t\t<\/div>\n\t\t\t\t\t\t<\/div>\n\t\t\t\t<\/div>\n\t\t\t\t\t<\/div>\n\t\t<\/div>\n\t\t\t\t\t<\/div>\n\t\t<\/section>\n\t\t\t\t<section class=\"elementor-section elementor-top-section elementor-element elementor-element-ad3912f elementor-section-boxed elementor-section-height-default elementor-section-height-default\" data-id=\"ad3912f\" data-element_type=\"section\" data-e-type=\"section\">\n\t\t\t\t\t\t<div class=\"elementor-container elementor-column-gap-default\">\n\t\t\t\t\t<div class=\"elementor-column elementor-col-100 elementor-top-column elementor-element elementor-element-7df9e63\" data-id=\"7df9e63\" data-element_type=\"column\" data-e-type=\"column\">\n\t\t\t<div class=\"elementor-widget-wrap elementor-element-populated\">\n\t\t\t\t\t\t<div class=\"elementor-element elementor-element-12becf8 elementor-align-center elementor-widget elementor-widget-button\" data-id=\"12becf8\" data-element_type=\"widget\" data-e-type=\"widget\" data-widget_type=\"button.default\">\n\t\t\t\t<div class=\"elementor-widget-container\">\n\t\t\t\t\t\t\t\t\t<div class=\"elementor-button-wrapper\">\n\t\t\t\t\t<a class=\"elementor-button elementor-button-link elementor-size-sm\" href=\"https:\/\/cabanons.com\/en\/pergolas-design\/\">\n\t\t\t\t\t\t<span class=\"elementor-button-content-wrapper\">\n\t\t\t\t\t\t\t\t\t<span class=\"elementor-button-text\">&lt; Back<\/span>\n\t\t\t\t\t<\/span>\n\t\t\t\t\t<\/a>\n\t\t\t\t<\/div>\n\t\t\t\t\t\t\t\t<\/div>\n\t\t\t\t<\/div>\n\t\t\t\t\t<\/div>\n\t\t<\/div>\n\t\t\t\t\t<\/div>\n\t\t<\/section>\n\t\t\t\t<\/div>\n\t\t","protected":false},"excerpt":{"rendered":"<p>PERGOLA BAR &#8211; Transform your backyard into a true entertainment space with our premium pergola bar. Designed for entertaining, relaxing, and impressing, it combines modern design, durable materials, and ingenious functionality. Its built-in counter is perfect for mixing cocktails or serving your guests, while the pendant lights create a warm atmosphere for your evenings. Ideal [&hellip;]<\/p>\n","protected":false},"author":15,"featured_media":32659,"parent":0,"menu_order":0,"comment_status":"closed","ping_status":"closed","template":"elementor_header_footer","meta":{"content-type":"","footnotes":""},"class_list":["post-32654","page","type-page","status-publish","has-post-thumbnail","hentry"],"yoast_head":"<!-- This site is optimized with the Yoast SEO plugin v27.5 - https:\/\/yoast.com\/product\/yoast-seo-wordpress\/ -->\n<title>Pergola Bar - Garages et Cabanons Fontaine<\/title>\n<meta name=\"description\" content=\"PERGOLA BAR -Transform your backyard into a true entertainment space with our premium pergola bar. Designed for entertaining, relaxing, and impressing, it Choisissez parmi nos mod\u00e8les de base aux architectures vari\u00e9es.Trouvez facilement le mod\u00e8le qui se marie \u00e0 votre d\u00e9cor et qui correspond \u00e0 vos besoins.\" \/>\n<meta name=\"robots\" content=\"index, follow, max-snippet:-1, max-image-preview:large, max-video-preview:-1\" \/>\n<link rel=\"canonical\" href=\"https:\/\/cabanons.com\/en\/pergola-bar\/\" \/>\n<meta property=\"og:locale\" content=\"en_US\" \/>\n<meta property=\"og:type\" content=\"article\" \/>\n<meta property=\"og:title\" content=\"Pergola Bar - Garages et Cabanons Fontaine\" \/>\n<meta property=\"og:description\" content=\"PERGOLA BAR -Transform your backyard into a true entertainment space with our premium pergola bar. Designed for entertaining, relaxing, and impressing, it Choisissez parmi nos mod\u00e8les de base aux architectures vari\u00e9es.Trouvez facilement le mod\u00e8le qui se marie \u00e0 votre d\u00e9cor et qui correspond \u00e0 vos besoins.\" \/>\n<meta property=\"og:url\" content=\"https:\/\/cabanons.com\/en\/pergola-bar\/\" \/>\n<meta property=\"og:site_name\" content=\"Garages et Cabanons Fontaine\" \/>\n<meta property=\"article:modified_time\" content=\"2026-04-07T15:00:27+00:00\" \/>\n<meta property=\"og:image\" content=\"https:\/\/cabanons.com\/wp-content\/uploads\/2026\/03\/Bar-White-Demo-1-Presentation-Pollo.png\" \/>\n\t<meta property=\"og:image:width\" content=\"1200\" \/>\n\t<meta property=\"og:image:height\" content=\"876\" \/>\n\t<meta property=\"og:image:type\" content=\"image\/png\" \/>\n<meta name=\"twitter:card\" content=\"summary_large_image\" \/>\n<meta name=\"twitter:label1\" content=\"Est. reading time\" \/>\n\t<meta name=\"twitter:data1\" content=\"1 minute\" \/>\n<script type=\"application\/ld+json\" class=\"yoast-schema-graph\">{\"@context\":\"https:\\\/\\\/schema.org\",\"@graph\":[{\"@type\":\"WebPage\",\"@id\":\"https:\\\/\\\/cabanons.com\\\/en\\\/pergola-bar\\\/\",\"url\":\"https:\\\/\\\/cabanons.com\\\/en\\\/pergola-bar\\\/\",\"name\":\"Pergola Bar - Garages et Cabanons Fontaine\",\"isPartOf\":{\"@id\":\"https:\\\/\\\/cabanons.com\\\/en\\\/#website\"},\"primaryImageOfPage\":{\"@id\":\"https:\\\/\\\/cabanons.com\\\/en\\\/pergola-bar\\\/#primaryimage\"},\"image\":{\"@id\":\"https:\\\/\\\/cabanons.com\\\/en\\\/pergola-bar\\\/#primaryimage\"},\"thumbnailUrl\":\"https:\\\/\\\/cabanons.com\\\/wp-content\\\/uploads\\\/2026\\\/03\\\/Bar-White-Demo-1-Presentation-Pollo.png\",\"datePublished\":\"2026-04-07T14:56:27+00:00\",\"dateModified\":\"2026-04-07T15:00:27+00:00\",\"description\":\"PERGOLA BAR -Transform your backyard into a true entertainment space with our premium pergola bar. Designed for entertaining, relaxing, and impressing, it Choisissez parmi nos mod\u00e8les de base aux architectures vari\u00e9es.Trouvez facilement le mod\u00e8le qui se marie \u00e0 votre d\u00e9cor et qui correspond \u00e0 vos besoins.\",\"breadcrumb\":{\"@id\":\"https:\\\/\\\/cabanons.com\\\/en\\\/pergola-bar\\\/#breadcrumb\"},\"inLanguage\":\"en-CA\",\"potentialAction\":[{\"@type\":\"ReadAction\",\"target\":[\"https:\\\/\\\/cabanons.com\\\/en\\\/pergola-bar\\\/\"]}]},{\"@type\":\"ImageObject\",\"inLanguage\":\"en-CA\",\"@id\":\"https:\\\/\\\/cabanons.com\\\/en\\\/pergola-bar\\\/#primaryimage\",\"url\":\"https:\\\/\\\/cabanons.com\\\/wp-content\\\/uploads\\\/2026\\\/03\\\/Bar-White-Demo-1-Presentation-Pollo.png\",\"contentUrl\":\"https:\\\/\\\/cabanons.com\\\/wp-content\\\/uploads\\\/2026\\\/03\\\/Bar-White-Demo-1-Presentation-Pollo.png\",\"width\":1200,\"height\":876},{\"@type\":\"BreadcrumbList\",\"@id\":\"https:\\\/\\\/cabanons.com\\\/en\\\/pergola-bar\\\/#breadcrumb\",\"itemListElement\":[{\"@type\":\"ListItem\",\"position\":1,\"name\":\"Accueil\",\"item\":\"https:\\\/\\\/cabanons.com\\\/en\\\/\"},{\"@type\":\"ListItem\",\"position\":2,\"name\":\"Pergola Bar\"}]},{\"@type\":\"WebSite\",\"@id\":\"https:\\\/\\\/cabanons.com\\\/en\\\/#website\",\"url\":\"https:\\\/\\\/cabanons.com\\\/en\\\/\",\"name\":\"Garages et Cabanons Fontaine\",\"description\":\"LA QUALIT\u00c9 IN\u00c9GAL\u00c9 DEPUIS 1976\",\"publisher\":{\"@id\":\"https:\\\/\\\/cabanons.com\\\/en\\\/#organization\"},\"potentialAction\":[{\"@type\":\"SearchAction\",\"target\":{\"@type\":\"EntryPoint\",\"urlTemplate\":\"https:\\\/\\\/cabanons.com\\\/en\\\/?s={search_term_string}\"},\"query-input\":{\"@type\":\"PropertyValueSpecification\",\"valueRequired\":true,\"valueName\":\"search_term_string\"}}],\"inLanguage\":\"en-CA\"},{\"@type\":\"Organization\",\"@id\":\"https:\\\/\\\/cabanons.com\\\/en\\\/#organization\",\"name\":\"Garages et Cabanons Fontaine\",\"url\":\"https:\\\/\\\/cabanons.com\\\/en\\\/\",\"logo\":{\"@type\":\"ImageObject\",\"inLanguage\":\"en-CA\",\"@id\":\"https:\\\/\\\/cabanons.com\\\/en\\\/#\\\/schema\\\/logo\\\/image\\\/\",\"url\":\"https:\\\/\\\/cabanons.com\\\/wp-content\\\/uploads\\\/2020\\\/11\\\/icone_Logo_Garages_et_Cabanons_Fontaine_horz.png\",\"contentUrl\":\"https:\\\/\\\/cabanons.com\\\/wp-content\\\/uploads\\\/2020\\\/11\\\/icone_Logo_Garages_et_Cabanons_Fontaine_horz.png\",\"width\":716,\"height\":156,\"caption\":\"Garages et Cabanons Fontaine\"},\"image\":{\"@id\":\"https:\\\/\\\/cabanons.com\\\/en\\\/#\\\/schema\\\/logo\\\/image\\\/\"}}]}<\/script>\n<!-- \/ Yoast SEO plugin. -->","yoast_head_json":{"title":"Pergola Bar - Garages et Cabanons Fontaine","description":"PERGOLA BAR -Transform your backyard into a true entertainment space with our premium pergola bar. Designed for entertaining, relaxing, and impressing, it Choisissez parmi nos mod\u00e8les de base aux architectures vari\u00e9es.Trouvez facilement le mod\u00e8le qui se marie \u00e0 votre d\u00e9cor et qui correspond \u00e0 vos besoins.","robots":{"index":"index","follow":"follow","max-snippet":"max-snippet:-1","max-image-preview":"max-image-preview:large","max-video-preview":"max-video-preview:-1"},"canonical":"https:\/\/cabanons.com\/en\/pergola-bar\/","og_locale":"en_US","og_type":"article","og_title":"Pergola Bar - Garages et Cabanons Fontaine","og_description":"PERGOLA BAR -Transform your backyard into a true entertainment space with our premium pergola bar. Designed for entertaining, relaxing, and impressing, it Choisissez parmi nos mod\u00e8les de base aux architectures vari\u00e9es.Trouvez facilement le mod\u00e8le qui se marie \u00e0 votre d\u00e9cor et qui correspond \u00e0 vos besoins.","og_url":"https:\/\/cabanons.com\/en\/pergola-bar\/","og_site_name":"Garages et Cabanons Fontaine","article_modified_time":"2026-04-07T15:00:27+00:00","og_image":[{"width":1200,"height":876,"url":"https:\/\/cabanons.com\/wp-content\/uploads\/2026\/03\/Bar-White-Demo-1-Presentation-Pollo.png","type":"image\/png"}],"twitter_card":"summary_large_image","twitter_misc":{"Est. reading time":"1 minute"},"schema":{"@context":"https:\/\/schema.org","@graph":[{"@type":"WebPage","@id":"https:\/\/cabanons.com\/en\/pergola-bar\/","url":"https:\/\/cabanons.com\/en\/pergola-bar\/","name":"Pergola Bar - Garages et Cabanons Fontaine","isPartOf":{"@id":"https:\/\/cabanons.com\/en\/#website"},"primaryImageOfPage":{"@id":"https:\/\/cabanons.com\/en\/pergola-bar\/#primaryimage"},"image":{"@id":"https:\/\/cabanons.com\/en\/pergola-bar\/#primaryimage"},"thumbnailUrl":"https:\/\/cabanons.com\/wp-content\/uploads\/2026\/03\/Bar-White-Demo-1-Presentation-Pollo.png","datePublished":"2026-04-07T14:56:27+00:00","dateModified":"2026-04-07T15:00:27+00:00","description":"PERGOLA BAR -Transform your backyard into a true entertainment space with our premium pergola bar. Designed for entertaining, relaxing, and impressing, it Choisissez parmi nos mod\u00e8les de base aux architectures vari\u00e9es.Trouvez facilement le mod\u00e8le qui se marie \u00e0 votre d\u00e9cor et qui correspond \u00e0 vos besoins.","breadcrumb":{"@id":"https:\/\/cabanons.com\/en\/pergola-bar\/#breadcrumb"},"inLanguage":"en-CA","potentialAction":[{"@type":"ReadAction","target":["https:\/\/cabanons.com\/en\/pergola-bar\/"]}]},{"@type":"ImageObject","inLanguage":"en-CA","@id":"https:\/\/cabanons.com\/en\/pergola-bar\/#primaryimage","url":"https:\/\/cabanons.com\/wp-content\/uploads\/2026\/03\/Bar-White-Demo-1-Presentation-Pollo.png","contentUrl":"https:\/\/cabanons.com\/wp-content\/uploads\/2026\/03\/Bar-White-Demo-1-Presentation-Pollo.png","width":1200,"height":876},{"@type":"BreadcrumbList","@id":"https:\/\/cabanons.com\/en\/pergola-bar\/#breadcrumb","itemListElement":[{"@type":"ListItem","position":1,"name":"Accueil","item":"https:\/\/cabanons.com\/en\/"},{"@type":"ListItem","position":2,"name":"Pergola Bar"}]},{"@type":"WebSite","@id":"https:\/\/cabanons.com\/en\/#website","url":"https:\/\/cabanons.com\/en\/","name":"Garages et Cabanons Fontaine","description":"LA QUALIT\u00c9 IN\u00c9GAL\u00c9 DEPUIS 1976","publisher":{"@id":"https:\/\/cabanons.com\/en\/#organization"},"potentialAction":[{"@type":"SearchAction","target":{"@type":"EntryPoint","urlTemplate":"https:\/\/cabanons.com\/en\/?s={search_term_string}"},"query-input":{"@type":"PropertyValueSpecification","valueRequired":true,"valueName":"search_term_string"}}],"inLanguage":"en-CA"},{"@type":"Organization","@id":"https:\/\/cabanons.com\/en\/#organization","name":"Garages et Cabanons Fontaine","url":"https:\/\/cabanons.com\/en\/","logo":{"@type":"ImageObject","inLanguage":"en-CA","@id":"https:\/\/cabanons.com\/en\/#\/schema\/logo\/image\/","url":"https:\/\/cabanons.com\/wp-content\/uploads\/2020\/11\/icone_Logo_Garages_et_Cabanons_Fontaine_horz.png","contentUrl":"https:\/\/cabanons.com\/wp-content\/uploads\/2020\/11\/icone_Logo_Garages_et_Cabanons_Fontaine_horz.png","width":716,"height":156,"caption":"Garages et Cabanons Fontaine"},"image":{"@id":"https:\/\/cabanons.com\/en\/#\/schema\/logo\/image\/"}}]}},"_links":{"self":[{"href":"https:\/\/cabanons.com\/en\/wp-json\/wp\/v2\/pages\/32654","targetHints":{"allow":["GET"]}}],"collection":[{"href":"https:\/\/cabanons.com\/en\/wp-json\/wp\/v2\/pages"}],"about":[{"href":"https:\/\/cabanons.com\/en\/wp-json\/wp\/v2\/types\/page"}],"author":[{"embeddable":true,"href":"https:\/\/cabanons.com\/en\/wp-json\/wp\/v2\/users\/15"}],"replies":[{"embeddable":true,"href":"https:\/\/cabanons.com\/en\/wp-json\/wp\/v2\/comments?post=32654"}],"version-history":[{"count":4,"href":"https:\/\/cabanons.com\/en\/wp-json\/wp\/v2\/pages\/32654\/revisions"}],"predecessor-version":[{"id":33230,"href":"https:\/\/cabanons.com\/en\/wp-json\/wp\/v2\/pages\/32654\/revisions\/33230"}],"wp:featuredmedia":[{"embeddable":true,"href":"https:\/\/cabanons.com\/en\/wp-json\/wp\/v2\/media\/32659"}],"wp:attachment":[{"href":"https:\/\/cabanons.com\/en\/wp-json\/wp\/v2\/media?parent=32654"}],"curies":[{"name":"wp","href":"https:\/\/api.w.org\/{rel}","templated":true}]}}