{"id":6250,"date":"2021-03-18T18:26:20","date_gmt":"2021-03-18T18:26:20","guid":{"rendered":"https:\/\/cabanons.com\/politiques-de-confidentialite\/"},"modified":"2021-08-13T14:55:04","modified_gmt":"2021-08-13T14:55:04","slug":"privacy-policy","status":"publish","type":"page","link":"https:\/\/cabanons.com\/en\/privacy-policy\/","title":{"rendered":"Privacy policy"},"content":{"rendered":"\t\t<div data-elementor-type=\"wp-page\" data-elementor-id=\"6250\" class=\"elementor elementor-6250 elementor-6089\" data-elementor-post-type=\"page\">\n\t\t\t\t\t\t<section class=\"elementor-section elementor-top-section elementor-element elementor-element-41b60ab elementor-section-boxed elementor-section-height-default elementor-section-height-default\" data-id=\"41b60ab\" data-element_type=\"section\" data-e-type=\"section\">\n\t\t\t\t\t\t<div class=\"elementor-container elementor-column-gap-default\">\n\t\t\t\t\t<div class=\"elementor-column elementor-col-100 elementor-top-column elementor-element elementor-element-9d960c8\" data-id=\"9d960c8\" data-element_type=\"column\" data-e-type=\"column\">\n\t\t\t<div class=\"elementor-widget-wrap elementor-element-populated\">\n\t\t\t\t\t\t<div class=\"elementor-element elementor-element-32fccf5 elementor-widget elementor-widget-text-editor\" data-id=\"32fccf5\" data-element_type=\"widget\" data-e-type=\"widget\" data-widget_type=\"text-editor.default\">\n\t\t\t\t<div class=\"elementor-widget-container\">\n\t\t\t\t\t\t\t\t\t<h2><b>GENERAL CONDITIONS OF USE<\/b><\/h2>\n<h3>Introduction<\/h3>\nConsidering the development of new communication tools, it has become necessary to pay specific attention to the protection of privacy. That is why we are committed to respecting the confidentiality of the personal information we collect.\t\t\t\t\t\t\t\t<\/div>\n\t\t\t\t<\/div>\n\t\t\t\t<div class=\"elementor-element elementor-element-12bc9eb elementor-widget-divider--view-line elementor-widget elementor-widget-divider\" data-id=\"12bc9eb\" data-element_type=\"widget\" data-e-type=\"widget\" data-widget_type=\"divider.default\">\n\t\t\t\t<div class=\"elementor-widget-container\">\n\t\t\t\t\t\t\t<div class=\"elementor-divider\">\n\t\t\t<span class=\"elementor-divider-separator\">\n\t\t\t\t\t\t<\/span>\n\t\t<\/div>\n\t\t\t\t\t\t<\/div>\n\t\t\t\t<\/div>\n\t\t\t\t<div class=\"elementor-element elementor-element-07fe48f elementor-widget elementor-widget-text-editor\" data-id=\"07fe48f\" data-element_type=\"widget\" data-e-type=\"widget\" data-widget_type=\"text-editor.default\">\n\t\t\t\t<div class=\"elementor-widget-container\">\n\t\t\t\t\t\t\t\t\t<h2>Collection of Personal Information<\/h2><p>We collect the following information:<\/p><ul><li>Surname<\/li><li>Name<\/li><li>Email address<\/li><li>Address<\/li><li>Telephone<\/li><li>Concession address<\/li><\/ul><p>\u00a0<\/p><p>The personal information we collect is collected through forms and through the interactivity established between you and our website. We also use, as shown in the following section, cookies and\/or logs to gather information about you.<\/p>\t\t\t\t\t\t\t\t<\/div>\n\t\t\t\t<\/div>\n\t\t\t\t<div class=\"elementor-element elementor-element-d4c49f5 elementor-widget-divider--view-line elementor-widget elementor-widget-divider\" data-id=\"d4c49f5\" data-element_type=\"widget\" data-e-type=\"widget\" data-widget_type=\"divider.default\">\n\t\t\t\t<div class=\"elementor-widget-container\">\n\t\t\t\t\t\t\t<div class=\"elementor-divider\">\n\t\t\t<span class=\"elementor-divider-separator\">\n\t\t\t\t\t\t<\/span>\n\t\t<\/div>\n\t\t\t\t\t\t<\/div>\n\t\t\t\t<\/div>\n\t\t\t\t<div class=\"elementor-element elementor-element-627e835 elementor-widget elementor-widget-text-editor\" data-id=\"627e835\" data-element_type=\"widget\" data-e-type=\"widget\" data-widget_type=\"text-editor.default\">\n\t\t\t\t<div class=\"elementor-widget-container\">\n\t\t\t\t\t\t\t\t\t<h2>Forms and Interactivity<\/h2><p>Your personal information is collected through forms, which are:<\/p><ul><li>Opinion polls<\/li><li>Contact form<\/li><li>Newsletter subscription<\/li><\/ul><p>\u00a0<\/p><p>We use the information collected for the following purposes:<\/p><ul><li>Information\/Promotional offers<\/li><li>Statistics<\/li><li>Contact<\/li><li>Website Management (presentation, organization)<\/li><\/ul><p>\u00a0<\/p><p>Your information is also collected through the interactivity that can be established between you and our website in the following way:<\/p><ul><li>User behaviour analysis system<\/li><li>Log files and cookies<\/li><\/ul><p>\u00a0<\/p><p>We use the information collected for the following purposes:<\/p><ul><li>Statistics<\/li><li>Website Management (presentation, organization)<\/li><\/ul>\t\t\t\t\t\t\t\t<\/div>\n\t\t\t\t<\/div>\n\t\t\t\t<div class=\"elementor-element elementor-element-10332d4 elementor-widget-divider--view-line elementor-widget elementor-widget-divider\" data-id=\"10332d4\" data-element_type=\"widget\" data-e-type=\"widget\" data-widget_type=\"divider.default\">\n\t\t\t\t<div class=\"elementor-widget-container\">\n\t\t\t\t\t\t\t<div class=\"elementor-divider\">\n\t\t\t<span class=\"elementor-divider-separator\">\n\t\t\t\t\t\t<\/span>\n\t\t<\/div>\n\t\t\t\t\t\t<\/div>\n\t\t\t\t<\/div>\n\t\t\t\t<div class=\"elementor-element elementor-element-390fc22 elementor-widget elementor-widget-text-editor\" data-id=\"390fc22\" data-element_type=\"widget\" data-e-type=\"widget\" data-widget_type=\"text-editor.default\">\n\t\t\t\t<div class=\"elementor-widget-container\">\n\t\t\t\t\t\t\t\t\t<h2>Log Files and Cookies<\/h2><p>We collect certain information through log files and cookie files. This mainly consists of the following information:<\/p><ul><li>IP address<\/li><li>Operating system<\/li><li>Visited pages and requests<\/li><li>Time and day of connection<\/li><\/ul><p>\u00a0<\/p><p>Such files are used for:<\/p><ul><li>Service improvement and personalized interaction<\/li><li>Personalized consumer profile<\/li><li>Statistics<\/li><\/ul>\t\t\t\t\t\t\t\t<\/div>\n\t\t\t\t<\/div>\n\t\t\t\t<div class=\"elementor-element elementor-element-b4579cb elementor-widget-divider--view-line elementor-widget elementor-widget-divider\" data-id=\"b4579cb\" data-element_type=\"widget\" data-e-type=\"widget\" data-widget_type=\"divider.default\">\n\t\t\t\t<div class=\"elementor-widget-container\">\n\t\t\t\t\t\t\t<div class=\"elementor-divider\">\n\t\t\t<span class=\"elementor-divider-separator\">\n\t\t\t\t\t\t<\/span>\n\t\t<\/div>\n\t\t\t\t\t\t<\/div>\n\t\t\t\t<\/div>\n\t\t\t\t<div class=\"elementor-element elementor-element-6b05813 elementor-widget elementor-widget-text-editor\" data-id=\"6b05813\" data-element_type=\"widget\" data-e-type=\"widget\" data-widget_type=\"text-editor.default\">\n\t\t\t\t<div class=\"elementor-widget-container\">\n\t\t\t\t\t\t\t\t\t<h2>Sharing of Personal Information<\/h2><p>We do not market personal information collected. However, we sometimes share this information with third parties for the following reasons:<\/p><ul><li>Consumer profile<\/li><li>Partnership<\/li><li>Publicity<\/li><\/ul><p>\u00a0<\/p><p>If you do not want your personal information to be communicated to third parties, you can oppose this at the time of collection or at any time thereafter, as mentioned in the following section.<\/p>\t\t\t\t\t\t\t\t<\/div>\n\t\t\t\t<\/div>\n\t\t\t\t<div class=\"elementor-element elementor-element-aca8f53 elementor-widget-divider--view-line elementor-widget elementor-widget-divider\" data-id=\"aca8f53\" data-element_type=\"widget\" data-e-type=\"widget\" data-widget_type=\"divider.default\">\n\t\t\t\t<div class=\"elementor-widget-container\">\n\t\t\t\t\t\t\t<div class=\"elementor-divider\">\n\t\t\t<span class=\"elementor-divider-separator\">\n\t\t\t\t\t\t<\/span>\n\t\t<\/div>\n\t\t\t\t\t\t<\/div>\n\t\t\t\t<\/div>\n\t\t\t\t<div class=\"elementor-element elementor-element-bad2623 elementor-widget elementor-widget-text-editor\" data-id=\"bad2623\" data-element_type=\"widget\" data-e-type=\"widget\" data-widget_type=\"text-editor.default\">\n\t\t\t\t<div class=\"elementor-widget-container\">\n\t\t\t\t\t\t\t\t\t<h2>Right of Opposition and Withdrawal<\/h2><p>We are committed to offering you a right of opposition and withdrawal with respect to your personal information.<\/p><p><br \/>The right of opposition is understood as the possibility for Internet users to refuse to give their personal information for certain purposes mentioned during collection.<\/p><p><br \/>The right of withdrawal is understood as the possibility for Internet users to request that their personal information no longer appear, for example, in a mailing list.<\/p><p><br \/>In order to exercise these rights, you can contact us.<\/p><p><br \/>3497, Ch. de l&#8217;Industrie, St-Mathieu-de-Beloeil, Qc, J3G 0R9<br \/><a href=\"tel:4505363563\">450-536-3563<\/a><br \/>1-888 838-3563<br \/>Courriel : <a href=\"mailto:info@cabanons.com\">info@cabanons.com<\/a><\/p>\t\t\t\t\t\t\t\t<\/div>\n\t\t\t\t<\/div>\n\t\t\t\t<div class=\"elementor-element elementor-element-9bac9aa elementor-widget-divider--view-line elementor-widget elementor-widget-divider\" data-id=\"9bac9aa\" data-element_type=\"widget\" data-e-type=\"widget\" data-widget_type=\"divider.default\">\n\t\t\t\t<div class=\"elementor-widget-container\">\n\t\t\t\t\t\t\t<div class=\"elementor-divider\">\n\t\t\t<span class=\"elementor-divider-separator\">\n\t\t\t\t\t\t<\/span>\n\t\t<\/div>\n\t\t\t\t\t\t<\/div>\n\t\t\t\t<\/div>\n\t\t\t\t<div class=\"elementor-element elementor-element-b2aaeee elementor-widget elementor-widget-text-editor\" data-id=\"b2aaeee\" data-element_type=\"widget\" data-e-type=\"widget\" data-widget_type=\"text-editor.default\">\n\t\t\t\t<div class=\"elementor-widget-container\">\n\t\t\t\t\t\t\t\t\t<h2>Right of Access<\/h2><p>We are committed to recognizing the right to access and rectification to persons concerned who wish to consult, modify or even delete the information concerning them.<\/p><p><br \/>To exercise these rights, you can contact us.<\/p><p><br \/>3497, Ch. de l&#8217;Industrie, St-Mathieu-de-Beloeil, Qc, J3G 0R9<br \/><a href=\"tel:4505363563\">450-536-3563<\/a><br \/>1-888 838-3563<br \/>Courriel : <a href=\"mailto:info@cabanons.com\">info@cabanons.com<\/a><\/p>\t\t\t\t\t\t\t\t<\/div>\n\t\t\t\t<\/div>\n\t\t\t\t<div class=\"elementor-element elementor-element-552e137 elementor-widget-divider--view-line elementor-widget elementor-widget-divider\" data-id=\"552e137\" data-element_type=\"widget\" data-e-type=\"widget\" data-widget_type=\"divider.default\">\n\t\t\t\t<div class=\"elementor-widget-container\">\n\t\t\t\t\t\t\t<div class=\"elementor-divider\">\n\t\t\t<span class=\"elementor-divider-separator\">\n\t\t\t\t\t\t<\/span>\n\t\t<\/div>\n\t\t\t\t\t\t<\/div>\n\t\t\t\t<\/div>\n\t\t\t\t<div class=\"elementor-element elementor-element-6c035f7 elementor-widget elementor-widget-text-editor\" data-id=\"6c035f7\" data-element_type=\"widget\" data-e-type=\"widget\" data-widget_type=\"text-editor.default\">\n\t\t\t\t<div class=\"elementor-widget-container\">\n\t\t\t\t\t\t\t\t\t<h2>Security<\/h2><p>The personal information we collect is kept in a secure environment. People working for us are required to respect the confidentiality of your information.<\/p><p><br \/>To ensure the security of your personal information, we use the following measures:<\/p><ul><li>SSL protocol (Secure Sockets Layer)<\/li><li>Access Management \u2013 Authorized person<\/li><li>Access Management \u2013 Person concerned<\/li><li>Computer backup<\/li><li>Digital certificate development<\/li><li>Username\/password<\/li><li>Firewalls<\/li><\/ul><p>\u00a0<\/p><p>We are committed to maintaining a high degree of confidentiality by integrating the latest technological innovations that ensure the confidentiality of your transactions. However, considering that no mechanism provides absolute security, a partial risk is always possible when using the Internet to transmit personal information.<\/p>\t\t\t\t\t\t\t\t<\/div>\n\t\t\t\t<\/div>\n\t\t\t\t<div class=\"elementor-element elementor-element-257a5ec elementor-widget-divider--view-line elementor-widget elementor-widget-divider\" data-id=\"257a5ec\" data-element_type=\"widget\" data-e-type=\"widget\" data-widget_type=\"divider.default\">\n\t\t\t\t<div class=\"elementor-widget-container\">\n\t\t\t\t\t\t\t<div class=\"elementor-divider\">\n\t\t\t<span class=\"elementor-divider-separator\">\n\t\t\t\t\t\t<\/span>\n\t\t<\/div>\n\t\t\t\t\t\t<\/div>\n\t\t\t\t<\/div>\n\t\t\t\t<div class=\"elementor-element elementor-element-5162213 elementor-widget elementor-widget-text-editor\" data-id=\"5162213\" data-element_type=\"widget\" data-e-type=\"widget\" data-widget_type=\"text-editor.default\">\n\t\t\t\t<div class=\"elementor-widget-container\">\n\t\t\t\t\t\t\t\t\t<h2>SSL Security Certification<\/h2><p>Our privacy commitments meet the requirements of the following program:<\/p><ul><li>Let\u2019s Encrypt<\/li><\/ul>\t\t\t\t\t\t\t\t<\/div>\n\t\t\t\t<\/div>\n\t\t\t\t\t<\/div>\n\t\t<\/div>\n\t\t\t\t\t<\/div>\n\t\t<\/section>\n\t\t\t\t<\/div>\n\t\t","protected":false},"excerpt":{"rendered":"<p>GENERAL CONDITIONS OF USE Introduction Considering the development of new communication tools, it has become necessary to pay specific attention to the protection of privacy. That is why we are committed to respecting the confidentiality of the personal information we collect. Collection of Personal Information We collect the following information: Surname Name Email address Address [&hellip;]<\/p>\n","protected":false},"author":1,"featured_media":0,"parent":0,"menu_order":0,"comment_status":"closed","ping_status":"closed","template":"","meta":{"content-type":"","footnotes":""},"class_list":["post-6250","page","type-page","status-publish","hentry"],"yoast_head":"<!-- This site is optimized with the Yoast SEO plugin v27.5 - https:\/\/yoast.com\/product\/yoast-seo-wordpress\/ -->\n<title>Privacy policy - Garages et Cabanons Fontaine<\/title>\n<meta name=\"description\" content=\"GENERAL CONDITIONS OF USE Introduction Considering the development of new communication tools, it has become necessary to pay specific attention to the Choisissez parmi nos mod\u00e8les de base aux architectures vari\u00e9es.Trouvez facilement le mod\u00e8le qui se marie \u00e0 votre d\u00e9cor et qui correspond \u00e0 vos besoins.\" \/>\n<meta name=\"robots\" content=\"index, follow, max-snippet:-1, max-image-preview:large, max-video-preview:-1\" \/>\n<link rel=\"canonical\" href=\"https:\/\/cabanons.com\/en\/privacy-policy\/\" \/>\n<meta property=\"og:locale\" content=\"en_US\" \/>\n<meta property=\"og:type\" content=\"article\" \/>\n<meta property=\"og:title\" content=\"Privacy policy - Garages et Cabanons Fontaine\" \/>\n<meta property=\"og:description\" content=\"GENERAL CONDITIONS OF USE Introduction Considering the development of new communication tools, it has become necessary to pay specific attention to the Choisissez parmi nos mod\u00e8les de base aux architectures vari\u00e9es.Trouvez facilement le mod\u00e8le qui se marie \u00e0 votre d\u00e9cor et qui correspond \u00e0 vos besoins.\" \/>\n<meta property=\"og:url\" content=\"https:\/\/cabanons.com\/en\/privacy-policy\/\" \/>\n<meta property=\"og:site_name\" content=\"Garages et Cabanons Fontaine\" \/>\n<meta property=\"article:modified_time\" content=\"2021-08-13T14:55:04+00:00\" \/>\n<meta name=\"twitter:card\" content=\"summary_large_image\" \/>\n<meta name=\"twitter:label1\" content=\"Est. reading time\" \/>\n\t<meta name=\"twitter:data1\" content=\"3 minutes\" \/>\n<script type=\"application\/ld+json\" class=\"yoast-schema-graph\">{\"@context\":\"https:\\\/\\\/schema.org\",\"@graph\":[{\"@type\":\"WebPage\",\"@id\":\"https:\\\/\\\/cabanons.com\\\/en\\\/privacy-policy\\\/\",\"url\":\"https:\\\/\\\/cabanons.com\\\/en\\\/privacy-policy\\\/\",\"name\":\"Privacy policy - Garages et Cabanons Fontaine\",\"isPartOf\":{\"@id\":\"https:\\\/\\\/cabanons.com\\\/en\\\/#website\"},\"datePublished\":\"2021-03-18T18:26:20+00:00\",\"dateModified\":\"2021-08-13T14:55:04+00:00\",\"description\":\"GENERAL CONDITIONS OF USE Introduction Considering the development of new communication tools, it has become necessary to pay specific attention to the Choisissez parmi nos mod\u00e8les de base aux architectures vari\u00e9es.Trouvez facilement le mod\u00e8le qui se marie \u00e0 votre d\u00e9cor et qui correspond \u00e0 vos besoins.\",\"breadcrumb\":{\"@id\":\"https:\\\/\\\/cabanons.com\\\/en\\\/privacy-policy\\\/#breadcrumb\"},\"inLanguage\":\"en-CA\",\"potentialAction\":[{\"@type\":\"ReadAction\",\"target\":[\"https:\\\/\\\/cabanons.com\\\/en\\\/privacy-policy\\\/\"]}]},{\"@type\":\"BreadcrumbList\",\"@id\":\"https:\\\/\\\/cabanons.com\\\/en\\\/privacy-policy\\\/#breadcrumb\",\"itemListElement\":[{\"@type\":\"ListItem\",\"position\":1,\"name\":\"Accueil\",\"item\":\"https:\\\/\\\/cabanons.com\\\/en\\\/\"},{\"@type\":\"ListItem\",\"position\":2,\"name\":\"Privacy policy\"}]},{\"@type\":\"WebSite\",\"@id\":\"https:\\\/\\\/cabanons.com\\\/en\\\/#website\",\"url\":\"https:\\\/\\\/cabanons.com\\\/en\\\/\",\"name\":\"Garages et Cabanons Fontaine\",\"description\":\"LA QUALIT\u00c9 IN\u00c9GAL\u00c9 DEPUIS 1976\",\"publisher\":{\"@id\":\"https:\\\/\\\/cabanons.com\\\/en\\\/#organization\"},\"potentialAction\":[{\"@type\":\"SearchAction\",\"target\":{\"@type\":\"EntryPoint\",\"urlTemplate\":\"https:\\\/\\\/cabanons.com\\\/en\\\/?s={search_term_string}\"},\"query-input\":{\"@type\":\"PropertyValueSpecification\",\"valueRequired\":true,\"valueName\":\"search_term_string\"}}],\"inLanguage\":\"en-CA\"},{\"@type\":\"Organization\",\"@id\":\"https:\\\/\\\/cabanons.com\\\/en\\\/#organization\",\"name\":\"Garages et Cabanons Fontaine\",\"url\":\"https:\\\/\\\/cabanons.com\\\/en\\\/\",\"logo\":{\"@type\":\"ImageObject\",\"inLanguage\":\"en-CA\",\"@id\":\"https:\\\/\\\/cabanons.com\\\/en\\\/#\\\/schema\\\/logo\\\/image\\\/\",\"url\":\"https:\\\/\\\/cabanons.com\\\/wp-content\\\/uploads\\\/2020\\\/11\\\/icone_Logo_Garages_et_Cabanons_Fontaine_horz.png\",\"contentUrl\":\"https:\\\/\\\/cabanons.com\\\/wp-content\\\/uploads\\\/2020\\\/11\\\/icone_Logo_Garages_et_Cabanons_Fontaine_horz.png\",\"width\":716,\"height\":156,\"caption\":\"Garages et Cabanons Fontaine\"},\"image\":{\"@id\":\"https:\\\/\\\/cabanons.com\\\/en\\\/#\\\/schema\\\/logo\\\/image\\\/\"}}]}<\/script>\n<!-- \/ Yoast SEO plugin. -->","yoast_head_json":{"title":"Privacy policy - Garages et Cabanons Fontaine","description":"GENERAL CONDITIONS OF USE Introduction Considering the development of new communication tools, it has become necessary to pay specific attention to the Choisissez parmi nos mod\u00e8les de base aux architectures vari\u00e9es.Trouvez facilement le mod\u00e8le qui se marie \u00e0 votre d\u00e9cor et qui correspond \u00e0 vos besoins.","robots":{"index":"index","follow":"follow","max-snippet":"max-snippet:-1","max-image-preview":"max-image-preview:large","max-video-preview":"max-video-preview:-1"},"canonical":"https:\/\/cabanons.com\/en\/privacy-policy\/","og_locale":"en_US","og_type":"article","og_title":"Privacy policy - Garages et Cabanons Fontaine","og_description":"GENERAL CONDITIONS OF USE Introduction Considering the development of new communication tools, it has become necessary to pay specific attention to the Choisissez parmi nos mod\u00e8les de base aux architectures vari\u00e9es.Trouvez facilement le mod\u00e8le qui se marie \u00e0 votre d\u00e9cor et qui correspond \u00e0 vos besoins.","og_url":"https:\/\/cabanons.com\/en\/privacy-policy\/","og_site_name":"Garages et Cabanons Fontaine","article_modified_time":"2021-08-13T14:55:04+00:00","twitter_card":"summary_large_image","twitter_misc":{"Est. reading time":"3 minutes"},"schema":{"@context":"https:\/\/schema.org","@graph":[{"@type":"WebPage","@id":"https:\/\/cabanons.com\/en\/privacy-policy\/","url":"https:\/\/cabanons.com\/en\/privacy-policy\/","name":"Privacy policy - Garages et Cabanons Fontaine","isPartOf":{"@id":"https:\/\/cabanons.com\/en\/#website"},"datePublished":"2021-03-18T18:26:20+00:00","dateModified":"2021-08-13T14:55:04+00:00","description":"GENERAL CONDITIONS OF USE Introduction Considering the development of new communication tools, it has become necessary to pay specific attention to the Choisissez parmi nos mod\u00e8les de base aux architectures vari\u00e9es.Trouvez facilement le mod\u00e8le qui se marie \u00e0 votre d\u00e9cor et qui correspond \u00e0 vos besoins.","breadcrumb":{"@id":"https:\/\/cabanons.com\/en\/privacy-policy\/#breadcrumb"},"inLanguage":"en-CA","potentialAction":[{"@type":"ReadAction","target":["https:\/\/cabanons.com\/en\/privacy-policy\/"]}]},{"@type":"BreadcrumbList","@id":"https:\/\/cabanons.com\/en\/privacy-policy\/#breadcrumb","itemListElement":[{"@type":"ListItem","position":1,"name":"Accueil","item":"https:\/\/cabanons.com\/en\/"},{"@type":"ListItem","position":2,"name":"Privacy policy"}]},{"@type":"WebSite","@id":"https:\/\/cabanons.com\/en\/#website","url":"https:\/\/cabanons.com\/en\/","name":"Garages et Cabanons Fontaine","description":"LA QUALIT\u00c9 IN\u00c9GAL\u00c9 DEPUIS 1976","publisher":{"@id":"https:\/\/cabanons.com\/en\/#organization"},"potentialAction":[{"@type":"SearchAction","target":{"@type":"EntryPoint","urlTemplate":"https:\/\/cabanons.com\/en\/?s={search_term_string}"},"query-input":{"@type":"PropertyValueSpecification","valueRequired":true,"valueName":"search_term_string"}}],"inLanguage":"en-CA"},{"@type":"Organization","@id":"https:\/\/cabanons.com\/en\/#organization","name":"Garages et Cabanons Fontaine","url":"https:\/\/cabanons.com\/en\/","logo":{"@type":"ImageObject","inLanguage":"en-CA","@id":"https:\/\/cabanons.com\/en\/#\/schema\/logo\/image\/","url":"https:\/\/cabanons.com\/wp-content\/uploads\/2020\/11\/icone_Logo_Garages_et_Cabanons_Fontaine_horz.png","contentUrl":"https:\/\/cabanons.com\/wp-content\/uploads\/2020\/11\/icone_Logo_Garages_et_Cabanons_Fontaine_horz.png","width":716,"height":156,"caption":"Garages et Cabanons Fontaine"},"image":{"@id":"https:\/\/cabanons.com\/en\/#\/schema\/logo\/image\/"}}]}},"_links":{"self":[{"href":"https:\/\/cabanons.com\/en\/wp-json\/wp\/v2\/pages\/6250","targetHints":{"allow":["GET"]}}],"collection":[{"href":"https:\/\/cabanons.com\/en\/wp-json\/wp\/v2\/pages"}],"about":[{"href":"https:\/\/cabanons.com\/en\/wp-json\/wp\/v2\/types\/page"}],"author":[{"embeddable":true,"href":"https:\/\/cabanons.com\/en\/wp-json\/wp\/v2\/users\/1"}],"replies":[{"embeddable":true,"href":"https:\/\/cabanons.com\/en\/wp-json\/wp\/v2\/comments?post=6250"}],"version-history":[{"count":5,"href":"https:\/\/cabanons.com\/en\/wp-json\/wp\/v2\/pages\/6250\/revisions"}],"predecessor-version":[{"id":6655,"href":"https:\/\/cabanons.com\/en\/wp-json\/wp\/v2\/pages\/6250\/revisions\/6655"}],"wp:attachment":[{"href":"https:\/\/cabanons.com\/en\/wp-json\/wp\/v2\/media?parent=6250"}],"curies":[{"name":"wp","href":"https:\/\/api.w.org\/{rel}","templated":true}]}}