{"id":6259,"date":"2020-11-09T19:58:16","date_gmt":"2020-11-09T19:58:16","guid":{"rendered":"https:\/\/cabanons.com\/garanties\/"},"modified":"2024-12-09T11:20:44","modified_gmt":"2024-12-09T16:20:44","slug":"guarantees","status":"publish","type":"page","link":"https:\/\/cabanons.com\/en\/guarantees\/","title":{"rendered":"Guarantees"},"content":{"rendered":"\t\t<div data-elementor-type=\"wp-page\" data-elementor-id=\"6259\" class=\"elementor elementor-6259 elementor-74\" data-elementor-post-type=\"page\">\n\t\t\t\t\t\t<section class=\"elementor-section elementor-top-section elementor-element elementor-element-8c445bc elementor-section-boxed elementor-section-height-default elementor-section-height-default\" data-id=\"8c445bc\" data-element_type=\"section\">\n\t\t\t\t\t\t<div class=\"elementor-container elementor-column-gap-default\">\n\t\t\t\t\t<div class=\"elementor-column elementor-col-100 elementor-top-column elementor-element elementor-element-9fc33e8\" data-id=\"9fc33e8\" data-element_type=\"column\">\n\t\t\t<div class=\"elementor-widget-wrap elementor-element-populated\">\n\t\t\t\t\t\t<div class=\"elementor-element elementor-element-5592449 elementor-widget elementor-widget-text-editor\" data-id=\"5592449\" data-element_type=\"widget\" data-widget_type=\"text-editor.default\">\n\t\t\t\t<div class=\"elementor-widget-container\">\n\t\t\t\t\t\t\t\t\t<p><a href=\"http:\/\/www.home-concept.fr\/index.php?option=com_content&amp;view=article&amp;id=57&amp;yt_color=barblue&amp;Itemid=153\" target=\"_blank\" rel=\"noopener noreferrer\">Abtco<\/a>\u00a0<\/p><p><a href=\"http:\/\/www.duchesne.ca\/gamme\/acier.php\" target=\"_blank\" rel=\"noopener noreferrer\">Acier Duchesne<\/a><\/p><p><a href=\"http:\/\/www.bpcan.com\/fr-CA\/academie-bp\/couvertures-residentielles\/notions-de-base\/garantie-limitee-de-bardeaux-bp\/\" target=\"_blank\" rel=\"noopener noreferrer\">Bardeaux BP<\/a><\/p><p><a href=\"http:\/\/www.iko.com\/fr\/residential\/homeowner\/overview-of-iko-limited-warranty\/\" target=\"_blank\" rel=\"noopener noreferrer\">Bardeaux IKO\u00a0<\/a><\/p><p><a href=\"http:\/\/www.gaf.com\/Roofing\/Residential\/Warranty-Information\/Warranty-Information.aspx\" target=\"_blank\" rel=\"noopener noreferrer\">Bardeaux timberline\u00a0<\/a><\/p><p><a href=\"http:\/\/www.goodfellowinc.com\/catalogues-catalogs\/Catalogue_de_produits.pdf\" target=\"_blank\" rel=\"noopener noreferrer\">Bois trait\u00e9 et c\u00e8dre Goodfellow<\/a><\/p><p><a href=\"http:\/\/www.duchesne.ca\/gamme\/vinyle.php\" target=\"_blank\" rel=\"noopener noreferrer\">Duchesne<\/a><\/p><p><a href=\"http:\/\/www.gentek.ca\/Libraries\/FR-PDF\/warr_EnFusion_CAf.sflb.ashx\" target=\"_blank\" rel=\"noopener noreferrer\">Gentek<\/a><\/p><p><a href=\"http:\/\/www.kaycan.com\/fr\/?page_id=320\" target=\"_blank\" rel=\"noopener noreferrer\">Kaycan<\/a><\/p><p><a href=\"http:\/\/www.mittenbp.com\/fr\/garantie-1\" target=\"_blank\" rel=\"noopener noreferrer\">Mitten<\/a><\/p><p><a href=\"http:\/\/www.novik.com\/accueil\" target=\"_blank\" rel=\"noopener noreferrer\">Novik\u00a0<\/a><\/p><p><a href=\"http:\/\/www.portesgarex.com\/fr\/contenu\/garanties-et-entretienhttp:\/\/www.mackieestrie.com\/documents\/certificat_de_garantie_garex.pdf\" target=\"_blank\" rel=\"noopener noreferrer\">Porte de garage Garex<\/a><\/p><p><a href=\"http:\/\/www.procanna.com\/produits.php?mod=18&amp;eid=68&amp;modele_id=34&amp;gamme_id=2\" target=\"_blank\" rel=\"noopener noreferrer\">Procanna (Crane et Vytec)<\/a><\/p><p><a href=\"http:\/\/www.royalbuildingproducts.com\/fr-CA\/Page-d%E2%80%99accueil-des-rev%C3%AAtements\/service-%C3%A0-la-client%C3%A8le\/garanties-et-entretien\/\" target=\"_blank\" rel=\"noopener noreferrer\">R\u00e9sidentiel<\/a><\/p><p><a href=\"http:\/\/www.canexel.ca\/garantie.php\" target=\"_blank\" rel=\"noopener noreferrer\">Rev\u00eatement de Canexel<\/a><\/p><p><a href=\"http:\/\/www.maibec.com\/fr\/support\/specifications-techniques-et-garanties\" target=\"_blank\" rel=\"noopener noreferrer\">Rev\u00eatement de Maibec<\/a><\/p>\t\t\t\t\t\t\t\t<\/div>\n\t\t\t\t<\/div>\n\t\t\t\t\t<\/div>\n\t\t<\/div>\n\t\t\t\t\t<\/div>\n\t\t<\/section>\n\t\t\t\t<\/div>\n\t\t","protected":false},"excerpt":{"rendered":"<p>Abtco\u00a0 Acier Duchesne Bardeaux BP Bardeaux IKO\u00a0 Bardeaux timberline\u00a0 Bois trait\u00e9 et c\u00e8dre Goodfellow Duchesne Gentek Kaycan Mitten Novik\u00a0 Porte de garage Garex Procanna (Crane et Vytec) R\u00e9sidentiel Rev\u00eatement de Canexel Rev\u00eatement de Maibec<\/p>\n","protected":false},"author":1,"featured_media":2799,"parent":0,"menu_order":0,"comment_status":"closed","ping_status":"closed","template":"","meta":{"content-type":"","footnotes":""},"class_list":["post-6259","page","type-page","status-publish","has-post-thumbnail","hentry"],"yoast_head":"<!-- This site is optimized with the Yoast SEO plugin v27.3 - https:\/\/yoast.com\/product\/yoast-seo-wordpress\/ -->\n<title>Guarantees - Garages et Cabanons Fontaine<\/title>\n<meta name=\"description\" content=\"Consult the Garages et Cabanons Fontaine guarantees by clicking on this link. For more information, contact us\" \/>\n<meta name=\"robots\" content=\"index, follow, max-snippet:-1, max-image-preview:large, max-video-preview:-1\" \/>\n<link rel=\"canonical\" href=\"https:\/\/cabanons.com\/en\/guarantees\/\" \/>\n<meta property=\"og:locale\" content=\"en_US\" \/>\n<meta property=\"og:type\" content=\"article\" \/>\n<meta property=\"og:title\" content=\"Guarantees - Garages et Cabanons Fontaine\" \/>\n<meta property=\"og:description\" content=\"Consult the Garages et Cabanons Fontaine guarantees by clicking on this link. For more information, contact us\" \/>\n<meta property=\"og:url\" content=\"https:\/\/cabanons.com\/en\/guarantees\/\" \/>\n<meta property=\"og:site_name\" content=\"Garages et Cabanons Fontaine\" \/>\n<meta property=\"article:modified_time\" content=\"2024-12-09T16:20:44+00:00\" \/>\n<meta property=\"og:image\" content=\"https:\/\/cabanons.com\/wp-content\/uploads\/2020\/12\/180454.jpg\" \/>\n\t<meta property=\"og:image:width\" content=\"752\" \/>\n\t<meta property=\"og:image:height\" content=\"602\" \/>\n\t<meta property=\"og:image:type\" content=\"image\/jpeg\" \/>\n<meta name=\"twitter:card\" content=\"summary_large_image\" \/>\n<meta name=\"twitter:label1\" content=\"Est. reading time\" \/>\n\t<meta name=\"twitter:data1\" content=\"1 minute\" \/>\n<script type=\"application\/ld+json\" class=\"yoast-schema-graph\">{\"@context\":\"https:\\\/\\\/schema.org\",\"@graph\":[{\"@type\":\"WebPage\",\"@id\":\"https:\\\/\\\/cabanons.com\\\/en\\\/guarantees\\\/\",\"url\":\"https:\\\/\\\/cabanons.com\\\/en\\\/guarantees\\\/\",\"name\":\"Guarantees - Garages et Cabanons Fontaine\",\"isPartOf\":{\"@id\":\"https:\\\/\\\/cabanons.com\\\/en\\\/#website\"},\"primaryImageOfPage\":{\"@id\":\"https:\\\/\\\/cabanons.com\\\/en\\\/guarantees\\\/#primaryimage\"},\"image\":{\"@id\":\"https:\\\/\\\/cabanons.com\\\/en\\\/guarantees\\\/#primaryimage\"},\"thumbnailUrl\":\"https:\\\/\\\/cabanons.com\\\/wp-content\\\/uploads\\\/2020\\\/12\\\/180454.jpg\",\"datePublished\":\"2020-11-09T19:58:16+00:00\",\"dateModified\":\"2024-12-09T16:20:44+00:00\",\"description\":\"Consult the Garages et Cabanons Fontaine guarantees by clicking on this link. For more information, contact us\",\"breadcrumb\":{\"@id\":\"https:\\\/\\\/cabanons.com\\\/en\\\/guarantees\\\/#breadcrumb\"},\"inLanguage\":\"en-CA\",\"potentialAction\":[{\"@type\":\"ReadAction\",\"target\":[\"https:\\\/\\\/cabanons.com\\\/en\\\/guarantees\\\/\"]}]},{\"@type\":\"ImageObject\",\"inLanguage\":\"en-CA\",\"@id\":\"https:\\\/\\\/cabanons.com\\\/en\\\/guarantees\\\/#primaryimage\",\"url\":\"https:\\\/\\\/cabanons.com\\\/wp-content\\\/uploads\\\/2020\\\/12\\\/180454.jpg\",\"contentUrl\":\"https:\\\/\\\/cabanons.com\\\/wp-content\\\/uploads\\\/2020\\\/12\\\/180454.jpg\",\"width\":752,\"height\":602},{\"@type\":\"BreadcrumbList\",\"@id\":\"https:\\\/\\\/cabanons.com\\\/en\\\/guarantees\\\/#breadcrumb\",\"itemListElement\":[{\"@type\":\"ListItem\",\"position\":1,\"name\":\"Accueil\",\"item\":\"https:\\\/\\\/cabanons.com\\\/en\\\/\"},{\"@type\":\"ListItem\",\"position\":2,\"name\":\"Guarantees\"}]},{\"@type\":\"WebSite\",\"@id\":\"https:\\\/\\\/cabanons.com\\\/en\\\/#website\",\"url\":\"https:\\\/\\\/cabanons.com\\\/en\\\/\",\"name\":\"Garages et Cabanons Fontaine\",\"description\":\"LA QUALIT\u00c9 IN\u00c9GAL\u00c9 DEPUIS 1976\",\"publisher\":{\"@id\":\"https:\\\/\\\/cabanons.com\\\/en\\\/#organization\"},\"potentialAction\":[{\"@type\":\"SearchAction\",\"target\":{\"@type\":\"EntryPoint\",\"urlTemplate\":\"https:\\\/\\\/cabanons.com\\\/en\\\/?s={search_term_string}\"},\"query-input\":{\"@type\":\"PropertyValueSpecification\",\"valueRequired\":true,\"valueName\":\"search_term_string\"}}],\"inLanguage\":\"en-CA\"},{\"@type\":\"Organization\",\"@id\":\"https:\\\/\\\/cabanons.com\\\/en\\\/#organization\",\"name\":\"Garages et Cabanons Fontaine\",\"url\":\"https:\\\/\\\/cabanons.com\\\/en\\\/\",\"logo\":{\"@type\":\"ImageObject\",\"inLanguage\":\"en-CA\",\"@id\":\"https:\\\/\\\/cabanons.com\\\/en\\\/#\\\/schema\\\/logo\\\/image\\\/\",\"url\":\"https:\\\/\\\/cabanons.com\\\/wp-content\\\/uploads\\\/2020\\\/11\\\/icone_Logo_Garages_et_Cabanons_Fontaine_horz.png\",\"contentUrl\":\"https:\\\/\\\/cabanons.com\\\/wp-content\\\/uploads\\\/2020\\\/11\\\/icone_Logo_Garages_et_Cabanons_Fontaine_horz.png\",\"width\":716,\"height\":156,\"caption\":\"Garages et Cabanons Fontaine\"},\"image\":{\"@id\":\"https:\\\/\\\/cabanons.com\\\/en\\\/#\\\/schema\\\/logo\\\/image\\\/\"}}]}<\/script>\n<!-- \/ Yoast SEO plugin. -->","yoast_head_json":{"title":"Guarantees - Garages et Cabanons Fontaine","description":"Consult the Garages et Cabanons Fontaine guarantees by clicking on this link. For more information, contact us","robots":{"index":"index","follow":"follow","max-snippet":"max-snippet:-1","max-image-preview":"max-image-preview:large","max-video-preview":"max-video-preview:-1"},"canonical":"https:\/\/cabanons.com\/en\/guarantees\/","og_locale":"en_US","og_type":"article","og_title":"Guarantees - Garages et Cabanons Fontaine","og_description":"Consult the Garages et Cabanons Fontaine guarantees by clicking on this link. For more information, contact us","og_url":"https:\/\/cabanons.com\/en\/guarantees\/","og_site_name":"Garages et Cabanons Fontaine","article_modified_time":"2024-12-09T16:20:44+00:00","og_image":[{"width":752,"height":602,"url":"https:\/\/cabanons.com\/wp-content\/uploads\/2020\/12\/180454.jpg","type":"image\/jpeg"}],"twitter_card":"summary_large_image","twitter_misc":{"Est. reading time":"1 minute"},"schema":{"@context":"https:\/\/schema.org","@graph":[{"@type":"WebPage","@id":"https:\/\/cabanons.com\/en\/guarantees\/","url":"https:\/\/cabanons.com\/en\/guarantees\/","name":"Guarantees - Garages et Cabanons Fontaine","isPartOf":{"@id":"https:\/\/cabanons.com\/en\/#website"},"primaryImageOfPage":{"@id":"https:\/\/cabanons.com\/en\/guarantees\/#primaryimage"},"image":{"@id":"https:\/\/cabanons.com\/en\/guarantees\/#primaryimage"},"thumbnailUrl":"https:\/\/cabanons.com\/wp-content\/uploads\/2020\/12\/180454.jpg","datePublished":"2020-11-09T19:58:16+00:00","dateModified":"2024-12-09T16:20:44+00:00","description":"Consult the Garages et Cabanons Fontaine guarantees by clicking on this link. For more information, contact us","breadcrumb":{"@id":"https:\/\/cabanons.com\/en\/guarantees\/#breadcrumb"},"inLanguage":"en-CA","potentialAction":[{"@type":"ReadAction","target":["https:\/\/cabanons.com\/en\/guarantees\/"]}]},{"@type":"ImageObject","inLanguage":"en-CA","@id":"https:\/\/cabanons.com\/en\/guarantees\/#primaryimage","url":"https:\/\/cabanons.com\/wp-content\/uploads\/2020\/12\/180454.jpg","contentUrl":"https:\/\/cabanons.com\/wp-content\/uploads\/2020\/12\/180454.jpg","width":752,"height":602},{"@type":"BreadcrumbList","@id":"https:\/\/cabanons.com\/en\/guarantees\/#breadcrumb","itemListElement":[{"@type":"ListItem","position":1,"name":"Accueil","item":"https:\/\/cabanons.com\/en\/"},{"@type":"ListItem","position":2,"name":"Guarantees"}]},{"@type":"WebSite","@id":"https:\/\/cabanons.com\/en\/#website","url":"https:\/\/cabanons.com\/en\/","name":"Garages et Cabanons Fontaine","description":"LA QUALIT\u00c9 IN\u00c9GAL\u00c9 DEPUIS 1976","publisher":{"@id":"https:\/\/cabanons.com\/en\/#organization"},"potentialAction":[{"@type":"SearchAction","target":{"@type":"EntryPoint","urlTemplate":"https:\/\/cabanons.com\/en\/?s={search_term_string}"},"query-input":{"@type":"PropertyValueSpecification","valueRequired":true,"valueName":"search_term_string"}}],"inLanguage":"en-CA"},{"@type":"Organization","@id":"https:\/\/cabanons.com\/en\/#organization","name":"Garages et Cabanons Fontaine","url":"https:\/\/cabanons.com\/en\/","logo":{"@type":"ImageObject","inLanguage":"en-CA","@id":"https:\/\/cabanons.com\/en\/#\/schema\/logo\/image\/","url":"https:\/\/cabanons.com\/wp-content\/uploads\/2020\/11\/icone_Logo_Garages_et_Cabanons_Fontaine_horz.png","contentUrl":"https:\/\/cabanons.com\/wp-content\/uploads\/2020\/11\/icone_Logo_Garages_et_Cabanons_Fontaine_horz.png","width":716,"height":156,"caption":"Garages et Cabanons Fontaine"},"image":{"@id":"https:\/\/cabanons.com\/en\/#\/schema\/logo\/image\/"}}]}},"_links":{"self":[{"href":"https:\/\/cabanons.com\/en\/wp-json\/wp\/v2\/pages\/6259","targetHints":{"allow":["GET"]}}],"collection":[{"href":"https:\/\/cabanons.com\/en\/wp-json\/wp\/v2\/pages"}],"about":[{"href":"https:\/\/cabanons.com\/en\/wp-json\/wp\/v2\/types\/page"}],"author":[{"embeddable":true,"href":"https:\/\/cabanons.com\/en\/wp-json\/wp\/v2\/users\/1"}],"replies":[{"embeddable":true,"href":"https:\/\/cabanons.com\/en\/wp-json\/wp\/v2\/comments?post=6259"}],"version-history":[{"count":4,"href":"https:\/\/cabanons.com\/en\/wp-json\/wp\/v2\/pages\/6259\/revisions"}],"predecessor-version":[{"id":23831,"href":"https:\/\/cabanons.com\/en\/wp-json\/wp\/v2\/pages\/6259\/revisions\/23831"}],"wp:featuredmedia":[{"embeddable":true,"href":"https:\/\/cabanons.com\/en\/wp-json\/wp\/v2\/media\/2799"}],"wp:attachment":[{"href":"https:\/\/cabanons.com\/en\/wp-json\/wp\/v2\/media?parent=6259"}],"curies":[{"name":"wp","href":"https:\/\/api.w.org\/{rel}","templated":true}]}}