{"id":6260,"date":"2020-11-09T19:58:16","date_gmt":"2020-11-09T19:58:16","guid":{"rendered":"https:\/\/cabanons.com\/reglements-municipaux\/"},"modified":"2022-12-14T18:24:28","modified_gmt":"2022-12-14T18:24:28","slug":"municipal-regulations","status":"publish","type":"page","link":"https:\/\/cabanons.com\/en\/municipal-regulations\/","title":{"rendered":"Municipal regulations"},"content":{"rendered":"\t\t<div data-elementor-type=\"wp-page\" data-elementor-id=\"6260\" class=\"elementor elementor-6260 elementor-75\" data-elementor-post-type=\"page\">\n\t\t\t\t\t\t<section class=\"elementor-section elementor-top-section elementor-element elementor-element-38d9e2d elementor-section-boxed elementor-section-height-default elementor-section-height-default\" data-id=\"38d9e2d\" data-element_type=\"section\" data-e-type=\"section\">\n\t\t\t\t\t\t<div class=\"elementor-container elementor-column-gap-default\">\n\t\t\t\t\t<div class=\"elementor-column elementor-col-100 elementor-top-column elementor-element elementor-element-88775e2\" data-id=\"88775e2\" data-element_type=\"column\" data-e-type=\"column\">\n\t\t\t<div class=\"elementor-widget-wrap elementor-element-populated\">\n\t\t\t\t\t\t<div class=\"elementor-element elementor-element-9d7ff08 elementor-widget elementor-widget-text-editor\" data-id=\"9d7ff08\" data-element_type=\"widget\" data-e-type=\"widget\" data-widget_type=\"text-editor.default\">\n\t\t\t\t<div class=\"elementor-widget-container\">\n\t\t\t\t\t\t\t\t\t<p><a href=\"http:\/\/ville.actonvale.qc.ca\/services\/services-municipaux\/urbanisme\/\" target=\"_blank\" rel=\"noopener noreferrer\">Acton Vale<\/a><\/p><p><a href=\"http:\/\/baie-durfe.qc.ca\/fr\/la-ville\/reglements-municipaux\/\" target=\"_blank\" rel=\"noopener noreferrer\">Baie-D&#8217;Urf\u00e9<\/a>\u00a0<\/p><p><a href=\"http:\/\/www.beaconsfield.ca\/fr\/reglements-portant-sur-les-permis-et-l-habitation\" target=\"_blank\" rel=\"noopener noreferrer\">Beaconsfield<\/a><\/p><p><a href=\"http:\/\/ville.beauharnois.qc.ca\/principaux-reglements\/\" target=\"_blank\" rel=\"noopener noreferrer\">Beauharnois<\/a><\/p><p><a href=\"http:\/\/beloeil.ca\/ville\/urbanisme-et-permis\/reglementation-durbanisme\/remise-reglementation-en-bref\" target=\"_blank\" rel=\"noopener noreferrer\">Beloeil<\/a><\/p><p><a href=\"http:\/\/www.ville.boisbriand.qc.ca\/services-aux-citoyens\/reglements-et-permis\/remise-a-jardin.html\" target=\"_blank\" rel=\"noopener noreferrer\">Boisbriand<\/a><\/p><p><a href=\"http:\/\/ville.bois-des-filion.qc.ca\/urbanisme\/reglements.html#faqnoanchor\" target=\"_blank\" rel=\"noopener noreferrer\">Bois-Des-Filion<\/a><\/p><p><a href=\"http:\/\/www.ville.boucherville.qc.ca\/cgi-bin\/index.cgi?page=residants0_4_0_0&amp;langue=fra\" target=\"_blank\" rel=\"noopener noreferrer\">Boucherville<\/a><\/p><p><a href=\"http:\/\/www.ville.brossard.qc.ca\/Brossard\/media\/Documentation\/Urbanisme\/Remise-2014.pdf?ext=.pdf\" target=\"_blank\" rel=\"noopener noreferrer\">Brossard<\/a><\/p><p><a href=\"http:\/\/www.ville.candiac.qc.ca\/fr\/56\/Reglements\" target=\"_blank\" rel=\"noopener noreferrer\">Candiac<\/a><\/p><p><a href=\"http:\/\/www.ville.contrecoeur.qc.ca\/services-aux-citoyens\/urbanisme\/reglements-permis\/\" target=\"_blank\" rel=\"noopener noreferrer\">Contrecoeur<\/a><\/p><p><a href=\"http:\/\/www.ville.delson.qc.ca\/fileadmin\/DOCUMENTS\/PDF\/remisejardin2011.pdf\" target=\"_blank\" rel=\"noopener noreferrer\">Delson<\/a><\/p><p><a href=\"http:\/\/www.ville.deux-montagnes.qc.ca\/wp-content\/uploads\/2013\/05\/Fiche-permis-Batiments-accessoires1.pdf\" target=\"_blank\" rel=\"noopener noreferrer\">Deux-Montagnes<\/a><\/p><p><a href=\"http:\/\/www.gatineau.ca\/docs\/guichet_municipal\/reglements_municipaux\/depliant_batiments_detaches.pdf\" target=\"_blank\" rel=\"noopener noreferrer\">Gatineau<\/a><\/p><p><a href=\"http:\/\/www.ndip.org\/urbanisme-permis-et-inspection\/\" target=\"_blank\" rel=\"noopener noreferrer\">Ile-Perrot<\/a><\/p><p><a href=\"http:\/\/www.ville.joliette.qc.ca\/upload\/File\/Remise-resume.pdf\" target=\"_blank\" rel=\"noopener noreferrer\">Joliette remise<\/a>\u00a0<\/p><p><a href=\"http:\/\/www.ville.joliette.qc.ca\/upload\/File\/amenagement-permis-et-formulaires\/14-Garage-abri-09-14R.pdf\" target=\"_blank\" rel=\"noopener noreferrer\">Joliette garage<\/a>\u00a0<\/p><p><a href=\"http:\/\/www.ville.kirkland.qc.ca\/remise-de-jardin\" target=\"_blank\" rel=\"noopener noreferrer\">Kirkland<\/a><\/p><p><a title=\"L'Ancienne-Lorette\" href=\"http:\/\/www.lancienne-lorette.org\/fr\/citoyen\/service_durbanisme\/reglements\/cabanons_et_remises.php\" target=\"_blank\" rel=\"noopener noreferrer\">L&#8217;Ancienne-Lorette<\/a><\/p><p><a href=\"http:\/\/www.municipalite.ange-gardien.qc.ca\/reglementation.php\" target=\"_blank\" rel=\"noopener noreferrer\">L&#8217;Ange-Gardien<\/a><\/p><p><a href=\"http:\/\/www.ville.laprairie.qc.ca\/services-aux-citoyens.php?services=26\" target=\"_blank\" rel=\"noopener noreferrer\">La Prairie\u00a0<\/a><\/p><p><a href=\"https:\/\/www.ville.lassomption.qc.ca\/citoyens\/urbanisme\/reglementation\" target=\"_blank\" rel=\"noopener noreferrer\">L&#8217;Assomption<\/a><\/p><p><a href=\"https:\/\/www.laval.ca\/Pages\/Fr\/Citoyens\/batiment-accessoire.aspx\" target=\"_blank\" rel=\"noopener noreferrer\">Laval<\/a><\/p><p><a href=\"http:\/\/www.ville.lavaltrie.qc.ca\/medias\/2018\/03\/2.%20batiments%20accessoires.pdf\" target=\"_blank\" rel=\"noopener noreferrer\">Lavaltrie<\/a><\/p><p><a href=\"http:\/\/www.ville.lescedres.qc.ca\/sites\/default\/files\/PDF\/l22_cabanon-fiche_de_presentation.pdf\" target=\"_blank\" rel=\"noopener noreferrer\">Les C\u00e8dres<\/a><\/p><p><a href=\"https:\/\/www.ville.levis.qc.ca\/fileadmin\/Documents_PDF\/cabanon.pdf\" target=\"_blank\" rel=\"noopener noreferrer\">L\u00e9vis<\/a><\/p><p><a href=\"http:\/\/www.longueuil.ca\/fr\/reglements-principaux\/cabanon\" target=\"_blank\" rel=\"noopener noreferrer\">Longueuil &#8211; Cabanon<\/a><\/p><p><a href=\"http:\/\/www.longueuil.ca\/fr\/reglements-principaux\/garage-detache\" target=\"_blank\" rel=\"noopener noreferrer\">Longueuil &#8211; Garage<\/a><\/p><p><a href=\"http:\/\/www.ville.lorraine.qc.ca\/remise-a-jardin-et-cabanon\" target=\"_blank\" rel=\"noopener noreferrer\">Lorraine<\/a><\/p><p><a href=\"https:\/\/ville.mascouche.qc.ca\/wp-content\/uploads\/2018\/06\/reglement_1103_zonage.pdf#page=113\" target=\"_blank\" rel=\"noopener noreferrer\">Mascouche &#8211; Cabanon<\/a><\/p><p><a href=\"https:\/\/ville.mascouche.qc.ca\/wp-content\/uploads\/2018\/06\/reglement_1103_zonage.pdf#page=114\" target=\"_blank\" rel=\"noopener noreferrer\">Mascouche &#8211; Garage<\/a><\/p><p><a href=\"http:\/\/www.mcmasterville.ca\/documents\/Remise.pdf\" target=\"_blank\" rel=\"noopener noreferrer\">McMasterville\u00a0<\/a><\/p><p><a href=\"http:\/\/ville.mirabel.qc.ca\/fr\/documents\/Urbanisme.pdf\" target=\"_blank\" rel=\"noopener noreferrer\">Mirabel<\/a><\/p><p><a href=\"https:\/\/www.ville.mont-saint-hilaire.qc.ca\/wp-content\/uploads\/2018\/01\/1235-zonage1er-mai-2017-1.pdf#page=130\" target=\"_blank\" rel=\"noopener noreferrer\">Mont-Saint-Hilaire &#8211; Cabanon<\/a><\/p><p><a href=\"https:\/\/www.ville.mont-saint-hilaire.qc.ca\/wp-content\/uploads\/2018\/01\/1235-zonage1er-mai-2017-1.pdf#page=129\" target=\"_blank\" rel=\"noopener noreferrer\">Mont-Saint-Hilaire\u00a0&#8211; Garage<\/a><\/p><p><a href=\"http:\/\/www.ville.otterburnpark.qc.ca\/services-aux-citoyens\/reglements-municipaux\/\" target=\"_blank\" rel=\"noopener noreferrer\">Otterburn Park<\/a><\/p><p><a href=\"http:\/\/www.villepincourt.qc.ca\/uploads\/html_content\/R%C3%A8glements\/Reg.780.pdf\" target=\"_blank\" rel=\"noopener noreferrer\">Pincourt<\/a><\/p><p><a href=\"https:\/\/www.pointe-claire.ca\/content\/uploads\/2018\/03\/Zonage-.pdf\" target=\"_blank\" rel=\"noopener noreferrer\">Pointe-Claire<\/a><\/p><p><a href=\"http:\/\/reglements.ville.quebec.qc.ca\/fr\/showdoc\/cr\/R.V.Q.1400\/\" target=\"_blank\" rel=\"noopener noreferrer\">Qu\u00e9bec<\/a><\/p><p><a href=\"http:\/\/ville.repentigny.qc.ca\/Vie-Citoyenne\/Urbanisme\/Reglements\/Batiment-accessoire-d-entreposage.aspx\" target=\"_blank\" rel=\"noopener noreferrer\">Repentigny<\/a><\/p><p><a href=\"https:\/\/www.ville.rosemere.qc.ca\/reglements\/4\/\" target=\"_blank\" rel=\"noopener noreferrer\">Rosem\u00e8re<\/a><\/p><p><a href=\"http:\/\/www.st-amable.qc.ca\/static\/uploaded\/Files\/contenu\/residents\/reglementation\/version-administrative-(2018-05-09).pdf\" target=\"_blank\" rel=\"noopener noreferrer\">Saint-Amable<\/a><\/p><p><a href=\"http:\/\/ville.sainte-adele.qc.ca\/upload\/documents\/2013-03-22-FORMULAIRE-MULTI-LG.pdf\" target=\"_blank\" rel=\"noopener noreferrer\">Sainte-Ad\u00e8le<\/a><\/p><p><a href=\"http:\/\/www.ville.st-augustin.qc.ca\/fr\/la-ville\/acces-a-l-information\/reglements-municipaux\" target=\"_blank\" rel=\"noopener noreferrer\">Saint-Augustin-De-Desmaures<\/a><\/p><p><a href=\"http:\/\/www.sainteannedebeaupre.com\/pages\/reglements-municipaux\" target=\"_blank\" rel=\"noopener noreferrer\">Sainte-Anne-de-Beaupr\u00e9<\/a><\/p><p><a href=\"http:\/\/ville.ste-anne-des-plaines.qc.ca\/contribute_documents\/remisegarage.pdf\" target=\"_blank\" rel=\"noopener noreferrer\">Sainte-Anne-des-Plaines &#8211; Cabanon\u00a0<\/a><\/p><p><a href=\"http:\/\/ville.ste-anne-des-plaines.qc.ca\/fr\/services-citoyens-reglementation.php#garage\" target=\"_blank\" rel=\"noopener noreferrer\">Sainte-Anne-des-Plaines &#8211; Garage<\/a><\/p><p><a href=\"https:\/\/www.ville.saint-basile-le-grand.qc.ca\/wp-content\/uploads\/2018\/04\/DO-FOR-EX_2018-04-23_demande-certificat-autorisation-travaux-generaux-installation_URB.pdf\" target=\"_blank\" rel=\"noopener noreferrer\">Saint-Basile-Le-Grand\u00a0&#8211; Cabanon<\/a><\/p><p><a href=\"https:\/\/www.ville.saint-basile-le-grand.qc.ca\/wp-content\/uploads\/2018\/04\/DO-FOR_EX_2018-04-23_demande-permis-construction_URB.pdf\" target=\"_blank\" rel=\"noopener noreferrer\">Saint-Basile-Le-Grand\u00a0&#8211;\u00a0Garage<\/a><\/p><p><a href=\"https:\/\/saint-constant.ca\/fr\/amenagement-exterieur-et-entretien-d-une-propriete-privee\" target=\"_blank\" rel=\"noopener noreferrer\">Saint-Constant<\/a><\/p><p><a href=\"http:\/\/ville.saint-eustache.qc.ca\/fr\/accueil\/info_permis.asp#requis\" target=\"_blank\" rel=\"noopener noreferrer\">Saint-Eustache<\/a><\/p><p><a href=\"http:\/\/www.ville.sainte-julie.qc.ca\/fr\/296\/Permis_et_reglementation\" target=\"_blank\" rel=\"noopener noreferrer\">Sainte-Julie &#8211; Cabanon<\/a><\/p><p><a href=\"http:\/\/www.ville.sainte-julie.qc.ca\/fr\/296\/Permis_et_reglementation\" target=\"_blank\" rel=\"noopener noreferrer\">Sainte-Julie &#8211; Garage<\/a><\/p><p><a href=\"http:\/\/www.villestemadeleine.qc.ca\/reglementation.html\" target=\"_blank\" rel=\"noopener noreferrer\">Sainte-Madeleine<\/a><\/p><p><a href=\"http:\/\/www.ville.sainte-marthe-sur-le-lac.qc.ca\/wp-content\/uploads\/2017\/08\/smsll-zonage-maj-2017-08-22.pdf\" target=\"_blank\" rel=\"noopener noreferrer\">Sainte-Marthe-sur-le-Lac<\/a><\/p><p><a href=\"http:\/\/www.sainte-therese.ca\/services-aux-citoyens\/permis\/garage-isole-et-remise.html\" target=\"_blank\" rel=\"noopener noreferrer\">Sainte-Th\u00e9r\u00e8se<\/a><\/p><p><a href=\"http:\/\/www.ville.st-hyacinthe.qc.ca\/services-aux-citoyens\/documents-a-fournir-pour-une-demande-de-permis.php\" target=\"_blank\" rel=\"noopener noreferrer\">Saint-Hyacinthe<\/a><\/p><p><a href=\"http:\/\/www.ville.saint-jean-sur-richelieu.qc.ca\/permis-urbanisme\/permis-certificats\/Pages\/remise-isolee.aspx\" target=\"_blank\" rel=\"noopener noreferrer\">Saint-Jean-sur-Richelieu &#8211; Cabanon<\/a><\/p><p><a href=\"http:\/\/www.ville.saint-jean-sur-richelieu.qc.ca\/permis-urbanisme\/permis-certificats\/Pages\/remise-isolee.aspx\" target=\"_blank\" rel=\"noopener noreferrer\">Saint-Jean-sur-Richelieu\u00a0&#8211; Remise<\/a><\/p><p><a href=\"http:\/\/www.vsj.ca\/fr\/batiments-et-constructions-accesoires-detaches.aspx\" target=\"_blank\" rel=\"noopener noreferrer\">Saint-J\u00e9r\u00f4me<\/a><\/p><p><a href=\"http:\/\/www.saint-lambert.ca\/fr\/services-aux-residents\/permis-et-construction\/garages-cabanons-et-batiments-accessoires\" target=\"_blank\" rel=\"noopener noreferrer\">Saint-Lambert<\/a><\/p><p><a href=\"http:\/\/www.ville.saint-sauveur.qc.ca\/DATA\/TEXTEDOC\/Les-remises-a-jardin-projet--2017-01-.pdf\" target=\"_blank\" rel=\"noopener noreferrer\">Saint-Sauveur &#8211; Cabanon<\/a><\/p><p><a href=\"http:\/\/www.ville.saint-sauveur.qc.ca\/DATA\/TEXTEDOC\/Les-garages-residentiels--2017-01-.pdf\" target=\"_blank\" rel=\"noopener noreferrer\">Saint-Sauveur &#8211; Garage<\/a><\/p><p><a href=\"http:\/\/www.ville.terrebonne.qc.ca\/uploads\/html_content\/terrebonne_docs\/reglement--cabanon-ou-remise.pdf\" target=\"_blank\" rel=\"noopener noreferrer\">Terrebonne &#8211; Cabanon<\/a><\/p><p><a href=\"http:\/\/www.ville.terrebonne.qc.ca\/uploads\/html_content\/terrebonne_docs\/reglement--garage-isolee.pdf\" target=\"_blank\" rel=\"noopener noreferrer\">Terrebonne &#8211; Garage<\/a><\/p><p><a href=\"http:\/\/www.ville.vercheres.qc.ca\/documents\/reglementation\/INFO-regl-cabanon_2016.pdf\" target=\"_blank\" rel=\"noopener noreferrer\">Verch\u00e8res\u00a0&#8211; Cabanon<\/a><\/p><p><a href=\"http:\/\/www.ville.vercheres.qc.ca\/documents\/reglementation\/INFO-r%C3%A8gl-garage_2018xx.pdf\" target=\"_blank\" rel=\"noopener noreferrer\">Verch\u00e8res\u00a0&#8211;\u00a0Garage<\/a><\/p><p><a href=\"https:\/\/www.victoriaville.ca\/upload\/Reglements\/files\/Lng\/143fr-CA.pdf\" target=\"_blank\" rel=\"noopener noreferrer\">Victoriaville<\/a><\/p>\t\t\t\t\t\t\t\t<\/div>\n\t\t\t\t<\/div>\n\t\t\t\t\t<\/div>\n\t\t<\/div>\n\t\t\t\t\t<\/div>\n\t\t<\/section>\n\t\t\t\t<\/div>\n\t\t","protected":false},"excerpt":{"rendered":"<p>Acton Vale Baie-D&#8217;Urf\u00e9 Beaconsfield Beauharnois Beloeil Boisbriand Bois-Des-Filion Boucherville Brossard Candiac Contrecoeur Delson Deux-Montagnes Gatineau Ile-Perrot Joliette remise Joliette garage Kirkland L&#8217;Ancienne-Lorette L&#8217;Ange-Gardien La Prairie\u00a0 L&#8217;Assomption Laval Lavaltrie Les C\u00e8dres L\u00e9vis Longueuil &#8211; Cabanon Longueuil &#8211; Garage Lorraine Mascouche &#8211; Cabanon Mascouche &#8211; Garage McMasterville\u00a0 Mirabel Mont-Saint-Hilaire &#8211; Cabanon Mont-Saint-Hilaire\u00a0&#8211; Garage Otterburn Park Pincourt Pointe-Claire [&hellip;]<\/p>\n","protected":false},"author":1,"featured_media":0,"parent":0,"menu_order":0,"comment_status":"closed","ping_status":"closed","template":"","meta":{"content-type":"","footnotes":""},"class_list":["post-6260","page","type-page","status-publish","hentry"],"yoast_head":"<!-- This site is optimized with the Yoast SEO plugin v27.4 - https:\/\/yoast.com\/product\/yoast-seo-wordpress\/ -->\n<title>Municipal regulations - Garages et Cabanons Fontaine<\/title>\n<meta name=\"description\" content=\"Acton Vale Baie-D&#039;Urf\u00e9 Beaconsfield Beauharnois Beloeil Boisbriand Bois-Des-Filion Boucherville Brossard Candiac Contrecoeur Delson Deux-Montagnes Choisissez parmi nos mod\u00e8les de base aux architectures vari\u00e9es.Trouvez facilement le mod\u00e8le qui se marie \u00e0 votre d\u00e9cor et qui correspond \u00e0 vos besoins.\" \/>\n<meta name=\"robots\" content=\"index, follow, max-snippet:-1, max-image-preview:large, max-video-preview:-1\" \/>\n<link rel=\"canonical\" href=\"https:\/\/cabanons.com\/en\/municipal-regulations\/\" \/>\n<meta property=\"og:locale\" content=\"en_US\" \/>\n<meta property=\"og:type\" content=\"article\" \/>\n<meta property=\"og:title\" content=\"Municipal regulations - Garages et Cabanons Fontaine\" \/>\n<meta property=\"og:description\" content=\"Acton Vale Baie-D&#039;Urf\u00e9 Beaconsfield Beauharnois Beloeil Boisbriand Bois-Des-Filion Boucherville Brossard Candiac Contrecoeur Delson Deux-Montagnes Choisissez parmi nos mod\u00e8les de base aux architectures vari\u00e9es.Trouvez facilement le mod\u00e8le qui se marie \u00e0 votre d\u00e9cor et qui correspond \u00e0 vos besoins.\" \/>\n<meta property=\"og:url\" content=\"https:\/\/cabanons.com\/en\/municipal-regulations\/\" \/>\n<meta property=\"og:site_name\" content=\"Garages et Cabanons Fontaine\" \/>\n<meta property=\"article:modified_time\" content=\"2022-12-14T18:24:28+00:00\" \/>\n<meta name=\"twitter:card\" content=\"summary_large_image\" \/>\n<meta name=\"twitter:label1\" content=\"Est. reading time\" \/>\n\t<meta name=\"twitter:data1\" content=\"1 minute\" \/>\n<script type=\"application\/ld+json\" class=\"yoast-schema-graph\">{\"@context\":\"https:\\\/\\\/schema.org\",\"@graph\":[{\"@type\":\"WebPage\",\"@id\":\"https:\\\/\\\/cabanons.com\\\/en\\\/municipal-regulations\\\/\",\"url\":\"https:\\\/\\\/cabanons.com\\\/en\\\/municipal-regulations\\\/\",\"name\":\"Municipal regulations - Garages et Cabanons Fontaine\",\"isPartOf\":{\"@id\":\"https:\\\/\\\/cabanons.com\\\/en\\\/#website\"},\"datePublished\":\"2020-11-09T19:58:16+00:00\",\"dateModified\":\"2022-12-14T18:24:28+00:00\",\"description\":\"Acton Vale Baie-D'Urf\u00e9 Beaconsfield Beauharnois Beloeil Boisbriand Bois-Des-Filion Boucherville Brossard Candiac Contrecoeur Delson Deux-Montagnes Choisissez parmi nos mod\u00e8les de base aux architectures vari\u00e9es.Trouvez facilement le mod\u00e8le qui se marie \u00e0 votre d\u00e9cor et qui correspond \u00e0 vos besoins.\",\"breadcrumb\":{\"@id\":\"https:\\\/\\\/cabanons.com\\\/en\\\/municipal-regulations\\\/#breadcrumb\"},\"inLanguage\":\"en-CA\",\"potentialAction\":[{\"@type\":\"ReadAction\",\"target\":[\"https:\\\/\\\/cabanons.com\\\/en\\\/municipal-regulations\\\/\"]}]},{\"@type\":\"BreadcrumbList\",\"@id\":\"https:\\\/\\\/cabanons.com\\\/en\\\/municipal-regulations\\\/#breadcrumb\",\"itemListElement\":[{\"@type\":\"ListItem\",\"position\":1,\"name\":\"Accueil\",\"item\":\"https:\\\/\\\/cabanons.com\\\/en\\\/\"},{\"@type\":\"ListItem\",\"position\":2,\"name\":\"Municipal regulations\"}]},{\"@type\":\"WebSite\",\"@id\":\"https:\\\/\\\/cabanons.com\\\/en\\\/#website\",\"url\":\"https:\\\/\\\/cabanons.com\\\/en\\\/\",\"name\":\"Garages et Cabanons Fontaine\",\"description\":\"LA QUALIT\u00c9 IN\u00c9GAL\u00c9 DEPUIS 1976\",\"publisher\":{\"@id\":\"https:\\\/\\\/cabanons.com\\\/en\\\/#organization\"},\"potentialAction\":[{\"@type\":\"SearchAction\",\"target\":{\"@type\":\"EntryPoint\",\"urlTemplate\":\"https:\\\/\\\/cabanons.com\\\/en\\\/?s={search_term_string}\"},\"query-input\":{\"@type\":\"PropertyValueSpecification\",\"valueRequired\":true,\"valueName\":\"search_term_string\"}}],\"inLanguage\":\"en-CA\"},{\"@type\":\"Organization\",\"@id\":\"https:\\\/\\\/cabanons.com\\\/en\\\/#organization\",\"name\":\"Garages et Cabanons Fontaine\",\"url\":\"https:\\\/\\\/cabanons.com\\\/en\\\/\",\"logo\":{\"@type\":\"ImageObject\",\"inLanguage\":\"en-CA\",\"@id\":\"https:\\\/\\\/cabanons.com\\\/en\\\/#\\\/schema\\\/logo\\\/image\\\/\",\"url\":\"https:\\\/\\\/cabanons.com\\\/wp-content\\\/uploads\\\/2020\\\/11\\\/icone_Logo_Garages_et_Cabanons_Fontaine_horz.png\",\"contentUrl\":\"https:\\\/\\\/cabanons.com\\\/wp-content\\\/uploads\\\/2020\\\/11\\\/icone_Logo_Garages_et_Cabanons_Fontaine_horz.png\",\"width\":716,\"height\":156,\"caption\":\"Garages et Cabanons Fontaine\"},\"image\":{\"@id\":\"https:\\\/\\\/cabanons.com\\\/en\\\/#\\\/schema\\\/logo\\\/image\\\/\"}}]}<\/script>\n<!-- \/ Yoast SEO plugin. -->","yoast_head_json":{"title":"Municipal regulations - Garages et Cabanons Fontaine","description":"Acton Vale Baie-D'Urf\u00e9 Beaconsfield Beauharnois Beloeil Boisbriand Bois-Des-Filion Boucherville Brossard Candiac Contrecoeur Delson Deux-Montagnes Choisissez parmi nos mod\u00e8les de base aux architectures vari\u00e9es.Trouvez facilement le mod\u00e8le qui se marie \u00e0 votre d\u00e9cor et qui correspond \u00e0 vos besoins.","robots":{"index":"index","follow":"follow","max-snippet":"max-snippet:-1","max-image-preview":"max-image-preview:large","max-video-preview":"max-video-preview:-1"},"canonical":"https:\/\/cabanons.com\/en\/municipal-regulations\/","og_locale":"en_US","og_type":"article","og_title":"Municipal regulations - Garages et Cabanons Fontaine","og_description":"Acton Vale Baie-D'Urf\u00e9 Beaconsfield Beauharnois Beloeil Boisbriand Bois-Des-Filion Boucherville Brossard Candiac Contrecoeur Delson Deux-Montagnes Choisissez parmi nos mod\u00e8les de base aux architectures vari\u00e9es.Trouvez facilement le mod\u00e8le qui se marie \u00e0 votre d\u00e9cor et qui correspond \u00e0 vos besoins.","og_url":"https:\/\/cabanons.com\/en\/municipal-regulations\/","og_site_name":"Garages et Cabanons Fontaine","article_modified_time":"2022-12-14T18:24:28+00:00","twitter_card":"summary_large_image","twitter_misc":{"Est. reading time":"1 minute"},"schema":{"@context":"https:\/\/schema.org","@graph":[{"@type":"WebPage","@id":"https:\/\/cabanons.com\/en\/municipal-regulations\/","url":"https:\/\/cabanons.com\/en\/municipal-regulations\/","name":"Municipal regulations - Garages et Cabanons Fontaine","isPartOf":{"@id":"https:\/\/cabanons.com\/en\/#website"},"datePublished":"2020-11-09T19:58:16+00:00","dateModified":"2022-12-14T18:24:28+00:00","description":"Acton Vale Baie-D'Urf\u00e9 Beaconsfield Beauharnois Beloeil Boisbriand Bois-Des-Filion Boucherville Brossard Candiac Contrecoeur Delson Deux-Montagnes Choisissez parmi nos mod\u00e8les de base aux architectures vari\u00e9es.Trouvez facilement le mod\u00e8le qui se marie \u00e0 votre d\u00e9cor et qui correspond \u00e0 vos besoins.","breadcrumb":{"@id":"https:\/\/cabanons.com\/en\/municipal-regulations\/#breadcrumb"},"inLanguage":"en-CA","potentialAction":[{"@type":"ReadAction","target":["https:\/\/cabanons.com\/en\/municipal-regulations\/"]}]},{"@type":"BreadcrumbList","@id":"https:\/\/cabanons.com\/en\/municipal-regulations\/#breadcrumb","itemListElement":[{"@type":"ListItem","position":1,"name":"Accueil","item":"https:\/\/cabanons.com\/en\/"},{"@type":"ListItem","position":2,"name":"Municipal regulations"}]},{"@type":"WebSite","@id":"https:\/\/cabanons.com\/en\/#website","url":"https:\/\/cabanons.com\/en\/","name":"Garages et Cabanons Fontaine","description":"LA QUALIT\u00c9 IN\u00c9GAL\u00c9 DEPUIS 1976","publisher":{"@id":"https:\/\/cabanons.com\/en\/#organization"},"potentialAction":[{"@type":"SearchAction","target":{"@type":"EntryPoint","urlTemplate":"https:\/\/cabanons.com\/en\/?s={search_term_string}"},"query-input":{"@type":"PropertyValueSpecification","valueRequired":true,"valueName":"search_term_string"}}],"inLanguage":"en-CA"},{"@type":"Organization","@id":"https:\/\/cabanons.com\/en\/#organization","name":"Garages et Cabanons Fontaine","url":"https:\/\/cabanons.com\/en\/","logo":{"@type":"ImageObject","inLanguage":"en-CA","@id":"https:\/\/cabanons.com\/en\/#\/schema\/logo\/image\/","url":"https:\/\/cabanons.com\/wp-content\/uploads\/2020\/11\/icone_Logo_Garages_et_Cabanons_Fontaine_horz.png","contentUrl":"https:\/\/cabanons.com\/wp-content\/uploads\/2020\/11\/icone_Logo_Garages_et_Cabanons_Fontaine_horz.png","width":716,"height":156,"caption":"Garages et Cabanons Fontaine"},"image":{"@id":"https:\/\/cabanons.com\/en\/#\/schema\/logo\/image\/"}}]}},"_links":{"self":[{"href":"https:\/\/cabanons.com\/en\/wp-json\/wp\/v2\/pages\/6260","targetHints":{"allow":["GET"]}}],"collection":[{"href":"https:\/\/cabanons.com\/en\/wp-json\/wp\/v2\/pages"}],"about":[{"href":"https:\/\/cabanons.com\/en\/wp-json\/wp\/v2\/types\/page"}],"author":[{"embeddable":true,"href":"https:\/\/cabanons.com\/en\/wp-json\/wp\/v2\/users\/1"}],"replies":[{"embeddable":true,"href":"https:\/\/cabanons.com\/en\/wp-json\/wp\/v2\/comments?post=6260"}],"version-history":[{"count":2,"href":"https:\/\/cabanons.com\/en\/wp-json\/wp\/v2\/pages\/6260\/revisions"}],"predecessor-version":[{"id":15045,"href":"https:\/\/cabanons.com\/en\/wp-json\/wp\/v2\/pages\/6260\/revisions\/15045"}],"wp:attachment":[{"href":"https:\/\/cabanons.com\/en\/wp-json\/wp\/v2\/media?parent=6260"}],"curies":[{"name":"wp","href":"https:\/\/api.w.org\/{rel}","templated":true}]}}