{"id":6269,"date":"2020-11-09T19:58:16","date_gmt":"2020-11-09T19:58:16","guid":{"rendered":"https:\/\/cabanons.com\/about\/promotion\/"},"modified":"2026-03-11T14:33:01","modified_gmt":"2026-03-11T18:33:01","slug":"promotions","status":"publish","type":"page","link":"https:\/\/cabanons.com\/en\/about\/promotions\/","title":{"rendered":"Promotion"},"content":{"rendered":"\t\t<div data-elementor-type=\"wp-page\" data-elementor-id=\"6269\" class=\"elementor elementor-6269 elementor-66\" data-elementor-post-type=\"page\">\n\t\t\t\t\t\t<section class=\"elementor-section elementor-top-section elementor-element elementor-element-ae19d57 elementor-section-boxed elementor-section-height-default elementor-section-height-default\" data-id=\"ae19d57\" data-element_type=\"section\">\n\t\t\t\t\t\t<div class=\"elementor-container elementor-column-gap-default\">\n\t\t\t\t\t<div class=\"elementor-column elementor-col-33 elementor-top-column elementor-element elementor-element-0b2b5fc\" data-id=\"0b2b5fc\" data-element_type=\"column\">\n\t\t\t<div class=\"elementor-widget-wrap elementor-element-populated\">\n\t\t\t\t\t\t<div class=\"elementor-element elementor-element-d359fbd elementor-widget elementor-widget-image\" data-id=\"d359fbd\" data-element_type=\"widget\" data-widget_type=\"image.default\">\n\t\t\t\t<div class=\"elementor-widget-container\">\n\t\t\t\t\t\t\t\t\t\t\t\t\t\t\t<img fetchpriority=\"high\" decoding=\"async\" width=\"791\" height=\"1024\" src=\"https:\/\/cabanons.com\/wp-content\/uploads\/2023\/10\/chauffe-terrasse-50-ans-EN-791x1024.png\" class=\"attachment-large size-large wp-image-31967\" alt=\"\" srcset=\"https:\/\/cabanons.com\/wp-content\/uploads\/2023\/10\/chauffe-terrasse-50-ans-EN-791x1024.png 791w, https:\/\/cabanons.com\/wp-content\/uploads\/2023\/10\/chauffe-terrasse-50-ans-EN-232x300.png 232w, https:\/\/cabanons.com\/wp-content\/uploads\/2023\/10\/chauffe-terrasse-50-ans-EN-768x995.png 768w, https:\/\/cabanons.com\/wp-content\/uploads\/2023\/10\/chauffe-terrasse-50-ans-EN-116x150.png 116w, https:\/\/cabanons.com\/wp-content\/uploads\/2023\/10\/chauffe-terrasse-50-ans-EN-416x539.png 416w, https:\/\/cabanons.com\/wp-content\/uploads\/2023\/10\/chauffe-terrasse-50-ans-EN.png 834w\" sizes=\"(max-width: 791px) 100vw, 791px\" \/>\t\t\t\t\t\t\t\t\t\t\t\t\t\t\t<\/div>\n\t\t\t\t<\/div>\n\t\t\t\t\t<\/div>\n\t\t<\/div>\n\t\t\t\t<div class=\"elementor-column elementor-col-33 elementor-top-column elementor-element elementor-element-bc308c0\" data-id=\"bc308c0\" data-element_type=\"column\">\n\t\t\t<div class=\"elementor-widget-wrap elementor-element-populated\">\n\t\t\t\t\t\t<div class=\"elementor-element elementor-element-b1632c4 elementor-widget elementor-widget-image\" data-id=\"b1632c4\" data-element_type=\"widget\" data-widget_type=\"image.default\">\n\t\t\t\t<div class=\"elementor-widget-container\">\n\t\t\t\t\t\t\t\t\t\t\t\t\t\t\t<img decoding=\"async\" width=\"791\" height=\"1024\" data-src=\"https:\/\/cabanons.com\/wp-content\/uploads\/2026\/03\/POP-UP-Site-Web-2026-13-791x1024.png\" class=\"attachment-large size-large wp-image-32411 lazyload\" alt=\"\" data-srcset=\"https:\/\/cabanons.com\/wp-content\/uploads\/2026\/03\/POP-UP-Site-Web-2026-13-791x1024.png 791w, https:\/\/cabanons.com\/wp-content\/uploads\/2026\/03\/POP-UP-Site-Web-2026-13-232x300.png 232w, https:\/\/cabanons.com\/wp-content\/uploads\/2026\/03\/POP-UP-Site-Web-2026-13-768x995.png 768w, https:\/\/cabanons.com\/wp-content\/uploads\/2026\/03\/POP-UP-Site-Web-2026-13-116x150.png 116w, https:\/\/cabanons.com\/wp-content\/uploads\/2026\/03\/POP-UP-Site-Web-2026-13-416x539.png 416w, https:\/\/cabanons.com\/wp-content\/uploads\/2026\/03\/POP-UP-Site-Web-2026-13.png 834w\" data-sizes=\"(max-width: 791px) 100vw, 791px\" src=\"data:image\/svg+xml;base64,PHN2ZyB3aWR0aD0iMSIgaGVpZ2h0PSIxIiB4bWxucz0iaHR0cDovL3d3dy53My5vcmcvMjAwMC9zdmciPjwvc3ZnPg==\" style=\"--smush-placeholder-width: 791px; --smush-placeholder-aspect-ratio: 791\/1024;\" \/>\t\t\t\t\t\t\t\t\t\t\t\t\t\t\t<\/div>\n\t\t\t\t<\/div>\n\t\t\t\t\t<\/div>\n\t\t<\/div>\n\t\t\t\t<div class=\"elementor-column elementor-col-33 elementor-top-column elementor-element elementor-element-249e4df\" data-id=\"249e4df\" data-element_type=\"column\">\n\t\t\t<div class=\"elementor-widget-wrap elementor-element-populated\">\n\t\t\t\t\t\t<div class=\"elementor-element elementor-element-2cab196 elementor-widget elementor-widget-image\" data-id=\"2cab196\" data-element_type=\"widget\" data-widget_type=\"image.default\">\n\t\t\t\t<div class=\"elementor-widget-container\">\n\t\t\t\t\t\t\t\t\t\t\t\t\t\t\t<img decoding=\"async\" width=\"791\" height=\"1024\" data-src=\"https:\/\/cabanons.com\/wp-content\/uploads\/2026\/03\/POP-UP-Site-Web-2026-14-791x1024.png\" class=\"attachment-large size-large wp-image-32413 lazyload\" alt=\"\" data-srcset=\"https:\/\/cabanons.com\/wp-content\/uploads\/2026\/03\/POP-UP-Site-Web-2026-14-791x1024.png 791w, https:\/\/cabanons.com\/wp-content\/uploads\/2026\/03\/POP-UP-Site-Web-2026-14-232x300.png 232w, https:\/\/cabanons.com\/wp-content\/uploads\/2026\/03\/POP-UP-Site-Web-2026-14-768x995.png 768w, https:\/\/cabanons.com\/wp-content\/uploads\/2026\/03\/POP-UP-Site-Web-2026-14-116x150.png 116w, https:\/\/cabanons.com\/wp-content\/uploads\/2026\/03\/POP-UP-Site-Web-2026-14-416x539.png 416w, https:\/\/cabanons.com\/wp-content\/uploads\/2026\/03\/POP-UP-Site-Web-2026-14.png 834w\" data-sizes=\"(max-width: 791px) 100vw, 791px\" src=\"data:image\/svg+xml;base64,PHN2ZyB3aWR0aD0iMSIgaGVpZ2h0PSIxIiB4bWxucz0iaHR0cDovL3d3dy53My5vcmcvMjAwMC9zdmciPjwvc3ZnPg==\" style=\"--smush-placeholder-width: 791px; --smush-placeholder-aspect-ratio: 791\/1024;\" \/>\t\t\t\t\t\t\t\t\t\t\t\t\t\t\t<\/div>\n\t\t\t\t<\/div>\n\t\t\t\t\t<\/div>\n\t\t<\/div>\n\t\t\t\t\t<\/div>\n\t\t<\/section>\n\t\t\t\t<section class=\"elementor-section elementor-top-section elementor-element elementor-element-364aea7 elementor-section-boxed elementor-section-height-default elementor-section-height-default\" data-id=\"364aea7\" data-element_type=\"section\">\n\t\t\t\t\t\t<div class=\"elementor-container elementor-column-gap-default\">\n\t\t\t\t\t<div class=\"elementor-column elementor-col-33 elementor-top-column elementor-element elementor-element-15cbb8e\" data-id=\"15cbb8e\" data-element_type=\"column\">\n\t\t\t<div class=\"elementor-widget-wrap\">\n\t\t\t\t\t\t\t<\/div>\n\t\t<\/div>\n\t\t\t\t<div class=\"elementor-column elementor-col-33 elementor-top-column elementor-element elementor-element-f4dfee1\" data-id=\"f4dfee1\" data-element_type=\"column\">\n\t\t\t<div class=\"elementor-widget-wrap elementor-element-populated\">\n\t\t\t\t\t\t<div class=\"elementor-element elementor-element-f771941 elementor-widget elementor-widget-image\" data-id=\"f771941\" data-element_type=\"widget\" data-widget_type=\"image.default\">\n\t\t\t\t<div class=\"elementor-widget-container\">\n\t\t\t\t\t\t\t\t\t\t\t\t\t\t\t<img decoding=\"async\" width=\"1024\" height=\"408\" data-src=\"https:\/\/cabanons.com\/wp-content\/uploads\/2026\/03\/Cabanon_Design_color_1200-1024x408.png\" class=\"attachment-large size-large wp-image-32397 lazyload\" alt=\"\" data-srcset=\"https:\/\/cabanons.com\/wp-content\/uploads\/2026\/03\/Cabanon_Design_color_1200-1024x408.png 1024w, https:\/\/cabanons.com\/wp-content\/uploads\/2026\/03\/Cabanon_Design_color_1200-300x120.png 300w, https:\/\/cabanons.com\/wp-content\/uploads\/2026\/03\/Cabanon_Design_color_1200-768x306.png 768w, https:\/\/cabanons.com\/wp-content\/uploads\/2026\/03\/Cabanon_Design_color_1200-150x60.png 150w, https:\/\/cabanons.com\/wp-content\/uploads\/2026\/03\/Cabanon_Design_color_1200-416x166.png 416w, https:\/\/cabanons.com\/wp-content\/uploads\/2026\/03\/Cabanon_Design_color_1200.png 1201w\" data-sizes=\"(max-width: 1024px) 100vw, 1024px\" src=\"data:image\/svg+xml;base64,PHN2ZyB3aWR0aD0iMSIgaGVpZ2h0PSIxIiB4bWxucz0iaHR0cDovL3d3dy53My5vcmcvMjAwMC9zdmciPjwvc3ZnPg==\" style=\"--smush-placeholder-width: 1024px; --smush-placeholder-aspect-ratio: 1024\/408;\" \/>\t\t\t\t\t\t\t\t\t\t\t\t\t\t\t<\/div>\n\t\t\t\t<\/div>\n\t\t\t\t\t<\/div>\n\t\t<\/div>\n\t\t\t\t<div class=\"elementor-column elementor-col-33 elementor-top-column elementor-element elementor-element-427d726\" data-id=\"427d726\" data-element_type=\"column\">\n\t\t\t<div class=\"elementor-widget-wrap\">\n\t\t\t\t\t\t\t<\/div>\n\t\t<\/div>\n\t\t\t\t\t<\/div>\n\t\t<\/section>\n\t\t\t\t<section class=\"elementor-section elementor-top-section elementor-element elementor-element-88063f3 jedv-enabled--yes elementor-section-boxed elementor-section-height-default elementor-section-height-default\" data-id=\"88063f3\" data-element_type=\"section\" data-settings=\"{&quot;background_background&quot;:&quot;classic&quot;}\">\n\t\t\t\t\t\t<div class=\"elementor-container elementor-column-gap-default\">\n\t\t\t\t\t<div class=\"elementor-column elementor-col-100 elementor-top-column elementor-element elementor-element-9e02019\" data-id=\"9e02019\" data-element_type=\"column\">\n\t\t\t<div class=\"elementor-widget-wrap elementor-element-populated\">\n\t\t\t\t\t\t<div class=\"elementor-element elementor-element-47b652a elementor-widget elementor-widget-heading\" data-id=\"47b652a\" data-element_type=\"widget\" data-widget_type=\"heading.default\">\n\t\t\t\t<div class=\"elementor-widget-container\">\n\t\t\t\t\t<h2 class=\"elementor-heading-title elementor-size-default\">SALE on Cabanon Design products ONLY in store<\/h2>\t\t\t\t<\/div>\n\t\t\t\t<\/div>\n\t\t\t\t\t<\/div>\n\t\t<\/div>\n\t\t\t\t\t<\/div>\n\t\t<\/section>\n\t\t\t\t<\/div>\n\t\t","protected":false},"excerpt":{"rendered":"<p>SALE on Cabanon Design products ONLY in store<\/p>\n","protected":false},"author":1,"featured_media":0,"parent":1755,"menu_order":0,"comment_status":"closed","ping_status":"closed","template":"","meta":{"content-type":"","footnotes":""},"class_list":["post-6269","page","type-page","status-publish","hentry"],"yoast_head":"<!-- This site is optimized with the Yoast SEO plugin v27.3 - https:\/\/yoast.com\/product\/yoast-seo-wordpress\/ -->\n<title>Promotion - Garages et Cabanons Fontaine<\/title>\n<meta name=\"description\" content=\"Check out all our current promotions. it&#039;s time to take advantage of great deals. Contact us for more information\" \/>\n<meta name=\"robots\" content=\"index, follow, max-snippet:-1, max-image-preview:large, max-video-preview:-1\" \/>\n<link rel=\"canonical\" href=\"https:\/\/cabanons.com\/en\/about\/promotions\/\" \/>\n<meta property=\"og:locale\" content=\"en_US\" \/>\n<meta property=\"og:type\" content=\"article\" \/>\n<meta property=\"og:title\" content=\"Promotion - Garages et Cabanons Fontaine\" \/>\n<meta property=\"og:description\" content=\"Check out all our current promotions. it&#039;s time to take advantage of great deals. Contact us for more information\" \/>\n<meta property=\"og:url\" content=\"https:\/\/cabanons.com\/en\/about\/promotions\/\" \/>\n<meta property=\"og:site_name\" content=\"Garages et Cabanons Fontaine\" \/>\n<meta property=\"article:modified_time\" content=\"2026-03-11T18:33:01+00:00\" \/>\n<meta property=\"og:image\" content=\"https:\/\/cabanons.com\/wp-content\/uploads\/2023\/10\/chauffe-terrasse-50-ans-EN.png\" \/>\n\t<meta property=\"og:image:width\" content=\"834\" \/>\n\t<meta property=\"og:image:height\" content=\"1080\" \/>\n\t<meta property=\"og:image:type\" content=\"image\/png\" \/>\n<meta name=\"twitter:card\" content=\"summary_large_image\" \/>\n<meta name=\"twitter:label1\" content=\"Est. reading time\" \/>\n\t<meta name=\"twitter:data1\" content=\"2 minutes\" \/>\n<script type=\"application\/ld+json\" class=\"yoast-schema-graph\">{\"@context\":\"https:\\\/\\\/schema.org\",\"@graph\":[{\"@type\":\"WebPage\",\"@id\":\"https:\\\/\\\/cabanons.com\\\/en\\\/about\\\/promotions\\\/\",\"url\":\"https:\\\/\\\/cabanons.com\\\/en\\\/about\\\/promotions\\\/\",\"name\":\"Promotion - Garages et Cabanons Fontaine\",\"isPartOf\":{\"@id\":\"https:\\\/\\\/cabanons.com\\\/en\\\/#website\"},\"primaryImageOfPage\":{\"@id\":\"https:\\\/\\\/cabanons.com\\\/en\\\/about\\\/promotions\\\/#primaryimage\"},\"image\":{\"@id\":\"https:\\\/\\\/cabanons.com\\\/en\\\/about\\\/promotions\\\/#primaryimage\"},\"thumbnailUrl\":\"https:\\\/\\\/cabanons.com\\\/wp-content\\\/uploads\\\/2023\\\/10\\\/chauffe-terrasse-50-ans-EN-791x1024.png\",\"datePublished\":\"2020-11-09T19:58:16+00:00\",\"dateModified\":\"2026-03-11T18:33:01+00:00\",\"description\":\"Check out all our current promotions. it's time to take advantage of great deals. Contact us for more information\",\"breadcrumb\":{\"@id\":\"https:\\\/\\\/cabanons.com\\\/en\\\/about\\\/promotions\\\/#breadcrumb\"},\"inLanguage\":\"en-CA\",\"potentialAction\":[{\"@type\":\"ReadAction\",\"target\":[\"https:\\\/\\\/cabanons.com\\\/en\\\/about\\\/promotions\\\/\"]}]},{\"@type\":\"ImageObject\",\"inLanguage\":\"en-CA\",\"@id\":\"https:\\\/\\\/cabanons.com\\\/en\\\/about\\\/promotions\\\/#primaryimage\",\"url\":\"https:\\\/\\\/cabanons.com\\\/wp-content\\\/uploads\\\/2023\\\/10\\\/chauffe-terrasse-50-ans-EN-791x1024.png\",\"contentUrl\":\"https:\\\/\\\/cabanons.com\\\/wp-content\\\/uploads\\\/2023\\\/10\\\/chauffe-terrasse-50-ans-EN-791x1024.png\"},{\"@type\":\"BreadcrumbList\",\"@id\":\"https:\\\/\\\/cabanons.com\\\/en\\\/about\\\/promotions\\\/#breadcrumb\",\"itemListElement\":[{\"@type\":\"ListItem\",\"position\":1,\"name\":\"Accueil\",\"item\":\"https:\\\/\\\/cabanons.com\\\/en\\\/\"},{\"@type\":\"ListItem\",\"position\":2,\"name\":\"About\",\"item\":\"https:\\\/\\\/cabanons.com\\\/en\\\/about\\\/\"},{\"@type\":\"ListItem\",\"position\":3,\"name\":\"Promotion\"}]},{\"@type\":\"WebSite\",\"@id\":\"https:\\\/\\\/cabanons.com\\\/en\\\/#website\",\"url\":\"https:\\\/\\\/cabanons.com\\\/en\\\/\",\"name\":\"Garages et Cabanons Fontaine\",\"description\":\"LA QUALIT\u00c9 IN\u00c9GAL\u00c9 DEPUIS 1976\",\"publisher\":{\"@id\":\"https:\\\/\\\/cabanons.com\\\/en\\\/#organization\"},\"potentialAction\":[{\"@type\":\"SearchAction\",\"target\":{\"@type\":\"EntryPoint\",\"urlTemplate\":\"https:\\\/\\\/cabanons.com\\\/en\\\/?s={search_term_string}\"},\"query-input\":{\"@type\":\"PropertyValueSpecification\",\"valueRequired\":true,\"valueName\":\"search_term_string\"}}],\"inLanguage\":\"en-CA\"},{\"@type\":\"Organization\",\"@id\":\"https:\\\/\\\/cabanons.com\\\/en\\\/#organization\",\"name\":\"Garages et Cabanons Fontaine\",\"url\":\"https:\\\/\\\/cabanons.com\\\/en\\\/\",\"logo\":{\"@type\":\"ImageObject\",\"inLanguage\":\"en-CA\",\"@id\":\"https:\\\/\\\/cabanons.com\\\/en\\\/#\\\/schema\\\/logo\\\/image\\\/\",\"url\":\"https:\\\/\\\/cabanons.com\\\/wp-content\\\/uploads\\\/2020\\\/11\\\/icone_Logo_Garages_et_Cabanons_Fontaine_horz.png\",\"contentUrl\":\"https:\\\/\\\/cabanons.com\\\/wp-content\\\/uploads\\\/2020\\\/11\\\/icone_Logo_Garages_et_Cabanons_Fontaine_horz.png\",\"width\":716,\"height\":156,\"caption\":\"Garages et Cabanons Fontaine\"},\"image\":{\"@id\":\"https:\\\/\\\/cabanons.com\\\/en\\\/#\\\/schema\\\/logo\\\/image\\\/\"}}]}<\/script>\n<!-- \/ Yoast SEO plugin. -->","yoast_head_json":{"title":"Promotion - Garages et Cabanons Fontaine","description":"Check out all our current promotions. it's time to take advantage of great deals. Contact us for more information","robots":{"index":"index","follow":"follow","max-snippet":"max-snippet:-1","max-image-preview":"max-image-preview:large","max-video-preview":"max-video-preview:-1"},"canonical":"https:\/\/cabanons.com\/en\/about\/promotions\/","og_locale":"en_US","og_type":"article","og_title":"Promotion - Garages et Cabanons Fontaine","og_description":"Check out all our current promotions. it's time to take advantage of great deals. Contact us for more information","og_url":"https:\/\/cabanons.com\/en\/about\/promotions\/","og_site_name":"Garages et Cabanons Fontaine","article_modified_time":"2026-03-11T18:33:01+00:00","og_image":[{"width":834,"height":1080,"url":"https:\/\/cabanons.com\/wp-content\/uploads\/2023\/10\/chauffe-terrasse-50-ans-EN.png","type":"image\/png"}],"twitter_card":"summary_large_image","twitter_misc":{"Est. reading time":"2 minutes"},"schema":{"@context":"https:\/\/schema.org","@graph":[{"@type":"WebPage","@id":"https:\/\/cabanons.com\/en\/about\/promotions\/","url":"https:\/\/cabanons.com\/en\/about\/promotions\/","name":"Promotion - Garages et Cabanons Fontaine","isPartOf":{"@id":"https:\/\/cabanons.com\/en\/#website"},"primaryImageOfPage":{"@id":"https:\/\/cabanons.com\/en\/about\/promotions\/#primaryimage"},"image":{"@id":"https:\/\/cabanons.com\/en\/about\/promotions\/#primaryimage"},"thumbnailUrl":"https:\/\/cabanons.com\/wp-content\/uploads\/2023\/10\/chauffe-terrasse-50-ans-EN-791x1024.png","datePublished":"2020-11-09T19:58:16+00:00","dateModified":"2026-03-11T18:33:01+00:00","description":"Check out all our current promotions. it's time to take advantage of great deals. Contact us for more information","breadcrumb":{"@id":"https:\/\/cabanons.com\/en\/about\/promotions\/#breadcrumb"},"inLanguage":"en-CA","potentialAction":[{"@type":"ReadAction","target":["https:\/\/cabanons.com\/en\/about\/promotions\/"]}]},{"@type":"ImageObject","inLanguage":"en-CA","@id":"https:\/\/cabanons.com\/en\/about\/promotions\/#primaryimage","url":"https:\/\/cabanons.com\/wp-content\/uploads\/2023\/10\/chauffe-terrasse-50-ans-EN-791x1024.png","contentUrl":"https:\/\/cabanons.com\/wp-content\/uploads\/2023\/10\/chauffe-terrasse-50-ans-EN-791x1024.png"},{"@type":"BreadcrumbList","@id":"https:\/\/cabanons.com\/en\/about\/promotions\/#breadcrumb","itemListElement":[{"@type":"ListItem","position":1,"name":"Accueil","item":"https:\/\/cabanons.com\/en\/"},{"@type":"ListItem","position":2,"name":"About","item":"https:\/\/cabanons.com\/en\/about\/"},{"@type":"ListItem","position":3,"name":"Promotion"}]},{"@type":"WebSite","@id":"https:\/\/cabanons.com\/en\/#website","url":"https:\/\/cabanons.com\/en\/","name":"Garages et Cabanons Fontaine","description":"LA QUALIT\u00c9 IN\u00c9GAL\u00c9 DEPUIS 1976","publisher":{"@id":"https:\/\/cabanons.com\/en\/#organization"},"potentialAction":[{"@type":"SearchAction","target":{"@type":"EntryPoint","urlTemplate":"https:\/\/cabanons.com\/en\/?s={search_term_string}"},"query-input":{"@type":"PropertyValueSpecification","valueRequired":true,"valueName":"search_term_string"}}],"inLanguage":"en-CA"},{"@type":"Organization","@id":"https:\/\/cabanons.com\/en\/#organization","name":"Garages et Cabanons Fontaine","url":"https:\/\/cabanons.com\/en\/","logo":{"@type":"ImageObject","inLanguage":"en-CA","@id":"https:\/\/cabanons.com\/en\/#\/schema\/logo\/image\/","url":"https:\/\/cabanons.com\/wp-content\/uploads\/2020\/11\/icone_Logo_Garages_et_Cabanons_Fontaine_horz.png","contentUrl":"https:\/\/cabanons.com\/wp-content\/uploads\/2020\/11\/icone_Logo_Garages_et_Cabanons_Fontaine_horz.png","width":716,"height":156,"caption":"Garages et Cabanons Fontaine"},"image":{"@id":"https:\/\/cabanons.com\/en\/#\/schema\/logo\/image\/"}}]}},"_links":{"self":[{"href":"https:\/\/cabanons.com\/en\/wp-json\/wp\/v2\/pages\/6269","targetHints":{"allow":["GET"]}}],"collection":[{"href":"https:\/\/cabanons.com\/en\/wp-json\/wp\/v2\/pages"}],"about":[{"href":"https:\/\/cabanons.com\/en\/wp-json\/wp\/v2\/types\/page"}],"author":[{"embeddable":true,"href":"https:\/\/cabanons.com\/en\/wp-json\/wp\/v2\/users\/1"}],"replies":[{"embeddable":true,"href":"https:\/\/cabanons.com\/en\/wp-json\/wp\/v2\/comments?post=6269"}],"version-history":[{"count":135,"href":"https:\/\/cabanons.com\/en\/wp-json\/wp\/v2\/pages\/6269\/revisions"}],"predecessor-version":[{"id":32420,"href":"https:\/\/cabanons.com\/en\/wp-json\/wp\/v2\/pages\/6269\/revisions\/32420"}],"up":[{"embeddable":true,"href":"https:\/\/cabanons.com\/en\/wp-json\/wp\/v2\/pages\/1755"}],"wp:attachment":[{"href":"https:\/\/cabanons.com\/en\/wp-json\/wp\/v2\/media?parent=6269"}],"curies":[{"name":"wp","href":"https:\/\/api.w.org\/{rel}","templated":true}]}}