{"id":9088,"date":"2021-12-10T19:55:16","date_gmt":"2021-12-10T19:55:16","guid":{"rendered":"https:\/\/cabanons.com\/?page_id=9088"},"modified":"2024-12-09T11:03:44","modified_gmt":"2024-12-09T16:03:44","slug":"roof","status":"publish","type":"page","link":"https:\/\/cabanons.com\/en\/options-garages\/roof\/","title":{"rendered":"Roof"},"content":{"rendered":"\t\t<div data-elementor-type=\"wp-page\" data-elementor-id=\"9088\" class=\"elementor elementor-9088 elementor-9033\" data-elementor-post-type=\"page\">\n\t\t\t\t\t\t<section class=\"elementor-section elementor-top-section elementor-element elementor-element-faadb7f elementor-section-boxed elementor-section-height-default elementor-section-height-default\" data-id=\"faadb7f\" data-element_type=\"section\" data-e-type=\"section\">\n\t\t\t\t\t\t<div class=\"elementor-container elementor-column-gap-default\">\n\t\t\t\t\t<div class=\"elementor-column elementor-col-50 elementor-top-column elementor-element elementor-element-78f3a51\" data-id=\"78f3a51\" data-element_type=\"column\" data-e-type=\"column\">\n\t\t\t<div class=\"elementor-widget-wrap elementor-element-populated\">\n\t\t\t\t\t\t<div class=\"elementor-element elementor-element-a5cfa44 elementor-widget elementor-widget-shortcode\" data-id=\"a5cfa44\" data-element_type=\"widget\" data-e-type=\"widget\" data-widget_type=\"shortcode.default\">\n\t\t\t\t<div class=\"elementor-widget-container\">\n\t\t\t\t\t<style>\n            .ActSectionIndex{\n                list-style:none;\n                margin:0;\n                padding:0;\n            }\n            .ActSectionIndex li{\n                margin:0 0 4px;\n                padding:0;\n            }\n            .ActSectionIndex a{\n                display:flex;\n                padding: 10px 20px;\n                background:#F0F5F6;\n                color:#1C1B1A;\n                font-weight:700;\n                align-items:center\n            }\n            .ActSectionIndex a:hover{\n                color:#F18A00;\n            }\n            .ActSectionIndex a.active{\n                background:#F18A00;\n                color:#fff !important;\n            }\n            .ActSectionIndex a i{\n                color:#f18a00;\n            }\n            .index-section-cabanons .ActSectionIndex a:hover{\n                color:#CE0E2D;\n            }\n            .index-section-cabanons .ActSectionIndex a.active{\n                background:#CE0E2D;\n            }\n            .index-section-cabanons .ActSectionIndex a i{\n                color:#CE0E2D;\n                margin-right:8px;\n            }\n            .index-section-cabanons .ActSectionIndex a.active i{\n                color:#fff;\n            }\n        <\/style><ul class=\"ActSectionIndex\"><li><a href=\"https:\/\/cabanons.com\/en\/options-garages\/caracteristics\/\" class=\"\">Caracteristics<\/a><\/li><li><a href=\"https:\/\/cabanons.com\/en\/options-garages\/siddings\/\" class=\"\">Siddings<\/a><\/li><li><a href=\"https:\/\/cabanons.com\/en\/options-garages\/soffit-and-fascia-colors\/\" class=\"\">Soffit and fascia colors<\/a><\/li><li><a href=\"https:\/\/cabanons.com\/en\/options-garages\/roof\/\" class=\"active\">Roof<\/a><\/li><li><a href=\"https:\/\/cabanons.com\/en\/options-garages\/doors-and-windows-colors\/\" class=\"\">Doors and windows colors<\/a><\/li><li><a href=\"https:\/\/cabanons.com\/en\/options-garages\/doors\/\" class=\"\">Doors<\/a><\/li><li><a href=\"https:\/\/cabanons.com\/en\/options-garages\/windows\/\" class=\"\">Windows<\/a><\/li><li><a href=\"https:\/\/cabanons.com\/en\/options-garages\/shutters\/\" class=\"\">Shutters<\/a><\/li><li><a href=\"https:\/\/cabanons.com\/en\/options-garages\/chevrons\/\" class=\"\">Chevrons<\/a><\/li><\/ul>\t\t<div class=\"elementor-shortcode\"><\/div>\n\t\t\t\t\t\t<\/div>\n\t\t\t\t<\/div>\n\t\t\t\t\t<\/div>\n\t\t<\/div>\n\t\t\t\t<div class=\"elementor-column elementor-col-50 elementor-top-column elementor-element elementor-element-f84d4a4\" data-id=\"f84d4a4\" data-element_type=\"column\" data-e-type=\"column\">\n\t\t\t<div class=\"elementor-widget-wrap elementor-element-populated\">\n\t\t\t\t\t\t<div class=\"elementor-element elementor-element-cf1d852 elementor-widget elementor-widget-template\" data-id=\"cf1d852\" data-element_type=\"widget\" data-e-type=\"widget\" data-widget_type=\"template.default\">\n\t\t\t\t<div class=\"elementor-widget-container\">\n\t\t\t\t\t\t\t<div class=\"elementor-template\">\n\t\t\t\t\t<div data-elementor-type=\"section\" data-elementor-id=\"6536\" class=\"elementor elementor-6536 elementor-2266 elementor-2266\" data-elementor-post-type=\"elementor_library\">\n\t\t\t\t\t<section class=\"elementor-section elementor-top-section elementor-element elementor-element-2e78c5a elementor-section-boxed elementor-section-height-default elementor-section-height-default\" data-id=\"2e78c5a\" data-element_type=\"section\" data-e-type=\"section\">\n\t\t\t\t\t\t<div class=\"elementor-container elementor-column-gap-default\">\n\t\t\t\t\t<div class=\"elementor-column elementor-col-100 elementor-top-column elementor-element elementor-element-70ea32a\" data-id=\"70ea32a\" data-element_type=\"column\" data-e-type=\"column\">\n\t\t\t<div class=\"elementor-widget-wrap elementor-element-populated\">\n\t\t\t\t\t\t<div class=\"elementor-element elementor-element-ccdb7ca elementor-widget elementor-widget-heading\" data-id=\"ccdb7ca\" data-element_type=\"widget\" data-e-type=\"widget\" data-widget_type=\"heading.default\">\n\t\t\t\t<div class=\"elementor-widget-container\">\n\t\t\t\t\t<h2 class=\"elementor-heading-title elementor-size-default\">Roof<\/h2>\t\t\t\t<\/div>\n\t\t\t\t<\/div>\n\t\t\t\t<div class=\"elementor-element elementor-element-ba22df4 elementor-widget elementor-widget-heading\" data-id=\"ba22df4\" data-element_type=\"widget\" data-e-type=\"widget\" data-widget_type=\"heading.default\">\n\t\t\t\t<div class=\"elementor-widget-container\">\n\t\t\t\t\t<h3 class=\"elementor-heading-title elementor-size-default\">Standard roof<\/h3>\t\t\t\t<\/div>\n\t\t\t\t<\/div>\n\t\t\t\t<div class=\"elementor-element elementor-element-4c2a741 elementor-widget elementor-widget-heading\" data-id=\"4c2a741\" data-element_type=\"widget\" data-e-type=\"widget\" data-widget_type=\"heading.default\">\n\t\t\t\t<div class=\"elementor-widget-container\">\n\t\t\t\t\t<h4 class=\"elementor-heading-title elementor-size-default\">Architectural Collection <\/h4>\t\t\t\t<\/div>\n\t\t\t\t<\/div>\n\t\t\t\t<div class=\"elementor-element elementor-element-43e2009 elementor-widget elementor-widget-jet-listing-grid\" data-id=\"43e2009\" data-element_type=\"widget\" data-e-type=\"widget\" data-settings=\"{&quot;columns&quot;:&quot;5&quot;,&quot;columns_tablet&quot;:&quot;3&quot;,&quot;columns_mobile&quot;:&quot;2&quot;}\" data-widget_type=\"jet-listing-grid.default\">\n\t\t\t\t<div class=\"elementor-widget-container\">\n\t\t\t\t\t<div class=\"jet-listing-grid jet-listing-grid--lazy-load jet-listing jet-listing-grid-loading\" data-lazy-load=\"{&quot;offset&quot;:&quot;0px&quot;,&quot;post_id&quot;:6536,&quot;queried_id&quot;:&quot;9088|WP_Post&quot;}\"><div class=\"jet-listing-grid__loader\"><div class=\"jet-listing-grid__loader-spinner\"><\/div><\/div><\/div>\t\t\t\t<\/div>\n\t\t\t\t<\/div>\n\t\t\t\t<div class=\"elementor-element elementor-element-66484e2 elementor-widget elementor-widget-jet-listing-grid\" data-id=\"66484e2\" data-element_type=\"widget\" data-e-type=\"widget\" data-settings=\"{&quot;columns&quot;:&quot;5&quot;,&quot;columns_tablet&quot;:&quot;3&quot;,&quot;columns_mobile&quot;:&quot;2&quot;}\" data-widget_type=\"jet-listing-grid.default\">\n\t\t\t\t<div class=\"elementor-widget-container\">\n\t\t\t\t\t<div class=\"jet-listing-grid jet-listing-grid--lazy-load jet-listing jet-listing-grid-loading\" data-lazy-load=\"{&quot;offset&quot;:&quot;0px&quot;,&quot;post_id&quot;:6536,&quot;queried_id&quot;:&quot;9088|WP_Post&quot;}\"><div class=\"jet-listing-grid__loader\"><div class=\"jet-listing-grid__loader-spinner\"><\/div><\/div><\/div>\t\t\t\t<\/div>\n\t\t\t\t<\/div>\n\t\t\t\t\t<\/div>\n\t\t<\/div>\n\t\t\t\t\t<\/div>\n\t\t<\/section>\n\t\t\t\t<section class=\"elementor-section elementor-top-section elementor-element elementor-element-506fed3 elementor-section-boxed elementor-section-height-default elementor-section-height-default\" data-id=\"506fed3\" data-element_type=\"section\" data-e-type=\"section\">\n\t\t\t\t\t\t<div class=\"elementor-container elementor-column-gap-default\">\n\t\t\t\t\t<div class=\"elementor-column elementor-col-100 elementor-top-column elementor-element elementor-element-19a929f\" data-id=\"19a929f\" data-element_type=\"column\" data-e-type=\"column\">\n\t\t\t<div class=\"elementor-widget-wrap elementor-element-populated\">\n\t\t\t\t\t\t<section class=\"elementor-section elementor-inner-section elementor-element elementor-element-a4dae5b elementor-section-content-middle elementor-section-boxed elementor-section-height-default elementor-section-height-default\" data-id=\"a4dae5b\" data-element_type=\"section\" data-e-type=\"section\">\n\t\t\t\t\t\t<div class=\"elementor-container elementor-column-gap-no\">\n\t\t\t\t\t<div class=\"elementor-column elementor-col-100 elementor-inner-column elementor-element elementor-element-5e326b8\" data-id=\"5e326b8\" data-element_type=\"column\" data-e-type=\"column\">\n\t\t\t<div class=\"elementor-widget-wrap elementor-element-populated\">\n\t\t\t\t\t\t<div class=\"elementor-element elementor-element-323efd9 elementor-widget elementor-widget-heading\" data-id=\"323efd9\" data-element_type=\"widget\" data-e-type=\"widget\" data-widget_type=\"heading.default\">\n\t\t\t\t<div class=\"elementor-widget-container\">\n\t\t\t\t\t<h3 class=\"elementor-heading-title elementor-size-default\">Optional shingles<\/h3>\t\t\t\t<\/div>\n\t\t\t\t<\/div>\n\t\t\t\t<div class=\"elementor-element elementor-element-d980256 elementor-widget elementor-widget-text-editor\" data-id=\"d980256\" data-element_type=\"widget\" data-e-type=\"widget\" data-widget_type=\"text-editor.default\">\n\t\t\t\t<div class=\"elementor-widget-container\">\n\t\t\t\t\t\t\t\t\t<p>We have a wide range of shingle options available.<\/p>\t\t\t\t\t\t\t\t<\/div>\n\t\t\t\t<\/div>\n\t\t\t\t<div class=\"elementor-element elementor-element-9efc26e elementor-widget-divider--view-line elementor-widget elementor-widget-divider\" data-id=\"9efc26e\" data-element_type=\"widget\" data-e-type=\"widget\" data-widget_type=\"divider.default\">\n\t\t\t\t<div class=\"elementor-widget-container\">\n\t\t\t\t\t\t\t<div class=\"elementor-divider\">\n\t\t\t<span class=\"elementor-divider-separator\">\n\t\t\t\t\t\t<\/span>\n\t\t<\/div>\n\t\t\t\t\t\t<\/div>\n\t\t\t\t<\/div>\n\t\t\t\t<div class=\"elementor-element elementor-element-629dac4 elementor-widget elementor-widget-heading\" data-id=\"629dac4\" data-element_type=\"widget\" data-e-type=\"widget\" data-widget_type=\"heading.default\">\n\t\t\t\t<div class=\"elementor-widget-container\">\n\t\t\t\t\t<h2 class=\"elementor-heading-title elementor-size-default\">Click on the logos of our partners to discover all the options available. <\/h2>\t\t\t\t<\/div>\n\t\t\t\t<\/div>\n\t\t\t\t\t<\/div>\n\t\t<\/div>\n\t\t\t\t\t<\/div>\n\t\t<\/section>\n\t\t\t\t\t<\/div>\n\t\t<\/div>\n\t\t\t\t\t<\/div>\n\t\t<\/section>\n\t\t\t\t<section class=\"elementor-section elementor-top-section elementor-element elementor-element-e7a9b70 elementor-section-boxed elementor-section-height-default elementor-section-height-default\" data-id=\"e7a9b70\" data-element_type=\"section\" data-e-type=\"section\">\n\t\t\t\t\t\t<div class=\"elementor-container elementor-column-gap-default\">\n\t\t\t\t\t<div class=\"elementor-column elementor-col-25 elementor-top-column elementor-element elementor-element-263d3b4\" data-id=\"263d3b4\" data-element_type=\"column\" data-e-type=\"column\">\n\t\t\t<div class=\"elementor-widget-wrap elementor-element-populated\">\n\t\t\t\t\t\t<div class=\"elementor-element elementor-element-2bcddbd elementor-widget elementor-widget-image\" data-id=\"2bcddbd\" data-element_type=\"widget\" data-e-type=\"widget\" data-widget_type=\"image.default\">\n\t\t\t\t<div class=\"elementor-widget-container\">\n\t\t\t\t\t\t\t\t\t\t\t\t\t\t\t\t<a href=\"https:\/\/bpcan.com\/\">\n\t\t\t\t\t\t\t<img fetchpriority=\"high\" decoding=\"async\" width=\"500\" height=\"500\" src=\"https:\/\/cabanons.com\/wp-content\/uploads\/2024\/12\/BP.png\" class=\"attachment-large size-large wp-image-25294\" alt=\"\" srcset=\"https:\/\/cabanons.com\/wp-content\/uploads\/2024\/12\/BP.png 500w, https:\/\/cabanons.com\/wp-content\/uploads\/2024\/12\/BP-300x300.png 300w, https:\/\/cabanons.com\/wp-content\/uploads\/2024\/12\/BP-150x150.png 150w, https:\/\/cabanons.com\/wp-content\/uploads\/2024\/12\/BP-416x416.png 416w, https:\/\/cabanons.com\/wp-content\/uploads\/2024\/12\/BP-100x100.png 100w\" sizes=\"(max-width: 500px) 100vw, 500px\" \/>\t\t\t\t\t\t\t\t<\/a>\n\t\t\t\t\t\t\t\t\t\t\t\t\t\t\t<\/div>\n\t\t\t\t<\/div>\n\t\t\t\t\t<\/div>\n\t\t<\/div>\n\t\t\t\t<div class=\"elementor-column elementor-col-25 elementor-top-column elementor-element elementor-element-04eea61\" data-id=\"04eea61\" data-element_type=\"column\" data-e-type=\"column\">\n\t\t\t<div class=\"elementor-widget-wrap elementor-element-populated\">\n\t\t\t\t\t\t<div class=\"elementor-element elementor-element-321d9c3 elementor-widget elementor-widget-image\" data-id=\"321d9c3\" data-element_type=\"widget\" data-e-type=\"widget\" data-widget_type=\"image.default\">\n\t\t\t\t<div class=\"elementor-widget-container\">\n\t\t\t\t\t\t\t\t\t\t\t\t\t\t\t\t<a href=\"https:\/\/www.iko.com\/na\/\" target=\"_blank\">\n\t\t\t\t\t\t\t<img decoding=\"async\" width=\"500\" height=\"500\" data-src=\"https:\/\/cabanons.com\/wp-content\/uploads\/2024\/12\/IKO.png\" class=\"attachment-large size-large wp-image-25296 lazyload\" alt=\"\" data-srcset=\"https:\/\/cabanons.com\/wp-content\/uploads\/2024\/12\/IKO.png 500w, https:\/\/cabanons.com\/wp-content\/uploads\/2024\/12\/IKO-300x300.png 300w, https:\/\/cabanons.com\/wp-content\/uploads\/2024\/12\/IKO-150x150.png 150w, https:\/\/cabanons.com\/wp-content\/uploads\/2024\/12\/IKO-416x416.png 416w, https:\/\/cabanons.com\/wp-content\/uploads\/2024\/12\/IKO-100x100.png 100w\" data-sizes=\"(max-width: 500px) 100vw, 500px\" src=\"data:image\/svg+xml;base64,PHN2ZyB3aWR0aD0iMSIgaGVpZ2h0PSIxIiB4bWxucz0iaHR0cDovL3d3dy53My5vcmcvMjAwMC9zdmciPjwvc3ZnPg==\" style=\"--smush-placeholder-width: 500px; --smush-placeholder-aspect-ratio: 500\/500;\" \/>\t\t\t\t\t\t\t\t<\/a>\n\t\t\t\t\t\t\t\t\t\t\t\t\t\t\t<\/div>\n\t\t\t\t<\/div>\n\t\t\t\t\t<\/div>\n\t\t<\/div>\n\t\t\t\t<div class=\"elementor-column elementor-col-25 elementor-top-column elementor-element elementor-element-f9e4739\" data-id=\"f9e4739\" data-element_type=\"column\" data-e-type=\"column\">\n\t\t\t<div class=\"elementor-widget-wrap elementor-element-populated\">\n\t\t\t\t\t\t<div class=\"elementor-element elementor-element-4b02f90 elementor-widget elementor-widget-image\" data-id=\"4b02f90\" data-element_type=\"widget\" data-e-type=\"widget\" data-widget_type=\"image.default\">\n\t\t\t\t<div class=\"elementor-widget-container\">\n\t\t\t\t\t\t\t\t\t\t\t\t\t\t\t\t<a href=\"https:\/\/www.gaf.ca\/en-ca\" target=\"_blank\">\n\t\t\t\t\t\t\t<img decoding=\"async\" width=\"500\" height=\"500\" data-src=\"https:\/\/cabanons.com\/wp-content\/uploads\/2024\/12\/gaf.png\" class=\"attachment-large size-large wp-image-25298 lazyload\" alt=\"\" data-srcset=\"https:\/\/cabanons.com\/wp-content\/uploads\/2024\/12\/gaf.png 500w, https:\/\/cabanons.com\/wp-content\/uploads\/2024\/12\/gaf-300x300.png 300w, https:\/\/cabanons.com\/wp-content\/uploads\/2024\/12\/gaf-150x150.png 150w, https:\/\/cabanons.com\/wp-content\/uploads\/2024\/12\/gaf-416x416.png 416w, https:\/\/cabanons.com\/wp-content\/uploads\/2024\/12\/gaf-100x100.png 100w\" data-sizes=\"(max-width: 500px) 100vw, 500px\" src=\"data:image\/svg+xml;base64,PHN2ZyB3aWR0aD0iMSIgaGVpZ2h0PSIxIiB4bWxucz0iaHR0cDovL3d3dy53My5vcmcvMjAwMC9zdmciPjwvc3ZnPg==\" style=\"--smush-placeholder-width: 500px; --smush-placeholder-aspect-ratio: 500\/500;\" \/>\t\t\t\t\t\t\t\t<\/a>\n\t\t\t\t\t\t\t\t\t\t\t\t\t\t\t<\/div>\n\t\t\t\t<\/div>\n\t\t\t\t\t<\/div>\n\t\t<\/div>\n\t\t\t\t<div class=\"elementor-column elementor-col-25 elementor-top-column elementor-element elementor-element-c1d192e\" data-id=\"c1d192e\" data-element_type=\"column\" data-e-type=\"column\">\n\t\t\t<div class=\"elementor-widget-wrap elementor-element-populated\">\n\t\t\t\t\t\t<div class=\"elementor-element elementor-element-0b60810 elementor-widget elementor-widget-image\" data-id=\"0b60810\" data-element_type=\"widget\" data-e-type=\"widget\" data-widget_type=\"image.default\">\n\t\t\t\t<div class=\"elementor-widget-container\">\n\t\t\t\t\t\t\t\t\t\t\t\t\t\t\t\t<a href=\"https:\/\/www.certainteed.ca\/products\/residential-roofing-products\/landmark-premium\" target=\"_blank\">\n\t\t\t\t\t\t\t<img decoding=\"async\" width=\"500\" height=\"500\" data-src=\"https:\/\/cabanons.com\/wp-content\/uploads\/2024\/12\/certainteed.png\" class=\"attachment-large size-large wp-image-25300 lazyload\" alt=\"\" data-srcset=\"https:\/\/cabanons.com\/wp-content\/uploads\/2024\/12\/certainteed.png 500w, https:\/\/cabanons.com\/wp-content\/uploads\/2024\/12\/certainteed-300x300.png 300w, https:\/\/cabanons.com\/wp-content\/uploads\/2024\/12\/certainteed-150x150.png 150w, https:\/\/cabanons.com\/wp-content\/uploads\/2024\/12\/certainteed-416x416.png 416w, https:\/\/cabanons.com\/wp-content\/uploads\/2024\/12\/certainteed-100x100.png 100w\" data-sizes=\"(max-width: 500px) 100vw, 500px\" src=\"data:image\/svg+xml;base64,PHN2ZyB3aWR0aD0iMSIgaGVpZ2h0PSIxIiB4bWxucz0iaHR0cDovL3d3dy53My5vcmcvMjAwMC9zdmciPjwvc3ZnPg==\" style=\"--smush-placeholder-width: 500px; --smush-placeholder-aspect-ratio: 500\/500;\" \/>\t\t\t\t\t\t\t\t<\/a>\n\t\t\t\t\t\t\t\t\t\t\t\t\t\t\t<\/div>\n\t\t\t\t<\/div>\n\t\t\t\t\t<\/div>\n\t\t<\/div>\n\t\t\t\t\t<\/div>\n\t\t<\/section>\n\t\t\t\t<\/div>\n\t\t\t\t<\/div>\n\t\t\t\t\t\t<\/div>\n\t\t\t\t<\/div>\n\t\t\t\t\t<\/div>\n\t\t<\/div>\n\t\t\t\t\t<\/div>\n\t\t<\/section>\n\t\t\t\t<\/div>\n\t\t","protected":false},"excerpt":{"rendered":"","protected":false},"author":1,"featured_media":0,"parent":6252,"menu_order":3,"comment_status":"closed","ping_status":"closed","template":"","meta":{"content-type":"","footnotes":""},"class_list":["post-9088","page","type-page","status-publish","hentry"],"yoast_head":"<!-- This site is optimized with the Yoast SEO plugin v27.4 - https:\/\/yoast.com\/product\/yoast-seo-wordpress\/ -->\n<title>Roof - Garages et Cabanons Fontaine<\/title>\n<meta name=\"description\" content=\"Personalize your garden shed and choose the color of your siding from our selection of roof colors. Contact Us.\" \/>\n<meta name=\"robots\" content=\"index, follow, max-snippet:-1, max-image-preview:large, max-video-preview:-1\" \/>\n<link rel=\"canonical\" href=\"https:\/\/cabanons.com\/en\/options-garages\/roof\/\" \/>\n<meta property=\"og:locale\" content=\"en_US\" \/>\n<meta property=\"og:type\" content=\"article\" \/>\n<meta property=\"og:title\" content=\"Roof - Garages et Cabanons Fontaine\" \/>\n<meta property=\"og:description\" content=\"Personalize your garden shed and choose the color of your siding from our selection of roof colors. Contact Us.\" \/>\n<meta property=\"og:url\" content=\"https:\/\/cabanons.com\/en\/options-garages\/roof\/\" \/>\n<meta property=\"og:site_name\" content=\"Garages et Cabanons Fontaine\" \/>\n<meta property=\"article:modified_time\" content=\"2024-12-09T16:03:44+00:00\" \/>\n<meta name=\"twitter:card\" content=\"summary_large_image\" \/>\n<meta name=\"twitter:label1\" content=\"Est. reading time\" \/>\n\t<meta name=\"twitter:data1\" content=\"2 minutes\" \/>\n<script type=\"application\/ld+json\" class=\"yoast-schema-graph\">{\"@context\":\"https:\\\/\\\/schema.org\",\"@graph\":[{\"@type\":\"WebPage\",\"@id\":\"https:\\\/\\\/cabanons.com\\\/en\\\/options-garages\\\/roof\\\/\",\"url\":\"https:\\\/\\\/cabanons.com\\\/en\\\/options-garages\\\/roof\\\/\",\"name\":\"Roof - Garages et Cabanons Fontaine\",\"isPartOf\":{\"@id\":\"https:\\\/\\\/cabanons.com\\\/en\\\/#website\"},\"datePublished\":\"2021-12-10T19:55:16+00:00\",\"dateModified\":\"2024-12-09T16:03:44+00:00\",\"description\":\"Personalize your garden shed and choose the color of your siding from our selection of roof colors. Contact Us.\",\"breadcrumb\":{\"@id\":\"https:\\\/\\\/cabanons.com\\\/en\\\/options-garages\\\/roof\\\/#breadcrumb\"},\"inLanguage\":\"en-CA\",\"potentialAction\":[{\"@type\":\"ReadAction\",\"target\":[\"https:\\\/\\\/cabanons.com\\\/en\\\/options-garages\\\/roof\\\/\"]}]},{\"@type\":\"BreadcrumbList\",\"@id\":\"https:\\\/\\\/cabanons.com\\\/en\\\/options-garages\\\/roof\\\/#breadcrumb\",\"itemListElement\":[{\"@type\":\"ListItem\",\"position\":1,\"name\":\"Accueil\",\"item\":\"https:\\\/\\\/cabanons.com\\\/en\\\/\"},{\"@type\":\"ListItem\",\"position\":2,\"name\":\"Options for our garages\",\"item\":\"https:\\\/\\\/cabanons.com\\\/en\\\/options-garages\\\/\"},{\"@type\":\"ListItem\",\"position\":3,\"name\":\"Roof\"}]},{\"@type\":\"WebSite\",\"@id\":\"https:\\\/\\\/cabanons.com\\\/en\\\/#website\",\"url\":\"https:\\\/\\\/cabanons.com\\\/en\\\/\",\"name\":\"Garages et Cabanons Fontaine\",\"description\":\"LA QUALIT\u00c9 IN\u00c9GAL\u00c9 DEPUIS 1976\",\"publisher\":{\"@id\":\"https:\\\/\\\/cabanons.com\\\/en\\\/#organization\"},\"potentialAction\":[{\"@type\":\"SearchAction\",\"target\":{\"@type\":\"EntryPoint\",\"urlTemplate\":\"https:\\\/\\\/cabanons.com\\\/en\\\/?s={search_term_string}\"},\"query-input\":{\"@type\":\"PropertyValueSpecification\",\"valueRequired\":true,\"valueName\":\"search_term_string\"}}],\"inLanguage\":\"en-CA\"},{\"@type\":\"Organization\",\"@id\":\"https:\\\/\\\/cabanons.com\\\/en\\\/#organization\",\"name\":\"Garages et Cabanons Fontaine\",\"url\":\"https:\\\/\\\/cabanons.com\\\/en\\\/\",\"logo\":{\"@type\":\"ImageObject\",\"inLanguage\":\"en-CA\",\"@id\":\"https:\\\/\\\/cabanons.com\\\/en\\\/#\\\/schema\\\/logo\\\/image\\\/\",\"url\":\"https:\\\/\\\/cabanons.com\\\/wp-content\\\/uploads\\\/2020\\\/11\\\/icone_Logo_Garages_et_Cabanons_Fontaine_horz.png\",\"contentUrl\":\"https:\\\/\\\/cabanons.com\\\/wp-content\\\/uploads\\\/2020\\\/11\\\/icone_Logo_Garages_et_Cabanons_Fontaine_horz.png\",\"width\":716,\"height\":156,\"caption\":\"Garages et Cabanons Fontaine\"},\"image\":{\"@id\":\"https:\\\/\\\/cabanons.com\\\/en\\\/#\\\/schema\\\/logo\\\/image\\\/\"}}]}<\/script>\n<!-- \/ Yoast SEO plugin. -->","yoast_head_json":{"title":"Roof - Garages et Cabanons Fontaine","description":"Personalize your garden shed and choose the color of your siding from our selection of roof colors. Contact Us.","robots":{"index":"index","follow":"follow","max-snippet":"max-snippet:-1","max-image-preview":"max-image-preview:large","max-video-preview":"max-video-preview:-1"},"canonical":"https:\/\/cabanons.com\/en\/options-garages\/roof\/","og_locale":"en_US","og_type":"article","og_title":"Roof - Garages et Cabanons Fontaine","og_description":"Personalize your garden shed and choose the color of your siding from our selection of roof colors. Contact Us.","og_url":"https:\/\/cabanons.com\/en\/options-garages\/roof\/","og_site_name":"Garages et Cabanons Fontaine","article_modified_time":"2024-12-09T16:03:44+00:00","twitter_card":"summary_large_image","twitter_misc":{"Est. reading time":"2 minutes"},"schema":{"@context":"https:\/\/schema.org","@graph":[{"@type":"WebPage","@id":"https:\/\/cabanons.com\/en\/options-garages\/roof\/","url":"https:\/\/cabanons.com\/en\/options-garages\/roof\/","name":"Roof - Garages et Cabanons Fontaine","isPartOf":{"@id":"https:\/\/cabanons.com\/en\/#website"},"datePublished":"2021-12-10T19:55:16+00:00","dateModified":"2024-12-09T16:03:44+00:00","description":"Personalize your garden shed and choose the color of your siding from our selection of roof colors. Contact Us.","breadcrumb":{"@id":"https:\/\/cabanons.com\/en\/options-garages\/roof\/#breadcrumb"},"inLanguage":"en-CA","potentialAction":[{"@type":"ReadAction","target":["https:\/\/cabanons.com\/en\/options-garages\/roof\/"]}]},{"@type":"BreadcrumbList","@id":"https:\/\/cabanons.com\/en\/options-garages\/roof\/#breadcrumb","itemListElement":[{"@type":"ListItem","position":1,"name":"Accueil","item":"https:\/\/cabanons.com\/en\/"},{"@type":"ListItem","position":2,"name":"Options for our garages","item":"https:\/\/cabanons.com\/en\/options-garages\/"},{"@type":"ListItem","position":3,"name":"Roof"}]},{"@type":"WebSite","@id":"https:\/\/cabanons.com\/en\/#website","url":"https:\/\/cabanons.com\/en\/","name":"Garages et Cabanons Fontaine","description":"LA QUALIT\u00c9 IN\u00c9GAL\u00c9 DEPUIS 1976","publisher":{"@id":"https:\/\/cabanons.com\/en\/#organization"},"potentialAction":[{"@type":"SearchAction","target":{"@type":"EntryPoint","urlTemplate":"https:\/\/cabanons.com\/en\/?s={search_term_string}"},"query-input":{"@type":"PropertyValueSpecification","valueRequired":true,"valueName":"search_term_string"}}],"inLanguage":"en-CA"},{"@type":"Organization","@id":"https:\/\/cabanons.com\/en\/#organization","name":"Garages et Cabanons Fontaine","url":"https:\/\/cabanons.com\/en\/","logo":{"@type":"ImageObject","inLanguage":"en-CA","@id":"https:\/\/cabanons.com\/en\/#\/schema\/logo\/image\/","url":"https:\/\/cabanons.com\/wp-content\/uploads\/2020\/11\/icone_Logo_Garages_et_Cabanons_Fontaine_horz.png","contentUrl":"https:\/\/cabanons.com\/wp-content\/uploads\/2020\/11\/icone_Logo_Garages_et_Cabanons_Fontaine_horz.png","width":716,"height":156,"caption":"Garages et Cabanons Fontaine"},"image":{"@id":"https:\/\/cabanons.com\/en\/#\/schema\/logo\/image\/"}}]}},"_links":{"self":[{"href":"https:\/\/cabanons.com\/en\/wp-json\/wp\/v2\/pages\/9088","targetHints":{"allow":["GET"]}}],"collection":[{"href":"https:\/\/cabanons.com\/en\/wp-json\/wp\/v2\/pages"}],"about":[{"href":"https:\/\/cabanons.com\/en\/wp-json\/wp\/v2\/types\/page"}],"author":[{"embeddable":true,"href":"https:\/\/cabanons.com\/en\/wp-json\/wp\/v2\/users\/1"}],"replies":[{"embeddable":true,"href":"https:\/\/cabanons.com\/en\/wp-json\/wp\/v2\/comments?post=9088"}],"version-history":[{"count":10,"href":"https:\/\/cabanons.com\/en\/wp-json\/wp\/v2\/pages\/9088\/revisions"}],"predecessor-version":[{"id":23783,"href":"https:\/\/cabanons.com\/en\/wp-json\/wp\/v2\/pages\/9088\/revisions\/23783"}],"up":[{"embeddable":true,"href":"https:\/\/cabanons.com\/en\/wp-json\/wp\/v2\/pages\/6252"}],"wp:attachment":[{"href":"https:\/\/cabanons.com\/en\/wp-json\/wp\/v2\/media?parent=9088"}],"curies":[{"name":"wp","href":"https:\/\/api.w.org\/{rel}","templated":true}]}}