{"id":9224,"date":"2021-12-10T20:55:05","date_gmt":"2021-12-10T20:55:05","guid":{"rendered":"https:\/\/cabanons.com\/?page_id=9224"},"modified":"2024-12-09T11:11:30","modified_gmt":"2024-12-09T16:11:30","slug":"doors-and-windows-colors","status":"publish","type":"page","link":"https:\/\/cabanons.com\/en\/options-sheds\/doors-and-windows-colors\/","title":{"rendered":"Doors and windows colors"},"content":{"rendered":"\t\t<div data-elementor-type=\"wp-page\" data-elementor-id=\"9224\" class=\"elementor elementor-9224 elementor-9161\" data-elementor-post-type=\"page\">\n\t\t\t\t\t\t<section class=\"elementor-section elementor-top-section elementor-element elementor-element-b355125 elementor-section-boxed elementor-section-height-default elementor-section-height-default\" data-id=\"b355125\" data-element_type=\"section\" data-e-type=\"section\">\n\t\t\t\t\t\t<div class=\"elementor-container elementor-column-gap-default\">\n\t\t\t\t\t<div class=\"elementor-column elementor-col-100 elementor-top-column elementor-element elementor-element-d15fda3\" data-id=\"d15fda3\" data-element_type=\"column\" data-e-type=\"column\">\n\t\t\t<div class=\"elementor-widget-wrap elementor-element-populated\">\n\t\t\t\t\t\t<div class=\"elementor-element elementor-element-6c92391 elementor-widget elementor-widget-text-editor\" data-id=\"6c92391\" data-element_type=\"widget\" data-e-type=\"widget\" data-widget_type=\"text-editor.default\">\n\t\t\t\t<div class=\"elementor-widget-container\">\n\t\t\t\t\t\t\t\t\t<p>Once you have chosen your shed model,\u00a0<strong>select one of our 4 collections<\/strong>. The most popular option combinations for maximum value, adapted to your budget.<\/p>\t\t\t\t\t\t\t\t<\/div>\n\t\t\t\t<\/div>\n\t\t\t\t\t<\/div>\n\t\t<\/div>\n\t\t\t\t\t<\/div>\n\t\t<\/section>\n\t\t\t\t<section class=\"elementor-section elementor-top-section elementor-element elementor-element-c6b52ac elementor-section-boxed elementor-section-height-default elementor-section-height-default\" data-id=\"c6b52ac\" data-element_type=\"section\" data-e-type=\"section\">\n\t\t\t\t\t\t<div class=\"elementor-container elementor-column-gap-default\">\n\t\t\t\t\t<div class=\"elementor-column elementor-col-50 elementor-top-column elementor-element elementor-element-0072e30 index-section-cabanons\" data-id=\"0072e30\" data-element_type=\"column\" data-e-type=\"column\">\n\t\t\t<div class=\"elementor-widget-wrap elementor-element-populated\">\n\t\t\t\t\t\t<div class=\"elementor-element elementor-element-2a188be elementor-widget elementor-widget-shortcode\" data-id=\"2a188be\" data-element_type=\"widget\" data-e-type=\"widget\" data-widget_type=\"shortcode.default\">\n\t\t\t\t<div class=\"elementor-widget-container\">\n\t\t\t\t\t<style>\n            .ActSectionIndex{\n                list-style:none;\n                margin:0;\n                padding:0;\n            }\n            .ActSectionIndex li{\n                margin:0 0 4px;\n                padding:0;\n            }\n            .ActSectionIndex a{\n                display:flex;\n                padding: 10px 20px;\n                background:#F0F5F6;\n                color:#1C1B1A;\n                font-weight:700;\n                align-items:center\n            }\n            .ActSectionIndex a:hover{\n                color:#F18A00;\n            }\n            .ActSectionIndex a.active{\n                background:#F18A00;\n                color:#fff !important;\n            }\n            .ActSectionIndex a i{\n                color:#f18a00;\n            }\n            .index-section-cabanons .ActSectionIndex a:hover{\n                color:#CE0E2D;\n            }\n            .index-section-cabanons .ActSectionIndex a.active{\n                background:#CE0E2D;\n            }\n            .index-section-cabanons .ActSectionIndex a i{\n                color:#CE0E2D;\n                margin-right:8px;\n            }\n            .index-section-cabanons .ActSectionIndex a.active i{\n                color:#fff;\n            }\n        <\/style><ul class=\"ActSectionIndex\"><li><a href=\"https:\/\/cabanons.com\/en\/options-sheds\/caracteristics\/\" class=\"\">Caracteristics<\/a><\/li><li><a href=\"https:\/\/cabanons.com\/en\/options-sheds\/siddings\/\" class=\"\">Siddings<\/a><\/li><li><a href=\"https:\/\/cabanons.com\/en\/options-sheds\/soffit-and-fascia-colors\/\" class=\"\">Soffit and fascia colors<\/a><\/li><li><a href=\"https:\/\/cabanons.com\/en\/options-sheds\/roof\/\" class=\"\">Roof<\/a><\/li><li><a href=\"https:\/\/cabanons.com\/en\/options-sheds\/doors-and-windows-colors\/\" class=\"active\">Doors and windows colors<\/a><\/li><li><a href=\"https:\/\/cabanons.com\/en\/options-sheds\/doors\/\" class=\"\">Doors<\/a><\/li><li><a href=\"https:\/\/cabanons.com\/en\/options-sheds\/windows\/\" class=\"\">Windows<\/a><\/li><li><a href=\"https:\/\/cabanons.com\/en\/options-sheds\/shutters\/\" class=\"\">Shutters<\/a><\/li><li><a href=\"https:\/\/cabanons.com\/en\/options-sheds\/other-options\/\" class=\"\">Other options<\/a><\/li><\/ul>\t\t<div class=\"elementor-shortcode\"><\/div>\n\t\t\t\t\t\t<\/div>\n\t\t\t\t<\/div>\n\t\t\t\t\t<\/div>\n\t\t<\/div>\n\t\t\t\t<div class=\"elementor-column elementor-col-50 elementor-top-column elementor-element elementor-element-140f7fe\" data-id=\"140f7fe\" data-element_type=\"column\" data-e-type=\"column\">\n\t\t\t<div class=\"elementor-widget-wrap elementor-element-populated\">\n\t\t\t\t\t\t<div class=\"elementor-element elementor-element-3dcaf78 elementor-widget elementor-widget-template\" data-id=\"3dcaf78\" data-element_type=\"widget\" data-e-type=\"widget\" data-widget_type=\"template.default\">\n\t\t\t\t<div class=\"elementor-widget-container\">\n\t\t\t\t\t\t\t<div class=\"elementor-template\">\n\t\t\t\t\t<div data-elementor-type=\"section\" data-elementor-id=\"6533\" class=\"elementor elementor-6533 elementor-2411 elementor-2411\" data-elementor-post-type=\"elementor_library\">\n\t\t\t\t\t<section class=\"elementor-section elementor-top-section elementor-element elementor-element-0b440cc elementor-section-boxed elementor-section-height-default elementor-section-height-default\" data-id=\"0b440cc\" data-element_type=\"section\" data-e-type=\"section\">\n\t\t\t\t\t\t<div class=\"elementor-container elementor-column-gap-default\">\n\t\t\t\t\t<div class=\"elementor-column elementor-col-100 elementor-top-column elementor-element elementor-element-9d34984\" data-id=\"9d34984\" data-element_type=\"column\" data-e-type=\"column\">\n\t\t\t<div class=\"elementor-widget-wrap elementor-element-populated\">\n\t\t\t\t\t\t<div class=\"elementor-element elementor-element-6bbe327 elementor-widget elementor-widget-heading\" data-id=\"6bbe327\" data-element_type=\"widget\" data-e-type=\"widget\" data-widget_type=\"heading.default\">\n\t\t\t\t<div class=\"elementor-widget-container\">\n\t\t\t\t\t<h2 class=\"elementor-heading-title elementor-size-default\">Doors and windows colors<\/h2>\t\t\t\t<\/div>\n\t\t\t\t<\/div>\n\t\t\t\t<div class=\"elementor-element elementor-element-dccf0eb elementor-widget elementor-widget-heading\" data-id=\"dccf0eb\" data-element_type=\"widget\" data-e-type=\"widget\" data-widget_type=\"heading.default\">\n\t\t\t\t<div class=\"elementor-widget-container\">\n\t\t\t\t\t<h3 class=\"elementor-heading-title elementor-size-default\">Colors<\/h3>\t\t\t\t<\/div>\n\t\t\t\t<\/div>\n\t\t\t\t<div class=\"elementor-element elementor-element-7bf2813 elementor-widget elementor-widget-jet-listing-grid\" data-id=\"7bf2813\" data-element_type=\"widget\" data-e-type=\"widget\" data-settings=\"{&quot;columns&quot;:&quot;6&quot;,&quot;columns_tablet&quot;:&quot;3&quot;,&quot;columns_mobile&quot;:&quot;2&quot;}\" data-widget_type=\"jet-listing-grid.default\">\n\t\t\t\t<div class=\"elementor-widget-container\">\n\t\t\t\t\t<div class=\"jet-listing-grid jet-listing-grid--lazy-load jet-listing jet-listing-grid-loading\" data-lazy-load=\"{&quot;offset&quot;:&quot;0px&quot;,&quot;post_id&quot;:6533,&quot;queried_id&quot;:&quot;9224|WP_Post&quot;}\"><div class=\"jet-listing-grid__loader\"><div class=\"jet-listing-grid__loader-spinner\"><\/div><\/div><\/div>\t\t\t\t<\/div>\n\t\t\t\t<\/div>\n\t\t\t\t<div class=\"elementor-element elementor-element-84a13c0 elementor-widget elementor-widget-heading\" data-id=\"84a13c0\" data-element_type=\"widget\" data-e-type=\"widget\" data-widget_type=\"heading.default\">\n\t\t\t\t<div class=\"elementor-widget-container\">\n\t\t\t\t\t<h3 class=\"elementor-heading-title elementor-size-default\">Custom colors<\/h3>\t\t\t\t<\/div>\n\t\t\t\t<\/div>\n\t\t\t\t<div class=\"elementor-element elementor-element-f3d52ad elementor-widget elementor-widget-text-editor\" data-id=\"f3d52ad\" data-element_type=\"widget\" data-e-type=\"widget\" data-widget_type=\"text-editor.default\">\n\t\t\t\t<div class=\"elementor-widget-container\">\n\t\t\t\t\t\t\t\t\t<p>We can develop more colors according to your project and your needs. <strong><a href=\"https:\/\/cabanons.com\/en\/contact-us\/\">Contact us for more information!\u00a0<\/a><\/strong><\/p>\t\t\t\t\t\t\t\t<\/div>\n\t\t\t\t<\/div>\n\t\t\t\t<div class=\"elementor-element elementor-element-230ec17 elementor-widget elementor-widget-image\" data-id=\"230ec17\" data-element_type=\"widget\" data-e-type=\"widget\" data-widget_type=\"image.default\">\n\t\t\t\t<div class=\"elementor-widget-container\">\n\t\t\t\t\t\t\t\t\t\t\t\t\t\t\t<img decoding=\"async\" width=\"1024\" height=\"41\" data-src=\"https:\/\/cabanons.com\/wp-content\/uploads\/2020\/12\/Capture-de\u0301cran-le-2022-01-24-a\u0300-12.28.01-1024x41.png\" class=\"attachment-large size-large wp-image-9659 lazyload\" alt=\"\" data-srcset=\"https:\/\/cabanons.com\/wp-content\/uploads\/2020\/12\/Capture-de\u0301cran-le-2022-01-24-a\u0300-12.28.01-1024x41.png 1024w, https:\/\/cabanons.com\/wp-content\/uploads\/2020\/12\/Capture-de\u0301cran-le-2022-01-24-a\u0300-12.28.01-300x12.png 300w, https:\/\/cabanons.com\/wp-content\/uploads\/2020\/12\/Capture-de\u0301cran-le-2022-01-24-a\u0300-12.28.01-768x31.png 768w, https:\/\/cabanons.com\/wp-content\/uploads\/2020\/12\/Capture-de\u0301cran-le-2022-01-24-a\u0300-12.28.01-150x6.png 150w, https:\/\/cabanons.com\/wp-content\/uploads\/2020\/12\/Capture-de\u0301cran-le-2022-01-24-a\u0300-12.28.01-416x17.png 416w, https:\/\/cabanons.com\/wp-content\/uploads\/2020\/12\/Capture-de\u0301cran-le-2022-01-24-a\u0300-12.28.01.png 1175w\" data-sizes=\"(max-width: 1024px) 100vw, 1024px\" src=\"data:image\/svg+xml;base64,PHN2ZyB3aWR0aD0iMSIgaGVpZ2h0PSIxIiB4bWxucz0iaHR0cDovL3d3dy53My5vcmcvMjAwMC9zdmciPjwvc3ZnPg==\" style=\"--smush-placeholder-width: 1024px; --smush-placeholder-aspect-ratio: 1024\/41;\" \/>\t\t\t\t\t\t\t\t\t\t\t\t\t\t\t<\/div>\n\t\t\t\t<\/div>\n\t\t\t\t<div class=\"elementor-element elementor-element-23939c8 elementor-widget elementor-widget-image\" data-id=\"23939c8\" data-element_type=\"widget\" data-e-type=\"widget\" data-widget_type=\"image.default\">\n\t\t\t\t<div class=\"elementor-widget-container\">\n\t\t\t\t\t\t\t\t\t\t\t\t\t\t\t<img decoding=\"async\" width=\"1024\" height=\"27\" data-src=\"https:\/\/cabanons.com\/wp-content\/uploads\/2020\/12\/Capture-de\u0301cran-le-2022-01-24-a\u0300-12.43.25-1024x27.png\" class=\"attachment-large size-large wp-image-9665 lazyload\" alt=\"\" data-srcset=\"https:\/\/cabanons.com\/wp-content\/uploads\/2020\/12\/Capture-de\u0301cran-le-2022-01-24-a\u0300-12.43.25-1024x27.png 1024w, https:\/\/cabanons.com\/wp-content\/uploads\/2020\/12\/Capture-de\u0301cran-le-2022-01-24-a\u0300-12.43.25-300x8.png 300w, https:\/\/cabanons.com\/wp-content\/uploads\/2020\/12\/Capture-de\u0301cran-le-2022-01-24-a\u0300-12.43.25-768x20.png 768w, https:\/\/cabanons.com\/wp-content\/uploads\/2020\/12\/Capture-de\u0301cran-le-2022-01-24-a\u0300-12.43.25-150x4.png 150w, https:\/\/cabanons.com\/wp-content\/uploads\/2020\/12\/Capture-de\u0301cran-le-2022-01-24-a\u0300-12.43.25-416x11.png 416w, https:\/\/cabanons.com\/wp-content\/uploads\/2020\/12\/Capture-de\u0301cran-le-2022-01-24-a\u0300-12.43.25.png 1200w\" data-sizes=\"(max-width: 1024px) 100vw, 1024px\" src=\"data:image\/svg+xml;base64,PHN2ZyB3aWR0aD0iMSIgaGVpZ2h0PSIxIiB4bWxucz0iaHR0cDovL3d3dy53My5vcmcvMjAwMC9zdmciPjwvc3ZnPg==\" style=\"--smush-placeholder-width: 1024px; --smush-placeholder-aspect-ratio: 1024\/27;\" \/>\t\t\t\t\t\t\t\t\t\t\t\t\t\t\t<\/div>\n\t\t\t\t<\/div>\n\t\t\t\t\t<\/div>\n\t\t<\/div>\n\t\t\t\t\t<\/div>\n\t\t<\/section>\n\t\t\t\t<\/div>\n\t\t\t\t<\/div>\n\t\t\t\t\t\t<\/div>\n\t\t\t\t<\/div>\n\t\t\t\t\t<\/div>\n\t\t<\/div>\n\t\t\t\t\t<\/div>\n\t\t<\/section>\n\t\t\t\t<\/div>\n\t\t","protected":false},"excerpt":{"rendered":"<p>Once you have chosen your shed model,\u00a0select one of our 4 collections. The most popular option combinations for maximum value, adapted to your budget.<\/p>\n","protected":false},"author":1,"featured_media":0,"parent":6251,"menu_order":5,"comment_status":"closed","ping_status":"closed","template":"","meta":{"content-type":"","footnotes":""},"class_list":["post-9224","page","type-page","status-publish","hentry"],"yoast_head":"<!-- This site is optimized with the Yoast SEO plugin v27.4 - https:\/\/yoast.com\/product\/yoast-seo-wordpress\/ -->\n<title>Doors and windows colors - Garages et Cabanons Fontaine<\/title>\n<meta name=\"description\" content=\"Once you have chosen your shed model,\u00a0select one of our 4 collections. Our choice of doors and windors colors\" \/>\n<meta name=\"robots\" content=\"index, follow, max-snippet:-1, max-image-preview:large, max-video-preview:-1\" \/>\n<link rel=\"canonical\" href=\"https:\/\/cabanons.com\/en\/options-sheds\/doors-and-windows-colors\/\" \/>\n<meta property=\"og:locale\" content=\"en_US\" \/>\n<meta property=\"og:type\" content=\"article\" \/>\n<meta property=\"og:title\" content=\"Doors and windows colors - Garages et Cabanons Fontaine\" \/>\n<meta property=\"og:description\" content=\"Once you have chosen your shed model,\u00a0select one of our 4 collections. Our choice of doors and windors colors\" \/>\n<meta property=\"og:url\" content=\"https:\/\/cabanons.com\/en\/options-sheds\/doors-and-windows-colors\/\" \/>\n<meta property=\"og:site_name\" content=\"Garages et Cabanons Fontaine\" \/>\n<meta property=\"article:modified_time\" content=\"2024-12-09T16:11:30+00:00\" \/>\n<meta name=\"twitter:card\" content=\"summary_large_image\" \/>\n<meta name=\"twitter:label1\" content=\"Est. reading time\" \/>\n\t<meta name=\"twitter:data1\" content=\"38 minutes\" \/>\n<script type=\"application\/ld+json\" class=\"yoast-schema-graph\">{\"@context\":\"https:\\\/\\\/schema.org\",\"@graph\":[{\"@type\":\"WebPage\",\"@id\":\"https:\\\/\\\/cabanons.com\\\/en\\\/options-sheds\\\/doors-and-windows-colors\\\/\",\"url\":\"https:\\\/\\\/cabanons.com\\\/en\\\/options-sheds\\\/doors-and-windows-colors\\\/\",\"name\":\"Doors and windows colors - Garages et Cabanons Fontaine\",\"isPartOf\":{\"@id\":\"https:\\\/\\\/cabanons.com\\\/en\\\/#website\"},\"datePublished\":\"2021-12-10T20:55:05+00:00\",\"dateModified\":\"2024-12-09T16:11:30+00:00\",\"description\":\"Once you have chosen your shed model,\u00a0select one of our 4 collections. Our choice of doors and windors colors\",\"breadcrumb\":{\"@id\":\"https:\\\/\\\/cabanons.com\\\/en\\\/options-sheds\\\/doors-and-windows-colors\\\/#breadcrumb\"},\"inLanguage\":\"en-CA\",\"potentialAction\":[{\"@type\":\"ReadAction\",\"target\":[\"https:\\\/\\\/cabanons.com\\\/en\\\/options-sheds\\\/doors-and-windows-colors\\\/\"]}]},{\"@type\":\"BreadcrumbList\",\"@id\":\"https:\\\/\\\/cabanons.com\\\/en\\\/options-sheds\\\/doors-and-windows-colors\\\/#breadcrumb\",\"itemListElement\":[{\"@type\":\"ListItem\",\"position\":1,\"name\":\"Accueil\",\"item\":\"https:\\\/\\\/cabanons.com\\\/en\\\/\"},{\"@type\":\"ListItem\",\"position\":2,\"name\":\"Options for our sheds\",\"item\":\"https:\\\/\\\/cabanons.com\\\/en\\\/options-sheds\\\/\"},{\"@type\":\"ListItem\",\"position\":3,\"name\":\"Doors and windows colors\"}]},{\"@type\":\"WebSite\",\"@id\":\"https:\\\/\\\/cabanons.com\\\/en\\\/#website\",\"url\":\"https:\\\/\\\/cabanons.com\\\/en\\\/\",\"name\":\"Garages et Cabanons Fontaine\",\"description\":\"LA QUALIT\u00c9 IN\u00c9GAL\u00c9 DEPUIS 1976\",\"publisher\":{\"@id\":\"https:\\\/\\\/cabanons.com\\\/en\\\/#organization\"},\"potentialAction\":[{\"@type\":\"SearchAction\",\"target\":{\"@type\":\"EntryPoint\",\"urlTemplate\":\"https:\\\/\\\/cabanons.com\\\/en\\\/?s={search_term_string}\"},\"query-input\":{\"@type\":\"PropertyValueSpecification\",\"valueRequired\":true,\"valueName\":\"search_term_string\"}}],\"inLanguage\":\"en-CA\"},{\"@type\":\"Organization\",\"@id\":\"https:\\\/\\\/cabanons.com\\\/en\\\/#organization\",\"name\":\"Garages et Cabanons Fontaine\",\"url\":\"https:\\\/\\\/cabanons.com\\\/en\\\/\",\"logo\":{\"@type\":\"ImageObject\",\"inLanguage\":\"en-CA\",\"@id\":\"https:\\\/\\\/cabanons.com\\\/en\\\/#\\\/schema\\\/logo\\\/image\\\/\",\"url\":\"https:\\\/\\\/cabanons.com\\\/wp-content\\\/uploads\\\/2020\\\/11\\\/icone_Logo_Garages_et_Cabanons_Fontaine_horz.png\",\"contentUrl\":\"https:\\\/\\\/cabanons.com\\\/wp-content\\\/uploads\\\/2020\\\/11\\\/icone_Logo_Garages_et_Cabanons_Fontaine_horz.png\",\"width\":716,\"height\":156,\"caption\":\"Garages et Cabanons Fontaine\"},\"image\":{\"@id\":\"https:\\\/\\\/cabanons.com\\\/en\\\/#\\\/schema\\\/logo\\\/image\\\/\"}}]}<\/script>\n<!-- \/ Yoast SEO plugin. -->","yoast_head_json":{"title":"Doors and windows colors - Garages et Cabanons Fontaine","description":"Once you have chosen your shed model,\u00a0select one of our 4 collections. Our choice of doors and windors colors","robots":{"index":"index","follow":"follow","max-snippet":"max-snippet:-1","max-image-preview":"max-image-preview:large","max-video-preview":"max-video-preview:-1"},"canonical":"https:\/\/cabanons.com\/en\/options-sheds\/doors-and-windows-colors\/","og_locale":"en_US","og_type":"article","og_title":"Doors and windows colors - Garages et Cabanons Fontaine","og_description":"Once you have chosen your shed model,\u00a0select one of our 4 collections. Our choice of doors and windors colors","og_url":"https:\/\/cabanons.com\/en\/options-sheds\/doors-and-windows-colors\/","og_site_name":"Garages et Cabanons Fontaine","article_modified_time":"2024-12-09T16:11:30+00:00","twitter_card":"summary_large_image","twitter_misc":{"Est. reading time":"38 minutes"},"schema":{"@context":"https:\/\/schema.org","@graph":[{"@type":"WebPage","@id":"https:\/\/cabanons.com\/en\/options-sheds\/doors-and-windows-colors\/","url":"https:\/\/cabanons.com\/en\/options-sheds\/doors-and-windows-colors\/","name":"Doors and windows colors - Garages et Cabanons Fontaine","isPartOf":{"@id":"https:\/\/cabanons.com\/en\/#website"},"datePublished":"2021-12-10T20:55:05+00:00","dateModified":"2024-12-09T16:11:30+00:00","description":"Once you have chosen your shed model,\u00a0select one of our 4 collections. Our choice of doors and windors colors","breadcrumb":{"@id":"https:\/\/cabanons.com\/en\/options-sheds\/doors-and-windows-colors\/#breadcrumb"},"inLanguage":"en-CA","potentialAction":[{"@type":"ReadAction","target":["https:\/\/cabanons.com\/en\/options-sheds\/doors-and-windows-colors\/"]}]},{"@type":"BreadcrumbList","@id":"https:\/\/cabanons.com\/en\/options-sheds\/doors-and-windows-colors\/#breadcrumb","itemListElement":[{"@type":"ListItem","position":1,"name":"Accueil","item":"https:\/\/cabanons.com\/en\/"},{"@type":"ListItem","position":2,"name":"Options for our sheds","item":"https:\/\/cabanons.com\/en\/options-sheds\/"},{"@type":"ListItem","position":3,"name":"Doors and windows colors"}]},{"@type":"WebSite","@id":"https:\/\/cabanons.com\/en\/#website","url":"https:\/\/cabanons.com\/en\/","name":"Garages et Cabanons Fontaine","description":"LA QUALIT\u00c9 IN\u00c9GAL\u00c9 DEPUIS 1976","publisher":{"@id":"https:\/\/cabanons.com\/en\/#organization"},"potentialAction":[{"@type":"SearchAction","target":{"@type":"EntryPoint","urlTemplate":"https:\/\/cabanons.com\/en\/?s={search_term_string}"},"query-input":{"@type":"PropertyValueSpecification","valueRequired":true,"valueName":"search_term_string"}}],"inLanguage":"en-CA"},{"@type":"Organization","@id":"https:\/\/cabanons.com\/en\/#organization","name":"Garages et Cabanons Fontaine","url":"https:\/\/cabanons.com\/en\/","logo":{"@type":"ImageObject","inLanguage":"en-CA","@id":"https:\/\/cabanons.com\/en\/#\/schema\/logo\/image\/","url":"https:\/\/cabanons.com\/wp-content\/uploads\/2020\/11\/icone_Logo_Garages_et_Cabanons_Fontaine_horz.png","contentUrl":"https:\/\/cabanons.com\/wp-content\/uploads\/2020\/11\/icone_Logo_Garages_et_Cabanons_Fontaine_horz.png","width":716,"height":156,"caption":"Garages et Cabanons Fontaine"},"image":{"@id":"https:\/\/cabanons.com\/en\/#\/schema\/logo\/image\/"}}]}},"_links":{"self":[{"href":"https:\/\/cabanons.com\/en\/wp-json\/wp\/v2\/pages\/9224","targetHints":{"allow":["GET"]}}],"collection":[{"href":"https:\/\/cabanons.com\/en\/wp-json\/wp\/v2\/pages"}],"about":[{"href":"https:\/\/cabanons.com\/en\/wp-json\/wp\/v2\/types\/page"}],"author":[{"embeddable":true,"href":"https:\/\/cabanons.com\/en\/wp-json\/wp\/v2\/users\/1"}],"replies":[{"embeddable":true,"href":"https:\/\/cabanons.com\/en\/wp-json\/wp\/v2\/comments?post=9224"}],"version-history":[{"count":10,"href":"https:\/\/cabanons.com\/en\/wp-json\/wp\/v2\/pages\/9224\/revisions"}],"predecessor-version":[{"id":23816,"href":"https:\/\/cabanons.com\/en\/wp-json\/wp\/v2\/pages\/9224\/revisions\/23816"}],"up":[{"embeddable":true,"href":"https:\/\/cabanons.com\/en\/wp-json\/wp\/v2\/pages\/6251"}],"wp:attachment":[{"href":"https:\/\/cabanons.com\/en\/wp-json\/wp\/v2\/media?parent=9224"}],"curies":[{"name":"wp","href":"https:\/\/api.w.org\/{rel}","templated":true}]}}