{"id":12318,"date":"2022-03-29T14:12:58","date_gmt":"2022-04-07T14:07:49","guid":{"rendered":"https:\/\/cabanons.com\/product\/bretonne-8x10\/"},"modified":"2024-12-17T10:13:07","modified_gmt":"2024-12-17T15:13:07","slug":"bretonne-8x10-2-2","status":"publish","type":"product","link":"https:\/\/cabanons.com\/en\/product\/bretonne-8x10-2-2\/","title":{"rendered":"Bretonne 8&#215;10"},"content":{"rendered":"<p>Reference :<strong> CO-220564<\/strong><br \/>\nModel :<strong> Bretonne<\/strong><br \/>\nDimension : <strong>8&#8242; X 10&#8242;<\/strong><br \/>\nSidding :<strong> Vinyl Cafe (Gentek)<\/strong><br \/>\nRoofing : <strong>2-tone brown (BP)<\/strong><\/p>\n<p><strong>Specifications : <\/strong>*** TRANSPORT NOT INCLUDED***<\/p>\n","protected":false},"excerpt":{"rendered":"<p>Reference : CO-220564 Model : Bretonne Dimension : 8&#8242; X 10&#8242; Sidding : Vinyl Cafe (Gentek) Roofing : 2-tone brown (BP) Specifications : *** TRANSPORT NOT INCLUDED***<\/p>\n","protected":false},"featured_media":11270,"template":"","meta":{"content-type":""},"product_brand":[],"product_cat":[1163],"product_tag":[],"dimensions-des-demonstrateurs":[643],"code-de-produit":[640],"class_list":{"0":"post-12318","1":"product","2":"type-product","3":"status-publish","4":"has-post-thumbnail","6":"product_cat-bretonne-en","7":"dimensions-des-demonstrateurs-08-x-10-en","8":"code-de-produit-c0000-en","10":"first","11":"instock","12":"sale","13":"sold-individually","14":"shipping-taxable","15":"purchasable","16":"product-type-simple"},"yoast_head":"<!-- This site is optimized with the Yoast SEO plugin v27.3 - https:\/\/yoast.com\/product\/yoast-seo-wordpress\/ -->\n<title>Bretonne 8x10 - Garages et Cabanons Fontaine<\/title>\n<meta name=\"description\" content=\"Reference : CO-220564 Model : Bretonne Dimension : 8&#039; X 10&#039; Sidding : Vinyl Cafe (Gentek) Roofing : 2-tone brown (BP) Specifications : *** TRANSPORT NOT\" \/>\n<meta name=\"robots\" content=\"index, follow, max-snippet:-1, max-image-preview:large, max-video-preview:-1\" \/>\n<link rel=\"canonical\" href=\"https:\/\/cabanons.com\/en\/product\/bretonne-8x10-2-2\/\" \/>\n<meta property=\"og:locale\" content=\"en_US\" \/>\n<meta property=\"og:type\" content=\"article\" \/>\n<meta property=\"og:title\" content=\"Bretonne 8x10 - Garages et Cabanons Fontaine\" \/>\n<meta property=\"og:description\" content=\"Reference : CO-220564 Model : Bretonne Dimension : 8&#039; X 10&#039; Sidding : Vinyl Cafe (Gentek) Roofing : 2-tone brown (BP) Specifications : *** TRANSPORT NOT\" \/>\n<meta property=\"og:url\" content=\"https:\/\/cabanons.com\/en\/product\/bretonne-8x10-2-2\/\" \/>\n<meta property=\"og:site_name\" content=\"Garages et Cabanons Fontaine\" \/>\n<meta property=\"article:modified_time\" content=\"2024-12-17T15:13:07+00:00\" \/>\n<meta property=\"og:image\" content=\"https:\/\/cabanons.com\/wp-content\/uploads\/2022\/03\/CO-220564_VF.jpeg\" \/>\n\t<meta property=\"og:image:width\" content=\"805\" \/>\n\t<meta property=\"og:image:height\" content=\"604\" \/>\n\t<meta property=\"og:image:type\" content=\"image\/jpeg\" \/>\n<meta name=\"twitter:card\" content=\"summary_large_image\" \/>\n<script type=\"application\/ld+json\" class=\"yoast-schema-graph\">{\"@context\":\"https:\\\/\\\/schema.org\",\"@graph\":[{\"@type\":\"WebPage\",\"@id\":\"https:\\\/\\\/cabanons.com\\\/en\\\/product\\\/bretonne-8x10-2-2\\\/\",\"url\":\"https:\\\/\\\/cabanons.com\\\/en\\\/product\\\/bretonne-8x10-2-2\\\/\",\"name\":\"Bretonne 8x10 - Garages et Cabanons Fontaine\",\"isPartOf\":{\"@id\":\"https:\\\/\\\/cabanons.com\\\/en\\\/#website\"},\"primaryImageOfPage\":{\"@id\":\"https:\\\/\\\/cabanons.com\\\/en\\\/product\\\/bretonne-8x10-2-2\\\/#primaryimage\"},\"image\":{\"@id\":\"https:\\\/\\\/cabanons.com\\\/en\\\/product\\\/bretonne-8x10-2-2\\\/#primaryimage\"},\"thumbnailUrl\":\"https:\\\/\\\/cabanons.com\\\/wp-content\\\/uploads\\\/2022\\\/03\\\/CO-220564_VF.jpeg\",\"datePublished\":\"2022-04-07T14:07:49+00:00\",\"dateModified\":\"2024-12-17T15:13:07+00:00\",\"description\":\"Reference : CO-220564 Model : Bretonne Dimension : 8' X 10' Sidding : Vinyl Cafe (Gentek) Roofing : 2-tone brown (BP) Specifications : *** TRANSPORT NOT\",\"breadcrumb\":{\"@id\":\"https:\\\/\\\/cabanons.com\\\/en\\\/product\\\/bretonne-8x10-2-2\\\/#breadcrumb\"},\"inLanguage\":\"en-CA\",\"potentialAction\":[{\"@type\":\"ReadAction\",\"target\":[\"https:\\\/\\\/cabanons.com\\\/en\\\/product\\\/bretonne-8x10-2-2\\\/\"]}]},{\"@type\":\"ImageObject\",\"inLanguage\":\"en-CA\",\"@id\":\"https:\\\/\\\/cabanons.com\\\/en\\\/product\\\/bretonne-8x10-2-2\\\/#primaryimage\",\"url\":\"https:\\\/\\\/cabanons.com\\\/wp-content\\\/uploads\\\/2022\\\/03\\\/CO-220564_VF.jpeg\",\"contentUrl\":\"https:\\\/\\\/cabanons.com\\\/wp-content\\\/uploads\\\/2022\\\/03\\\/CO-220564_VF.jpeg\",\"width\":805,\"height\":604},{\"@type\":\"BreadcrumbList\",\"@id\":\"https:\\\/\\\/cabanons.com\\\/en\\\/product\\\/bretonne-8x10-2-2\\\/#breadcrumb\",\"itemListElement\":[{\"@type\":\"ListItem\",\"position\":1,\"name\":\"Accueil\",\"item\":\"https:\\\/\\\/cabanons.com\\\/en\\\/\"},{\"@type\":\"ListItem\",\"position\":2,\"name\":\"Demonstrator\",\"item\":\"https:\\\/\\\/cabanons.com\\\/en\\\/demonstrator\\\/\"},{\"@type\":\"ListItem\",\"position\":3,\"name\":\"Bretonne 8&#215;10\"}]},{\"@type\":\"WebSite\",\"@id\":\"https:\\\/\\\/cabanons.com\\\/en\\\/#website\",\"url\":\"https:\\\/\\\/cabanons.com\\\/en\\\/\",\"name\":\"Garages et Cabanons Fontaine\",\"description\":\"LA QUALIT\u00c9 IN\u00c9GAL\u00c9 DEPUIS 1976\",\"publisher\":{\"@id\":\"https:\\\/\\\/cabanons.com\\\/en\\\/#organization\"},\"potentialAction\":[{\"@type\":\"SearchAction\",\"target\":{\"@type\":\"EntryPoint\",\"urlTemplate\":\"https:\\\/\\\/cabanons.com\\\/en\\\/?s={search_term_string}\"},\"query-input\":{\"@type\":\"PropertyValueSpecification\",\"valueRequired\":true,\"valueName\":\"search_term_string\"}}],\"inLanguage\":\"en-CA\"},{\"@type\":\"Organization\",\"@id\":\"https:\\\/\\\/cabanons.com\\\/en\\\/#organization\",\"name\":\"Garages et Cabanons Fontaine\",\"url\":\"https:\\\/\\\/cabanons.com\\\/en\\\/\",\"logo\":{\"@type\":\"ImageObject\",\"inLanguage\":\"en-CA\",\"@id\":\"https:\\\/\\\/cabanons.com\\\/en\\\/#\\\/schema\\\/logo\\\/image\\\/\",\"url\":\"https:\\\/\\\/cabanons.com\\\/wp-content\\\/uploads\\\/2020\\\/11\\\/icone_Logo_Garages_et_Cabanons_Fontaine_horz.png\",\"contentUrl\":\"https:\\\/\\\/cabanons.com\\\/wp-content\\\/uploads\\\/2020\\\/11\\\/icone_Logo_Garages_et_Cabanons_Fontaine_horz.png\",\"width\":716,\"height\":156,\"caption\":\"Garages et Cabanons Fontaine\"},\"image\":{\"@id\":\"https:\\\/\\\/cabanons.com\\\/en\\\/#\\\/schema\\\/logo\\\/image\\\/\"}}]}<\/script>\n<!-- \/ Yoast SEO plugin. -->","yoast_head_json":{"title":"Bretonne 8x10 - Garages et Cabanons Fontaine","description":"Reference : CO-220564 Model : Bretonne Dimension : 8' X 10' Sidding : Vinyl Cafe (Gentek) Roofing : 2-tone brown (BP) Specifications : *** TRANSPORT NOT","robots":{"index":"index","follow":"follow","max-snippet":"max-snippet:-1","max-image-preview":"max-image-preview:large","max-video-preview":"max-video-preview:-1"},"canonical":"https:\/\/cabanons.com\/en\/product\/bretonne-8x10-2-2\/","og_locale":"en_US","og_type":"article","og_title":"Bretonne 8x10 - Garages et Cabanons Fontaine","og_description":"Reference : CO-220564 Model : Bretonne Dimension : 8' X 10' Sidding : Vinyl Cafe (Gentek) Roofing : 2-tone brown (BP) Specifications : *** TRANSPORT NOT","og_url":"https:\/\/cabanons.com\/en\/product\/bretonne-8x10-2-2\/","og_site_name":"Garages et Cabanons Fontaine","article_modified_time":"2024-12-17T15:13:07+00:00","og_image":[{"width":805,"height":604,"url":"https:\/\/cabanons.com\/wp-content\/uploads\/2022\/03\/CO-220564_VF.jpeg","type":"image\/jpeg"}],"twitter_card":"summary_large_image","schema":{"@context":"https:\/\/schema.org","@graph":[{"@type":"WebPage","@id":"https:\/\/cabanons.com\/en\/product\/bretonne-8x10-2-2\/","url":"https:\/\/cabanons.com\/en\/product\/bretonne-8x10-2-2\/","name":"Bretonne 8x10 - Garages et Cabanons Fontaine","isPartOf":{"@id":"https:\/\/cabanons.com\/en\/#website"},"primaryImageOfPage":{"@id":"https:\/\/cabanons.com\/en\/product\/bretonne-8x10-2-2\/#primaryimage"},"image":{"@id":"https:\/\/cabanons.com\/en\/product\/bretonne-8x10-2-2\/#primaryimage"},"thumbnailUrl":"https:\/\/cabanons.com\/wp-content\/uploads\/2022\/03\/CO-220564_VF.jpeg","datePublished":"2022-04-07T14:07:49+00:00","dateModified":"2024-12-17T15:13:07+00:00","description":"Reference : CO-220564 Model : Bretonne Dimension : 8' X 10' Sidding : Vinyl Cafe (Gentek) Roofing : 2-tone brown (BP) Specifications : *** TRANSPORT NOT","breadcrumb":{"@id":"https:\/\/cabanons.com\/en\/product\/bretonne-8x10-2-2\/#breadcrumb"},"inLanguage":"en-CA","potentialAction":[{"@type":"ReadAction","target":["https:\/\/cabanons.com\/en\/product\/bretonne-8x10-2-2\/"]}]},{"@type":"ImageObject","inLanguage":"en-CA","@id":"https:\/\/cabanons.com\/en\/product\/bretonne-8x10-2-2\/#primaryimage","url":"https:\/\/cabanons.com\/wp-content\/uploads\/2022\/03\/CO-220564_VF.jpeg","contentUrl":"https:\/\/cabanons.com\/wp-content\/uploads\/2022\/03\/CO-220564_VF.jpeg","width":805,"height":604},{"@type":"BreadcrumbList","@id":"https:\/\/cabanons.com\/en\/product\/bretonne-8x10-2-2\/#breadcrumb","itemListElement":[{"@type":"ListItem","position":1,"name":"Accueil","item":"https:\/\/cabanons.com\/en\/"},{"@type":"ListItem","position":2,"name":"Demonstrator","item":"https:\/\/cabanons.com\/en\/demonstrator\/"},{"@type":"ListItem","position":3,"name":"Bretonne 8&#215;10"}]},{"@type":"WebSite","@id":"https:\/\/cabanons.com\/en\/#website","url":"https:\/\/cabanons.com\/en\/","name":"Garages et Cabanons Fontaine","description":"LA QUALIT\u00c9 IN\u00c9GAL\u00c9 DEPUIS 1976","publisher":{"@id":"https:\/\/cabanons.com\/en\/#organization"},"potentialAction":[{"@type":"SearchAction","target":{"@type":"EntryPoint","urlTemplate":"https:\/\/cabanons.com\/en\/?s={search_term_string}"},"query-input":{"@type":"PropertyValueSpecification","valueRequired":true,"valueName":"search_term_string"}}],"inLanguage":"en-CA"},{"@type":"Organization","@id":"https:\/\/cabanons.com\/en\/#organization","name":"Garages et Cabanons Fontaine","url":"https:\/\/cabanons.com\/en\/","logo":{"@type":"ImageObject","inLanguage":"en-CA","@id":"https:\/\/cabanons.com\/en\/#\/schema\/logo\/image\/","url":"https:\/\/cabanons.com\/wp-content\/uploads\/2020\/11\/icone_Logo_Garages_et_Cabanons_Fontaine_horz.png","contentUrl":"https:\/\/cabanons.com\/wp-content\/uploads\/2020\/11\/icone_Logo_Garages_et_Cabanons_Fontaine_horz.png","width":716,"height":156,"caption":"Garages et Cabanons Fontaine"},"image":{"@id":"https:\/\/cabanons.com\/en\/#\/schema\/logo\/image\/"}}]}},"_links":{"self":[{"href":"https:\/\/cabanons.com\/en\/wp-json\/wp\/v2\/product\/12318","targetHints":{"allow":["GET"]}}],"collection":[{"href":"https:\/\/cabanons.com\/en\/wp-json\/wp\/v2\/product"}],"about":[{"href":"https:\/\/cabanons.com\/en\/wp-json\/wp\/v2\/types\/product"}],"wp:featuredmedia":[{"embeddable":true,"href":"https:\/\/cabanons.com\/en\/wp-json\/wp\/v2\/media\/11270"}],"wp:attachment":[{"href":"https:\/\/cabanons.com\/en\/wp-json\/wp\/v2\/media?parent=12318"}],"wp:term":[{"taxonomy":"product_brand","embeddable":true,"href":"https:\/\/cabanons.com\/en\/wp-json\/wp\/v2\/product_brand?post=12318"},{"taxonomy":"product_cat","embeddable":true,"href":"https:\/\/cabanons.com\/en\/wp-json\/wp\/v2\/product_cat?post=12318"},{"taxonomy":"product_tag","embeddable":true,"href":"https:\/\/cabanons.com\/en\/wp-json\/wp\/v2\/product_tag?post=12318"},{"taxonomy":"dimensions-des-demonstrateurs","embeddable":true,"href":"https:\/\/cabanons.com\/en\/wp-json\/wp\/v2\/dimensions-des-demonstrateurs?post=12318"},{"taxonomy":"code-de-produit","embeddable":true,"href":"https:\/\/cabanons.com\/en\/wp-json\/wp\/v2\/code-de-produit?post=12318"}],"curies":[{"name":"wp","href":"https:\/\/api.w.org\/{rel}","templated":true}]}}