{"id":25144,"date":"2024-09-25T11:01:16","date_gmt":"2024-09-25T15:01:16","guid":{"rendered":"https:\/\/cabanons.com\/?post_type=product&#038;p=25144"},"modified":"2024-12-17T10:49:50","modified_gmt":"2024-12-17T15:49:50","slug":"st-laurent-8-x-12-3","status":"publish","type":"product","link":"https:\/\/cabanons.com\/en\/product\/st-laurent-8-x-12-3\/","title":{"rendered":"ST-LAURENT 8&#8242; X 12&#8242;"},"content":{"rendered":"<p>Reference : <strong>CO-230512<br \/>\n<\/strong>Model :<strong> ST-LAURENT<\/strong><br \/>\nDimension :<strong> 8&#8242; X 12&#8242;<br \/>\n<\/strong>Sidding :<br \/>\n<strong>&#8211; Vinyl White (Gentek Driftwood)<br \/>\n&#8211; Inserting Mac Color Black<\/strong><\/p>\n<p>Roof :<br \/>\n<strong>&#8211; Shingle: 2-tone black (Mystique)<br \/>\n<\/strong><strong>&#8211; Cornice: White<\/strong><\/p>\n<p>Specifications <strong>:<br \/>\n&#8211; Door: Size 36&#8221;, Color white, Clear glass<br \/>\n&#8211; Window: Size 16&#8221; x 38&#8221;, Color white, Clear glass<br \/>\n&#8211; Wall height 88-1\/2<\/strong><\/p>\n<p>*** TRANSPORT NOT INCLUDED ***<\/p>\n","protected":false},"excerpt":{"rendered":"<p>Reference : CO-230512 Model : ST-LAURENT Dimension : 8&#8242; X 12&#8242; Sidding : &#8211; Vinyl White (Gentek Driftwood) &#8211; Inserting Mac Color Black Roof : &#8211; Shingle: 2-tone black (Mystique) &#8211; Cornice: White Specifications : &#8211; Door: Size 36&#8221;, Color white, Clear glass &#8211; Window: Size 16&#8221; x 38&#8221;, Color white, Clear glass &#8211; Wall [&hellip;]<\/p>\n","protected":false},"featured_media":22401,"template":"","meta":{"content-type":""},"product_brand":[],"product_cat":[642],"product_tag":[],"dimensions-des-demonstrateurs":[641],"code-de-produit":[640],"class_list":{"0":"post-25144","1":"product","2":"type-product","3":"status-publish","4":"has-post-thumbnail","6":"product_cat-st-laurent-en","7":"dimensions-des-demonstrateurs-08-x-12-en","8":"code-de-produit-c0000-en","10":"first","11":"instock","12":"sale","13":"shipping-taxable","14":"purchasable","15":"product-type-simple"},"yoast_head":"<!-- This site is optimized with the Yoast SEO plugin v27.4 - https:\/\/yoast.com\/product\/yoast-seo-wordpress\/ -->\n<title>ST-LAURENT 8&#039; X 12&#039; - Garages et Cabanons Fontaine<\/title>\n<meta name=\"description\" content=\"Reference : CO-230512 Model : ST-LAURENT Dimension : 8&#039; X 12&#039; Sidding : - Vinyl White (Gentek Driftwood) - Inserting Mac Color Black Roof : - Shingle:\" \/>\n<meta name=\"robots\" content=\"index, follow, max-snippet:-1, max-image-preview:large, max-video-preview:-1\" \/>\n<link rel=\"canonical\" href=\"https:\/\/cabanons.com\/en\/product\/st-laurent-8-x-12-3\/\" \/>\n<meta property=\"og:locale\" content=\"en_US\" \/>\n<meta property=\"og:type\" content=\"article\" \/>\n<meta property=\"og:title\" content=\"ST-LAURENT 8&#039; X 12&#039; - Garages et Cabanons Fontaine\" \/>\n<meta property=\"og:description\" content=\"Reference : CO-230512 Model : ST-LAURENT Dimension : 8&#039; X 12&#039; Sidding : - Vinyl White (Gentek Driftwood) - Inserting Mac Color Black Roof : - Shingle:\" \/>\n<meta property=\"og:url\" content=\"https:\/\/cabanons.com\/en\/product\/st-laurent-8-x-12-3\/\" \/>\n<meta property=\"og:site_name\" content=\"Garages et Cabanons Fontaine\" \/>\n<meta property=\"article:modified_time\" content=\"2024-12-17T15:49:50+00:00\" \/>\n<meta property=\"og:image\" content=\"https:\/\/cabanons.com\/wp-content\/uploads\/2024\/09\/230512.png\" \/>\n\t<meta property=\"og:image:width\" content=\"1200\" \/>\n\t<meta property=\"og:image:height\" content=\"900\" \/>\n\t<meta property=\"og:image:type\" content=\"image\/png\" \/>\n<meta name=\"twitter:card\" content=\"summary_large_image\" \/>\n<script type=\"application\/ld+json\" class=\"yoast-schema-graph\">{\"@context\":\"https:\\\/\\\/schema.org\",\"@graph\":[{\"@type\":\"WebPage\",\"@id\":\"https:\\\/\\\/cabanons.com\\\/en\\\/product\\\/st-laurent-8-x-12-3\\\/\",\"url\":\"https:\\\/\\\/cabanons.com\\\/en\\\/product\\\/st-laurent-8-x-12-3\\\/\",\"name\":\"ST-LAURENT 8' X 12' - Garages et Cabanons Fontaine\",\"isPartOf\":{\"@id\":\"https:\\\/\\\/cabanons.com\\\/en\\\/#website\"},\"primaryImageOfPage\":{\"@id\":\"https:\\\/\\\/cabanons.com\\\/en\\\/product\\\/st-laurent-8-x-12-3\\\/#primaryimage\"},\"image\":{\"@id\":\"https:\\\/\\\/cabanons.com\\\/en\\\/product\\\/st-laurent-8-x-12-3\\\/#primaryimage\"},\"thumbnailUrl\":\"https:\\\/\\\/cabanons.com\\\/wp-content\\\/uploads\\\/2024\\\/09\\\/230512.png\",\"datePublished\":\"2024-09-25T15:01:16+00:00\",\"dateModified\":\"2024-12-17T15:49:50+00:00\",\"description\":\"Reference : CO-230512 Model : ST-LAURENT Dimension : 8' X 12' Sidding : - Vinyl White (Gentek Driftwood) - Inserting Mac Color Black Roof : - Shingle:\",\"breadcrumb\":{\"@id\":\"https:\\\/\\\/cabanons.com\\\/en\\\/product\\\/st-laurent-8-x-12-3\\\/#breadcrumb\"},\"inLanguage\":\"en-CA\",\"potentialAction\":[{\"@type\":\"ReadAction\",\"target\":[\"https:\\\/\\\/cabanons.com\\\/en\\\/product\\\/st-laurent-8-x-12-3\\\/\"]}]},{\"@type\":\"ImageObject\",\"inLanguage\":\"en-CA\",\"@id\":\"https:\\\/\\\/cabanons.com\\\/en\\\/product\\\/st-laurent-8-x-12-3\\\/#primaryimage\",\"url\":\"https:\\\/\\\/cabanons.com\\\/wp-content\\\/uploads\\\/2024\\\/09\\\/230512.png\",\"contentUrl\":\"https:\\\/\\\/cabanons.com\\\/wp-content\\\/uploads\\\/2024\\\/09\\\/230512.png\",\"width\":1200,\"height\":900},{\"@type\":\"BreadcrumbList\",\"@id\":\"https:\\\/\\\/cabanons.com\\\/en\\\/product\\\/st-laurent-8-x-12-3\\\/#breadcrumb\",\"itemListElement\":[{\"@type\":\"ListItem\",\"position\":1,\"name\":\"Accueil\",\"item\":\"https:\\\/\\\/cabanons.com\\\/en\\\/\"},{\"@type\":\"ListItem\",\"position\":2,\"name\":\"Demonstrator\",\"item\":\"https:\\\/\\\/cabanons.com\\\/en\\\/demonstrator\\\/\"},{\"@type\":\"ListItem\",\"position\":3,\"name\":\"ST-LAURENT 8&#8242; X 12&#8242;\"}]},{\"@type\":\"WebSite\",\"@id\":\"https:\\\/\\\/cabanons.com\\\/en\\\/#website\",\"url\":\"https:\\\/\\\/cabanons.com\\\/en\\\/\",\"name\":\"Garages et Cabanons Fontaine\",\"description\":\"LA QUALIT\u00c9 IN\u00c9GAL\u00c9 DEPUIS 1976\",\"publisher\":{\"@id\":\"https:\\\/\\\/cabanons.com\\\/en\\\/#organization\"},\"potentialAction\":[{\"@type\":\"SearchAction\",\"target\":{\"@type\":\"EntryPoint\",\"urlTemplate\":\"https:\\\/\\\/cabanons.com\\\/en\\\/?s={search_term_string}\"},\"query-input\":{\"@type\":\"PropertyValueSpecification\",\"valueRequired\":true,\"valueName\":\"search_term_string\"}}],\"inLanguage\":\"en-CA\"},{\"@type\":\"Organization\",\"@id\":\"https:\\\/\\\/cabanons.com\\\/en\\\/#organization\",\"name\":\"Garages et Cabanons Fontaine\",\"url\":\"https:\\\/\\\/cabanons.com\\\/en\\\/\",\"logo\":{\"@type\":\"ImageObject\",\"inLanguage\":\"en-CA\",\"@id\":\"https:\\\/\\\/cabanons.com\\\/en\\\/#\\\/schema\\\/logo\\\/image\\\/\",\"url\":\"https:\\\/\\\/cabanons.com\\\/wp-content\\\/uploads\\\/2020\\\/11\\\/icone_Logo_Garages_et_Cabanons_Fontaine_horz.png\",\"contentUrl\":\"https:\\\/\\\/cabanons.com\\\/wp-content\\\/uploads\\\/2020\\\/11\\\/icone_Logo_Garages_et_Cabanons_Fontaine_horz.png\",\"width\":716,\"height\":156,\"caption\":\"Garages et Cabanons Fontaine\"},\"image\":{\"@id\":\"https:\\\/\\\/cabanons.com\\\/en\\\/#\\\/schema\\\/logo\\\/image\\\/\"}}]}<\/script>\n<!-- \/ Yoast SEO plugin. -->","yoast_head_json":{"title":"ST-LAURENT 8' X 12' - Garages et Cabanons Fontaine","description":"Reference : CO-230512 Model : ST-LAURENT Dimension : 8' X 12' Sidding : - Vinyl White (Gentek Driftwood) - Inserting Mac Color Black Roof : - Shingle:","robots":{"index":"index","follow":"follow","max-snippet":"max-snippet:-1","max-image-preview":"max-image-preview:large","max-video-preview":"max-video-preview:-1"},"canonical":"https:\/\/cabanons.com\/en\/product\/st-laurent-8-x-12-3\/","og_locale":"en_US","og_type":"article","og_title":"ST-LAURENT 8' X 12' - Garages et Cabanons Fontaine","og_description":"Reference : CO-230512 Model : ST-LAURENT Dimension : 8' X 12' Sidding : - Vinyl White (Gentek Driftwood) - Inserting Mac Color Black Roof : - Shingle:","og_url":"https:\/\/cabanons.com\/en\/product\/st-laurent-8-x-12-3\/","og_site_name":"Garages et Cabanons Fontaine","article_modified_time":"2024-12-17T15:49:50+00:00","og_image":[{"width":1200,"height":900,"url":"https:\/\/cabanons.com\/wp-content\/uploads\/2024\/09\/230512.png","type":"image\/png"}],"twitter_card":"summary_large_image","schema":{"@context":"https:\/\/schema.org","@graph":[{"@type":"WebPage","@id":"https:\/\/cabanons.com\/en\/product\/st-laurent-8-x-12-3\/","url":"https:\/\/cabanons.com\/en\/product\/st-laurent-8-x-12-3\/","name":"ST-LAURENT 8' X 12' - Garages et Cabanons Fontaine","isPartOf":{"@id":"https:\/\/cabanons.com\/en\/#website"},"primaryImageOfPage":{"@id":"https:\/\/cabanons.com\/en\/product\/st-laurent-8-x-12-3\/#primaryimage"},"image":{"@id":"https:\/\/cabanons.com\/en\/product\/st-laurent-8-x-12-3\/#primaryimage"},"thumbnailUrl":"https:\/\/cabanons.com\/wp-content\/uploads\/2024\/09\/230512.png","datePublished":"2024-09-25T15:01:16+00:00","dateModified":"2024-12-17T15:49:50+00:00","description":"Reference : CO-230512 Model : ST-LAURENT Dimension : 8' X 12' Sidding : - Vinyl White (Gentek Driftwood) - Inserting Mac Color Black Roof : - Shingle:","breadcrumb":{"@id":"https:\/\/cabanons.com\/en\/product\/st-laurent-8-x-12-3\/#breadcrumb"},"inLanguage":"en-CA","potentialAction":[{"@type":"ReadAction","target":["https:\/\/cabanons.com\/en\/product\/st-laurent-8-x-12-3\/"]}]},{"@type":"ImageObject","inLanguage":"en-CA","@id":"https:\/\/cabanons.com\/en\/product\/st-laurent-8-x-12-3\/#primaryimage","url":"https:\/\/cabanons.com\/wp-content\/uploads\/2024\/09\/230512.png","contentUrl":"https:\/\/cabanons.com\/wp-content\/uploads\/2024\/09\/230512.png","width":1200,"height":900},{"@type":"BreadcrumbList","@id":"https:\/\/cabanons.com\/en\/product\/st-laurent-8-x-12-3\/#breadcrumb","itemListElement":[{"@type":"ListItem","position":1,"name":"Accueil","item":"https:\/\/cabanons.com\/en\/"},{"@type":"ListItem","position":2,"name":"Demonstrator","item":"https:\/\/cabanons.com\/en\/demonstrator\/"},{"@type":"ListItem","position":3,"name":"ST-LAURENT 8&#8242; X 12&#8242;"}]},{"@type":"WebSite","@id":"https:\/\/cabanons.com\/en\/#website","url":"https:\/\/cabanons.com\/en\/","name":"Garages et Cabanons Fontaine","description":"LA QUALIT\u00c9 IN\u00c9GAL\u00c9 DEPUIS 1976","publisher":{"@id":"https:\/\/cabanons.com\/en\/#organization"},"potentialAction":[{"@type":"SearchAction","target":{"@type":"EntryPoint","urlTemplate":"https:\/\/cabanons.com\/en\/?s={search_term_string}"},"query-input":{"@type":"PropertyValueSpecification","valueRequired":true,"valueName":"search_term_string"}}],"inLanguage":"en-CA"},{"@type":"Organization","@id":"https:\/\/cabanons.com\/en\/#organization","name":"Garages et Cabanons Fontaine","url":"https:\/\/cabanons.com\/en\/","logo":{"@type":"ImageObject","inLanguage":"en-CA","@id":"https:\/\/cabanons.com\/en\/#\/schema\/logo\/image\/","url":"https:\/\/cabanons.com\/wp-content\/uploads\/2020\/11\/icone_Logo_Garages_et_Cabanons_Fontaine_horz.png","contentUrl":"https:\/\/cabanons.com\/wp-content\/uploads\/2020\/11\/icone_Logo_Garages_et_Cabanons_Fontaine_horz.png","width":716,"height":156,"caption":"Garages et Cabanons Fontaine"},"image":{"@id":"https:\/\/cabanons.com\/en\/#\/schema\/logo\/image\/"}}]}},"_links":{"self":[{"href":"https:\/\/cabanons.com\/en\/wp-json\/wp\/v2\/product\/25144","targetHints":{"allow":["GET"]}}],"collection":[{"href":"https:\/\/cabanons.com\/en\/wp-json\/wp\/v2\/product"}],"about":[{"href":"https:\/\/cabanons.com\/en\/wp-json\/wp\/v2\/types\/product"}],"wp:featuredmedia":[{"embeddable":true,"href":"https:\/\/cabanons.com\/en\/wp-json\/wp\/v2\/media\/22401"}],"wp:attachment":[{"href":"https:\/\/cabanons.com\/en\/wp-json\/wp\/v2\/media?parent=25144"}],"wp:term":[{"taxonomy":"product_brand","embeddable":true,"href":"https:\/\/cabanons.com\/en\/wp-json\/wp\/v2\/product_brand?post=25144"},{"taxonomy":"product_cat","embeddable":true,"href":"https:\/\/cabanons.com\/en\/wp-json\/wp\/v2\/product_cat?post=25144"},{"taxonomy":"product_tag","embeddable":true,"href":"https:\/\/cabanons.com\/en\/wp-json\/wp\/v2\/product_tag?post=25144"},{"taxonomy":"dimensions-des-demonstrateurs","embeddable":true,"href":"https:\/\/cabanons.com\/en\/wp-json\/wp\/v2\/dimensions-des-demonstrateurs?post=25144"},{"taxonomy":"code-de-produit","embeddable":true,"href":"https:\/\/cabanons.com\/en\/wp-json\/wp\/v2\/code-de-produit?post=25144"}],"curies":[{"name":"wp","href":"https:\/\/api.w.org\/{rel}","templated":true}]}}