{"id":25146,"date":"2024-09-20T14:14:08","date_gmt":"2024-12-17T15:53:22","guid":{"rendered":"https:\/\/cabanons.com\/?post_type=product&#038;p=25146"},"modified":"2024-12-17T10:53:23","modified_gmt":"2024-12-17T15:53:23","slug":"oslo-6-x-10","status":"publish","type":"product","link":"https:\/\/cabanons.com\/en\/product\/oslo-6-x-10\/","title":{"rendered":"OSLO 6&#8242; X 10&#8242;"},"content":{"rendered":"<p>Reference : <strong>CO-230564<br \/>\n<\/strong>Model :<strong> OSLO<\/strong><br \/>\nDimension :<strong> 6&#8242; X 10&#8242;<br \/>\n<\/strong>Sidding : <strong>Vinyl Clay (Gentek Sequoia)<\/strong><\/p>\n<p>Roof :<br \/>\n<strong>&#8211; Shingle: 2-tone black (Mystique)<br \/>\n<\/strong><strong>&#8211; Cornice : Black<\/strong><\/p>\n<p>Specifications <strong>:<br \/>\n&#8211; Door: Dimension 36&#8221;, Bright red color<br \/>\n&#8211; Window: Size 26&#8221; x 16&#8221;, Color black, Clear glass<\/strong><\/p>\n<p>*** TRANSPORT NOT INCLUDED ***<\/p>\n","protected":false},"excerpt":{"rendered":"<p>Reference : CO-230564 Model : OSLO Dimension : 6&#8242; X 10&#8242; Sidding : Vinyl Clay (Gentek Sequoia) Roof : &#8211; Shingle: 2-tone black (Mystique) &#8211; Cornice : Black Specifications : &#8211; Door: Dimension 36&#8221;, Bright red color &#8211; Window: Size 26&#8221; x 16&#8221;, Color black, Clear glass *** TRANSPORT NOT INCLUDED ***<\/p>\n","protected":false},"featured_media":22383,"template":"","meta":{"content-type":""},"product_brand":[],"product_cat":[2151],"product_tag":[],"dimensions-des-demonstrateurs":[1166],"code-de-produit":[640],"class_list":{"0":"post-25146","1":"product","2":"type-product","3":"status-publish","4":"has-post-thumbnail","6":"product_cat-oslo-en","7":"dimensions-des-demonstrateurs-06-x-10-en","8":"code-de-produit-c0000-en","10":"first","11":"instock","12":"sale","13":"shipping-taxable","14":"purchasable","15":"product-type-simple"},"yoast_head":"<!-- This site is optimized with the Yoast SEO plugin v27.4 - https:\/\/yoast.com\/product\/yoast-seo-wordpress\/ -->\n<title>OSLO 6&#039; X 10&#039; - Garages et Cabanons Fontaine<\/title>\n<meta name=\"description\" content=\"Reference : CO-230564 Model : OSLO Dimension : 6&#039; X 10&#039; Sidding : Vinyl Clay (Gentek Sequoia) Roof : - Shingle: 2-tone black (Mystique) - Cornice : Black\" \/>\n<meta name=\"robots\" content=\"index, follow, max-snippet:-1, max-image-preview:large, max-video-preview:-1\" \/>\n<link rel=\"canonical\" href=\"https:\/\/cabanons.com\/en\/product\/oslo-6-x-10\/\" \/>\n<meta property=\"og:locale\" content=\"en_US\" \/>\n<meta property=\"og:type\" content=\"article\" \/>\n<meta property=\"og:title\" content=\"OSLO 6&#039; X 10&#039; - Garages et Cabanons Fontaine\" \/>\n<meta property=\"og:description\" content=\"Reference : CO-230564 Model : OSLO Dimension : 6&#039; X 10&#039; Sidding : Vinyl Clay (Gentek Sequoia) Roof : - Shingle: 2-tone black (Mystique) - Cornice : Black\" \/>\n<meta property=\"og:url\" content=\"https:\/\/cabanons.com\/en\/product\/oslo-6-x-10\/\" \/>\n<meta property=\"og:site_name\" content=\"Garages et Cabanons Fontaine\" \/>\n<meta property=\"article:modified_time\" content=\"2024-12-17T15:53:23+00:00\" \/>\n<meta property=\"og:image\" content=\"https:\/\/cabanons.com\/wp-content\/uploads\/2024\/09\/230564-1.png\" \/>\n\t<meta property=\"og:image:width\" content=\"900\" \/>\n\t<meta property=\"og:image:height\" content=\"1200\" \/>\n\t<meta property=\"og:image:type\" content=\"image\/png\" \/>\n<meta name=\"twitter:card\" content=\"summary_large_image\" \/>\n<script type=\"application\/ld+json\" class=\"yoast-schema-graph\">{\"@context\":\"https:\\\/\\\/schema.org\",\"@graph\":[{\"@type\":\"WebPage\",\"@id\":\"https:\\\/\\\/cabanons.com\\\/en\\\/product\\\/oslo-6-x-10\\\/\",\"url\":\"https:\\\/\\\/cabanons.com\\\/en\\\/product\\\/oslo-6-x-10\\\/\",\"name\":\"OSLO 6' X 10' - Garages et Cabanons Fontaine\",\"isPartOf\":{\"@id\":\"https:\\\/\\\/cabanons.com\\\/en\\\/#website\"},\"primaryImageOfPage\":{\"@id\":\"https:\\\/\\\/cabanons.com\\\/en\\\/product\\\/oslo-6-x-10\\\/#primaryimage\"},\"image\":{\"@id\":\"https:\\\/\\\/cabanons.com\\\/en\\\/product\\\/oslo-6-x-10\\\/#primaryimage\"},\"thumbnailUrl\":\"https:\\\/\\\/cabanons.com\\\/wp-content\\\/uploads\\\/2024\\\/09\\\/230564-1.png\",\"datePublished\":\"2024-12-17T15:53:22+00:00\",\"dateModified\":\"2024-12-17T15:53:23+00:00\",\"description\":\"Reference : CO-230564 Model : OSLO Dimension : 6' X 10' Sidding : Vinyl Clay (Gentek Sequoia) Roof : - Shingle: 2-tone black (Mystique) - Cornice : Black\",\"breadcrumb\":{\"@id\":\"https:\\\/\\\/cabanons.com\\\/en\\\/product\\\/oslo-6-x-10\\\/#breadcrumb\"},\"inLanguage\":\"en-CA\",\"potentialAction\":[{\"@type\":\"ReadAction\",\"target\":[\"https:\\\/\\\/cabanons.com\\\/en\\\/product\\\/oslo-6-x-10\\\/\"]}]},{\"@type\":\"ImageObject\",\"inLanguage\":\"en-CA\",\"@id\":\"https:\\\/\\\/cabanons.com\\\/en\\\/product\\\/oslo-6-x-10\\\/#primaryimage\",\"url\":\"https:\\\/\\\/cabanons.com\\\/wp-content\\\/uploads\\\/2024\\\/09\\\/230564-1.png\",\"contentUrl\":\"https:\\\/\\\/cabanons.com\\\/wp-content\\\/uploads\\\/2024\\\/09\\\/230564-1.png\",\"width\":900,\"height\":1200},{\"@type\":\"BreadcrumbList\",\"@id\":\"https:\\\/\\\/cabanons.com\\\/en\\\/product\\\/oslo-6-x-10\\\/#breadcrumb\",\"itemListElement\":[{\"@type\":\"ListItem\",\"position\":1,\"name\":\"Accueil\",\"item\":\"https:\\\/\\\/cabanons.com\\\/en\\\/\"},{\"@type\":\"ListItem\",\"position\":2,\"name\":\"Demonstrator\",\"item\":\"https:\\\/\\\/cabanons.com\\\/en\\\/demonstrator\\\/\"},{\"@type\":\"ListItem\",\"position\":3,\"name\":\"OSLO 6&#8242; X 10&#8242;\"}]},{\"@type\":\"WebSite\",\"@id\":\"https:\\\/\\\/cabanons.com\\\/en\\\/#website\",\"url\":\"https:\\\/\\\/cabanons.com\\\/en\\\/\",\"name\":\"Garages et Cabanons Fontaine\",\"description\":\"LA QUALIT\u00c9 IN\u00c9GAL\u00c9 DEPUIS 1976\",\"publisher\":{\"@id\":\"https:\\\/\\\/cabanons.com\\\/en\\\/#organization\"},\"potentialAction\":[{\"@type\":\"SearchAction\",\"target\":{\"@type\":\"EntryPoint\",\"urlTemplate\":\"https:\\\/\\\/cabanons.com\\\/en\\\/?s={search_term_string}\"},\"query-input\":{\"@type\":\"PropertyValueSpecification\",\"valueRequired\":true,\"valueName\":\"search_term_string\"}}],\"inLanguage\":\"en-CA\"},{\"@type\":\"Organization\",\"@id\":\"https:\\\/\\\/cabanons.com\\\/en\\\/#organization\",\"name\":\"Garages et Cabanons Fontaine\",\"url\":\"https:\\\/\\\/cabanons.com\\\/en\\\/\",\"logo\":{\"@type\":\"ImageObject\",\"inLanguage\":\"en-CA\",\"@id\":\"https:\\\/\\\/cabanons.com\\\/en\\\/#\\\/schema\\\/logo\\\/image\\\/\",\"url\":\"https:\\\/\\\/cabanons.com\\\/wp-content\\\/uploads\\\/2020\\\/11\\\/icone_Logo_Garages_et_Cabanons_Fontaine_horz.png\",\"contentUrl\":\"https:\\\/\\\/cabanons.com\\\/wp-content\\\/uploads\\\/2020\\\/11\\\/icone_Logo_Garages_et_Cabanons_Fontaine_horz.png\",\"width\":716,\"height\":156,\"caption\":\"Garages et Cabanons Fontaine\"},\"image\":{\"@id\":\"https:\\\/\\\/cabanons.com\\\/en\\\/#\\\/schema\\\/logo\\\/image\\\/\"}}]}<\/script>\n<!-- \/ Yoast SEO plugin. -->","yoast_head_json":{"title":"OSLO 6' X 10' - Garages et Cabanons Fontaine","description":"Reference : CO-230564 Model : OSLO Dimension : 6' X 10' Sidding : Vinyl Clay (Gentek Sequoia) Roof : - Shingle: 2-tone black (Mystique) - Cornice : Black","robots":{"index":"index","follow":"follow","max-snippet":"max-snippet:-1","max-image-preview":"max-image-preview:large","max-video-preview":"max-video-preview:-1"},"canonical":"https:\/\/cabanons.com\/en\/product\/oslo-6-x-10\/","og_locale":"en_US","og_type":"article","og_title":"OSLO 6' X 10' - Garages et Cabanons Fontaine","og_description":"Reference : CO-230564 Model : OSLO Dimension : 6' X 10' Sidding : Vinyl Clay (Gentek Sequoia) Roof : - Shingle: 2-tone black (Mystique) - Cornice : Black","og_url":"https:\/\/cabanons.com\/en\/product\/oslo-6-x-10\/","og_site_name":"Garages et Cabanons Fontaine","article_modified_time":"2024-12-17T15:53:23+00:00","og_image":[{"width":900,"height":1200,"url":"https:\/\/cabanons.com\/wp-content\/uploads\/2024\/09\/230564-1.png","type":"image\/png"}],"twitter_card":"summary_large_image","schema":{"@context":"https:\/\/schema.org","@graph":[{"@type":"WebPage","@id":"https:\/\/cabanons.com\/en\/product\/oslo-6-x-10\/","url":"https:\/\/cabanons.com\/en\/product\/oslo-6-x-10\/","name":"OSLO 6' X 10' - Garages et Cabanons Fontaine","isPartOf":{"@id":"https:\/\/cabanons.com\/en\/#website"},"primaryImageOfPage":{"@id":"https:\/\/cabanons.com\/en\/product\/oslo-6-x-10\/#primaryimage"},"image":{"@id":"https:\/\/cabanons.com\/en\/product\/oslo-6-x-10\/#primaryimage"},"thumbnailUrl":"https:\/\/cabanons.com\/wp-content\/uploads\/2024\/09\/230564-1.png","datePublished":"2024-12-17T15:53:22+00:00","dateModified":"2024-12-17T15:53:23+00:00","description":"Reference : CO-230564 Model : OSLO Dimension : 6' X 10' Sidding : Vinyl Clay (Gentek Sequoia) Roof : - Shingle: 2-tone black (Mystique) - Cornice : Black","breadcrumb":{"@id":"https:\/\/cabanons.com\/en\/product\/oslo-6-x-10\/#breadcrumb"},"inLanguage":"en-CA","potentialAction":[{"@type":"ReadAction","target":["https:\/\/cabanons.com\/en\/product\/oslo-6-x-10\/"]}]},{"@type":"ImageObject","inLanguage":"en-CA","@id":"https:\/\/cabanons.com\/en\/product\/oslo-6-x-10\/#primaryimage","url":"https:\/\/cabanons.com\/wp-content\/uploads\/2024\/09\/230564-1.png","contentUrl":"https:\/\/cabanons.com\/wp-content\/uploads\/2024\/09\/230564-1.png","width":900,"height":1200},{"@type":"BreadcrumbList","@id":"https:\/\/cabanons.com\/en\/product\/oslo-6-x-10\/#breadcrumb","itemListElement":[{"@type":"ListItem","position":1,"name":"Accueil","item":"https:\/\/cabanons.com\/en\/"},{"@type":"ListItem","position":2,"name":"Demonstrator","item":"https:\/\/cabanons.com\/en\/demonstrator\/"},{"@type":"ListItem","position":3,"name":"OSLO 6&#8242; X 10&#8242;"}]},{"@type":"WebSite","@id":"https:\/\/cabanons.com\/en\/#website","url":"https:\/\/cabanons.com\/en\/","name":"Garages et Cabanons Fontaine","description":"LA QUALIT\u00c9 IN\u00c9GAL\u00c9 DEPUIS 1976","publisher":{"@id":"https:\/\/cabanons.com\/en\/#organization"},"potentialAction":[{"@type":"SearchAction","target":{"@type":"EntryPoint","urlTemplate":"https:\/\/cabanons.com\/en\/?s={search_term_string}"},"query-input":{"@type":"PropertyValueSpecification","valueRequired":true,"valueName":"search_term_string"}}],"inLanguage":"en-CA"},{"@type":"Organization","@id":"https:\/\/cabanons.com\/en\/#organization","name":"Garages et Cabanons Fontaine","url":"https:\/\/cabanons.com\/en\/","logo":{"@type":"ImageObject","inLanguage":"en-CA","@id":"https:\/\/cabanons.com\/en\/#\/schema\/logo\/image\/","url":"https:\/\/cabanons.com\/wp-content\/uploads\/2020\/11\/icone_Logo_Garages_et_Cabanons_Fontaine_horz.png","contentUrl":"https:\/\/cabanons.com\/wp-content\/uploads\/2020\/11\/icone_Logo_Garages_et_Cabanons_Fontaine_horz.png","width":716,"height":156,"caption":"Garages et Cabanons Fontaine"},"image":{"@id":"https:\/\/cabanons.com\/en\/#\/schema\/logo\/image\/"}}]}},"_links":{"self":[{"href":"https:\/\/cabanons.com\/en\/wp-json\/wp\/v2\/product\/25146","targetHints":{"allow":["GET"]}}],"collection":[{"href":"https:\/\/cabanons.com\/en\/wp-json\/wp\/v2\/product"}],"about":[{"href":"https:\/\/cabanons.com\/en\/wp-json\/wp\/v2\/types\/product"}],"wp:featuredmedia":[{"embeddable":true,"href":"https:\/\/cabanons.com\/en\/wp-json\/wp\/v2\/media\/22383"}],"wp:attachment":[{"href":"https:\/\/cabanons.com\/en\/wp-json\/wp\/v2\/media?parent=25146"}],"wp:term":[{"taxonomy":"product_brand","embeddable":true,"href":"https:\/\/cabanons.com\/en\/wp-json\/wp\/v2\/product_brand?post=25146"},{"taxonomy":"product_cat","embeddable":true,"href":"https:\/\/cabanons.com\/en\/wp-json\/wp\/v2\/product_cat?post=25146"},{"taxonomy":"product_tag","embeddable":true,"href":"https:\/\/cabanons.com\/en\/wp-json\/wp\/v2\/product_tag?post=25146"},{"taxonomy":"dimensions-des-demonstrateurs","embeddable":true,"href":"https:\/\/cabanons.com\/en\/wp-json\/wp\/v2\/dimensions-des-demonstrateurs?post=25146"},{"taxonomy":"code-de-produit","embeddable":true,"href":"https:\/\/cabanons.com\/en\/wp-json\/wp\/v2\/code-de-produit?post=25146"}],"curies":[{"name":"wp","href":"https:\/\/api.w.org\/{rel}","templated":true}]}}