{"id":25166,"date":"2023-10-10T13:41:26","date_gmt":"2023-10-10T17:41:26","guid":{"rendered":"https:\/\/cabanons.com\/?post_type=product&#038;p=25166"},"modified":"2024-12-17T11:55:23","modified_gmt":"2024-12-17T16:55:23","slug":"fuji-i-6-x-8-2","status":"publish","type":"product","link":"https:\/\/cabanons.com\/en\/product\/fuji-i-6-x-8-2\/","title":{"rendered":"FUJI-I 6&#8242; X 8&#8242;"},"content":{"rendered":"<p>Reference: <strong>CO-214168<\/strong><br \/>\nModel: <strong>FUJI-I<\/strong><br \/>\nDimension: <strong>6&#8242; X 8&#8242;<\/strong><br \/>\nSidding :<strong> Annapolis Blue Vinyl (Mitten Sentry)<\/strong><\/p>\n<p>Roof :<br \/>\n<strong>&#8211; Shingle: 2-tone black (Mystique)<\/strong><br \/>\n<strong>&#8211; Cornice : Black<\/strong><br \/>\n<strong>&#8211; Roof pitch: 2\/12<\/strong><\/p>\n<p>Specifications :<br \/>\n<strong>&#8211; Door: Dimension 36&#8221;, Color lemongrass and frame color black<\/strong><\/p>\n<p>*** TRANSPORT NOT INCLUDED ***<\/p>\n","protected":false},"excerpt":{"rendered":"<p>Reference: CO-214168 Model: FUJI-I Dimension: 6&#8242; X 8&#8242; Sidding : Annapolis Blue Vinyl (Mitten Sentry) Roof : &#8211; Shingle: 2-tone black (Mystique) &#8211; Cornice : Black &#8211; Roof pitch: 2\/12 Specifications : &#8211; Door: Dimension 36&#8221;, Color lemongrass and frame color black *** TRANSPORT NOT INCLUDED ***<\/p>\n","protected":false},"featured_media":18955,"template":"","meta":{"content-type":""},"product_brand":[],"product_cat":[1147],"product_tag":[],"dimensions-des-demonstrateurs":[1220],"code-de-produit":[640],"class_list":{"0":"post-25166","1":"product","2":"type-product","3":"status-publish","4":"has-post-thumbnail","6":"product_cat-fuji-en","7":"dimensions-des-demonstrateurs-08-x-14-en","8":"code-de-produit-c0000-en","10":"first","11":"instock","12":"sale","13":"sold-individually","14":"shipping-taxable","15":"purchasable","16":"product-type-simple"},"yoast_head":"<!-- This site is optimized with the Yoast SEO plugin v27.4 - https:\/\/yoast.com\/product\/yoast-seo-wordpress\/ -->\n<title>FUJI-I 6&#039; X 8&#039; - Garages et Cabanons Fontaine<\/title>\n<meta name=\"description\" content=\"Reference: CO-214168 Model: FUJI-I Dimension: 6&#039; X 8&#039; Sidding : Annapolis Blue Vinyl (Mitten Sentry) Roof : - Shingle: 2-tone black (Mystique) - Cornice :\" \/>\n<meta name=\"robots\" content=\"index, follow, max-snippet:-1, max-image-preview:large, max-video-preview:-1\" \/>\n<link rel=\"canonical\" href=\"https:\/\/cabanons.com\/en\/product\/fuji-i-6-x-8-2\/\" \/>\n<meta property=\"og:locale\" content=\"en_US\" \/>\n<meta property=\"og:type\" content=\"article\" \/>\n<meta property=\"og:title\" content=\"FUJI-I 6&#039; X 8&#039; - Garages et Cabanons Fontaine\" \/>\n<meta property=\"og:description\" content=\"Reference: CO-214168 Model: FUJI-I Dimension: 6&#039; X 8&#039; Sidding : Annapolis Blue Vinyl (Mitten Sentry) Roof : - Shingle: 2-tone black (Mystique) - Cornice :\" \/>\n<meta property=\"og:url\" content=\"https:\/\/cabanons.com\/en\/product\/fuji-i-6-x-8-2\/\" \/>\n<meta property=\"og:site_name\" content=\"Garages et Cabanons Fontaine\" \/>\n<meta property=\"article:modified_time\" content=\"2024-12-17T16:55:23+00:00\" \/>\n<meta property=\"og:image\" content=\"https:\/\/cabanons.com\/wp-content\/uploads\/2023\/10\/CO-214168_VF.jpeg\" \/>\n\t<meta property=\"og:image:width\" content=\"1200\" \/>\n\t<meta property=\"og:image:height\" content=\"900\" \/>\n\t<meta property=\"og:image:type\" content=\"image\/jpeg\" \/>\n<meta name=\"twitter:card\" content=\"summary_large_image\" \/>\n<script type=\"application\/ld+json\" class=\"yoast-schema-graph\">{\"@context\":\"https:\\\/\\\/schema.org\",\"@graph\":[{\"@type\":\"WebPage\",\"@id\":\"https:\\\/\\\/cabanons.com\\\/en\\\/product\\\/fuji-i-6-x-8-2\\\/\",\"url\":\"https:\\\/\\\/cabanons.com\\\/en\\\/product\\\/fuji-i-6-x-8-2\\\/\",\"name\":\"FUJI-I 6' X 8' - Garages et Cabanons Fontaine\",\"isPartOf\":{\"@id\":\"https:\\\/\\\/cabanons.com\\\/en\\\/#website\"},\"primaryImageOfPage\":{\"@id\":\"https:\\\/\\\/cabanons.com\\\/en\\\/product\\\/fuji-i-6-x-8-2\\\/#primaryimage\"},\"image\":{\"@id\":\"https:\\\/\\\/cabanons.com\\\/en\\\/product\\\/fuji-i-6-x-8-2\\\/#primaryimage\"},\"thumbnailUrl\":\"https:\\\/\\\/cabanons.com\\\/wp-content\\\/uploads\\\/2023\\\/10\\\/CO-214168_VF.jpeg\",\"datePublished\":\"2023-10-10T17:41:26+00:00\",\"dateModified\":\"2024-12-17T16:55:23+00:00\",\"description\":\"Reference: CO-214168 Model: FUJI-I Dimension: 6' X 8' Sidding : Annapolis Blue Vinyl (Mitten Sentry) Roof : - Shingle: 2-tone black (Mystique) - Cornice :\",\"breadcrumb\":{\"@id\":\"https:\\\/\\\/cabanons.com\\\/en\\\/product\\\/fuji-i-6-x-8-2\\\/#breadcrumb\"},\"inLanguage\":\"en-CA\",\"potentialAction\":[{\"@type\":\"ReadAction\",\"target\":[\"https:\\\/\\\/cabanons.com\\\/en\\\/product\\\/fuji-i-6-x-8-2\\\/\"]}]},{\"@type\":\"ImageObject\",\"inLanguage\":\"en-CA\",\"@id\":\"https:\\\/\\\/cabanons.com\\\/en\\\/product\\\/fuji-i-6-x-8-2\\\/#primaryimage\",\"url\":\"https:\\\/\\\/cabanons.com\\\/wp-content\\\/uploads\\\/2023\\\/10\\\/CO-214168_VF.jpeg\",\"contentUrl\":\"https:\\\/\\\/cabanons.com\\\/wp-content\\\/uploads\\\/2023\\\/10\\\/CO-214168_VF.jpeg\",\"width\":1200,\"height\":900},{\"@type\":\"BreadcrumbList\",\"@id\":\"https:\\\/\\\/cabanons.com\\\/en\\\/product\\\/fuji-i-6-x-8-2\\\/#breadcrumb\",\"itemListElement\":[{\"@type\":\"ListItem\",\"position\":1,\"name\":\"Accueil\",\"item\":\"https:\\\/\\\/cabanons.com\\\/en\\\/\"},{\"@type\":\"ListItem\",\"position\":2,\"name\":\"Demonstrator\",\"item\":\"https:\\\/\\\/cabanons.com\\\/en\\\/demonstrator\\\/\"},{\"@type\":\"ListItem\",\"position\":3,\"name\":\"FUJI-I 6&#8242; X 8&#8242;\"}]},{\"@type\":\"WebSite\",\"@id\":\"https:\\\/\\\/cabanons.com\\\/en\\\/#website\",\"url\":\"https:\\\/\\\/cabanons.com\\\/en\\\/\",\"name\":\"Garages et Cabanons Fontaine\",\"description\":\"LA QUALIT\u00c9 IN\u00c9GAL\u00c9 DEPUIS 1976\",\"publisher\":{\"@id\":\"https:\\\/\\\/cabanons.com\\\/en\\\/#organization\"},\"potentialAction\":[{\"@type\":\"SearchAction\",\"target\":{\"@type\":\"EntryPoint\",\"urlTemplate\":\"https:\\\/\\\/cabanons.com\\\/en\\\/?s={search_term_string}\"},\"query-input\":{\"@type\":\"PropertyValueSpecification\",\"valueRequired\":true,\"valueName\":\"search_term_string\"}}],\"inLanguage\":\"en-CA\"},{\"@type\":\"Organization\",\"@id\":\"https:\\\/\\\/cabanons.com\\\/en\\\/#organization\",\"name\":\"Garages et Cabanons Fontaine\",\"url\":\"https:\\\/\\\/cabanons.com\\\/en\\\/\",\"logo\":{\"@type\":\"ImageObject\",\"inLanguage\":\"en-CA\",\"@id\":\"https:\\\/\\\/cabanons.com\\\/en\\\/#\\\/schema\\\/logo\\\/image\\\/\",\"url\":\"https:\\\/\\\/cabanons.com\\\/wp-content\\\/uploads\\\/2020\\\/11\\\/icone_Logo_Garages_et_Cabanons_Fontaine_horz.png\",\"contentUrl\":\"https:\\\/\\\/cabanons.com\\\/wp-content\\\/uploads\\\/2020\\\/11\\\/icone_Logo_Garages_et_Cabanons_Fontaine_horz.png\",\"width\":716,\"height\":156,\"caption\":\"Garages et Cabanons Fontaine\"},\"image\":{\"@id\":\"https:\\\/\\\/cabanons.com\\\/en\\\/#\\\/schema\\\/logo\\\/image\\\/\"}}]}<\/script>\n<!-- \/ Yoast SEO plugin. -->","yoast_head_json":{"title":"FUJI-I 6' X 8' - Garages et Cabanons Fontaine","description":"Reference: CO-214168 Model: FUJI-I Dimension: 6' X 8' Sidding : Annapolis Blue Vinyl (Mitten Sentry) Roof : - Shingle: 2-tone black (Mystique) - Cornice :","robots":{"index":"index","follow":"follow","max-snippet":"max-snippet:-1","max-image-preview":"max-image-preview:large","max-video-preview":"max-video-preview:-1"},"canonical":"https:\/\/cabanons.com\/en\/product\/fuji-i-6-x-8-2\/","og_locale":"en_US","og_type":"article","og_title":"FUJI-I 6' X 8' - Garages et Cabanons Fontaine","og_description":"Reference: CO-214168 Model: FUJI-I Dimension: 6' X 8' Sidding : Annapolis Blue Vinyl (Mitten Sentry) Roof : - Shingle: 2-tone black (Mystique) - Cornice :","og_url":"https:\/\/cabanons.com\/en\/product\/fuji-i-6-x-8-2\/","og_site_name":"Garages et Cabanons Fontaine","article_modified_time":"2024-12-17T16:55:23+00:00","og_image":[{"width":1200,"height":900,"url":"https:\/\/cabanons.com\/wp-content\/uploads\/2023\/10\/CO-214168_VF.jpeg","type":"image\/jpeg"}],"twitter_card":"summary_large_image","schema":{"@context":"https:\/\/schema.org","@graph":[{"@type":"WebPage","@id":"https:\/\/cabanons.com\/en\/product\/fuji-i-6-x-8-2\/","url":"https:\/\/cabanons.com\/en\/product\/fuji-i-6-x-8-2\/","name":"FUJI-I 6' X 8' - Garages et Cabanons Fontaine","isPartOf":{"@id":"https:\/\/cabanons.com\/en\/#website"},"primaryImageOfPage":{"@id":"https:\/\/cabanons.com\/en\/product\/fuji-i-6-x-8-2\/#primaryimage"},"image":{"@id":"https:\/\/cabanons.com\/en\/product\/fuji-i-6-x-8-2\/#primaryimage"},"thumbnailUrl":"https:\/\/cabanons.com\/wp-content\/uploads\/2023\/10\/CO-214168_VF.jpeg","datePublished":"2023-10-10T17:41:26+00:00","dateModified":"2024-12-17T16:55:23+00:00","description":"Reference: CO-214168 Model: FUJI-I Dimension: 6' X 8' Sidding : Annapolis Blue Vinyl (Mitten Sentry) Roof : - Shingle: 2-tone black (Mystique) - Cornice :","breadcrumb":{"@id":"https:\/\/cabanons.com\/en\/product\/fuji-i-6-x-8-2\/#breadcrumb"},"inLanguage":"en-CA","potentialAction":[{"@type":"ReadAction","target":["https:\/\/cabanons.com\/en\/product\/fuji-i-6-x-8-2\/"]}]},{"@type":"ImageObject","inLanguage":"en-CA","@id":"https:\/\/cabanons.com\/en\/product\/fuji-i-6-x-8-2\/#primaryimage","url":"https:\/\/cabanons.com\/wp-content\/uploads\/2023\/10\/CO-214168_VF.jpeg","contentUrl":"https:\/\/cabanons.com\/wp-content\/uploads\/2023\/10\/CO-214168_VF.jpeg","width":1200,"height":900},{"@type":"BreadcrumbList","@id":"https:\/\/cabanons.com\/en\/product\/fuji-i-6-x-8-2\/#breadcrumb","itemListElement":[{"@type":"ListItem","position":1,"name":"Accueil","item":"https:\/\/cabanons.com\/en\/"},{"@type":"ListItem","position":2,"name":"Demonstrator","item":"https:\/\/cabanons.com\/en\/demonstrator\/"},{"@type":"ListItem","position":3,"name":"FUJI-I 6&#8242; X 8&#8242;"}]},{"@type":"WebSite","@id":"https:\/\/cabanons.com\/en\/#website","url":"https:\/\/cabanons.com\/en\/","name":"Garages et Cabanons Fontaine","description":"LA QUALIT\u00c9 IN\u00c9GAL\u00c9 DEPUIS 1976","publisher":{"@id":"https:\/\/cabanons.com\/en\/#organization"},"potentialAction":[{"@type":"SearchAction","target":{"@type":"EntryPoint","urlTemplate":"https:\/\/cabanons.com\/en\/?s={search_term_string}"},"query-input":{"@type":"PropertyValueSpecification","valueRequired":true,"valueName":"search_term_string"}}],"inLanguage":"en-CA"},{"@type":"Organization","@id":"https:\/\/cabanons.com\/en\/#organization","name":"Garages et Cabanons Fontaine","url":"https:\/\/cabanons.com\/en\/","logo":{"@type":"ImageObject","inLanguage":"en-CA","@id":"https:\/\/cabanons.com\/en\/#\/schema\/logo\/image\/","url":"https:\/\/cabanons.com\/wp-content\/uploads\/2020\/11\/icone_Logo_Garages_et_Cabanons_Fontaine_horz.png","contentUrl":"https:\/\/cabanons.com\/wp-content\/uploads\/2020\/11\/icone_Logo_Garages_et_Cabanons_Fontaine_horz.png","width":716,"height":156,"caption":"Garages et Cabanons Fontaine"},"image":{"@id":"https:\/\/cabanons.com\/en\/#\/schema\/logo\/image\/"}}]}},"_links":{"self":[{"href":"https:\/\/cabanons.com\/en\/wp-json\/wp\/v2\/product\/25166","targetHints":{"allow":["GET"]}}],"collection":[{"href":"https:\/\/cabanons.com\/en\/wp-json\/wp\/v2\/product"}],"about":[{"href":"https:\/\/cabanons.com\/en\/wp-json\/wp\/v2\/types\/product"}],"wp:featuredmedia":[{"embeddable":true,"href":"https:\/\/cabanons.com\/en\/wp-json\/wp\/v2\/media\/18955"}],"wp:attachment":[{"href":"https:\/\/cabanons.com\/en\/wp-json\/wp\/v2\/media?parent=25166"}],"wp:term":[{"taxonomy":"product_brand","embeddable":true,"href":"https:\/\/cabanons.com\/en\/wp-json\/wp\/v2\/product_brand?post=25166"},{"taxonomy":"product_cat","embeddable":true,"href":"https:\/\/cabanons.com\/en\/wp-json\/wp\/v2\/product_cat?post=25166"},{"taxonomy":"product_tag","embeddable":true,"href":"https:\/\/cabanons.com\/en\/wp-json\/wp\/v2\/product_tag?post=25166"},{"taxonomy":"dimensions-des-demonstrateurs","embeddable":true,"href":"https:\/\/cabanons.com\/en\/wp-json\/wp\/v2\/dimensions-des-demonstrateurs?post=25166"},{"taxonomy":"code-de-produit","embeddable":true,"href":"https:\/\/cabanons.com\/en\/wp-json\/wp\/v2\/code-de-produit?post=25166"}],"curies":[{"name":"wp","href":"https:\/\/api.w.org\/{rel}","templated":true}]}}