{"id":25179,"date":"2023-04-27T15:08:08","date_gmt":"2023-04-27T15:08:08","guid":{"rendered":"https:\/\/cabanons.com\/?post_type=product&#038;p=25179"},"modified":"2024-12-17T14:59:11","modified_gmt":"2024-12-17T19:59:11","slug":"jazz-10x14","status":"publish","type":"product","link":"https:\/\/cabanons.com\/en\/product\/jazz-10x14\/","title":{"rendered":"Jazz 10&#215;14"},"content":{"rendered":"<p>R\u00e9f\u00e9rence :<strong> CO-230489<\/strong><br \/>\nMod\u00e8le :<strong> Jazz<\/strong><br \/>\nDimension :<strong> 10&#8242; X 14&#8242;<\/strong><br \/>\nRev\u00eatement :<strong> Loup gris (CanExel Ced R-Vue 6&#8243;)<\/strong><br \/>\nToiture :<strong> Noir 2 Tons (BP Mystique)<\/strong><\/p>\n<p><strong>\u00a0<\/strong>*** TRANSPORT NON INCLUS ***<\/p>\n","protected":false},"excerpt":{"rendered":"<p>R\u00e9f\u00e9rence : CO-230489 Mod\u00e8le : Jazz Dimension : 10&#8242; X 14&#8242; Rev\u00eatement : Loup gris (CanExel Ced R-Vue 6&#8243;) Toiture : Noir 2 Tons (BP Mystique) \u00a0*** TRANSPORT NON INCLUS ***<\/p>\n","protected":false},"featured_media":17381,"template":"","meta":{"content-type":""},"product_brand":[],"product_cat":[651],"product_tag":[],"dimensions-des-demonstrateurs":[1165],"code-de-produit":[640],"class_list":{"0":"post-25179","1":"product","2":"type-product","3":"status-publish","4":"has-post-thumbnail","6":"product_cat-jazz-en","7":"dimensions-des-demonstrateurs-10-x-14-en","8":"code-de-produit-c0000-en","10":"first","11":"outofstock","12":"sale","13":"sold-individually","14":"shipping-taxable","15":"purchasable","16":"product-type-simple"},"yoast_head":"<!-- This site is optimized with the Yoast SEO plugin v27.4 - https:\/\/yoast.com\/product\/yoast-seo-wordpress\/ -->\n<title>Jazz 10x14 - Garages et Cabanons Fontaine<\/title>\n<meta name=\"description\" content=\"R\u00e9f\u00e9rence : CO-230489 Mod\u00e8le : Jazz Dimension : 10&#039; X 14&#039; Rev\u00eatement : Loup gris (CanExel Ced R-Vue 6&quot;) Toiture : Noir 2 Tons (BP Mystique) \u00a0*** TRANSPORT\" \/>\n<meta name=\"robots\" content=\"index, follow, max-snippet:-1, max-image-preview:large, max-video-preview:-1\" \/>\n<link rel=\"canonical\" href=\"https:\/\/cabanons.com\/en\/product\/jazz-10x14\/\" \/>\n<meta property=\"og:locale\" content=\"en_US\" \/>\n<meta property=\"og:type\" content=\"article\" \/>\n<meta property=\"og:title\" content=\"Jazz 10x14 - Garages et Cabanons Fontaine\" \/>\n<meta property=\"og:description\" content=\"R\u00e9f\u00e9rence : CO-230489 Mod\u00e8le : Jazz Dimension : 10&#039; X 14&#039; Rev\u00eatement : Loup gris (CanExel Ced R-Vue 6&quot;) Toiture : Noir 2 Tons (BP Mystique) \u00a0*** TRANSPORT\" \/>\n<meta property=\"og:url\" content=\"https:\/\/cabanons.com\/en\/product\/jazz-10x14\/\" \/>\n<meta property=\"og:site_name\" content=\"Garages et Cabanons Fontaine\" \/>\n<meta property=\"article:modified_time\" content=\"2024-12-17T19:59:11+00:00\" \/>\n<meta property=\"og:image\" content=\"https:\/\/cabanons.com\/wp-content\/uploads\/2023\/04\/CO-230489_VF.jpeg\" \/>\n\t<meta property=\"og:image:width\" content=\"1070\" \/>\n\t<meta property=\"og:image:height\" content=\"767\" \/>\n\t<meta property=\"og:image:type\" content=\"image\/jpeg\" \/>\n<meta name=\"twitter:card\" content=\"summary_large_image\" \/>\n<script type=\"application\/ld+json\" class=\"yoast-schema-graph\">{\"@context\":\"https:\\\/\\\/schema.org\",\"@graph\":[{\"@type\":\"WebPage\",\"@id\":\"https:\\\/\\\/cabanons.com\\\/en\\\/product\\\/jazz-10x14\\\/\",\"url\":\"https:\\\/\\\/cabanons.com\\\/en\\\/product\\\/jazz-10x14\\\/\",\"name\":\"Jazz 10x14 - Garages et Cabanons Fontaine\",\"isPartOf\":{\"@id\":\"https:\\\/\\\/cabanons.com\\\/en\\\/#website\"},\"primaryImageOfPage\":{\"@id\":\"https:\\\/\\\/cabanons.com\\\/en\\\/product\\\/jazz-10x14\\\/#primaryimage\"},\"image\":{\"@id\":\"https:\\\/\\\/cabanons.com\\\/en\\\/product\\\/jazz-10x14\\\/#primaryimage\"},\"thumbnailUrl\":\"https:\\\/\\\/cabanons.com\\\/wp-content\\\/uploads\\\/2023\\\/04\\\/CO-230489_VF.jpeg\",\"datePublished\":\"2023-04-27T15:08:08+00:00\",\"dateModified\":\"2024-12-17T19:59:11+00:00\",\"description\":\"R\u00e9f\u00e9rence : CO-230489 Mod\u00e8le : Jazz Dimension : 10' X 14' Rev\u00eatement : Loup gris (CanExel Ced R-Vue 6\\\") Toiture : Noir 2 Tons (BP Mystique) \u00a0*** TRANSPORT\",\"breadcrumb\":{\"@id\":\"https:\\\/\\\/cabanons.com\\\/en\\\/product\\\/jazz-10x14\\\/#breadcrumb\"},\"inLanguage\":\"en-CA\",\"potentialAction\":[{\"@type\":\"ReadAction\",\"target\":[\"https:\\\/\\\/cabanons.com\\\/en\\\/product\\\/jazz-10x14\\\/\"]}]},{\"@type\":\"ImageObject\",\"inLanguage\":\"en-CA\",\"@id\":\"https:\\\/\\\/cabanons.com\\\/en\\\/product\\\/jazz-10x14\\\/#primaryimage\",\"url\":\"https:\\\/\\\/cabanons.com\\\/wp-content\\\/uploads\\\/2023\\\/04\\\/CO-230489_VF.jpeg\",\"contentUrl\":\"https:\\\/\\\/cabanons.com\\\/wp-content\\\/uploads\\\/2023\\\/04\\\/CO-230489_VF.jpeg\",\"width\":1070,\"height\":767,\"caption\":\"CO-230489_VF\"},{\"@type\":\"BreadcrumbList\",\"@id\":\"https:\\\/\\\/cabanons.com\\\/en\\\/product\\\/jazz-10x14\\\/#breadcrumb\",\"itemListElement\":[{\"@type\":\"ListItem\",\"position\":1,\"name\":\"Accueil\",\"item\":\"https:\\\/\\\/cabanons.com\\\/en\\\/\"},{\"@type\":\"ListItem\",\"position\":2,\"name\":\"Demonstrator\",\"item\":\"https:\\\/\\\/cabanons.com\\\/en\\\/demonstrator\\\/\"},{\"@type\":\"ListItem\",\"position\":3,\"name\":\"Jazz 10&#215;14\"}]},{\"@type\":\"WebSite\",\"@id\":\"https:\\\/\\\/cabanons.com\\\/en\\\/#website\",\"url\":\"https:\\\/\\\/cabanons.com\\\/en\\\/\",\"name\":\"Garages et Cabanons Fontaine\",\"description\":\"LA QUALIT\u00c9 IN\u00c9GAL\u00c9 DEPUIS 1976\",\"publisher\":{\"@id\":\"https:\\\/\\\/cabanons.com\\\/en\\\/#organization\"},\"potentialAction\":[{\"@type\":\"SearchAction\",\"target\":{\"@type\":\"EntryPoint\",\"urlTemplate\":\"https:\\\/\\\/cabanons.com\\\/en\\\/?s={search_term_string}\"},\"query-input\":{\"@type\":\"PropertyValueSpecification\",\"valueRequired\":true,\"valueName\":\"search_term_string\"}}],\"inLanguage\":\"en-CA\"},{\"@type\":\"Organization\",\"@id\":\"https:\\\/\\\/cabanons.com\\\/en\\\/#organization\",\"name\":\"Garages et Cabanons Fontaine\",\"url\":\"https:\\\/\\\/cabanons.com\\\/en\\\/\",\"logo\":{\"@type\":\"ImageObject\",\"inLanguage\":\"en-CA\",\"@id\":\"https:\\\/\\\/cabanons.com\\\/en\\\/#\\\/schema\\\/logo\\\/image\\\/\",\"url\":\"https:\\\/\\\/cabanons.com\\\/wp-content\\\/uploads\\\/2020\\\/11\\\/icone_Logo_Garages_et_Cabanons_Fontaine_horz.png\",\"contentUrl\":\"https:\\\/\\\/cabanons.com\\\/wp-content\\\/uploads\\\/2020\\\/11\\\/icone_Logo_Garages_et_Cabanons_Fontaine_horz.png\",\"width\":716,\"height\":156,\"caption\":\"Garages et Cabanons Fontaine\"},\"image\":{\"@id\":\"https:\\\/\\\/cabanons.com\\\/en\\\/#\\\/schema\\\/logo\\\/image\\\/\"}}]}<\/script>\n<!-- \/ Yoast SEO plugin. -->","yoast_head_json":{"title":"Jazz 10x14 - Garages et Cabanons Fontaine","description":"R\u00e9f\u00e9rence : CO-230489 Mod\u00e8le : Jazz Dimension : 10' X 14' Rev\u00eatement : Loup gris (CanExel Ced R-Vue 6\") Toiture : Noir 2 Tons (BP Mystique) \u00a0*** TRANSPORT","robots":{"index":"index","follow":"follow","max-snippet":"max-snippet:-1","max-image-preview":"max-image-preview:large","max-video-preview":"max-video-preview:-1"},"canonical":"https:\/\/cabanons.com\/en\/product\/jazz-10x14\/","og_locale":"en_US","og_type":"article","og_title":"Jazz 10x14 - Garages et Cabanons Fontaine","og_description":"R\u00e9f\u00e9rence : CO-230489 Mod\u00e8le : Jazz Dimension : 10' X 14' Rev\u00eatement : Loup gris (CanExel Ced R-Vue 6\") Toiture : Noir 2 Tons (BP Mystique) \u00a0*** TRANSPORT","og_url":"https:\/\/cabanons.com\/en\/product\/jazz-10x14\/","og_site_name":"Garages et Cabanons Fontaine","article_modified_time":"2024-12-17T19:59:11+00:00","og_image":[{"width":1070,"height":767,"url":"https:\/\/cabanons.com\/wp-content\/uploads\/2023\/04\/CO-230489_VF.jpeg","type":"image\/jpeg"}],"twitter_card":"summary_large_image","schema":{"@context":"https:\/\/schema.org","@graph":[{"@type":"WebPage","@id":"https:\/\/cabanons.com\/en\/product\/jazz-10x14\/","url":"https:\/\/cabanons.com\/en\/product\/jazz-10x14\/","name":"Jazz 10x14 - Garages et Cabanons Fontaine","isPartOf":{"@id":"https:\/\/cabanons.com\/en\/#website"},"primaryImageOfPage":{"@id":"https:\/\/cabanons.com\/en\/product\/jazz-10x14\/#primaryimage"},"image":{"@id":"https:\/\/cabanons.com\/en\/product\/jazz-10x14\/#primaryimage"},"thumbnailUrl":"https:\/\/cabanons.com\/wp-content\/uploads\/2023\/04\/CO-230489_VF.jpeg","datePublished":"2023-04-27T15:08:08+00:00","dateModified":"2024-12-17T19:59:11+00:00","description":"R\u00e9f\u00e9rence : CO-230489 Mod\u00e8le : Jazz Dimension : 10' X 14' Rev\u00eatement : Loup gris (CanExel Ced R-Vue 6\") Toiture : Noir 2 Tons (BP Mystique) \u00a0*** TRANSPORT","breadcrumb":{"@id":"https:\/\/cabanons.com\/en\/product\/jazz-10x14\/#breadcrumb"},"inLanguage":"en-CA","potentialAction":[{"@type":"ReadAction","target":["https:\/\/cabanons.com\/en\/product\/jazz-10x14\/"]}]},{"@type":"ImageObject","inLanguage":"en-CA","@id":"https:\/\/cabanons.com\/en\/product\/jazz-10x14\/#primaryimage","url":"https:\/\/cabanons.com\/wp-content\/uploads\/2023\/04\/CO-230489_VF.jpeg","contentUrl":"https:\/\/cabanons.com\/wp-content\/uploads\/2023\/04\/CO-230489_VF.jpeg","width":1070,"height":767,"caption":"CO-230489_VF"},{"@type":"BreadcrumbList","@id":"https:\/\/cabanons.com\/en\/product\/jazz-10x14\/#breadcrumb","itemListElement":[{"@type":"ListItem","position":1,"name":"Accueil","item":"https:\/\/cabanons.com\/en\/"},{"@type":"ListItem","position":2,"name":"Demonstrator","item":"https:\/\/cabanons.com\/en\/demonstrator\/"},{"@type":"ListItem","position":3,"name":"Jazz 10&#215;14"}]},{"@type":"WebSite","@id":"https:\/\/cabanons.com\/en\/#website","url":"https:\/\/cabanons.com\/en\/","name":"Garages et Cabanons Fontaine","description":"LA QUALIT\u00c9 IN\u00c9GAL\u00c9 DEPUIS 1976","publisher":{"@id":"https:\/\/cabanons.com\/en\/#organization"},"potentialAction":[{"@type":"SearchAction","target":{"@type":"EntryPoint","urlTemplate":"https:\/\/cabanons.com\/en\/?s={search_term_string}"},"query-input":{"@type":"PropertyValueSpecification","valueRequired":true,"valueName":"search_term_string"}}],"inLanguage":"en-CA"},{"@type":"Organization","@id":"https:\/\/cabanons.com\/en\/#organization","name":"Garages et Cabanons Fontaine","url":"https:\/\/cabanons.com\/en\/","logo":{"@type":"ImageObject","inLanguage":"en-CA","@id":"https:\/\/cabanons.com\/en\/#\/schema\/logo\/image\/","url":"https:\/\/cabanons.com\/wp-content\/uploads\/2020\/11\/icone_Logo_Garages_et_Cabanons_Fontaine_horz.png","contentUrl":"https:\/\/cabanons.com\/wp-content\/uploads\/2020\/11\/icone_Logo_Garages_et_Cabanons_Fontaine_horz.png","width":716,"height":156,"caption":"Garages et Cabanons Fontaine"},"image":{"@id":"https:\/\/cabanons.com\/en\/#\/schema\/logo\/image\/"}}]}},"_links":{"self":[{"href":"https:\/\/cabanons.com\/en\/wp-json\/wp\/v2\/product\/25179","targetHints":{"allow":["GET"]}}],"collection":[{"href":"https:\/\/cabanons.com\/en\/wp-json\/wp\/v2\/product"}],"about":[{"href":"https:\/\/cabanons.com\/en\/wp-json\/wp\/v2\/types\/product"}],"wp:featuredmedia":[{"embeddable":true,"href":"https:\/\/cabanons.com\/en\/wp-json\/wp\/v2\/media\/17381"}],"wp:attachment":[{"href":"https:\/\/cabanons.com\/en\/wp-json\/wp\/v2\/media?parent=25179"}],"wp:term":[{"taxonomy":"product_brand","embeddable":true,"href":"https:\/\/cabanons.com\/en\/wp-json\/wp\/v2\/product_brand?post=25179"},{"taxonomy":"product_cat","embeddable":true,"href":"https:\/\/cabanons.com\/en\/wp-json\/wp\/v2\/product_cat?post=25179"},{"taxonomy":"product_tag","embeddable":true,"href":"https:\/\/cabanons.com\/en\/wp-json\/wp\/v2\/product_tag?post=25179"},{"taxonomy":"dimensions-des-demonstrateurs","embeddable":true,"href":"https:\/\/cabanons.com\/en\/wp-json\/wp\/v2\/dimensions-des-demonstrateurs?post=25179"},{"taxonomy":"code-de-produit","embeddable":true,"href":"https:\/\/cabanons.com\/en\/wp-json\/wp\/v2\/code-de-produit?post=25179"}],"curies":[{"name":"wp","href":"https:\/\/api.w.org\/{rel}","templated":true}]}}