{"id":25189,"date":"2023-04-01T13:46:58","date_gmt":"2024-12-17T20:06:27","guid":{"rendered":"https:\/\/cabanons.com\/?post_type=product&#038;p=25189"},"modified":"2024-12-17T15:06:27","modified_gmt":"2024-12-17T20:06:27","slug":"jazz-8-x-12","status":"publish","type":"product","link":"https:\/\/cabanons.com\/en\/product\/jazz-8-x-12\/","title":{"rendered":"JAZZ 8&#8242; X 12&#8242;"},"content":{"rendered":"<p>Reference: <strong>CO-230427<\/strong><br \/>\nModel: <strong>JAZZ<\/strong><br \/>\nDimension: <strong>8&#8242; X 12&#8242;<\/strong><br \/>\nSiding :<br \/>\n<strong>&#8211; Gunmetal gray vinyl (Mitten Sentry)<\/strong><br \/>\n<strong>&#8211; Cut: Luxor, Walnut color, Black transition molding<\/strong><\/p>\n<p>Roof :<br \/>\n<strong>&#8211; Shingle: Black 2-tone (Mystique)<\/strong><br \/>\n<strong>&#8211; Cornice: Black<\/strong><\/p>\n<p>Specifications :<br \/>\n<strong>&#8211; Door: Size 36&#8221; + 36&#8221;, Black color, Clear glass<\/strong><br \/>\n<strong>&#8211; Window: Dimension 60&#8221; x 12&#8221;, Color black, Clear glass<\/strong><br \/>\n<strong>&#8211; 6&#8221; top cornice<\/strong><\/p>\n<p>Accessories :<br \/>\n<strong>&#8211; Self-adhesive membrane (complete roof)<\/strong><br \/>\n<strong>&#8211; Double wall shelf<\/strong><\/p>\n<p>*** TRANSPORT NOT INCLUDED ***<\/p>\n","protected":false},"excerpt":{"rendered":"<p>Reference: CO-230427 Model: JAZZ Dimension: 8&#8242; X 12&#8242; Siding : &#8211; Gunmetal gray vinyl (Mitten Sentry) &#8211; Cut: Luxor, Walnut color, Black transition molding Roof : &#8211; Shingle: Black 2-tone (Mystique) &#8211; Cornice: Black Specifications : &#8211; Door: Size 36&#8221; + 36&#8221;, Black color, Clear glass &#8211; Window: Dimension 60&#8221; x 12&#8221;, Color black, Clear [&hellip;]<\/p>\n","protected":false},"featured_media":16807,"template":"","meta":{"content-type":""},"product_brand":[],"product_cat":[651],"product_tag":[],"dimensions-des-demonstrateurs":[641],"code-de-produit":[640],"class_list":{"0":"post-25189","1":"product","2":"type-product","3":"status-publish","4":"has-post-thumbnail","6":"product_cat-jazz-en","7":"dimensions-des-demonstrateurs-08-x-12-en","8":"code-de-produit-c0000-en","10":"first","11":"outofstock","12":"sale","13":"sold-individually","14":"shipping-taxable","15":"purchasable","16":"product-type-simple"},"yoast_head":"<!-- This site is optimized with the Yoast SEO plugin v27.5 - https:\/\/yoast.com\/product\/yoast-seo-wordpress\/ -->\n<title>JAZZ 8&#039; X 12&#039; - Garages et Cabanons Fontaine<\/title>\n<meta name=\"description\" content=\"Reference: CO-230427 Model: JAZZ Dimension: 8&#039; X 12&#039; Siding : - Gunmetal gray vinyl (Mitten Sentry) - Cut: Luxor, Walnut color, Black transition molding\" \/>\n<meta name=\"robots\" content=\"index, follow, max-snippet:-1, max-image-preview:large, max-video-preview:-1\" \/>\n<link rel=\"canonical\" href=\"https:\/\/cabanons.com\/en\/product\/jazz-8-x-12\/\" \/>\n<meta property=\"og:locale\" content=\"en_US\" \/>\n<meta property=\"og:type\" content=\"article\" \/>\n<meta property=\"og:title\" content=\"JAZZ 8&#039; X 12&#039; - Garages et Cabanons Fontaine\" \/>\n<meta property=\"og:description\" content=\"Reference: CO-230427 Model: JAZZ Dimension: 8&#039; X 12&#039; Siding : - Gunmetal gray vinyl (Mitten Sentry) - Cut: Luxor, Walnut color, Black transition molding\" \/>\n<meta property=\"og:url\" content=\"https:\/\/cabanons.com\/en\/product\/jazz-8-x-12\/\" \/>\n<meta property=\"og:site_name\" content=\"Garages et Cabanons Fontaine\" \/>\n<meta property=\"og:image\" content=\"https:\/\/cabanons.com\/wp-content\/uploads\/2023\/04\/CO-230427_VF.jpeg\" \/>\n\t<meta property=\"og:image:width\" content=\"725\" \/>\n\t<meta property=\"og:image:height\" content=\"500\" \/>\n\t<meta property=\"og:image:type\" content=\"image\/jpeg\" \/>\n<meta name=\"twitter:card\" content=\"summary_large_image\" \/>\n<script type=\"application\/ld+json\" class=\"yoast-schema-graph\">{\"@context\":\"https:\\\/\\\/schema.org\",\"@graph\":[{\"@type\":\"WebPage\",\"@id\":\"https:\\\/\\\/cabanons.com\\\/en\\\/product\\\/jazz-8-x-12\\\/\",\"url\":\"https:\\\/\\\/cabanons.com\\\/en\\\/product\\\/jazz-8-x-12\\\/\",\"name\":\"JAZZ 8' X 12' - Garages et Cabanons Fontaine\",\"isPartOf\":{\"@id\":\"https:\\\/\\\/cabanons.com\\\/en\\\/#website\"},\"primaryImageOfPage\":{\"@id\":\"https:\\\/\\\/cabanons.com\\\/en\\\/product\\\/jazz-8-x-12\\\/#primaryimage\"},\"image\":{\"@id\":\"https:\\\/\\\/cabanons.com\\\/en\\\/product\\\/jazz-8-x-12\\\/#primaryimage\"},\"thumbnailUrl\":\"https:\\\/\\\/cabanons.com\\\/wp-content\\\/uploads\\\/2023\\\/04\\\/CO-230427_VF.jpeg\",\"datePublished\":\"2024-12-17T20:06:27+00:00\",\"description\":\"Reference: CO-230427 Model: JAZZ Dimension: 8' X 12' Siding : - Gunmetal gray vinyl (Mitten Sentry) - Cut: Luxor, Walnut color, Black transition molding\",\"breadcrumb\":{\"@id\":\"https:\\\/\\\/cabanons.com\\\/en\\\/product\\\/jazz-8-x-12\\\/#breadcrumb\"},\"inLanguage\":\"en-CA\",\"potentialAction\":[{\"@type\":\"ReadAction\",\"target\":[\"https:\\\/\\\/cabanons.com\\\/en\\\/product\\\/jazz-8-x-12\\\/\"]}]},{\"@type\":\"ImageObject\",\"inLanguage\":\"en-CA\",\"@id\":\"https:\\\/\\\/cabanons.com\\\/en\\\/product\\\/jazz-8-x-12\\\/#primaryimage\",\"url\":\"https:\\\/\\\/cabanons.com\\\/wp-content\\\/uploads\\\/2023\\\/04\\\/CO-230427_VF.jpeg\",\"contentUrl\":\"https:\\\/\\\/cabanons.com\\\/wp-content\\\/uploads\\\/2023\\\/04\\\/CO-230427_VF.jpeg\",\"width\":725,\"height\":500,\"caption\":\"CO-230427_VF\"},{\"@type\":\"BreadcrumbList\",\"@id\":\"https:\\\/\\\/cabanons.com\\\/en\\\/product\\\/jazz-8-x-12\\\/#breadcrumb\",\"itemListElement\":[{\"@type\":\"ListItem\",\"position\":1,\"name\":\"Accueil\",\"item\":\"https:\\\/\\\/cabanons.com\\\/en\\\/\"},{\"@type\":\"ListItem\",\"position\":2,\"name\":\"Demonstrator\",\"item\":\"https:\\\/\\\/cabanons.com\\\/en\\\/demonstrator\\\/\"},{\"@type\":\"ListItem\",\"position\":3,\"name\":\"JAZZ 8&#8242; X 12&#8242;\"}]},{\"@type\":\"WebSite\",\"@id\":\"https:\\\/\\\/cabanons.com\\\/en\\\/#website\",\"url\":\"https:\\\/\\\/cabanons.com\\\/en\\\/\",\"name\":\"Garages et Cabanons Fontaine\",\"description\":\"LA QUALIT\u00c9 IN\u00c9GAL\u00c9 DEPUIS 1976\",\"publisher\":{\"@id\":\"https:\\\/\\\/cabanons.com\\\/en\\\/#organization\"},\"potentialAction\":[{\"@type\":\"SearchAction\",\"target\":{\"@type\":\"EntryPoint\",\"urlTemplate\":\"https:\\\/\\\/cabanons.com\\\/en\\\/?s={search_term_string}\"},\"query-input\":{\"@type\":\"PropertyValueSpecification\",\"valueRequired\":true,\"valueName\":\"search_term_string\"}}],\"inLanguage\":\"en-CA\"},{\"@type\":\"Organization\",\"@id\":\"https:\\\/\\\/cabanons.com\\\/en\\\/#organization\",\"name\":\"Garages et Cabanons Fontaine\",\"url\":\"https:\\\/\\\/cabanons.com\\\/en\\\/\",\"logo\":{\"@type\":\"ImageObject\",\"inLanguage\":\"en-CA\",\"@id\":\"https:\\\/\\\/cabanons.com\\\/en\\\/#\\\/schema\\\/logo\\\/image\\\/\",\"url\":\"https:\\\/\\\/cabanons.com\\\/wp-content\\\/uploads\\\/2020\\\/11\\\/icone_Logo_Garages_et_Cabanons_Fontaine_horz.png\",\"contentUrl\":\"https:\\\/\\\/cabanons.com\\\/wp-content\\\/uploads\\\/2020\\\/11\\\/icone_Logo_Garages_et_Cabanons_Fontaine_horz.png\",\"width\":716,\"height\":156,\"caption\":\"Garages et Cabanons Fontaine\"},\"image\":{\"@id\":\"https:\\\/\\\/cabanons.com\\\/en\\\/#\\\/schema\\\/logo\\\/image\\\/\"}}]}<\/script>\n<!-- \/ Yoast SEO plugin. -->","yoast_head_json":{"title":"JAZZ 8' X 12' - Garages et Cabanons Fontaine","description":"Reference: CO-230427 Model: JAZZ Dimension: 8' X 12' Siding : - Gunmetal gray vinyl (Mitten Sentry) - Cut: Luxor, Walnut color, Black transition molding","robots":{"index":"index","follow":"follow","max-snippet":"max-snippet:-1","max-image-preview":"max-image-preview:large","max-video-preview":"max-video-preview:-1"},"canonical":"https:\/\/cabanons.com\/en\/product\/jazz-8-x-12\/","og_locale":"en_US","og_type":"article","og_title":"JAZZ 8' X 12' - Garages et Cabanons Fontaine","og_description":"Reference: CO-230427 Model: JAZZ Dimension: 8' X 12' Siding : - Gunmetal gray vinyl (Mitten Sentry) - Cut: Luxor, Walnut color, Black transition molding","og_url":"https:\/\/cabanons.com\/en\/product\/jazz-8-x-12\/","og_site_name":"Garages et Cabanons Fontaine","og_image":[{"width":725,"height":500,"url":"https:\/\/cabanons.com\/wp-content\/uploads\/2023\/04\/CO-230427_VF.jpeg","type":"image\/jpeg"}],"twitter_card":"summary_large_image","schema":{"@context":"https:\/\/schema.org","@graph":[{"@type":"WebPage","@id":"https:\/\/cabanons.com\/en\/product\/jazz-8-x-12\/","url":"https:\/\/cabanons.com\/en\/product\/jazz-8-x-12\/","name":"JAZZ 8' X 12' - Garages et Cabanons Fontaine","isPartOf":{"@id":"https:\/\/cabanons.com\/en\/#website"},"primaryImageOfPage":{"@id":"https:\/\/cabanons.com\/en\/product\/jazz-8-x-12\/#primaryimage"},"image":{"@id":"https:\/\/cabanons.com\/en\/product\/jazz-8-x-12\/#primaryimage"},"thumbnailUrl":"https:\/\/cabanons.com\/wp-content\/uploads\/2023\/04\/CO-230427_VF.jpeg","datePublished":"2024-12-17T20:06:27+00:00","description":"Reference: CO-230427 Model: JAZZ Dimension: 8' X 12' Siding : - Gunmetal gray vinyl (Mitten Sentry) - Cut: Luxor, Walnut color, Black transition molding","breadcrumb":{"@id":"https:\/\/cabanons.com\/en\/product\/jazz-8-x-12\/#breadcrumb"},"inLanguage":"en-CA","potentialAction":[{"@type":"ReadAction","target":["https:\/\/cabanons.com\/en\/product\/jazz-8-x-12\/"]}]},{"@type":"ImageObject","inLanguage":"en-CA","@id":"https:\/\/cabanons.com\/en\/product\/jazz-8-x-12\/#primaryimage","url":"https:\/\/cabanons.com\/wp-content\/uploads\/2023\/04\/CO-230427_VF.jpeg","contentUrl":"https:\/\/cabanons.com\/wp-content\/uploads\/2023\/04\/CO-230427_VF.jpeg","width":725,"height":500,"caption":"CO-230427_VF"},{"@type":"BreadcrumbList","@id":"https:\/\/cabanons.com\/en\/product\/jazz-8-x-12\/#breadcrumb","itemListElement":[{"@type":"ListItem","position":1,"name":"Accueil","item":"https:\/\/cabanons.com\/en\/"},{"@type":"ListItem","position":2,"name":"Demonstrator","item":"https:\/\/cabanons.com\/en\/demonstrator\/"},{"@type":"ListItem","position":3,"name":"JAZZ 8&#8242; X 12&#8242;"}]},{"@type":"WebSite","@id":"https:\/\/cabanons.com\/en\/#website","url":"https:\/\/cabanons.com\/en\/","name":"Garages et Cabanons Fontaine","description":"LA QUALIT\u00c9 IN\u00c9GAL\u00c9 DEPUIS 1976","publisher":{"@id":"https:\/\/cabanons.com\/en\/#organization"},"potentialAction":[{"@type":"SearchAction","target":{"@type":"EntryPoint","urlTemplate":"https:\/\/cabanons.com\/en\/?s={search_term_string}"},"query-input":{"@type":"PropertyValueSpecification","valueRequired":true,"valueName":"search_term_string"}}],"inLanguage":"en-CA"},{"@type":"Organization","@id":"https:\/\/cabanons.com\/en\/#organization","name":"Garages et Cabanons Fontaine","url":"https:\/\/cabanons.com\/en\/","logo":{"@type":"ImageObject","inLanguage":"en-CA","@id":"https:\/\/cabanons.com\/en\/#\/schema\/logo\/image\/","url":"https:\/\/cabanons.com\/wp-content\/uploads\/2020\/11\/icone_Logo_Garages_et_Cabanons_Fontaine_horz.png","contentUrl":"https:\/\/cabanons.com\/wp-content\/uploads\/2020\/11\/icone_Logo_Garages_et_Cabanons_Fontaine_horz.png","width":716,"height":156,"caption":"Garages et Cabanons Fontaine"},"image":{"@id":"https:\/\/cabanons.com\/en\/#\/schema\/logo\/image\/"}}]}},"_links":{"self":[{"href":"https:\/\/cabanons.com\/en\/wp-json\/wp\/v2\/product\/25189","targetHints":{"allow":["GET"]}}],"collection":[{"href":"https:\/\/cabanons.com\/en\/wp-json\/wp\/v2\/product"}],"about":[{"href":"https:\/\/cabanons.com\/en\/wp-json\/wp\/v2\/types\/product"}],"wp:featuredmedia":[{"embeddable":true,"href":"https:\/\/cabanons.com\/en\/wp-json\/wp\/v2\/media\/16807"}],"wp:attachment":[{"href":"https:\/\/cabanons.com\/en\/wp-json\/wp\/v2\/media?parent=25189"}],"wp:term":[{"taxonomy":"product_brand","embeddable":true,"href":"https:\/\/cabanons.com\/en\/wp-json\/wp\/v2\/product_brand?post=25189"},{"taxonomy":"product_cat","embeddable":true,"href":"https:\/\/cabanons.com\/en\/wp-json\/wp\/v2\/product_cat?post=25189"},{"taxonomy":"product_tag","embeddable":true,"href":"https:\/\/cabanons.com\/en\/wp-json\/wp\/v2\/product_tag?post=25189"},{"taxonomy":"dimensions-des-demonstrateurs","embeddable":true,"href":"https:\/\/cabanons.com\/en\/wp-json\/wp\/v2\/dimensions-des-demonstrateurs?post=25189"},{"taxonomy":"code-de-produit","embeddable":true,"href":"https:\/\/cabanons.com\/en\/wp-json\/wp\/v2\/code-de-produit?post=25189"}],"curies":[{"name":"wp","href":"https:\/\/api.w.org\/{rel}","templated":true}]}}