{"id":25191,"date":"2023-04-01T13:24:25","date_gmt":"2024-12-17T20:08:54","guid":{"rendered":"https:\/\/cabanons.com\/?post_type=product&#038;p=25191"},"modified":"2024-12-17T15:08:54","modified_gmt":"2024-12-17T20:08:54","slug":"entrepot-10x12","status":"publish","type":"product","link":"https:\/\/cabanons.com\/en\/product\/entrepot-10x12\/","title":{"rendered":"Entrep\u00f4t 10&#215;12"},"content":{"rendered":"<p>Reference :<strong> CO-230345<\/strong><br \/>\nModel :<strong> Entrep\u00f4t<\/strong><br \/>\nDimension :<strong> 10&#8242; X 12&#8242;<\/strong><br \/>\nSiding :<strong> Gris orageux (Gentek Driftwood)<\/strong><br \/>\nRoof :<strong> Noir 2 Tons (BP)<\/strong><\/p>\n<p>*** TRANSPORT NOT INCLUDED ***<\/p>\n","protected":false},"excerpt":{"rendered":"<p>Reference : CO-230345 Model : Entrep\u00f4t Dimension : 10&#8242; X 12&#8242; Siding : Gris orageux (Gentek Driftwood) Roof : Noir 2 Tons (BP) *** TRANSPORT NOT INCLUDED ***<\/p>\n","protected":false},"featured_media":16769,"template":"","meta":{"content-type":""},"product_brand":[],"product_cat":[1223],"product_tag":[],"dimensions-des-demonstrateurs":[638],"code-de-produit":[640],"class_list":{"0":"post-25191","1":"product","2":"type-product","3":"status-publish","4":"has-post-thumbnail","6":"product_cat-warehouse","7":"dimensions-des-demonstrateurs-10-x-12-en","8":"code-de-produit-c0000-en","10":"first","11":"outofstock","12":"sale","13":"sold-individually","14":"shipping-taxable","15":"purchasable","16":"product-type-simple"},"yoast_head":"<!-- This site is optimized with the Yoast SEO plugin v27.3 - https:\/\/yoast.com\/product\/yoast-seo-wordpress\/ -->\n<title>Entrep\u00f4t 10x12 - Garages et Cabanons Fontaine<\/title>\n<meta name=\"description\" content=\"Reference : CO-230345 Model : Entrep\u00f4t Dimension : 10&#039; X 12&#039; Siding : Gris orageux (Gentek Driftwood) Roof : Noir 2 Tons (BP) *** TRANSPORT NOT INCLUDED\" \/>\n<meta name=\"robots\" content=\"index, follow, max-snippet:-1, max-image-preview:large, max-video-preview:-1\" \/>\n<link rel=\"canonical\" href=\"https:\/\/cabanons.com\/en\/product\/entrepot-10x12\/\" \/>\n<meta property=\"og:locale\" content=\"en_US\" \/>\n<meta property=\"og:type\" content=\"article\" \/>\n<meta property=\"og:title\" content=\"Entrep\u00f4t 10x12 - Garages et Cabanons Fontaine\" \/>\n<meta property=\"og:description\" content=\"Reference : CO-230345 Model : Entrep\u00f4t Dimension : 10&#039; X 12&#039; Siding : Gris orageux (Gentek Driftwood) Roof : Noir 2 Tons (BP) *** TRANSPORT NOT INCLUDED\" \/>\n<meta property=\"og:url\" content=\"https:\/\/cabanons.com\/en\/product\/entrepot-10x12\/\" \/>\n<meta property=\"og:site_name\" content=\"Garages et Cabanons Fontaine\" \/>\n<meta property=\"og:image\" content=\"https:\/\/cabanons.com\/wp-content\/uploads\/2023\/04\/CO-230345_VF.jpeg\" \/>\n\t<meta property=\"og:image:width\" content=\"611\" \/>\n\t<meta property=\"og:image:height\" content=\"409\" \/>\n\t<meta property=\"og:image:type\" content=\"image\/jpeg\" \/>\n<meta name=\"twitter:card\" content=\"summary_large_image\" \/>\n<script type=\"application\/ld+json\" class=\"yoast-schema-graph\">{\"@context\":\"https:\\\/\\\/schema.org\",\"@graph\":[{\"@type\":\"WebPage\",\"@id\":\"https:\\\/\\\/cabanons.com\\\/en\\\/product\\\/entrepot-10x12\\\/\",\"url\":\"https:\\\/\\\/cabanons.com\\\/en\\\/product\\\/entrepot-10x12\\\/\",\"name\":\"Entrep\u00f4t 10x12 - Garages et Cabanons Fontaine\",\"isPartOf\":{\"@id\":\"https:\\\/\\\/cabanons.com\\\/en\\\/#website\"},\"primaryImageOfPage\":{\"@id\":\"https:\\\/\\\/cabanons.com\\\/en\\\/product\\\/entrepot-10x12\\\/#primaryimage\"},\"image\":{\"@id\":\"https:\\\/\\\/cabanons.com\\\/en\\\/product\\\/entrepot-10x12\\\/#primaryimage\"},\"thumbnailUrl\":\"https:\\\/\\\/cabanons.com\\\/wp-content\\\/uploads\\\/2023\\\/04\\\/CO-230345_VF.jpeg\",\"datePublished\":\"2024-12-17T20:08:54+00:00\",\"description\":\"Reference : CO-230345 Model : Entrep\u00f4t Dimension : 10' X 12' Siding : Gris orageux (Gentek Driftwood) Roof : Noir 2 Tons (BP) *** TRANSPORT NOT INCLUDED\",\"breadcrumb\":{\"@id\":\"https:\\\/\\\/cabanons.com\\\/en\\\/product\\\/entrepot-10x12\\\/#breadcrumb\"},\"inLanguage\":\"en-CA\",\"potentialAction\":[{\"@type\":\"ReadAction\",\"target\":[\"https:\\\/\\\/cabanons.com\\\/en\\\/product\\\/entrepot-10x12\\\/\"]}]},{\"@type\":\"ImageObject\",\"inLanguage\":\"en-CA\",\"@id\":\"https:\\\/\\\/cabanons.com\\\/en\\\/product\\\/entrepot-10x12\\\/#primaryimage\",\"url\":\"https:\\\/\\\/cabanons.com\\\/wp-content\\\/uploads\\\/2023\\\/04\\\/CO-230345_VF.jpeg\",\"contentUrl\":\"https:\\\/\\\/cabanons.com\\\/wp-content\\\/uploads\\\/2023\\\/04\\\/CO-230345_VF.jpeg\",\"width\":611,\"height\":409,\"caption\":\"CO-230345_VF\"},{\"@type\":\"BreadcrumbList\",\"@id\":\"https:\\\/\\\/cabanons.com\\\/en\\\/product\\\/entrepot-10x12\\\/#breadcrumb\",\"itemListElement\":[{\"@type\":\"ListItem\",\"position\":1,\"name\":\"Accueil\",\"item\":\"https:\\\/\\\/cabanons.com\\\/en\\\/\"},{\"@type\":\"ListItem\",\"position\":2,\"name\":\"Demonstrator\",\"item\":\"https:\\\/\\\/cabanons.com\\\/en\\\/demonstrator\\\/\"},{\"@type\":\"ListItem\",\"position\":3,\"name\":\"Entrep\u00f4t 10&#215;12\"}]},{\"@type\":\"WebSite\",\"@id\":\"https:\\\/\\\/cabanons.com\\\/en\\\/#website\",\"url\":\"https:\\\/\\\/cabanons.com\\\/en\\\/\",\"name\":\"Garages et Cabanons Fontaine\",\"description\":\"LA QUALIT\u00c9 IN\u00c9GAL\u00c9 DEPUIS 1976\",\"publisher\":{\"@id\":\"https:\\\/\\\/cabanons.com\\\/en\\\/#organization\"},\"potentialAction\":[{\"@type\":\"SearchAction\",\"target\":{\"@type\":\"EntryPoint\",\"urlTemplate\":\"https:\\\/\\\/cabanons.com\\\/en\\\/?s={search_term_string}\"},\"query-input\":{\"@type\":\"PropertyValueSpecification\",\"valueRequired\":true,\"valueName\":\"search_term_string\"}}],\"inLanguage\":\"en-CA\"},{\"@type\":\"Organization\",\"@id\":\"https:\\\/\\\/cabanons.com\\\/en\\\/#organization\",\"name\":\"Garages et Cabanons Fontaine\",\"url\":\"https:\\\/\\\/cabanons.com\\\/en\\\/\",\"logo\":{\"@type\":\"ImageObject\",\"inLanguage\":\"en-CA\",\"@id\":\"https:\\\/\\\/cabanons.com\\\/en\\\/#\\\/schema\\\/logo\\\/image\\\/\",\"url\":\"https:\\\/\\\/cabanons.com\\\/wp-content\\\/uploads\\\/2020\\\/11\\\/icone_Logo_Garages_et_Cabanons_Fontaine_horz.png\",\"contentUrl\":\"https:\\\/\\\/cabanons.com\\\/wp-content\\\/uploads\\\/2020\\\/11\\\/icone_Logo_Garages_et_Cabanons_Fontaine_horz.png\",\"width\":716,\"height\":156,\"caption\":\"Garages et Cabanons Fontaine\"},\"image\":{\"@id\":\"https:\\\/\\\/cabanons.com\\\/en\\\/#\\\/schema\\\/logo\\\/image\\\/\"}}]}<\/script>\n<!-- \/ Yoast SEO plugin. -->","yoast_head_json":{"title":"Entrep\u00f4t 10x12 - Garages et Cabanons Fontaine","description":"Reference : CO-230345 Model : Entrep\u00f4t Dimension : 10' X 12' Siding : Gris orageux (Gentek Driftwood) Roof : Noir 2 Tons (BP) *** TRANSPORT NOT INCLUDED","robots":{"index":"index","follow":"follow","max-snippet":"max-snippet:-1","max-image-preview":"max-image-preview:large","max-video-preview":"max-video-preview:-1"},"canonical":"https:\/\/cabanons.com\/en\/product\/entrepot-10x12\/","og_locale":"en_US","og_type":"article","og_title":"Entrep\u00f4t 10x12 - Garages et Cabanons Fontaine","og_description":"Reference : CO-230345 Model : Entrep\u00f4t Dimension : 10' X 12' Siding : Gris orageux (Gentek Driftwood) Roof : Noir 2 Tons (BP) *** TRANSPORT NOT INCLUDED","og_url":"https:\/\/cabanons.com\/en\/product\/entrepot-10x12\/","og_site_name":"Garages et Cabanons Fontaine","og_image":[{"width":611,"height":409,"url":"https:\/\/cabanons.com\/wp-content\/uploads\/2023\/04\/CO-230345_VF.jpeg","type":"image\/jpeg"}],"twitter_card":"summary_large_image","schema":{"@context":"https:\/\/schema.org","@graph":[{"@type":"WebPage","@id":"https:\/\/cabanons.com\/en\/product\/entrepot-10x12\/","url":"https:\/\/cabanons.com\/en\/product\/entrepot-10x12\/","name":"Entrep\u00f4t 10x12 - Garages et Cabanons Fontaine","isPartOf":{"@id":"https:\/\/cabanons.com\/en\/#website"},"primaryImageOfPage":{"@id":"https:\/\/cabanons.com\/en\/product\/entrepot-10x12\/#primaryimage"},"image":{"@id":"https:\/\/cabanons.com\/en\/product\/entrepot-10x12\/#primaryimage"},"thumbnailUrl":"https:\/\/cabanons.com\/wp-content\/uploads\/2023\/04\/CO-230345_VF.jpeg","datePublished":"2024-12-17T20:08:54+00:00","description":"Reference : CO-230345 Model : Entrep\u00f4t Dimension : 10' X 12' Siding : Gris orageux (Gentek Driftwood) Roof : Noir 2 Tons (BP) *** TRANSPORT NOT INCLUDED","breadcrumb":{"@id":"https:\/\/cabanons.com\/en\/product\/entrepot-10x12\/#breadcrumb"},"inLanguage":"en-CA","potentialAction":[{"@type":"ReadAction","target":["https:\/\/cabanons.com\/en\/product\/entrepot-10x12\/"]}]},{"@type":"ImageObject","inLanguage":"en-CA","@id":"https:\/\/cabanons.com\/en\/product\/entrepot-10x12\/#primaryimage","url":"https:\/\/cabanons.com\/wp-content\/uploads\/2023\/04\/CO-230345_VF.jpeg","contentUrl":"https:\/\/cabanons.com\/wp-content\/uploads\/2023\/04\/CO-230345_VF.jpeg","width":611,"height":409,"caption":"CO-230345_VF"},{"@type":"BreadcrumbList","@id":"https:\/\/cabanons.com\/en\/product\/entrepot-10x12\/#breadcrumb","itemListElement":[{"@type":"ListItem","position":1,"name":"Accueil","item":"https:\/\/cabanons.com\/en\/"},{"@type":"ListItem","position":2,"name":"Demonstrator","item":"https:\/\/cabanons.com\/en\/demonstrator\/"},{"@type":"ListItem","position":3,"name":"Entrep\u00f4t 10&#215;12"}]},{"@type":"WebSite","@id":"https:\/\/cabanons.com\/en\/#website","url":"https:\/\/cabanons.com\/en\/","name":"Garages et Cabanons Fontaine","description":"LA QUALIT\u00c9 IN\u00c9GAL\u00c9 DEPUIS 1976","publisher":{"@id":"https:\/\/cabanons.com\/en\/#organization"},"potentialAction":[{"@type":"SearchAction","target":{"@type":"EntryPoint","urlTemplate":"https:\/\/cabanons.com\/en\/?s={search_term_string}"},"query-input":{"@type":"PropertyValueSpecification","valueRequired":true,"valueName":"search_term_string"}}],"inLanguage":"en-CA"},{"@type":"Organization","@id":"https:\/\/cabanons.com\/en\/#organization","name":"Garages et Cabanons Fontaine","url":"https:\/\/cabanons.com\/en\/","logo":{"@type":"ImageObject","inLanguage":"en-CA","@id":"https:\/\/cabanons.com\/en\/#\/schema\/logo\/image\/","url":"https:\/\/cabanons.com\/wp-content\/uploads\/2020\/11\/icone_Logo_Garages_et_Cabanons_Fontaine_horz.png","contentUrl":"https:\/\/cabanons.com\/wp-content\/uploads\/2020\/11\/icone_Logo_Garages_et_Cabanons_Fontaine_horz.png","width":716,"height":156,"caption":"Garages et Cabanons Fontaine"},"image":{"@id":"https:\/\/cabanons.com\/en\/#\/schema\/logo\/image\/"}}]}},"_links":{"self":[{"href":"https:\/\/cabanons.com\/en\/wp-json\/wp\/v2\/product\/25191","targetHints":{"allow":["GET"]}}],"collection":[{"href":"https:\/\/cabanons.com\/en\/wp-json\/wp\/v2\/product"}],"about":[{"href":"https:\/\/cabanons.com\/en\/wp-json\/wp\/v2\/types\/product"}],"wp:featuredmedia":[{"embeddable":true,"href":"https:\/\/cabanons.com\/en\/wp-json\/wp\/v2\/media\/16769"}],"wp:attachment":[{"href":"https:\/\/cabanons.com\/en\/wp-json\/wp\/v2\/media?parent=25191"}],"wp:term":[{"taxonomy":"product_brand","embeddable":true,"href":"https:\/\/cabanons.com\/en\/wp-json\/wp\/v2\/product_brand?post=25191"},{"taxonomy":"product_cat","embeddable":true,"href":"https:\/\/cabanons.com\/en\/wp-json\/wp\/v2\/product_cat?post=25191"},{"taxonomy":"product_tag","embeddable":true,"href":"https:\/\/cabanons.com\/en\/wp-json\/wp\/v2\/product_tag?post=25191"},{"taxonomy":"dimensions-des-demonstrateurs","embeddable":true,"href":"https:\/\/cabanons.com\/en\/wp-json\/wp\/v2\/dimensions-des-demonstrateurs?post=25191"},{"taxonomy":"code-de-produit","embeddable":true,"href":"https:\/\/cabanons.com\/en\/wp-json\/wp\/v2\/code-de-produit?post=25191"}],"curies":[{"name":"wp","href":"https:\/\/api.w.org\/{rel}","templated":true}]}}