{"id":25203,"date":"2023-03-31T13:50:12","date_gmt":"2023-03-31T13:50:12","guid":{"rendered":"https:\/\/cabanons.com\/?post_type=product&#038;p=25203"},"modified":"2024-12-17T15:30:42","modified_gmt":"2024-12-17T20:30:42","slug":"mirage-14-x-10","status":"publish","type":"product","link":"https:\/\/cabanons.com\/en\/product\/mirage-14-x-10\/","title":{"rendered":"MIRAGE 14&#8242; X 10&#8242;"},"content":{"rendered":"<p>Reference: <strong>CO-220900<\/strong><br \/>\nModel: <strong>MIRAGE<\/strong><br \/>\nSize: <strong>14&#8242; X 10&#8242;<\/strong><br \/>\nSiding : <strong>Expresso vinyl (Gentek Sequoia)<\/strong><\/p>\n<p>Roof :<br \/>\n<strong>&#8211; Shingle: Autumn brown (Everest)<\/strong><br \/>\n<strong>&#8211; Cornice : White<\/strong><\/p>\n<p>Specifications :<br \/>\n<strong>&#8211; Door: Size 36&#8221; + 36&#8221;, White color, Clear glass<\/strong><br \/>\n<strong>&#8211; 6&#8221; top cornice<\/strong><br \/>\n<strong>&#8211; Roof pitch 6\/12<\/strong><\/p>\n<p>Accessories :<br \/>\n<strong>&#8211; Roof shelf<\/strong><br \/>\n<strong>&#8211; Awning<\/strong><br \/>\n<strong>&#8211; Double wall shelf<\/strong><\/p>\n<p>*** TRANSPORT NOT INCLUDED ***<\/p>\n","protected":false},"excerpt":{"rendered":"<p>Reference: CO-220900 Model: MIRAGE Size: 14&#8242; X 10&#8242; Siding : Expresso vinyl (Gentek Sequoia) Roof : &#8211; Shingle: Autumn brown (Everest) &#8211; Cornice : White Specifications : &#8211; Door: Size 36&#8221; + 36&#8221;, White color, Clear glass &#8211; 6&#8221; top cornice &#8211; Roof pitch 6\/12 Accessories : &#8211; Roof shelf &#8211; Awning &#8211; Double wall [&hellip;]<\/p>\n","protected":false},"featured_media":16587,"template":"","meta":{"content-type":""},"product_brand":[],"product_cat":[1204],"product_tag":[],"dimensions-des-demonstrateurs":[],"code-de-produit":[640],"class_list":{"0":"post-25203","1":"product","2":"type-product","3":"status-publish","4":"has-post-thumbnail","6":"product_cat-mirage-en","7":"code-de-produit-c0000-en","9":"first","10":"outofstock","11":"sale","12":"sold-individually","13":"shipping-taxable","14":"purchasable","15":"product-type-simple"},"yoast_head":"<!-- This site is optimized with the Yoast SEO plugin v27.5 - https:\/\/yoast.com\/product\/yoast-seo-wordpress\/ -->\n<title>MIRAGE 14&#039; X 10&#039; - Garages et Cabanons Fontaine<\/title>\n<meta name=\"description\" content=\"Reference: CO-220900 Model: MIRAGE Size: 14&#039; X 10&#039; Siding : Expresso vinyl (Gentek Sequoia) Roof : - Shingle: Autumn brown (Everest) - Cornice : White\" \/>\n<meta name=\"robots\" content=\"index, follow, max-snippet:-1, max-image-preview:large, max-video-preview:-1\" \/>\n<link rel=\"canonical\" href=\"https:\/\/cabanons.com\/en\/product\/mirage-14-x-10\/\" \/>\n<meta property=\"og:locale\" content=\"en_US\" \/>\n<meta property=\"og:type\" content=\"article\" \/>\n<meta property=\"og:title\" content=\"MIRAGE 14&#039; X 10&#039; - Garages et Cabanons Fontaine\" \/>\n<meta property=\"og:description\" content=\"Reference: CO-220900 Model: MIRAGE Size: 14&#039; X 10&#039; Siding : Expresso vinyl (Gentek Sequoia) Roof : - Shingle: Autumn brown (Everest) - Cornice : White\" \/>\n<meta property=\"og:url\" content=\"https:\/\/cabanons.com\/en\/product\/mirage-14-x-10\/\" \/>\n<meta property=\"og:site_name\" content=\"Garages et Cabanons Fontaine\" \/>\n<meta property=\"article:modified_time\" content=\"2024-12-17T20:30:42+00:00\" \/>\n<meta property=\"og:image\" content=\"https:\/\/cabanons.com\/wp-content\/uploads\/2023\/03\/CO-220900_VF.jpeg\" \/>\n\t<meta property=\"og:image:width\" content=\"768\" \/>\n\t<meta property=\"og:image:height\" content=\"642\" \/>\n\t<meta property=\"og:image:type\" content=\"image\/jpeg\" \/>\n<meta name=\"twitter:card\" content=\"summary_large_image\" \/>\n<script type=\"application\/ld+json\" class=\"yoast-schema-graph\">{\"@context\":\"https:\\\/\\\/schema.org\",\"@graph\":[{\"@type\":\"WebPage\",\"@id\":\"https:\\\/\\\/cabanons.com\\\/en\\\/product\\\/mirage-14-x-10\\\/\",\"url\":\"https:\\\/\\\/cabanons.com\\\/en\\\/product\\\/mirage-14-x-10\\\/\",\"name\":\"MIRAGE 14' X 10' - Garages et Cabanons Fontaine\",\"isPartOf\":{\"@id\":\"https:\\\/\\\/cabanons.com\\\/en\\\/#website\"},\"primaryImageOfPage\":{\"@id\":\"https:\\\/\\\/cabanons.com\\\/en\\\/product\\\/mirage-14-x-10\\\/#primaryimage\"},\"image\":{\"@id\":\"https:\\\/\\\/cabanons.com\\\/en\\\/product\\\/mirage-14-x-10\\\/#primaryimage\"},\"thumbnailUrl\":\"https:\\\/\\\/cabanons.com\\\/wp-content\\\/uploads\\\/2023\\\/03\\\/CO-220900_VF.jpeg\",\"datePublished\":\"2023-03-31T13:50:12+00:00\",\"dateModified\":\"2024-12-17T20:30:42+00:00\",\"description\":\"Reference: CO-220900 Model: MIRAGE Size: 14' X 10' Siding : Expresso vinyl (Gentek Sequoia) Roof : - Shingle: Autumn brown (Everest) - Cornice : White\",\"breadcrumb\":{\"@id\":\"https:\\\/\\\/cabanons.com\\\/en\\\/product\\\/mirage-14-x-10\\\/#breadcrumb\"},\"inLanguage\":\"en-CA\",\"potentialAction\":[{\"@type\":\"ReadAction\",\"target\":[\"https:\\\/\\\/cabanons.com\\\/en\\\/product\\\/mirage-14-x-10\\\/\"]}]},{\"@type\":\"ImageObject\",\"inLanguage\":\"en-CA\",\"@id\":\"https:\\\/\\\/cabanons.com\\\/en\\\/product\\\/mirage-14-x-10\\\/#primaryimage\",\"url\":\"https:\\\/\\\/cabanons.com\\\/wp-content\\\/uploads\\\/2023\\\/03\\\/CO-220900_VF.jpeg\",\"contentUrl\":\"https:\\\/\\\/cabanons.com\\\/wp-content\\\/uploads\\\/2023\\\/03\\\/CO-220900_VF.jpeg\",\"width\":768,\"height\":642,\"caption\":\"CO-220900_VF\"},{\"@type\":\"BreadcrumbList\",\"@id\":\"https:\\\/\\\/cabanons.com\\\/en\\\/product\\\/mirage-14-x-10\\\/#breadcrumb\",\"itemListElement\":[{\"@type\":\"ListItem\",\"position\":1,\"name\":\"Accueil\",\"item\":\"https:\\\/\\\/cabanons.com\\\/en\\\/\"},{\"@type\":\"ListItem\",\"position\":2,\"name\":\"Demonstrator\",\"item\":\"https:\\\/\\\/cabanons.com\\\/en\\\/demonstrator\\\/\"},{\"@type\":\"ListItem\",\"position\":3,\"name\":\"MIRAGE 14&#8242; X 10&#8242;\"}]},{\"@type\":\"WebSite\",\"@id\":\"https:\\\/\\\/cabanons.com\\\/en\\\/#website\",\"url\":\"https:\\\/\\\/cabanons.com\\\/en\\\/\",\"name\":\"Garages et Cabanons Fontaine\",\"description\":\"LA QUALIT\u00c9 IN\u00c9GAL\u00c9 DEPUIS 1976\",\"publisher\":{\"@id\":\"https:\\\/\\\/cabanons.com\\\/en\\\/#organization\"},\"potentialAction\":[{\"@type\":\"SearchAction\",\"target\":{\"@type\":\"EntryPoint\",\"urlTemplate\":\"https:\\\/\\\/cabanons.com\\\/en\\\/?s={search_term_string}\"},\"query-input\":{\"@type\":\"PropertyValueSpecification\",\"valueRequired\":true,\"valueName\":\"search_term_string\"}}],\"inLanguage\":\"en-CA\"},{\"@type\":\"Organization\",\"@id\":\"https:\\\/\\\/cabanons.com\\\/en\\\/#organization\",\"name\":\"Garages et Cabanons Fontaine\",\"url\":\"https:\\\/\\\/cabanons.com\\\/en\\\/\",\"logo\":{\"@type\":\"ImageObject\",\"inLanguage\":\"en-CA\",\"@id\":\"https:\\\/\\\/cabanons.com\\\/en\\\/#\\\/schema\\\/logo\\\/image\\\/\",\"url\":\"https:\\\/\\\/cabanons.com\\\/wp-content\\\/uploads\\\/2020\\\/11\\\/icone_Logo_Garages_et_Cabanons_Fontaine_horz.png\",\"contentUrl\":\"https:\\\/\\\/cabanons.com\\\/wp-content\\\/uploads\\\/2020\\\/11\\\/icone_Logo_Garages_et_Cabanons_Fontaine_horz.png\",\"width\":716,\"height\":156,\"caption\":\"Garages et Cabanons Fontaine\"},\"image\":{\"@id\":\"https:\\\/\\\/cabanons.com\\\/en\\\/#\\\/schema\\\/logo\\\/image\\\/\"}}]}<\/script>\n<!-- \/ Yoast SEO plugin. -->","yoast_head_json":{"title":"MIRAGE 14' X 10' - Garages et Cabanons Fontaine","description":"Reference: CO-220900 Model: MIRAGE Size: 14' X 10' Siding : Expresso vinyl (Gentek Sequoia) Roof : - Shingle: Autumn brown (Everest) - Cornice : White","robots":{"index":"index","follow":"follow","max-snippet":"max-snippet:-1","max-image-preview":"max-image-preview:large","max-video-preview":"max-video-preview:-1"},"canonical":"https:\/\/cabanons.com\/en\/product\/mirage-14-x-10\/","og_locale":"en_US","og_type":"article","og_title":"MIRAGE 14' X 10' - Garages et Cabanons Fontaine","og_description":"Reference: CO-220900 Model: MIRAGE Size: 14' X 10' Siding : Expresso vinyl (Gentek Sequoia) Roof : - Shingle: Autumn brown (Everest) - Cornice : White","og_url":"https:\/\/cabanons.com\/en\/product\/mirage-14-x-10\/","og_site_name":"Garages et Cabanons Fontaine","article_modified_time":"2024-12-17T20:30:42+00:00","og_image":[{"width":768,"height":642,"url":"https:\/\/cabanons.com\/wp-content\/uploads\/2023\/03\/CO-220900_VF.jpeg","type":"image\/jpeg"}],"twitter_card":"summary_large_image","schema":{"@context":"https:\/\/schema.org","@graph":[{"@type":"WebPage","@id":"https:\/\/cabanons.com\/en\/product\/mirage-14-x-10\/","url":"https:\/\/cabanons.com\/en\/product\/mirage-14-x-10\/","name":"MIRAGE 14' X 10' - Garages et Cabanons Fontaine","isPartOf":{"@id":"https:\/\/cabanons.com\/en\/#website"},"primaryImageOfPage":{"@id":"https:\/\/cabanons.com\/en\/product\/mirage-14-x-10\/#primaryimage"},"image":{"@id":"https:\/\/cabanons.com\/en\/product\/mirage-14-x-10\/#primaryimage"},"thumbnailUrl":"https:\/\/cabanons.com\/wp-content\/uploads\/2023\/03\/CO-220900_VF.jpeg","datePublished":"2023-03-31T13:50:12+00:00","dateModified":"2024-12-17T20:30:42+00:00","description":"Reference: CO-220900 Model: MIRAGE Size: 14' X 10' Siding : Expresso vinyl (Gentek Sequoia) Roof : - Shingle: Autumn brown (Everest) - Cornice : White","breadcrumb":{"@id":"https:\/\/cabanons.com\/en\/product\/mirage-14-x-10\/#breadcrumb"},"inLanguage":"en-CA","potentialAction":[{"@type":"ReadAction","target":["https:\/\/cabanons.com\/en\/product\/mirage-14-x-10\/"]}]},{"@type":"ImageObject","inLanguage":"en-CA","@id":"https:\/\/cabanons.com\/en\/product\/mirage-14-x-10\/#primaryimage","url":"https:\/\/cabanons.com\/wp-content\/uploads\/2023\/03\/CO-220900_VF.jpeg","contentUrl":"https:\/\/cabanons.com\/wp-content\/uploads\/2023\/03\/CO-220900_VF.jpeg","width":768,"height":642,"caption":"CO-220900_VF"},{"@type":"BreadcrumbList","@id":"https:\/\/cabanons.com\/en\/product\/mirage-14-x-10\/#breadcrumb","itemListElement":[{"@type":"ListItem","position":1,"name":"Accueil","item":"https:\/\/cabanons.com\/en\/"},{"@type":"ListItem","position":2,"name":"Demonstrator","item":"https:\/\/cabanons.com\/en\/demonstrator\/"},{"@type":"ListItem","position":3,"name":"MIRAGE 14&#8242; X 10&#8242;"}]},{"@type":"WebSite","@id":"https:\/\/cabanons.com\/en\/#website","url":"https:\/\/cabanons.com\/en\/","name":"Garages et Cabanons Fontaine","description":"LA QUALIT\u00c9 IN\u00c9GAL\u00c9 DEPUIS 1976","publisher":{"@id":"https:\/\/cabanons.com\/en\/#organization"},"potentialAction":[{"@type":"SearchAction","target":{"@type":"EntryPoint","urlTemplate":"https:\/\/cabanons.com\/en\/?s={search_term_string}"},"query-input":{"@type":"PropertyValueSpecification","valueRequired":true,"valueName":"search_term_string"}}],"inLanguage":"en-CA"},{"@type":"Organization","@id":"https:\/\/cabanons.com\/en\/#organization","name":"Garages et Cabanons Fontaine","url":"https:\/\/cabanons.com\/en\/","logo":{"@type":"ImageObject","inLanguage":"en-CA","@id":"https:\/\/cabanons.com\/en\/#\/schema\/logo\/image\/","url":"https:\/\/cabanons.com\/wp-content\/uploads\/2020\/11\/icone_Logo_Garages_et_Cabanons_Fontaine_horz.png","contentUrl":"https:\/\/cabanons.com\/wp-content\/uploads\/2020\/11\/icone_Logo_Garages_et_Cabanons_Fontaine_horz.png","width":716,"height":156,"caption":"Garages et Cabanons Fontaine"},"image":{"@id":"https:\/\/cabanons.com\/en\/#\/schema\/logo\/image\/"}}]}},"_links":{"self":[{"href":"https:\/\/cabanons.com\/en\/wp-json\/wp\/v2\/product\/25203","targetHints":{"allow":["GET"]}}],"collection":[{"href":"https:\/\/cabanons.com\/en\/wp-json\/wp\/v2\/product"}],"about":[{"href":"https:\/\/cabanons.com\/en\/wp-json\/wp\/v2\/types\/product"}],"wp:featuredmedia":[{"embeddable":true,"href":"https:\/\/cabanons.com\/en\/wp-json\/wp\/v2\/media\/16587"}],"wp:attachment":[{"href":"https:\/\/cabanons.com\/en\/wp-json\/wp\/v2\/media?parent=25203"}],"wp:term":[{"taxonomy":"product_brand","embeddable":true,"href":"https:\/\/cabanons.com\/en\/wp-json\/wp\/v2\/product_brand?post=25203"},{"taxonomy":"product_cat","embeddable":true,"href":"https:\/\/cabanons.com\/en\/wp-json\/wp\/v2\/product_cat?post=25203"},{"taxonomy":"product_tag","embeddable":true,"href":"https:\/\/cabanons.com\/en\/wp-json\/wp\/v2\/product_tag?post=25203"},{"taxonomy":"dimensions-des-demonstrateurs","embeddable":true,"href":"https:\/\/cabanons.com\/en\/wp-json\/wp\/v2\/dimensions-des-demonstrateurs?post=25203"},{"taxonomy":"code-de-produit","embeddable":true,"href":"https:\/\/cabanons.com\/en\/wp-json\/wp\/v2\/code-de-produit?post=25203"}],"curies":[{"name":"wp","href":"https:\/\/api.w.org\/{rel}","templated":true}]}}