{"id":25204,"date":"2023-03-31T13:34:29","date_gmt":"2023-03-31T13:34:29","guid":{"rendered":"https:\/\/cabanons.com\/?post_type=product&#038;p=25204"},"modified":"2025-03-10T15:48:00","modified_gmt":"2025-03-10T19:48:00","slug":"jazz-8-x-10-2","status":"publish","type":"product","link":"https:\/\/cabanons.com\/en\/product\/jazz-8-x-10-2\/","title":{"rendered":"JAZZ 8&#8242; X 10&#8242;"},"content":{"rendered":"<p>Reference: <strong>CO-220861<\/strong><br \/>\nModel: <strong>JAZZ<\/strong><br \/>\nSize: <strong>8&#8242; X 10&#8242;<\/strong><br \/>\nSiding : <strong>Storm grey vinyl (Gentek Driftwood)<\/strong><\/p>\n<p>Roof :<br \/>\n<strong>&#8211; Shingle: 2-tone black (BP Dakota)<\/strong><br \/>\n<strong>&#8211; Cornice : Black<\/strong><\/p>\n<p>Specifications :<br \/>\n<strong>&#8211; Door: Size 32&#8221; + 32&#8221;, Black color, Clear glass<\/strong><br \/>\n<strong>&#8211; Window : Dimension 26&#8221; x 16&#8221;, Color black, Clear glass<\/strong><br \/>\n<strong>&#8211; Walls: 88-1\/2&#8221; high<\/strong><br \/>\n<strong>&#8211; Top cornice 6&#8221;<\/strong><\/p>\n<p>*** TRANSPORT NOT INCLUDED ***<\/p>\n","protected":false},"excerpt":{"rendered":"<p>Reference: CO-220861 Model: JAZZ Size: 8&#8242; X 10&#8242; Siding : Storm grey vinyl (Gentek Driftwood) Roof : &#8211; Shingle: 2-tone black (BP Dakota) &#8211; Cornice : Black Specifications : &#8211; Door: Size 32&#8221; + 32&#8221;, Black color, Clear glass &#8211; Window : Dimension 26&#8221; x 16&#8221;, Color black, Clear glass &#8211; Walls: 88-1\/2&#8221; high &#8211; [&hellip;]<\/p>\n","protected":false},"featured_media":16579,"template":"","meta":{"content-type":""},"product_brand":[],"product_cat":[651],"product_tag":[],"dimensions-des-demonstrateurs":[643],"code-de-produit":[640],"class_list":{"0":"post-25204","1":"product","2":"type-product","3":"status-publish","4":"has-post-thumbnail","6":"product_cat-jazz-en","7":"dimensions-des-demonstrateurs-08-x-10-en","8":"code-de-produit-c0000-en","10":"first","11":"outofstock","12":"sale","13":"sold-individually","14":"shipping-taxable","15":"purchasable","16":"product-type-simple"},"yoast_head":"<!-- This site is optimized with the Yoast SEO plugin v27.3 - https:\/\/yoast.com\/product\/yoast-seo-wordpress\/ -->\n<title>JAZZ 8&#039; X 10&#039; - Garages et Cabanons Fontaine<\/title>\n<meta name=\"description\" content=\"Reference: CO-220861 Model: JAZZ Size: 8&#039; X 10&#039; Siding : Storm grey vinyl (Gentek Driftwood) Roof : - Shingle: 2-tone black (BP Dakota) - Cornice : Black\" \/>\n<meta name=\"robots\" content=\"index, follow, max-snippet:-1, max-image-preview:large, max-video-preview:-1\" \/>\n<link rel=\"canonical\" href=\"https:\/\/cabanons.com\/en\/product\/jazz-8-x-10-2\/\" \/>\n<meta property=\"og:locale\" content=\"en_US\" \/>\n<meta property=\"og:type\" content=\"article\" \/>\n<meta property=\"og:title\" content=\"JAZZ 8&#039; X 10&#039; - Garages et Cabanons Fontaine\" \/>\n<meta property=\"og:description\" content=\"Reference: CO-220861 Model: JAZZ Size: 8&#039; X 10&#039; Siding : Storm grey vinyl (Gentek Driftwood) Roof : - Shingle: 2-tone black (BP Dakota) - Cornice : Black\" \/>\n<meta property=\"og:url\" content=\"https:\/\/cabanons.com\/en\/product\/jazz-8-x-10-2\/\" \/>\n<meta property=\"og:site_name\" content=\"Garages et Cabanons Fontaine\" \/>\n<meta property=\"article:modified_time\" content=\"2025-03-10T19:48:00+00:00\" \/>\n<meta property=\"og:image\" content=\"https:\/\/cabanons.com\/wp-content\/uploads\/2023\/03\/CO-220861_VF.jpeg\" \/>\n\t<meta property=\"og:image:width\" content=\"664\" \/>\n\t<meta property=\"og:image:height\" content=\"664\" \/>\n\t<meta property=\"og:image:type\" content=\"image\/jpeg\" \/>\n<meta name=\"twitter:card\" content=\"summary_large_image\" \/>\n<script type=\"application\/ld+json\" class=\"yoast-schema-graph\">{\"@context\":\"https:\\\/\\\/schema.org\",\"@graph\":[{\"@type\":\"WebPage\",\"@id\":\"https:\\\/\\\/cabanons.com\\\/en\\\/product\\\/jazz-8-x-10-2\\\/\",\"url\":\"https:\\\/\\\/cabanons.com\\\/en\\\/product\\\/jazz-8-x-10-2\\\/\",\"name\":\"JAZZ 8' X 10' - Garages et Cabanons Fontaine\",\"isPartOf\":{\"@id\":\"https:\\\/\\\/cabanons.com\\\/en\\\/#website\"},\"primaryImageOfPage\":{\"@id\":\"https:\\\/\\\/cabanons.com\\\/en\\\/product\\\/jazz-8-x-10-2\\\/#primaryimage\"},\"image\":{\"@id\":\"https:\\\/\\\/cabanons.com\\\/en\\\/product\\\/jazz-8-x-10-2\\\/#primaryimage\"},\"thumbnailUrl\":\"https:\\\/\\\/cabanons.com\\\/wp-content\\\/uploads\\\/2023\\\/03\\\/CO-220861_VF.jpeg\",\"datePublished\":\"2023-03-31T13:34:29+00:00\",\"dateModified\":\"2025-03-10T19:48:00+00:00\",\"description\":\"Reference: CO-220861 Model: JAZZ Size: 8' X 10' Siding : Storm grey vinyl (Gentek Driftwood) Roof : - Shingle: 2-tone black (BP Dakota) - Cornice : Black\",\"breadcrumb\":{\"@id\":\"https:\\\/\\\/cabanons.com\\\/en\\\/product\\\/jazz-8-x-10-2\\\/#breadcrumb\"},\"inLanguage\":\"en-CA\",\"potentialAction\":[{\"@type\":\"ReadAction\",\"target\":[\"https:\\\/\\\/cabanons.com\\\/en\\\/product\\\/jazz-8-x-10-2\\\/\"]}]},{\"@type\":\"ImageObject\",\"inLanguage\":\"en-CA\",\"@id\":\"https:\\\/\\\/cabanons.com\\\/en\\\/product\\\/jazz-8-x-10-2\\\/#primaryimage\",\"url\":\"https:\\\/\\\/cabanons.com\\\/wp-content\\\/uploads\\\/2023\\\/03\\\/CO-220861_VF.jpeg\",\"contentUrl\":\"https:\\\/\\\/cabanons.com\\\/wp-content\\\/uploads\\\/2023\\\/03\\\/CO-220861_VF.jpeg\",\"width\":664,\"height\":664,\"caption\":\"CO-220861_VF\"},{\"@type\":\"BreadcrumbList\",\"@id\":\"https:\\\/\\\/cabanons.com\\\/en\\\/product\\\/jazz-8-x-10-2\\\/#breadcrumb\",\"itemListElement\":[{\"@type\":\"ListItem\",\"position\":1,\"name\":\"Accueil\",\"item\":\"https:\\\/\\\/cabanons.com\\\/en\\\/\"},{\"@type\":\"ListItem\",\"position\":2,\"name\":\"Demonstrator\",\"item\":\"https:\\\/\\\/cabanons.com\\\/en\\\/demonstrator\\\/\"},{\"@type\":\"ListItem\",\"position\":3,\"name\":\"JAZZ 8&#8242; X 10&#8242;\"}]},{\"@type\":\"WebSite\",\"@id\":\"https:\\\/\\\/cabanons.com\\\/en\\\/#website\",\"url\":\"https:\\\/\\\/cabanons.com\\\/en\\\/\",\"name\":\"Garages et Cabanons Fontaine\",\"description\":\"LA QUALIT\u00c9 IN\u00c9GAL\u00c9 DEPUIS 1976\",\"publisher\":{\"@id\":\"https:\\\/\\\/cabanons.com\\\/en\\\/#organization\"},\"potentialAction\":[{\"@type\":\"SearchAction\",\"target\":{\"@type\":\"EntryPoint\",\"urlTemplate\":\"https:\\\/\\\/cabanons.com\\\/en\\\/?s={search_term_string}\"},\"query-input\":{\"@type\":\"PropertyValueSpecification\",\"valueRequired\":true,\"valueName\":\"search_term_string\"}}],\"inLanguage\":\"en-CA\"},{\"@type\":\"Organization\",\"@id\":\"https:\\\/\\\/cabanons.com\\\/en\\\/#organization\",\"name\":\"Garages et Cabanons Fontaine\",\"url\":\"https:\\\/\\\/cabanons.com\\\/en\\\/\",\"logo\":{\"@type\":\"ImageObject\",\"inLanguage\":\"en-CA\",\"@id\":\"https:\\\/\\\/cabanons.com\\\/en\\\/#\\\/schema\\\/logo\\\/image\\\/\",\"url\":\"https:\\\/\\\/cabanons.com\\\/wp-content\\\/uploads\\\/2020\\\/11\\\/icone_Logo_Garages_et_Cabanons_Fontaine_horz.png\",\"contentUrl\":\"https:\\\/\\\/cabanons.com\\\/wp-content\\\/uploads\\\/2020\\\/11\\\/icone_Logo_Garages_et_Cabanons_Fontaine_horz.png\",\"width\":716,\"height\":156,\"caption\":\"Garages et Cabanons Fontaine\"},\"image\":{\"@id\":\"https:\\\/\\\/cabanons.com\\\/en\\\/#\\\/schema\\\/logo\\\/image\\\/\"}}]}<\/script>\n<!-- \/ Yoast SEO plugin. -->","yoast_head_json":{"title":"JAZZ 8' X 10' - Garages et Cabanons Fontaine","description":"Reference: CO-220861 Model: JAZZ Size: 8' X 10' Siding : Storm grey vinyl (Gentek Driftwood) Roof : - Shingle: 2-tone black (BP Dakota) - Cornice : Black","robots":{"index":"index","follow":"follow","max-snippet":"max-snippet:-1","max-image-preview":"max-image-preview:large","max-video-preview":"max-video-preview:-1"},"canonical":"https:\/\/cabanons.com\/en\/product\/jazz-8-x-10-2\/","og_locale":"en_US","og_type":"article","og_title":"JAZZ 8' X 10' - Garages et Cabanons Fontaine","og_description":"Reference: CO-220861 Model: JAZZ Size: 8' X 10' Siding : Storm grey vinyl (Gentek Driftwood) Roof : - Shingle: 2-tone black (BP Dakota) - Cornice : Black","og_url":"https:\/\/cabanons.com\/en\/product\/jazz-8-x-10-2\/","og_site_name":"Garages et Cabanons Fontaine","article_modified_time":"2025-03-10T19:48:00+00:00","og_image":[{"width":664,"height":664,"url":"https:\/\/cabanons.com\/wp-content\/uploads\/2023\/03\/CO-220861_VF.jpeg","type":"image\/jpeg"}],"twitter_card":"summary_large_image","schema":{"@context":"https:\/\/schema.org","@graph":[{"@type":"WebPage","@id":"https:\/\/cabanons.com\/en\/product\/jazz-8-x-10-2\/","url":"https:\/\/cabanons.com\/en\/product\/jazz-8-x-10-2\/","name":"JAZZ 8' X 10' - Garages et Cabanons Fontaine","isPartOf":{"@id":"https:\/\/cabanons.com\/en\/#website"},"primaryImageOfPage":{"@id":"https:\/\/cabanons.com\/en\/product\/jazz-8-x-10-2\/#primaryimage"},"image":{"@id":"https:\/\/cabanons.com\/en\/product\/jazz-8-x-10-2\/#primaryimage"},"thumbnailUrl":"https:\/\/cabanons.com\/wp-content\/uploads\/2023\/03\/CO-220861_VF.jpeg","datePublished":"2023-03-31T13:34:29+00:00","dateModified":"2025-03-10T19:48:00+00:00","description":"Reference: CO-220861 Model: JAZZ Size: 8' X 10' Siding : Storm grey vinyl (Gentek Driftwood) Roof : - Shingle: 2-tone black (BP Dakota) - Cornice : Black","breadcrumb":{"@id":"https:\/\/cabanons.com\/en\/product\/jazz-8-x-10-2\/#breadcrumb"},"inLanguage":"en-CA","potentialAction":[{"@type":"ReadAction","target":["https:\/\/cabanons.com\/en\/product\/jazz-8-x-10-2\/"]}]},{"@type":"ImageObject","inLanguage":"en-CA","@id":"https:\/\/cabanons.com\/en\/product\/jazz-8-x-10-2\/#primaryimage","url":"https:\/\/cabanons.com\/wp-content\/uploads\/2023\/03\/CO-220861_VF.jpeg","contentUrl":"https:\/\/cabanons.com\/wp-content\/uploads\/2023\/03\/CO-220861_VF.jpeg","width":664,"height":664,"caption":"CO-220861_VF"},{"@type":"BreadcrumbList","@id":"https:\/\/cabanons.com\/en\/product\/jazz-8-x-10-2\/#breadcrumb","itemListElement":[{"@type":"ListItem","position":1,"name":"Accueil","item":"https:\/\/cabanons.com\/en\/"},{"@type":"ListItem","position":2,"name":"Demonstrator","item":"https:\/\/cabanons.com\/en\/demonstrator\/"},{"@type":"ListItem","position":3,"name":"JAZZ 8&#8242; X 10&#8242;"}]},{"@type":"WebSite","@id":"https:\/\/cabanons.com\/en\/#website","url":"https:\/\/cabanons.com\/en\/","name":"Garages et Cabanons Fontaine","description":"LA QUALIT\u00c9 IN\u00c9GAL\u00c9 DEPUIS 1976","publisher":{"@id":"https:\/\/cabanons.com\/en\/#organization"},"potentialAction":[{"@type":"SearchAction","target":{"@type":"EntryPoint","urlTemplate":"https:\/\/cabanons.com\/en\/?s={search_term_string}"},"query-input":{"@type":"PropertyValueSpecification","valueRequired":true,"valueName":"search_term_string"}}],"inLanguage":"en-CA"},{"@type":"Organization","@id":"https:\/\/cabanons.com\/en\/#organization","name":"Garages et Cabanons Fontaine","url":"https:\/\/cabanons.com\/en\/","logo":{"@type":"ImageObject","inLanguage":"en-CA","@id":"https:\/\/cabanons.com\/en\/#\/schema\/logo\/image\/","url":"https:\/\/cabanons.com\/wp-content\/uploads\/2020\/11\/icone_Logo_Garages_et_Cabanons_Fontaine_horz.png","contentUrl":"https:\/\/cabanons.com\/wp-content\/uploads\/2020\/11\/icone_Logo_Garages_et_Cabanons_Fontaine_horz.png","width":716,"height":156,"caption":"Garages et Cabanons Fontaine"},"image":{"@id":"https:\/\/cabanons.com\/en\/#\/schema\/logo\/image\/"}}]}},"_links":{"self":[{"href":"https:\/\/cabanons.com\/en\/wp-json\/wp\/v2\/product\/25204","targetHints":{"allow":["GET"]}}],"collection":[{"href":"https:\/\/cabanons.com\/en\/wp-json\/wp\/v2\/product"}],"about":[{"href":"https:\/\/cabanons.com\/en\/wp-json\/wp\/v2\/types\/product"}],"wp:featuredmedia":[{"embeddable":true,"href":"https:\/\/cabanons.com\/en\/wp-json\/wp\/v2\/media\/16579"}],"wp:attachment":[{"href":"https:\/\/cabanons.com\/en\/wp-json\/wp\/v2\/media?parent=25204"}],"wp:term":[{"taxonomy":"product_brand","embeddable":true,"href":"https:\/\/cabanons.com\/en\/wp-json\/wp\/v2\/product_brand?post=25204"},{"taxonomy":"product_cat","embeddable":true,"href":"https:\/\/cabanons.com\/en\/wp-json\/wp\/v2\/product_cat?post=25204"},{"taxonomy":"product_tag","embeddable":true,"href":"https:\/\/cabanons.com\/en\/wp-json\/wp\/v2\/product_tag?post=25204"},{"taxonomy":"dimensions-des-demonstrateurs","embeddable":true,"href":"https:\/\/cabanons.com\/en\/wp-json\/wp\/v2\/dimensions-des-demonstrateurs?post=25204"},{"taxonomy":"code-de-produit","embeddable":true,"href":"https:\/\/cabanons.com\/en\/wp-json\/wp\/v2\/code-de-produit?post=25204"}],"curies":[{"name":"wp","href":"https:\/\/api.w.org\/{rel}","templated":true}]}}