{"id":28144,"date":"2023-03-30T20:24:02","date_gmt":"2025-04-07T19:22:40","guid":{"rendered":"https:\/\/cabanons.com\/?post_type=product&#038;p=28144"},"modified":"2025-04-07T15:22:40","modified_gmt":"2025-04-07T19:22:40","slug":"urbanon-10x16","status":"publish","type":"product","link":"https:\/\/cabanons.com\/en\/product\/urbanon-10x16\/","title":{"rendered":"Urbanon 10&#8217;x16&#8242;"},"content":{"rendered":"<p>Reference: <strong>CO-211003<\/strong><br \/>\nModel: <strong>Urbano<\/strong><br \/>\nSize: <strong>10&#8242; X 16&#8242;<\/strong><br \/>\nCladding : <strong>DT2-7050 (Crest)<\/strong><br \/>\nRoofing : <strong>Membrane (Flat roof)<\/strong><\/p>\n<p>Specifications : *** TRANSPORT NOT INCLUDED ***<\/p>\n<p><strong>*** Demo Used ***<\/strong><\/p>\n","protected":false},"excerpt":{"rendered":"<p>Reference: CO-211003 Model: Urbano Size: 10&#8242; X 16&#8242; Cladding : DT2-7050 (Crest) Roofing : Membrane (Flat roof) Specifications : *** TRANSPORT NOT INCLUDED *** *** Demo Used ***<\/p>\n","protected":false},"featured_media":28143,"template":"","meta":{"content-type":""},"product_brand":[],"product_cat":[639],"product_tag":[],"dimensions-des-demonstrateurs":[1221],"code-de-produit":[640],"class_list":{"0":"post-28144","1":"product","2":"type-product","3":"status-publish","4":"has-post-thumbnail","6":"product_cat-urbano-en","7":"dimensions-des-demonstrateurs-10-x-16-en","8":"code-de-produit-c0000-en","10":"first","11":"outofstock","12":"sale","13":"sold-individually","14":"shipping-taxable","15":"purchasable","16":"product-type-simple"},"yoast_head":"<!-- This site is optimized with the Yoast SEO plugin v27.5 - https:\/\/yoast.com\/product\/yoast-seo-wordpress\/ -->\n<title>Urbanon 10&#039;x16&#039; - Garages et Cabanons Fontaine<\/title>\n<meta name=\"description\" content=\"Reference: CO-211003 Model: Urbano Size: 10&#039; X 16&#039; Cladding : DT2-7050 (Crest) Roofing : Membrane (Flat roof) Specifications : *** TRANSPORT NOT INCLUDED\" \/>\n<meta name=\"robots\" content=\"index, follow, max-snippet:-1, max-image-preview:large, max-video-preview:-1\" \/>\n<link rel=\"canonical\" href=\"https:\/\/cabanons.com\/en\/product\/urbanon-10x16\/\" \/>\n<meta property=\"og:locale\" content=\"en_US\" \/>\n<meta property=\"og:type\" content=\"article\" \/>\n<meta property=\"og:title\" content=\"Urbanon 10&#039;x16&#039; - Garages et Cabanons Fontaine\" \/>\n<meta property=\"og:description\" content=\"Reference: CO-211003 Model: Urbano Size: 10&#039; X 16&#039; Cladding : DT2-7050 (Crest) Roofing : Membrane (Flat roof) Specifications : *** TRANSPORT NOT INCLUDED\" \/>\n<meta property=\"og:url\" content=\"https:\/\/cabanons.com\/en\/product\/urbanon-10x16\/\" \/>\n<meta property=\"og:site_name\" content=\"Garages et Cabanons Fontaine\" \/>\n<meta property=\"og:image\" content=\"https:\/\/cabanons.com\/wp-content\/uploads\/2023\/03\/Urbano-10x16-1.jpg\" \/>\n\t<meta property=\"og:image:width\" content=\"900\" \/>\n\t<meta property=\"og:image:height\" content=\"1200\" \/>\n\t<meta property=\"og:image:type\" content=\"image\/jpeg\" \/>\n<meta name=\"twitter:card\" content=\"summary_large_image\" \/>\n<script type=\"application\/ld+json\" class=\"yoast-schema-graph\">{\"@context\":\"https:\\\/\\\/schema.org\",\"@graph\":[{\"@type\":\"WebPage\",\"@id\":\"https:\\\/\\\/cabanons.com\\\/en\\\/product\\\/urbanon-10x16\\\/\",\"url\":\"https:\\\/\\\/cabanons.com\\\/en\\\/product\\\/urbanon-10x16\\\/\",\"name\":\"Urbanon 10'x16' - Garages et Cabanons Fontaine\",\"isPartOf\":{\"@id\":\"https:\\\/\\\/cabanons.com\\\/en\\\/#website\"},\"primaryImageOfPage\":{\"@id\":\"https:\\\/\\\/cabanons.com\\\/en\\\/product\\\/urbanon-10x16\\\/#primaryimage\"},\"image\":{\"@id\":\"https:\\\/\\\/cabanons.com\\\/en\\\/product\\\/urbanon-10x16\\\/#primaryimage\"},\"thumbnailUrl\":\"https:\\\/\\\/cabanons.com\\\/wp-content\\\/uploads\\\/2023\\\/03\\\/Urbano-10x16-1.jpg\",\"datePublished\":\"2025-04-07T19:22:40+00:00\",\"description\":\"Reference: CO-211003 Model: Urbano Size: 10' X 16' Cladding : DT2-7050 (Crest) Roofing : Membrane (Flat roof) Specifications : *** TRANSPORT NOT INCLUDED\",\"breadcrumb\":{\"@id\":\"https:\\\/\\\/cabanons.com\\\/en\\\/product\\\/urbanon-10x16\\\/#breadcrumb\"},\"inLanguage\":\"en-CA\",\"potentialAction\":[{\"@type\":\"ReadAction\",\"target\":[\"https:\\\/\\\/cabanons.com\\\/en\\\/product\\\/urbanon-10x16\\\/\"]}]},{\"@type\":\"ImageObject\",\"inLanguage\":\"en-CA\",\"@id\":\"https:\\\/\\\/cabanons.com\\\/en\\\/product\\\/urbanon-10x16\\\/#primaryimage\",\"url\":\"https:\\\/\\\/cabanons.com\\\/wp-content\\\/uploads\\\/2023\\\/03\\\/Urbano-10x16-1.jpg\",\"contentUrl\":\"https:\\\/\\\/cabanons.com\\\/wp-content\\\/uploads\\\/2023\\\/03\\\/Urbano-10x16-1.jpg\",\"width\":900,\"height\":1200},{\"@type\":\"BreadcrumbList\",\"@id\":\"https:\\\/\\\/cabanons.com\\\/en\\\/product\\\/urbanon-10x16\\\/#breadcrumb\",\"itemListElement\":[{\"@type\":\"ListItem\",\"position\":1,\"name\":\"Accueil\",\"item\":\"https:\\\/\\\/cabanons.com\\\/en\\\/\"},{\"@type\":\"ListItem\",\"position\":2,\"name\":\"Demonstrator\",\"item\":\"https:\\\/\\\/cabanons.com\\\/en\\\/demonstrator\\\/\"},{\"@type\":\"ListItem\",\"position\":3,\"name\":\"Urbanon 10&#8217;x16&#8242;\"}]},{\"@type\":\"WebSite\",\"@id\":\"https:\\\/\\\/cabanons.com\\\/en\\\/#website\",\"url\":\"https:\\\/\\\/cabanons.com\\\/en\\\/\",\"name\":\"Garages et Cabanons Fontaine\",\"description\":\"LA QUALIT\u00c9 IN\u00c9GAL\u00c9 DEPUIS 1976\",\"publisher\":{\"@id\":\"https:\\\/\\\/cabanons.com\\\/en\\\/#organization\"},\"potentialAction\":[{\"@type\":\"SearchAction\",\"target\":{\"@type\":\"EntryPoint\",\"urlTemplate\":\"https:\\\/\\\/cabanons.com\\\/en\\\/?s={search_term_string}\"},\"query-input\":{\"@type\":\"PropertyValueSpecification\",\"valueRequired\":true,\"valueName\":\"search_term_string\"}}],\"inLanguage\":\"en-CA\"},{\"@type\":\"Organization\",\"@id\":\"https:\\\/\\\/cabanons.com\\\/en\\\/#organization\",\"name\":\"Garages et Cabanons Fontaine\",\"url\":\"https:\\\/\\\/cabanons.com\\\/en\\\/\",\"logo\":{\"@type\":\"ImageObject\",\"inLanguage\":\"en-CA\",\"@id\":\"https:\\\/\\\/cabanons.com\\\/en\\\/#\\\/schema\\\/logo\\\/image\\\/\",\"url\":\"https:\\\/\\\/cabanons.com\\\/wp-content\\\/uploads\\\/2020\\\/11\\\/icone_Logo_Garages_et_Cabanons_Fontaine_horz.png\",\"contentUrl\":\"https:\\\/\\\/cabanons.com\\\/wp-content\\\/uploads\\\/2020\\\/11\\\/icone_Logo_Garages_et_Cabanons_Fontaine_horz.png\",\"width\":716,\"height\":156,\"caption\":\"Garages et Cabanons Fontaine\"},\"image\":{\"@id\":\"https:\\\/\\\/cabanons.com\\\/en\\\/#\\\/schema\\\/logo\\\/image\\\/\"}}]}<\/script>\n<!-- \/ Yoast SEO plugin. -->","yoast_head_json":{"title":"Urbanon 10'x16' - Garages et Cabanons Fontaine","description":"Reference: CO-211003 Model: Urbano Size: 10' X 16' Cladding : DT2-7050 (Crest) Roofing : Membrane (Flat roof) Specifications : *** TRANSPORT NOT INCLUDED","robots":{"index":"index","follow":"follow","max-snippet":"max-snippet:-1","max-image-preview":"max-image-preview:large","max-video-preview":"max-video-preview:-1"},"canonical":"https:\/\/cabanons.com\/en\/product\/urbanon-10x16\/","og_locale":"en_US","og_type":"article","og_title":"Urbanon 10'x16' - Garages et Cabanons Fontaine","og_description":"Reference: CO-211003 Model: Urbano Size: 10' X 16' Cladding : DT2-7050 (Crest) Roofing : Membrane (Flat roof) Specifications : *** TRANSPORT NOT INCLUDED","og_url":"https:\/\/cabanons.com\/en\/product\/urbanon-10x16\/","og_site_name":"Garages et Cabanons Fontaine","og_image":[{"width":900,"height":1200,"url":"https:\/\/cabanons.com\/wp-content\/uploads\/2023\/03\/Urbano-10x16-1.jpg","type":"image\/jpeg"}],"twitter_card":"summary_large_image","schema":{"@context":"https:\/\/schema.org","@graph":[{"@type":"WebPage","@id":"https:\/\/cabanons.com\/en\/product\/urbanon-10x16\/","url":"https:\/\/cabanons.com\/en\/product\/urbanon-10x16\/","name":"Urbanon 10'x16' - Garages et Cabanons Fontaine","isPartOf":{"@id":"https:\/\/cabanons.com\/en\/#website"},"primaryImageOfPage":{"@id":"https:\/\/cabanons.com\/en\/product\/urbanon-10x16\/#primaryimage"},"image":{"@id":"https:\/\/cabanons.com\/en\/product\/urbanon-10x16\/#primaryimage"},"thumbnailUrl":"https:\/\/cabanons.com\/wp-content\/uploads\/2023\/03\/Urbano-10x16-1.jpg","datePublished":"2025-04-07T19:22:40+00:00","description":"Reference: CO-211003 Model: Urbano Size: 10' X 16' Cladding : DT2-7050 (Crest) Roofing : Membrane (Flat roof) Specifications : *** TRANSPORT NOT INCLUDED","breadcrumb":{"@id":"https:\/\/cabanons.com\/en\/product\/urbanon-10x16\/#breadcrumb"},"inLanguage":"en-CA","potentialAction":[{"@type":"ReadAction","target":["https:\/\/cabanons.com\/en\/product\/urbanon-10x16\/"]}]},{"@type":"ImageObject","inLanguage":"en-CA","@id":"https:\/\/cabanons.com\/en\/product\/urbanon-10x16\/#primaryimage","url":"https:\/\/cabanons.com\/wp-content\/uploads\/2023\/03\/Urbano-10x16-1.jpg","contentUrl":"https:\/\/cabanons.com\/wp-content\/uploads\/2023\/03\/Urbano-10x16-1.jpg","width":900,"height":1200},{"@type":"BreadcrumbList","@id":"https:\/\/cabanons.com\/en\/product\/urbanon-10x16\/#breadcrumb","itemListElement":[{"@type":"ListItem","position":1,"name":"Accueil","item":"https:\/\/cabanons.com\/en\/"},{"@type":"ListItem","position":2,"name":"Demonstrator","item":"https:\/\/cabanons.com\/en\/demonstrator\/"},{"@type":"ListItem","position":3,"name":"Urbanon 10&#8217;x16&#8242;"}]},{"@type":"WebSite","@id":"https:\/\/cabanons.com\/en\/#website","url":"https:\/\/cabanons.com\/en\/","name":"Garages et Cabanons Fontaine","description":"LA QUALIT\u00c9 IN\u00c9GAL\u00c9 DEPUIS 1976","publisher":{"@id":"https:\/\/cabanons.com\/en\/#organization"},"potentialAction":[{"@type":"SearchAction","target":{"@type":"EntryPoint","urlTemplate":"https:\/\/cabanons.com\/en\/?s={search_term_string}"},"query-input":{"@type":"PropertyValueSpecification","valueRequired":true,"valueName":"search_term_string"}}],"inLanguage":"en-CA"},{"@type":"Organization","@id":"https:\/\/cabanons.com\/en\/#organization","name":"Garages et Cabanons Fontaine","url":"https:\/\/cabanons.com\/en\/","logo":{"@type":"ImageObject","inLanguage":"en-CA","@id":"https:\/\/cabanons.com\/en\/#\/schema\/logo\/image\/","url":"https:\/\/cabanons.com\/wp-content\/uploads\/2020\/11\/icone_Logo_Garages_et_Cabanons_Fontaine_horz.png","contentUrl":"https:\/\/cabanons.com\/wp-content\/uploads\/2020\/11\/icone_Logo_Garages_et_Cabanons_Fontaine_horz.png","width":716,"height":156,"caption":"Garages et Cabanons Fontaine"},"image":{"@id":"https:\/\/cabanons.com\/en\/#\/schema\/logo\/image\/"}}]}},"_links":{"self":[{"href":"https:\/\/cabanons.com\/en\/wp-json\/wp\/v2\/product\/28144","targetHints":{"allow":["GET"]}}],"collection":[{"href":"https:\/\/cabanons.com\/en\/wp-json\/wp\/v2\/product"}],"about":[{"href":"https:\/\/cabanons.com\/en\/wp-json\/wp\/v2\/types\/product"}],"wp:featuredmedia":[{"embeddable":true,"href":"https:\/\/cabanons.com\/en\/wp-json\/wp\/v2\/media\/28143"}],"wp:attachment":[{"href":"https:\/\/cabanons.com\/en\/wp-json\/wp\/v2\/media?parent=28144"}],"wp:term":[{"taxonomy":"product_brand","embeddable":true,"href":"https:\/\/cabanons.com\/en\/wp-json\/wp\/v2\/product_brand?post=28144"},{"taxonomy":"product_cat","embeddable":true,"href":"https:\/\/cabanons.com\/en\/wp-json\/wp\/v2\/product_cat?post=28144"},{"taxonomy":"product_tag","embeddable":true,"href":"https:\/\/cabanons.com\/en\/wp-json\/wp\/v2\/product_tag?post=28144"},{"taxonomy":"dimensions-des-demonstrateurs","embeddable":true,"href":"https:\/\/cabanons.com\/en\/wp-json\/wp\/v2\/dimensions-des-demonstrateurs?post=28144"},{"taxonomy":"code-de-produit","embeddable":true,"href":"https:\/\/cabanons.com\/en\/wp-json\/wp\/v2\/code-de-produit?post=28144"}],"curies":[{"name":"wp","href":"https:\/\/api.w.org\/{rel}","templated":true}]}}