{"id":28840,"date":"2025-05-02T11:21:47","date_gmt":"2025-05-02T15:21:47","guid":{"rendered":"https:\/\/cabanons.com\/?post_type=product&#038;p=28840"},"modified":"2025-05-02T11:25:11","modified_gmt":"2025-05-02T15:25:11","slug":"multi-portes-8x12-2","status":"publish","type":"product","link":"https:\/\/cabanons.com\/en\/product\/multi-portes-8x12-2\/","title":{"rendered":"MULTI-PORTES 8&#8217;x12&#8242;"},"content":{"rendered":"<p>Reference <strong>: CO &#8211; 250591<br \/>\n<\/strong>Modele <strong>: MULTI-PORTES | <\/strong>Collection <strong>: Tendance<br \/>\n<\/strong>Dimension <strong>: 8&#8217;x 12&#8242;<\/strong><\/p>\n<p>Sidding<strong>:<br \/>\n<\/strong><strong>&#8211; Vinyle Mitten Terre d&#8217;ombre<br \/>\n<\/strong><\/p>\n<p>Roof<strong>: Noir 2 tons<\/strong><\/p>\n<p>&nbsp;<\/p>\n<p><strong>*** TRANSPORT not included***<\/strong><\/p>\n<p>&nbsp;<\/p>\n","protected":false},"excerpt":{"rendered":"<p>Reference : CO &#8211; 250591 Modele : MULTI-PORTES | Collection : Tendance Dimension : 8&#8217;x 12&#8242; Sidding: &#8211; Vinyle Mitten Terre d&#8217;ombre Roof: Noir 2 tons &nbsp; *** TRANSPORT not included*** &nbsp;<\/p>\n","protected":false},"featured_media":28841,"template":"","meta":{"content-type":""},"product_brand":[],"product_cat":[1210],"product_tag":[],"dimensions-des-demonstrateurs":[641],"code-de-produit":[],"class_list":{"0":"post-28840","1":"product","2":"type-product","3":"status-publish","4":"has-post-thumbnail","6":"product_cat-multi-doors","7":"dimensions-des-demonstrateurs-08-x-12-en","9":"first","10":"outofstock","11":"sale","12":"shipping-taxable","13":"purchasable","14":"product-type-simple"},"yoast_head":"<!-- This site is optimized with the Yoast SEO plugin v27.3 - https:\/\/yoast.com\/product\/yoast-seo-wordpress\/ -->\n<title>MULTI-PORTES 8&#039;x12&#039; - Garages et Cabanons Fontaine<\/title>\n<meta name=\"description\" content=\"Reference : CO - 250591 Modele : MULTI-PORTES | Collection : Tendance Dimension : 8&#039;x 12&#039; Sidding: - Vinyle Mitten Terre d&#039;ombre Roof: Noir 2 tons &nbsp;\" \/>\n<meta name=\"robots\" content=\"index, follow, max-snippet:-1, max-image-preview:large, max-video-preview:-1\" \/>\n<link rel=\"canonical\" href=\"https:\/\/cabanons.com\/en\/product\/multi-portes-8x12-2\/\" \/>\n<meta property=\"og:locale\" content=\"en_US\" \/>\n<meta property=\"og:type\" content=\"article\" \/>\n<meta property=\"og:title\" content=\"MULTI-PORTES 8&#039;x12&#039; - Garages et Cabanons Fontaine\" \/>\n<meta property=\"og:description\" content=\"Reference : CO - 250591 Modele : MULTI-PORTES | Collection : Tendance Dimension : 8&#039;x 12&#039; Sidding: - Vinyle Mitten Terre d&#039;ombre Roof: Noir 2 tons &nbsp;\" \/>\n<meta property=\"og:url\" content=\"https:\/\/cabanons.com\/en\/product\/multi-portes-8x12-2\/\" \/>\n<meta property=\"og:site_name\" content=\"Garages et Cabanons Fontaine\" \/>\n<meta property=\"article:modified_time\" content=\"2025-05-02T15:25:11+00:00\" \/>\n<meta property=\"og:image\" content=\"https:\/\/cabanons.com\/wp-content\/uploads\/2025\/05\/250591-3.jpeg\" \/>\n\t<meta property=\"og:image:width\" content=\"1200\" \/>\n\t<meta property=\"og:image:height\" content=\"900\" \/>\n\t<meta property=\"og:image:type\" content=\"image\/jpeg\" \/>\n<meta name=\"twitter:card\" content=\"summary_large_image\" \/>\n<script type=\"application\/ld+json\" class=\"yoast-schema-graph\">{\"@context\":\"https:\\\/\\\/schema.org\",\"@graph\":[{\"@type\":\"WebPage\",\"@id\":\"https:\\\/\\\/cabanons.com\\\/en\\\/product\\\/multi-portes-8x12-2\\\/\",\"url\":\"https:\\\/\\\/cabanons.com\\\/en\\\/product\\\/multi-portes-8x12-2\\\/\",\"name\":\"MULTI-PORTES 8'x12' - Garages et Cabanons Fontaine\",\"isPartOf\":{\"@id\":\"https:\\\/\\\/cabanons.com\\\/en\\\/#website\"},\"primaryImageOfPage\":{\"@id\":\"https:\\\/\\\/cabanons.com\\\/en\\\/product\\\/multi-portes-8x12-2\\\/#primaryimage\"},\"image\":{\"@id\":\"https:\\\/\\\/cabanons.com\\\/en\\\/product\\\/multi-portes-8x12-2\\\/#primaryimage\"},\"thumbnailUrl\":\"https:\\\/\\\/cabanons.com\\\/wp-content\\\/uploads\\\/2025\\\/05\\\/250591-3.jpeg\",\"datePublished\":\"2025-05-02T15:21:47+00:00\",\"dateModified\":\"2025-05-02T15:25:11+00:00\",\"description\":\"Reference : CO - 250591 Modele : MULTI-PORTES | Collection : Tendance Dimension : 8'x 12' Sidding: - Vinyle Mitten Terre d'ombre Roof: Noir 2 tons &nbsp;\",\"breadcrumb\":{\"@id\":\"https:\\\/\\\/cabanons.com\\\/en\\\/product\\\/multi-portes-8x12-2\\\/#breadcrumb\"},\"inLanguage\":\"en-CA\",\"potentialAction\":[{\"@type\":\"ReadAction\",\"target\":[\"https:\\\/\\\/cabanons.com\\\/en\\\/product\\\/multi-portes-8x12-2\\\/\"]}]},{\"@type\":\"ImageObject\",\"inLanguage\":\"en-CA\",\"@id\":\"https:\\\/\\\/cabanons.com\\\/en\\\/product\\\/multi-portes-8x12-2\\\/#primaryimage\",\"url\":\"https:\\\/\\\/cabanons.com\\\/wp-content\\\/uploads\\\/2025\\\/05\\\/250591-3.jpeg\",\"contentUrl\":\"https:\\\/\\\/cabanons.com\\\/wp-content\\\/uploads\\\/2025\\\/05\\\/250591-3.jpeg\",\"width\":1200,\"height\":900},{\"@type\":\"BreadcrumbList\",\"@id\":\"https:\\\/\\\/cabanons.com\\\/en\\\/product\\\/multi-portes-8x12-2\\\/#breadcrumb\",\"itemListElement\":[{\"@type\":\"ListItem\",\"position\":1,\"name\":\"Accueil\",\"item\":\"https:\\\/\\\/cabanons.com\\\/en\\\/\"},{\"@type\":\"ListItem\",\"position\":2,\"name\":\"Demonstrator\",\"item\":\"https:\\\/\\\/cabanons.com\\\/en\\\/demonstrator\\\/\"},{\"@type\":\"ListItem\",\"position\":3,\"name\":\"MULTI-PORTES 8&#8217;x12&#8242;\"}]},{\"@type\":\"WebSite\",\"@id\":\"https:\\\/\\\/cabanons.com\\\/en\\\/#website\",\"url\":\"https:\\\/\\\/cabanons.com\\\/en\\\/\",\"name\":\"Garages et Cabanons Fontaine\",\"description\":\"LA QUALIT\u00c9 IN\u00c9GAL\u00c9 DEPUIS 1976\",\"publisher\":{\"@id\":\"https:\\\/\\\/cabanons.com\\\/en\\\/#organization\"},\"potentialAction\":[{\"@type\":\"SearchAction\",\"target\":{\"@type\":\"EntryPoint\",\"urlTemplate\":\"https:\\\/\\\/cabanons.com\\\/en\\\/?s={search_term_string}\"},\"query-input\":{\"@type\":\"PropertyValueSpecification\",\"valueRequired\":true,\"valueName\":\"search_term_string\"}}],\"inLanguage\":\"en-CA\"},{\"@type\":\"Organization\",\"@id\":\"https:\\\/\\\/cabanons.com\\\/en\\\/#organization\",\"name\":\"Garages et Cabanons Fontaine\",\"url\":\"https:\\\/\\\/cabanons.com\\\/en\\\/\",\"logo\":{\"@type\":\"ImageObject\",\"inLanguage\":\"en-CA\",\"@id\":\"https:\\\/\\\/cabanons.com\\\/en\\\/#\\\/schema\\\/logo\\\/image\\\/\",\"url\":\"https:\\\/\\\/cabanons.com\\\/wp-content\\\/uploads\\\/2020\\\/11\\\/icone_Logo_Garages_et_Cabanons_Fontaine_horz.png\",\"contentUrl\":\"https:\\\/\\\/cabanons.com\\\/wp-content\\\/uploads\\\/2020\\\/11\\\/icone_Logo_Garages_et_Cabanons_Fontaine_horz.png\",\"width\":716,\"height\":156,\"caption\":\"Garages et Cabanons Fontaine\"},\"image\":{\"@id\":\"https:\\\/\\\/cabanons.com\\\/en\\\/#\\\/schema\\\/logo\\\/image\\\/\"}}]}<\/script>\n<!-- \/ Yoast SEO plugin. -->","yoast_head_json":{"title":"MULTI-PORTES 8'x12' - Garages et Cabanons Fontaine","description":"Reference : CO - 250591 Modele : MULTI-PORTES | Collection : Tendance Dimension : 8'x 12' Sidding: - Vinyle Mitten Terre d'ombre Roof: Noir 2 tons &nbsp;","robots":{"index":"index","follow":"follow","max-snippet":"max-snippet:-1","max-image-preview":"max-image-preview:large","max-video-preview":"max-video-preview:-1"},"canonical":"https:\/\/cabanons.com\/en\/product\/multi-portes-8x12-2\/","og_locale":"en_US","og_type":"article","og_title":"MULTI-PORTES 8'x12' - Garages et Cabanons Fontaine","og_description":"Reference : CO - 250591 Modele : MULTI-PORTES | Collection : Tendance Dimension : 8'x 12' Sidding: - Vinyle Mitten Terre d'ombre Roof: Noir 2 tons &nbsp;","og_url":"https:\/\/cabanons.com\/en\/product\/multi-portes-8x12-2\/","og_site_name":"Garages et Cabanons Fontaine","article_modified_time":"2025-05-02T15:25:11+00:00","og_image":[{"width":1200,"height":900,"url":"https:\/\/cabanons.com\/wp-content\/uploads\/2025\/05\/250591-3.jpeg","type":"image\/jpeg"}],"twitter_card":"summary_large_image","schema":{"@context":"https:\/\/schema.org","@graph":[{"@type":"WebPage","@id":"https:\/\/cabanons.com\/en\/product\/multi-portes-8x12-2\/","url":"https:\/\/cabanons.com\/en\/product\/multi-portes-8x12-2\/","name":"MULTI-PORTES 8'x12' - Garages et Cabanons Fontaine","isPartOf":{"@id":"https:\/\/cabanons.com\/en\/#website"},"primaryImageOfPage":{"@id":"https:\/\/cabanons.com\/en\/product\/multi-portes-8x12-2\/#primaryimage"},"image":{"@id":"https:\/\/cabanons.com\/en\/product\/multi-portes-8x12-2\/#primaryimage"},"thumbnailUrl":"https:\/\/cabanons.com\/wp-content\/uploads\/2025\/05\/250591-3.jpeg","datePublished":"2025-05-02T15:21:47+00:00","dateModified":"2025-05-02T15:25:11+00:00","description":"Reference : CO - 250591 Modele : MULTI-PORTES | Collection : Tendance Dimension : 8'x 12' Sidding: - Vinyle Mitten Terre d'ombre Roof: Noir 2 tons &nbsp;","breadcrumb":{"@id":"https:\/\/cabanons.com\/en\/product\/multi-portes-8x12-2\/#breadcrumb"},"inLanguage":"en-CA","potentialAction":[{"@type":"ReadAction","target":["https:\/\/cabanons.com\/en\/product\/multi-portes-8x12-2\/"]}]},{"@type":"ImageObject","inLanguage":"en-CA","@id":"https:\/\/cabanons.com\/en\/product\/multi-portes-8x12-2\/#primaryimage","url":"https:\/\/cabanons.com\/wp-content\/uploads\/2025\/05\/250591-3.jpeg","contentUrl":"https:\/\/cabanons.com\/wp-content\/uploads\/2025\/05\/250591-3.jpeg","width":1200,"height":900},{"@type":"BreadcrumbList","@id":"https:\/\/cabanons.com\/en\/product\/multi-portes-8x12-2\/#breadcrumb","itemListElement":[{"@type":"ListItem","position":1,"name":"Accueil","item":"https:\/\/cabanons.com\/en\/"},{"@type":"ListItem","position":2,"name":"Demonstrator","item":"https:\/\/cabanons.com\/en\/demonstrator\/"},{"@type":"ListItem","position":3,"name":"MULTI-PORTES 8&#8217;x12&#8242;"}]},{"@type":"WebSite","@id":"https:\/\/cabanons.com\/en\/#website","url":"https:\/\/cabanons.com\/en\/","name":"Garages et Cabanons Fontaine","description":"LA QUALIT\u00c9 IN\u00c9GAL\u00c9 DEPUIS 1976","publisher":{"@id":"https:\/\/cabanons.com\/en\/#organization"},"potentialAction":[{"@type":"SearchAction","target":{"@type":"EntryPoint","urlTemplate":"https:\/\/cabanons.com\/en\/?s={search_term_string}"},"query-input":{"@type":"PropertyValueSpecification","valueRequired":true,"valueName":"search_term_string"}}],"inLanguage":"en-CA"},{"@type":"Organization","@id":"https:\/\/cabanons.com\/en\/#organization","name":"Garages et Cabanons Fontaine","url":"https:\/\/cabanons.com\/en\/","logo":{"@type":"ImageObject","inLanguage":"en-CA","@id":"https:\/\/cabanons.com\/en\/#\/schema\/logo\/image\/","url":"https:\/\/cabanons.com\/wp-content\/uploads\/2020\/11\/icone_Logo_Garages_et_Cabanons_Fontaine_horz.png","contentUrl":"https:\/\/cabanons.com\/wp-content\/uploads\/2020\/11\/icone_Logo_Garages_et_Cabanons_Fontaine_horz.png","width":716,"height":156,"caption":"Garages et Cabanons Fontaine"},"image":{"@id":"https:\/\/cabanons.com\/en\/#\/schema\/logo\/image\/"}}]}},"_links":{"self":[{"href":"https:\/\/cabanons.com\/en\/wp-json\/wp\/v2\/product\/28840","targetHints":{"allow":["GET"]}}],"collection":[{"href":"https:\/\/cabanons.com\/en\/wp-json\/wp\/v2\/product"}],"about":[{"href":"https:\/\/cabanons.com\/en\/wp-json\/wp\/v2\/types\/product"}],"wp:featuredmedia":[{"embeddable":true,"href":"https:\/\/cabanons.com\/en\/wp-json\/wp\/v2\/media\/28841"}],"wp:attachment":[{"href":"https:\/\/cabanons.com\/en\/wp-json\/wp\/v2\/media?parent=28840"}],"wp:term":[{"taxonomy":"product_brand","embeddable":true,"href":"https:\/\/cabanons.com\/en\/wp-json\/wp\/v2\/product_brand?post=28840"},{"taxonomy":"product_cat","embeddable":true,"href":"https:\/\/cabanons.com\/en\/wp-json\/wp\/v2\/product_cat?post=28840"},{"taxonomy":"product_tag","embeddable":true,"href":"https:\/\/cabanons.com\/en\/wp-json\/wp\/v2\/product_tag?post=28840"},{"taxonomy":"dimensions-des-demonstrateurs","embeddable":true,"href":"https:\/\/cabanons.com\/en\/wp-json\/wp\/v2\/dimensions-des-demonstrateurs?post=28840"},{"taxonomy":"code-de-produit","embeddable":true,"href":"https:\/\/cabanons.com\/en\/wp-json\/wp\/v2\/code-de-produit?post=28840"}],"curies":[{"name":"wp","href":"https:\/\/api.w.org\/{rel}","templated":true}]}}