{"id":30778,"date":"2025-08-11T08:34:00","date_gmt":"2025-08-11T12:34:00","guid":{"rendered":"https:\/\/cabanons.com\/?post_type=product&#038;p=30778"},"modified":"2025-08-11T08:36:43","modified_gmt":"2025-08-11T12:36:43","slug":"jazz-10x12-2","status":"publish","type":"product","link":"https:\/\/cabanons.com\/en\/product\/jazz-10x12-2\/","title":{"rendered":"JAZZ 10&#8217;x12&#8242;"},"content":{"rendered":"<p>Reference :<strong> CO-240786<\/strong><br \/>\nModel :<strong> JAZZ | <\/strong>Collection <strong>: Tendance<\/strong><br \/>\nDimension :<strong> 10&#8242; X 12&#8242;<\/strong><br \/>\nSidding :<strong> Dark Roast<br \/>\n<\/strong>Shingle <strong>: 2 Tone Black<\/strong><\/p>\n<p><strong>Sp\u00e9cifications :<\/strong><\/p>\n<ul>\n<li>Door and black frame<br \/>\n8&#8243; cornice<\/li>\n<\/ul>\n<p><strong>*** TRANSPORT NOT INCLUDED ***<\/strong><\/p>\n","protected":false},"excerpt":{"rendered":"<p>Reference : CO-240786 Model : JAZZ | Collection : Tendance Dimension : 10&#8242; X 12&#8242; Sidding : Dark Roast Shingle : 2 Tone Black Sp\u00e9cifications : Door and black frame 8&#8243; cornice *** TRANSPORT NOT INCLUDED ***<\/p>\n","protected":false},"featured_media":30775,"template":"","meta":{"content-type":""},"product_brand":[],"product_cat":[651],"product_tag":[],"dimensions-des-demonstrateurs":[638],"code-de-produit":[640],"class_list":{"0":"post-30778","1":"product","2":"type-product","3":"status-publish","4":"has-post-thumbnail","6":"product_cat-jazz-en","7":"dimensions-des-demonstrateurs-10-x-12-en","8":"code-de-produit-c0000-en","10":"first","11":"instock","12":"sale","13":"shipping-taxable","14":"purchasable","15":"product-type-simple"},"yoast_head":"<!-- This site is optimized with the Yoast SEO plugin v27.3 - https:\/\/yoast.com\/product\/yoast-seo-wordpress\/ -->\n<title>JAZZ 10&#039;x12&#039; - Garages et Cabanons Fontaine<\/title>\n<meta name=\"description\" content=\"Reference : CO-240786 Model : JAZZ | Collection : Tendance Dimension : 10&#039; X 12&#039; Sidding : Dark Roast Shingle : 2 Tone Black Sp\u00e9cifications : Door and\" \/>\n<meta name=\"robots\" content=\"index, follow, max-snippet:-1, max-image-preview:large, max-video-preview:-1\" \/>\n<link rel=\"canonical\" href=\"https:\/\/cabanons.com\/en\/product\/jazz-10x12-2\/\" \/>\n<meta property=\"og:locale\" content=\"en_US\" \/>\n<meta property=\"og:type\" content=\"article\" \/>\n<meta property=\"og:title\" content=\"JAZZ 10&#039;x12&#039; - Garages et Cabanons Fontaine\" \/>\n<meta property=\"og:description\" content=\"Reference : CO-240786 Model : JAZZ | Collection : Tendance Dimension : 10&#039; X 12&#039; Sidding : Dark Roast Shingle : 2 Tone Black Sp\u00e9cifications : Door and\" \/>\n<meta property=\"og:url\" content=\"https:\/\/cabanons.com\/en\/product\/jazz-10x12-2\/\" \/>\n<meta property=\"og:site_name\" content=\"Garages et Cabanons Fontaine\" \/>\n<meta property=\"article:modified_time\" content=\"2025-08-11T12:36:43+00:00\" \/>\n<meta property=\"og:image\" content=\"https:\/\/cabanons.com\/wp-content\/uploads\/2025\/08\/240786-1.jpeg\" \/>\n\t<meta property=\"og:image:width\" content=\"1200\" \/>\n\t<meta property=\"og:image:height\" content=\"675\" \/>\n\t<meta property=\"og:image:type\" content=\"image\/jpeg\" \/>\n<meta name=\"twitter:card\" content=\"summary_large_image\" \/>\n<script type=\"application\/ld+json\" class=\"yoast-schema-graph\">{\"@context\":\"https:\\\/\\\/schema.org\",\"@graph\":[{\"@type\":\"WebPage\",\"@id\":\"https:\\\/\\\/cabanons.com\\\/en\\\/product\\\/jazz-10x12-2\\\/\",\"url\":\"https:\\\/\\\/cabanons.com\\\/en\\\/product\\\/jazz-10x12-2\\\/\",\"name\":\"JAZZ 10'x12' - Garages et Cabanons Fontaine\",\"isPartOf\":{\"@id\":\"https:\\\/\\\/cabanons.com\\\/en\\\/#website\"},\"primaryImageOfPage\":{\"@id\":\"https:\\\/\\\/cabanons.com\\\/en\\\/product\\\/jazz-10x12-2\\\/#primaryimage\"},\"image\":{\"@id\":\"https:\\\/\\\/cabanons.com\\\/en\\\/product\\\/jazz-10x12-2\\\/#primaryimage\"},\"thumbnailUrl\":\"https:\\\/\\\/cabanons.com\\\/wp-content\\\/uploads\\\/2025\\\/08\\\/240786-1.jpeg\",\"datePublished\":\"2025-08-11T12:34:00+00:00\",\"dateModified\":\"2025-08-11T12:36:43+00:00\",\"description\":\"Reference : CO-240786 Model : JAZZ | Collection : Tendance Dimension : 10' X 12' Sidding : Dark Roast Shingle : 2 Tone Black Sp\u00e9cifications : Door and\",\"breadcrumb\":{\"@id\":\"https:\\\/\\\/cabanons.com\\\/en\\\/product\\\/jazz-10x12-2\\\/#breadcrumb\"},\"inLanguage\":\"en-CA\",\"potentialAction\":[{\"@type\":\"ReadAction\",\"target\":[\"https:\\\/\\\/cabanons.com\\\/en\\\/product\\\/jazz-10x12-2\\\/\"]}]},{\"@type\":\"ImageObject\",\"inLanguage\":\"en-CA\",\"@id\":\"https:\\\/\\\/cabanons.com\\\/en\\\/product\\\/jazz-10x12-2\\\/#primaryimage\",\"url\":\"https:\\\/\\\/cabanons.com\\\/wp-content\\\/uploads\\\/2025\\\/08\\\/240786-1.jpeg\",\"contentUrl\":\"https:\\\/\\\/cabanons.com\\\/wp-content\\\/uploads\\\/2025\\\/08\\\/240786-1.jpeg\",\"width\":1200,\"height\":675},{\"@type\":\"BreadcrumbList\",\"@id\":\"https:\\\/\\\/cabanons.com\\\/en\\\/product\\\/jazz-10x12-2\\\/#breadcrumb\",\"itemListElement\":[{\"@type\":\"ListItem\",\"position\":1,\"name\":\"Accueil\",\"item\":\"https:\\\/\\\/cabanons.com\\\/en\\\/\"},{\"@type\":\"ListItem\",\"position\":2,\"name\":\"Demonstrator\",\"item\":\"https:\\\/\\\/cabanons.com\\\/en\\\/demonstrator\\\/\"},{\"@type\":\"ListItem\",\"position\":3,\"name\":\"JAZZ 10&#8217;x12&#8242;\"}]},{\"@type\":\"WebSite\",\"@id\":\"https:\\\/\\\/cabanons.com\\\/en\\\/#website\",\"url\":\"https:\\\/\\\/cabanons.com\\\/en\\\/\",\"name\":\"Garages et Cabanons Fontaine\",\"description\":\"LA QUALIT\u00c9 IN\u00c9GAL\u00c9 DEPUIS 1976\",\"publisher\":{\"@id\":\"https:\\\/\\\/cabanons.com\\\/en\\\/#organization\"},\"potentialAction\":[{\"@type\":\"SearchAction\",\"target\":{\"@type\":\"EntryPoint\",\"urlTemplate\":\"https:\\\/\\\/cabanons.com\\\/en\\\/?s={search_term_string}\"},\"query-input\":{\"@type\":\"PropertyValueSpecification\",\"valueRequired\":true,\"valueName\":\"search_term_string\"}}],\"inLanguage\":\"en-CA\"},{\"@type\":\"Organization\",\"@id\":\"https:\\\/\\\/cabanons.com\\\/en\\\/#organization\",\"name\":\"Garages et Cabanons Fontaine\",\"url\":\"https:\\\/\\\/cabanons.com\\\/en\\\/\",\"logo\":{\"@type\":\"ImageObject\",\"inLanguage\":\"en-CA\",\"@id\":\"https:\\\/\\\/cabanons.com\\\/en\\\/#\\\/schema\\\/logo\\\/image\\\/\",\"url\":\"https:\\\/\\\/cabanons.com\\\/wp-content\\\/uploads\\\/2020\\\/11\\\/icone_Logo_Garages_et_Cabanons_Fontaine_horz.png\",\"contentUrl\":\"https:\\\/\\\/cabanons.com\\\/wp-content\\\/uploads\\\/2020\\\/11\\\/icone_Logo_Garages_et_Cabanons_Fontaine_horz.png\",\"width\":716,\"height\":156,\"caption\":\"Garages et Cabanons Fontaine\"},\"image\":{\"@id\":\"https:\\\/\\\/cabanons.com\\\/en\\\/#\\\/schema\\\/logo\\\/image\\\/\"}}]}<\/script>\n<!-- \/ Yoast SEO plugin. -->","yoast_head_json":{"title":"JAZZ 10'x12' - Garages et Cabanons Fontaine","description":"Reference : CO-240786 Model : JAZZ | Collection : Tendance Dimension : 10' X 12' Sidding : Dark Roast Shingle : 2 Tone Black Sp\u00e9cifications : Door and","robots":{"index":"index","follow":"follow","max-snippet":"max-snippet:-1","max-image-preview":"max-image-preview:large","max-video-preview":"max-video-preview:-1"},"canonical":"https:\/\/cabanons.com\/en\/product\/jazz-10x12-2\/","og_locale":"en_US","og_type":"article","og_title":"JAZZ 10'x12' - Garages et Cabanons Fontaine","og_description":"Reference : CO-240786 Model : JAZZ | Collection : Tendance Dimension : 10' X 12' Sidding : Dark Roast Shingle : 2 Tone Black Sp\u00e9cifications : Door and","og_url":"https:\/\/cabanons.com\/en\/product\/jazz-10x12-2\/","og_site_name":"Garages et Cabanons Fontaine","article_modified_time":"2025-08-11T12:36:43+00:00","og_image":[{"width":1200,"height":675,"url":"https:\/\/cabanons.com\/wp-content\/uploads\/2025\/08\/240786-1.jpeg","type":"image\/jpeg"}],"twitter_card":"summary_large_image","schema":{"@context":"https:\/\/schema.org","@graph":[{"@type":"WebPage","@id":"https:\/\/cabanons.com\/en\/product\/jazz-10x12-2\/","url":"https:\/\/cabanons.com\/en\/product\/jazz-10x12-2\/","name":"JAZZ 10'x12' - Garages et Cabanons Fontaine","isPartOf":{"@id":"https:\/\/cabanons.com\/en\/#website"},"primaryImageOfPage":{"@id":"https:\/\/cabanons.com\/en\/product\/jazz-10x12-2\/#primaryimage"},"image":{"@id":"https:\/\/cabanons.com\/en\/product\/jazz-10x12-2\/#primaryimage"},"thumbnailUrl":"https:\/\/cabanons.com\/wp-content\/uploads\/2025\/08\/240786-1.jpeg","datePublished":"2025-08-11T12:34:00+00:00","dateModified":"2025-08-11T12:36:43+00:00","description":"Reference : CO-240786 Model : JAZZ | Collection : Tendance Dimension : 10' X 12' Sidding : Dark Roast Shingle : 2 Tone Black Sp\u00e9cifications : Door and","breadcrumb":{"@id":"https:\/\/cabanons.com\/en\/product\/jazz-10x12-2\/#breadcrumb"},"inLanguage":"en-CA","potentialAction":[{"@type":"ReadAction","target":["https:\/\/cabanons.com\/en\/product\/jazz-10x12-2\/"]}]},{"@type":"ImageObject","inLanguage":"en-CA","@id":"https:\/\/cabanons.com\/en\/product\/jazz-10x12-2\/#primaryimage","url":"https:\/\/cabanons.com\/wp-content\/uploads\/2025\/08\/240786-1.jpeg","contentUrl":"https:\/\/cabanons.com\/wp-content\/uploads\/2025\/08\/240786-1.jpeg","width":1200,"height":675},{"@type":"BreadcrumbList","@id":"https:\/\/cabanons.com\/en\/product\/jazz-10x12-2\/#breadcrumb","itemListElement":[{"@type":"ListItem","position":1,"name":"Accueil","item":"https:\/\/cabanons.com\/en\/"},{"@type":"ListItem","position":2,"name":"Demonstrator","item":"https:\/\/cabanons.com\/en\/demonstrator\/"},{"@type":"ListItem","position":3,"name":"JAZZ 10&#8217;x12&#8242;"}]},{"@type":"WebSite","@id":"https:\/\/cabanons.com\/en\/#website","url":"https:\/\/cabanons.com\/en\/","name":"Garages et Cabanons Fontaine","description":"LA QUALIT\u00c9 IN\u00c9GAL\u00c9 DEPUIS 1976","publisher":{"@id":"https:\/\/cabanons.com\/en\/#organization"},"potentialAction":[{"@type":"SearchAction","target":{"@type":"EntryPoint","urlTemplate":"https:\/\/cabanons.com\/en\/?s={search_term_string}"},"query-input":{"@type":"PropertyValueSpecification","valueRequired":true,"valueName":"search_term_string"}}],"inLanguage":"en-CA"},{"@type":"Organization","@id":"https:\/\/cabanons.com\/en\/#organization","name":"Garages et Cabanons Fontaine","url":"https:\/\/cabanons.com\/en\/","logo":{"@type":"ImageObject","inLanguage":"en-CA","@id":"https:\/\/cabanons.com\/en\/#\/schema\/logo\/image\/","url":"https:\/\/cabanons.com\/wp-content\/uploads\/2020\/11\/icone_Logo_Garages_et_Cabanons_Fontaine_horz.png","contentUrl":"https:\/\/cabanons.com\/wp-content\/uploads\/2020\/11\/icone_Logo_Garages_et_Cabanons_Fontaine_horz.png","width":716,"height":156,"caption":"Garages et Cabanons Fontaine"},"image":{"@id":"https:\/\/cabanons.com\/en\/#\/schema\/logo\/image\/"}}]}},"_links":{"self":[{"href":"https:\/\/cabanons.com\/en\/wp-json\/wp\/v2\/product\/30778","targetHints":{"allow":["GET"]}}],"collection":[{"href":"https:\/\/cabanons.com\/en\/wp-json\/wp\/v2\/product"}],"about":[{"href":"https:\/\/cabanons.com\/en\/wp-json\/wp\/v2\/types\/product"}],"wp:featuredmedia":[{"embeddable":true,"href":"https:\/\/cabanons.com\/en\/wp-json\/wp\/v2\/media\/30775"}],"wp:attachment":[{"href":"https:\/\/cabanons.com\/en\/wp-json\/wp\/v2\/media?parent=30778"}],"wp:term":[{"taxonomy":"product_brand","embeddable":true,"href":"https:\/\/cabanons.com\/en\/wp-json\/wp\/v2\/product_brand?post=30778"},{"taxonomy":"product_cat","embeddable":true,"href":"https:\/\/cabanons.com\/en\/wp-json\/wp\/v2\/product_cat?post=30778"},{"taxonomy":"product_tag","embeddable":true,"href":"https:\/\/cabanons.com\/en\/wp-json\/wp\/v2\/product_tag?post=30778"},{"taxonomy":"dimensions-des-demonstrateurs","embeddable":true,"href":"https:\/\/cabanons.com\/en\/wp-json\/wp\/v2\/dimensions-des-demonstrateurs?post=30778"},{"taxonomy":"code-de-produit","embeddable":true,"href":"https:\/\/cabanons.com\/en\/wp-json\/wp\/v2\/code-de-produit?post=30778"}],"curies":[{"name":"wp","href":"https:\/\/api.w.org\/{rel}","templated":true}]}}