{"id":30786,"date":"2025-08-11T08:53:13","date_gmt":"2025-08-11T12:53:13","guid":{"rendered":"https:\/\/cabanons.com\/?post_type=product&#038;p=30786"},"modified":"2025-08-11T08:56:54","modified_gmt":"2025-08-11T12:56:54","slug":"st-laurent-10x12","status":"publish","type":"product","link":"https:\/\/cabanons.com\/en\/product\/st-laurent-10x12\/","title":{"rendered":"ST-LAURENT 10&#8217;x12&#8242;"},"content":{"rendered":"<p>Reference :<strong> CO-241920<\/strong><br \/>\nModel :<strong> ST_LAURENT | <\/strong>Collection <strong>: Tendance<\/strong><br \/>\nDimension :<strong> 10&#8242; X 12&#8242;<\/strong><br \/>\nSidding :<strong> Flagstone &#8211; Kaycan<br \/>\n<\/strong>Shingle<strong>: Noir 2 tons<\/strong><\/p>\n<p><strong>*** TRANSPORT NOT INCLUDED ***<\/strong><\/p>\n","protected":false},"excerpt":{"rendered":"<p>Reference : CO-241920 Model : ST_LAURENT | Collection : Tendance Dimension : 10&#8242; X 12&#8242; Sidding : Flagstone &#8211; Kaycan Shingle: Noir 2 tons *** TRANSPORT NOT INCLUDED ***<\/p>\n","protected":false},"featured_media":30785,"template":"","meta":{"content-type":""},"product_brand":[],"product_cat":[642],"product_tag":[],"dimensions-des-demonstrateurs":[638],"code-de-produit":[],"class_list":{"0":"post-30786","1":"product","2":"type-product","3":"status-publish","4":"has-post-thumbnail","6":"product_cat-st-laurent-en","7":"dimensions-des-demonstrateurs-10-x-12-en","9":"first","10":"instock","11":"sale","12":"shipping-taxable","13":"purchasable","14":"product-type-simple"},"yoast_head":"<!-- This site is optimized with the Yoast SEO plugin v27.3 - https:\/\/yoast.com\/product\/yoast-seo-wordpress\/ -->\n<title>ST-LAURENT 10&#039;x12&#039; - Garages et Cabanons Fontaine<\/title>\n<meta name=\"description\" content=\"Reference : CO-241920 Model : ST_LAURENT | Collection : Tendance Dimension : 10&#039; X 12&#039; Sidding : Flagstone - Kaycan Shingle: Noir 2 tons *** TRANSPORT NOT\" \/>\n<meta name=\"robots\" content=\"index, follow, max-snippet:-1, max-image-preview:large, max-video-preview:-1\" \/>\n<link rel=\"canonical\" href=\"https:\/\/cabanons.com\/en\/product\/st-laurent-10x12\/\" \/>\n<meta property=\"og:locale\" content=\"en_US\" \/>\n<meta property=\"og:type\" content=\"article\" \/>\n<meta property=\"og:title\" content=\"ST-LAURENT 10&#039;x12&#039; - Garages et Cabanons Fontaine\" \/>\n<meta property=\"og:description\" content=\"Reference : CO-241920 Model : ST_LAURENT | Collection : Tendance Dimension : 10&#039; X 12&#039; Sidding : Flagstone - Kaycan Shingle: Noir 2 tons *** TRANSPORT NOT\" \/>\n<meta property=\"og:url\" content=\"https:\/\/cabanons.com\/en\/product\/st-laurent-10x12\/\" \/>\n<meta property=\"og:site_name\" content=\"Garages et Cabanons Fontaine\" \/>\n<meta property=\"article:modified_time\" content=\"2025-08-11T12:56:54+00:00\" \/>\n<meta property=\"og:image\" content=\"https:\/\/cabanons.com\/wp-content\/uploads\/2025\/08\/241920.jpeg\" \/>\n\t<meta property=\"og:image:width\" content=\"1200\" \/>\n\t<meta property=\"og:image:height\" content=\"900\" \/>\n\t<meta property=\"og:image:type\" content=\"image\/jpeg\" \/>\n<meta name=\"twitter:card\" content=\"summary_large_image\" \/>\n<script type=\"application\/ld+json\" class=\"yoast-schema-graph\">{\"@context\":\"https:\\\/\\\/schema.org\",\"@graph\":[{\"@type\":\"WebPage\",\"@id\":\"https:\\\/\\\/cabanons.com\\\/en\\\/product\\\/st-laurent-10x12\\\/\",\"url\":\"https:\\\/\\\/cabanons.com\\\/en\\\/product\\\/st-laurent-10x12\\\/\",\"name\":\"ST-LAURENT 10'x12' - Garages et Cabanons Fontaine\",\"isPartOf\":{\"@id\":\"https:\\\/\\\/cabanons.com\\\/en\\\/#website\"},\"primaryImageOfPage\":{\"@id\":\"https:\\\/\\\/cabanons.com\\\/en\\\/product\\\/st-laurent-10x12\\\/#primaryimage\"},\"image\":{\"@id\":\"https:\\\/\\\/cabanons.com\\\/en\\\/product\\\/st-laurent-10x12\\\/#primaryimage\"},\"thumbnailUrl\":\"https:\\\/\\\/cabanons.com\\\/wp-content\\\/uploads\\\/2025\\\/08\\\/241920.jpeg\",\"datePublished\":\"2025-08-11T12:53:13+00:00\",\"dateModified\":\"2025-08-11T12:56:54+00:00\",\"description\":\"Reference : CO-241920 Model : ST_LAURENT | Collection : Tendance Dimension : 10' X 12' Sidding : Flagstone - Kaycan Shingle: Noir 2 tons *** TRANSPORT NOT\",\"breadcrumb\":{\"@id\":\"https:\\\/\\\/cabanons.com\\\/en\\\/product\\\/st-laurent-10x12\\\/#breadcrumb\"},\"inLanguage\":\"en-CA\",\"potentialAction\":[{\"@type\":\"ReadAction\",\"target\":[\"https:\\\/\\\/cabanons.com\\\/en\\\/product\\\/st-laurent-10x12\\\/\"]}]},{\"@type\":\"ImageObject\",\"inLanguage\":\"en-CA\",\"@id\":\"https:\\\/\\\/cabanons.com\\\/en\\\/product\\\/st-laurent-10x12\\\/#primaryimage\",\"url\":\"https:\\\/\\\/cabanons.com\\\/wp-content\\\/uploads\\\/2025\\\/08\\\/241920.jpeg\",\"contentUrl\":\"https:\\\/\\\/cabanons.com\\\/wp-content\\\/uploads\\\/2025\\\/08\\\/241920.jpeg\",\"width\":1200,\"height\":900},{\"@type\":\"BreadcrumbList\",\"@id\":\"https:\\\/\\\/cabanons.com\\\/en\\\/product\\\/st-laurent-10x12\\\/#breadcrumb\",\"itemListElement\":[{\"@type\":\"ListItem\",\"position\":1,\"name\":\"Accueil\",\"item\":\"https:\\\/\\\/cabanons.com\\\/en\\\/\"},{\"@type\":\"ListItem\",\"position\":2,\"name\":\"Demonstrator\",\"item\":\"https:\\\/\\\/cabanons.com\\\/en\\\/demonstrator\\\/\"},{\"@type\":\"ListItem\",\"position\":3,\"name\":\"ST-LAURENT 10&#8217;x12&#8242;\"}]},{\"@type\":\"WebSite\",\"@id\":\"https:\\\/\\\/cabanons.com\\\/en\\\/#website\",\"url\":\"https:\\\/\\\/cabanons.com\\\/en\\\/\",\"name\":\"Garages et Cabanons Fontaine\",\"description\":\"LA QUALIT\u00c9 IN\u00c9GAL\u00c9 DEPUIS 1976\",\"publisher\":{\"@id\":\"https:\\\/\\\/cabanons.com\\\/en\\\/#organization\"},\"potentialAction\":[{\"@type\":\"SearchAction\",\"target\":{\"@type\":\"EntryPoint\",\"urlTemplate\":\"https:\\\/\\\/cabanons.com\\\/en\\\/?s={search_term_string}\"},\"query-input\":{\"@type\":\"PropertyValueSpecification\",\"valueRequired\":true,\"valueName\":\"search_term_string\"}}],\"inLanguage\":\"en-CA\"},{\"@type\":\"Organization\",\"@id\":\"https:\\\/\\\/cabanons.com\\\/en\\\/#organization\",\"name\":\"Garages et Cabanons Fontaine\",\"url\":\"https:\\\/\\\/cabanons.com\\\/en\\\/\",\"logo\":{\"@type\":\"ImageObject\",\"inLanguage\":\"en-CA\",\"@id\":\"https:\\\/\\\/cabanons.com\\\/en\\\/#\\\/schema\\\/logo\\\/image\\\/\",\"url\":\"https:\\\/\\\/cabanons.com\\\/wp-content\\\/uploads\\\/2020\\\/11\\\/icone_Logo_Garages_et_Cabanons_Fontaine_horz.png\",\"contentUrl\":\"https:\\\/\\\/cabanons.com\\\/wp-content\\\/uploads\\\/2020\\\/11\\\/icone_Logo_Garages_et_Cabanons_Fontaine_horz.png\",\"width\":716,\"height\":156,\"caption\":\"Garages et Cabanons Fontaine\"},\"image\":{\"@id\":\"https:\\\/\\\/cabanons.com\\\/en\\\/#\\\/schema\\\/logo\\\/image\\\/\"}}]}<\/script>\n<!-- \/ Yoast SEO plugin. -->","yoast_head_json":{"title":"ST-LAURENT 10'x12' - Garages et Cabanons Fontaine","description":"Reference : CO-241920 Model : ST_LAURENT | Collection : Tendance Dimension : 10' X 12' Sidding : Flagstone - Kaycan Shingle: Noir 2 tons *** TRANSPORT NOT","robots":{"index":"index","follow":"follow","max-snippet":"max-snippet:-1","max-image-preview":"max-image-preview:large","max-video-preview":"max-video-preview:-1"},"canonical":"https:\/\/cabanons.com\/en\/product\/st-laurent-10x12\/","og_locale":"en_US","og_type":"article","og_title":"ST-LAURENT 10'x12' - Garages et Cabanons Fontaine","og_description":"Reference : CO-241920 Model : ST_LAURENT | Collection : Tendance Dimension : 10' X 12' Sidding : Flagstone - Kaycan Shingle: Noir 2 tons *** TRANSPORT NOT","og_url":"https:\/\/cabanons.com\/en\/product\/st-laurent-10x12\/","og_site_name":"Garages et Cabanons Fontaine","article_modified_time":"2025-08-11T12:56:54+00:00","og_image":[{"width":1200,"height":900,"url":"https:\/\/cabanons.com\/wp-content\/uploads\/2025\/08\/241920.jpeg","type":"image\/jpeg"}],"twitter_card":"summary_large_image","schema":{"@context":"https:\/\/schema.org","@graph":[{"@type":"WebPage","@id":"https:\/\/cabanons.com\/en\/product\/st-laurent-10x12\/","url":"https:\/\/cabanons.com\/en\/product\/st-laurent-10x12\/","name":"ST-LAURENT 10'x12' - Garages et Cabanons Fontaine","isPartOf":{"@id":"https:\/\/cabanons.com\/en\/#website"},"primaryImageOfPage":{"@id":"https:\/\/cabanons.com\/en\/product\/st-laurent-10x12\/#primaryimage"},"image":{"@id":"https:\/\/cabanons.com\/en\/product\/st-laurent-10x12\/#primaryimage"},"thumbnailUrl":"https:\/\/cabanons.com\/wp-content\/uploads\/2025\/08\/241920.jpeg","datePublished":"2025-08-11T12:53:13+00:00","dateModified":"2025-08-11T12:56:54+00:00","description":"Reference : CO-241920 Model : ST_LAURENT | Collection : Tendance Dimension : 10' X 12' Sidding : Flagstone - Kaycan Shingle: Noir 2 tons *** TRANSPORT NOT","breadcrumb":{"@id":"https:\/\/cabanons.com\/en\/product\/st-laurent-10x12\/#breadcrumb"},"inLanguage":"en-CA","potentialAction":[{"@type":"ReadAction","target":["https:\/\/cabanons.com\/en\/product\/st-laurent-10x12\/"]}]},{"@type":"ImageObject","inLanguage":"en-CA","@id":"https:\/\/cabanons.com\/en\/product\/st-laurent-10x12\/#primaryimage","url":"https:\/\/cabanons.com\/wp-content\/uploads\/2025\/08\/241920.jpeg","contentUrl":"https:\/\/cabanons.com\/wp-content\/uploads\/2025\/08\/241920.jpeg","width":1200,"height":900},{"@type":"BreadcrumbList","@id":"https:\/\/cabanons.com\/en\/product\/st-laurent-10x12\/#breadcrumb","itemListElement":[{"@type":"ListItem","position":1,"name":"Accueil","item":"https:\/\/cabanons.com\/en\/"},{"@type":"ListItem","position":2,"name":"Demonstrator","item":"https:\/\/cabanons.com\/en\/demonstrator\/"},{"@type":"ListItem","position":3,"name":"ST-LAURENT 10&#8217;x12&#8242;"}]},{"@type":"WebSite","@id":"https:\/\/cabanons.com\/en\/#website","url":"https:\/\/cabanons.com\/en\/","name":"Garages et Cabanons Fontaine","description":"LA QUALIT\u00c9 IN\u00c9GAL\u00c9 DEPUIS 1976","publisher":{"@id":"https:\/\/cabanons.com\/en\/#organization"},"potentialAction":[{"@type":"SearchAction","target":{"@type":"EntryPoint","urlTemplate":"https:\/\/cabanons.com\/en\/?s={search_term_string}"},"query-input":{"@type":"PropertyValueSpecification","valueRequired":true,"valueName":"search_term_string"}}],"inLanguage":"en-CA"},{"@type":"Organization","@id":"https:\/\/cabanons.com\/en\/#organization","name":"Garages et Cabanons Fontaine","url":"https:\/\/cabanons.com\/en\/","logo":{"@type":"ImageObject","inLanguage":"en-CA","@id":"https:\/\/cabanons.com\/en\/#\/schema\/logo\/image\/","url":"https:\/\/cabanons.com\/wp-content\/uploads\/2020\/11\/icone_Logo_Garages_et_Cabanons_Fontaine_horz.png","contentUrl":"https:\/\/cabanons.com\/wp-content\/uploads\/2020\/11\/icone_Logo_Garages_et_Cabanons_Fontaine_horz.png","width":716,"height":156,"caption":"Garages et Cabanons Fontaine"},"image":{"@id":"https:\/\/cabanons.com\/en\/#\/schema\/logo\/image\/"}}]}},"_links":{"self":[{"href":"https:\/\/cabanons.com\/en\/wp-json\/wp\/v2\/product\/30786","targetHints":{"allow":["GET"]}}],"collection":[{"href":"https:\/\/cabanons.com\/en\/wp-json\/wp\/v2\/product"}],"about":[{"href":"https:\/\/cabanons.com\/en\/wp-json\/wp\/v2\/types\/product"}],"wp:featuredmedia":[{"embeddable":true,"href":"https:\/\/cabanons.com\/en\/wp-json\/wp\/v2\/media\/30785"}],"wp:attachment":[{"href":"https:\/\/cabanons.com\/en\/wp-json\/wp\/v2\/media?parent=30786"}],"wp:term":[{"taxonomy":"product_brand","embeddable":true,"href":"https:\/\/cabanons.com\/en\/wp-json\/wp\/v2\/product_brand?post=30786"},{"taxonomy":"product_cat","embeddable":true,"href":"https:\/\/cabanons.com\/en\/wp-json\/wp\/v2\/product_cat?post=30786"},{"taxonomy":"product_tag","embeddable":true,"href":"https:\/\/cabanons.com\/en\/wp-json\/wp\/v2\/product_tag?post=30786"},{"taxonomy":"dimensions-des-demonstrateurs","embeddable":true,"href":"https:\/\/cabanons.com\/en\/wp-json\/wp\/v2\/dimensions-des-demonstrateurs?post=30786"},{"taxonomy":"code-de-produit","embeddable":true,"href":"https:\/\/cabanons.com\/en\/wp-json\/wp\/v2\/code-de-produit?post=30786"}],"curies":[{"name":"wp","href":"https:\/\/api.w.org\/{rel}","templated":true}]}}