{"id":30816,"date":"2025-08-11T10:43:56","date_gmt":"2025-08-11T14:43:56","guid":{"rendered":"https:\/\/cabanons.com\/?post_type=product&#038;p=30816"},"modified":"2025-08-11T10:45:16","modified_gmt":"2025-08-11T14:45:16","slug":"st-laurent-10x6","status":"publish","type":"product","link":"https:\/\/cabanons.com\/en\/product\/st-laurent-10x6\/","title":{"rendered":"ST-LAURENT 10&#8217;x6&#8242;"},"content":{"rendered":"<p>Reference :<strong> CO-250850<\/strong><br \/>\nModel :<strong> ST-LAURENT| <\/strong>Collection <strong>: Tendance<\/strong><br \/>\nDimension :<strong> 10&#8242; X 6&#8242;<\/strong><br \/>\nSidding :<strong> ESSENCE GENEVRIER COIN SHORTCAKE FRAISES<br \/>\n<\/strong>Shingle <strong>: Galvanised<\/strong><\/p>\n<p><strong>*** TRANSPORT NOT INCLUDED ***<\/strong><\/p>\n","protected":false},"excerpt":{"rendered":"<p>Reference : CO-250850 Model : ST-LAURENT| Collection : Tendance Dimension : 10&#8242; X 6&#8242; Sidding : ESSENCE GENEVRIER COIN SHORTCAKE FRAISES Shingle : Galvanised *** TRANSPORT NOT INCLUDED ***<\/p>\n","protected":false},"featured_media":0,"template":"","meta":{"content-type":""},"product_brand":[],"product_cat":[642],"product_tag":[],"dimensions-des-demonstrateurs":[],"code-de-produit":[],"class_list":{"0":"post-30816","1":"product","2":"type-product","3":"status-publish","5":"product_cat-st-laurent-en","7":"first","8":"instock","9":"sale","10":"shipping-taxable","11":"purchasable","12":"product-type-simple"},"yoast_head":"<!-- This site is optimized with the Yoast SEO plugin v27.5 - https:\/\/yoast.com\/product\/yoast-seo-wordpress\/ -->\n<title>ST-LAURENT 10&#039;x6&#039; - Garages et Cabanons Fontaine<\/title>\n<meta name=\"description\" content=\"Reference : CO-250850 Model : ST-LAURENT| Collection : Tendance Dimension : 10&#039; X 6&#039; Sidding : ESSENCE GENEVRIER COIN SHORTCAKE FRAISES Shingle :\" \/>\n<meta name=\"robots\" content=\"index, follow, max-snippet:-1, max-image-preview:large, max-video-preview:-1\" \/>\n<link rel=\"canonical\" href=\"https:\/\/cabanons.com\/en\/product\/st-laurent-10x6\/\" \/>\n<meta property=\"og:locale\" content=\"en_US\" \/>\n<meta property=\"og:type\" content=\"article\" \/>\n<meta property=\"og:title\" content=\"ST-LAURENT 10&#039;x6&#039; - Garages et Cabanons Fontaine\" \/>\n<meta property=\"og:description\" content=\"Reference : CO-250850 Model : ST-LAURENT| Collection : Tendance Dimension : 10&#039; X 6&#039; Sidding : ESSENCE GENEVRIER COIN SHORTCAKE FRAISES Shingle :\" \/>\n<meta property=\"og:url\" content=\"https:\/\/cabanons.com\/en\/product\/st-laurent-10x6\/\" \/>\n<meta property=\"og:site_name\" content=\"Garages et Cabanons Fontaine\" \/>\n<meta property=\"article:modified_time\" content=\"2025-08-11T14:45:16+00:00\" \/>\n<meta name=\"twitter:card\" content=\"summary_large_image\" \/>\n<script type=\"application\/ld+json\" class=\"yoast-schema-graph\">{\"@context\":\"https:\\\/\\\/schema.org\",\"@graph\":[{\"@type\":\"WebPage\",\"@id\":\"https:\\\/\\\/cabanons.com\\\/en\\\/product\\\/st-laurent-10x6\\\/\",\"url\":\"https:\\\/\\\/cabanons.com\\\/en\\\/product\\\/st-laurent-10x6\\\/\",\"name\":\"ST-LAURENT 10'x6' - Garages et Cabanons Fontaine\",\"isPartOf\":{\"@id\":\"https:\\\/\\\/cabanons.com\\\/en\\\/#website\"},\"datePublished\":\"2025-08-11T14:43:56+00:00\",\"dateModified\":\"2025-08-11T14:45:16+00:00\",\"description\":\"Reference : CO-250850 Model : ST-LAURENT| Collection : Tendance Dimension : 10' X 6' Sidding : ESSENCE GENEVRIER COIN SHORTCAKE FRAISES Shingle :\",\"breadcrumb\":{\"@id\":\"https:\\\/\\\/cabanons.com\\\/en\\\/product\\\/st-laurent-10x6\\\/#breadcrumb\"},\"inLanguage\":\"en-CA\",\"potentialAction\":[{\"@type\":\"ReadAction\",\"target\":[\"https:\\\/\\\/cabanons.com\\\/en\\\/product\\\/st-laurent-10x6\\\/\"]}]},{\"@type\":\"BreadcrumbList\",\"@id\":\"https:\\\/\\\/cabanons.com\\\/en\\\/product\\\/st-laurent-10x6\\\/#breadcrumb\",\"itemListElement\":[{\"@type\":\"ListItem\",\"position\":1,\"name\":\"Accueil\",\"item\":\"https:\\\/\\\/cabanons.com\\\/en\\\/\"},{\"@type\":\"ListItem\",\"position\":2,\"name\":\"Demonstrator\",\"item\":\"https:\\\/\\\/cabanons.com\\\/en\\\/demonstrator\\\/\"},{\"@type\":\"ListItem\",\"position\":3,\"name\":\"ST-LAURENT 10&#8217;x6&#8242;\"}]},{\"@type\":\"WebSite\",\"@id\":\"https:\\\/\\\/cabanons.com\\\/en\\\/#website\",\"url\":\"https:\\\/\\\/cabanons.com\\\/en\\\/\",\"name\":\"Garages et Cabanons Fontaine\",\"description\":\"LA QUALIT\u00c9 IN\u00c9GAL\u00c9 DEPUIS 1976\",\"publisher\":{\"@id\":\"https:\\\/\\\/cabanons.com\\\/en\\\/#organization\"},\"potentialAction\":[{\"@type\":\"SearchAction\",\"target\":{\"@type\":\"EntryPoint\",\"urlTemplate\":\"https:\\\/\\\/cabanons.com\\\/en\\\/?s={search_term_string}\"},\"query-input\":{\"@type\":\"PropertyValueSpecification\",\"valueRequired\":true,\"valueName\":\"search_term_string\"}}],\"inLanguage\":\"en-CA\"},{\"@type\":\"Organization\",\"@id\":\"https:\\\/\\\/cabanons.com\\\/en\\\/#organization\",\"name\":\"Garages et Cabanons Fontaine\",\"url\":\"https:\\\/\\\/cabanons.com\\\/en\\\/\",\"logo\":{\"@type\":\"ImageObject\",\"inLanguage\":\"en-CA\",\"@id\":\"https:\\\/\\\/cabanons.com\\\/en\\\/#\\\/schema\\\/logo\\\/image\\\/\",\"url\":\"https:\\\/\\\/cabanons.com\\\/wp-content\\\/uploads\\\/2020\\\/11\\\/icone_Logo_Garages_et_Cabanons_Fontaine_horz.png\",\"contentUrl\":\"https:\\\/\\\/cabanons.com\\\/wp-content\\\/uploads\\\/2020\\\/11\\\/icone_Logo_Garages_et_Cabanons_Fontaine_horz.png\",\"width\":716,\"height\":156,\"caption\":\"Garages et Cabanons Fontaine\"},\"image\":{\"@id\":\"https:\\\/\\\/cabanons.com\\\/en\\\/#\\\/schema\\\/logo\\\/image\\\/\"}}]}<\/script>\n<!-- \/ Yoast SEO plugin. -->","yoast_head_json":{"title":"ST-LAURENT 10'x6' - Garages et Cabanons Fontaine","description":"Reference : CO-250850 Model : ST-LAURENT| Collection : Tendance Dimension : 10' X 6' Sidding : ESSENCE GENEVRIER COIN SHORTCAKE FRAISES Shingle :","robots":{"index":"index","follow":"follow","max-snippet":"max-snippet:-1","max-image-preview":"max-image-preview:large","max-video-preview":"max-video-preview:-1"},"canonical":"https:\/\/cabanons.com\/en\/product\/st-laurent-10x6\/","og_locale":"en_US","og_type":"article","og_title":"ST-LAURENT 10'x6' - Garages et Cabanons Fontaine","og_description":"Reference : CO-250850 Model : ST-LAURENT| Collection : Tendance Dimension : 10' X 6' Sidding : ESSENCE GENEVRIER COIN SHORTCAKE FRAISES Shingle :","og_url":"https:\/\/cabanons.com\/en\/product\/st-laurent-10x6\/","og_site_name":"Garages et Cabanons Fontaine","article_modified_time":"2025-08-11T14:45:16+00:00","twitter_card":"summary_large_image","schema":{"@context":"https:\/\/schema.org","@graph":[{"@type":"WebPage","@id":"https:\/\/cabanons.com\/en\/product\/st-laurent-10x6\/","url":"https:\/\/cabanons.com\/en\/product\/st-laurent-10x6\/","name":"ST-LAURENT 10'x6' - Garages et Cabanons Fontaine","isPartOf":{"@id":"https:\/\/cabanons.com\/en\/#website"},"datePublished":"2025-08-11T14:43:56+00:00","dateModified":"2025-08-11T14:45:16+00:00","description":"Reference : CO-250850 Model : ST-LAURENT| Collection : Tendance Dimension : 10' X 6' Sidding : ESSENCE GENEVRIER COIN SHORTCAKE FRAISES Shingle :","breadcrumb":{"@id":"https:\/\/cabanons.com\/en\/product\/st-laurent-10x6\/#breadcrumb"},"inLanguage":"en-CA","potentialAction":[{"@type":"ReadAction","target":["https:\/\/cabanons.com\/en\/product\/st-laurent-10x6\/"]}]},{"@type":"BreadcrumbList","@id":"https:\/\/cabanons.com\/en\/product\/st-laurent-10x6\/#breadcrumb","itemListElement":[{"@type":"ListItem","position":1,"name":"Accueil","item":"https:\/\/cabanons.com\/en\/"},{"@type":"ListItem","position":2,"name":"Demonstrator","item":"https:\/\/cabanons.com\/en\/demonstrator\/"},{"@type":"ListItem","position":3,"name":"ST-LAURENT 10&#8217;x6&#8242;"}]},{"@type":"WebSite","@id":"https:\/\/cabanons.com\/en\/#website","url":"https:\/\/cabanons.com\/en\/","name":"Garages et Cabanons Fontaine","description":"LA QUALIT\u00c9 IN\u00c9GAL\u00c9 DEPUIS 1976","publisher":{"@id":"https:\/\/cabanons.com\/en\/#organization"},"potentialAction":[{"@type":"SearchAction","target":{"@type":"EntryPoint","urlTemplate":"https:\/\/cabanons.com\/en\/?s={search_term_string}"},"query-input":{"@type":"PropertyValueSpecification","valueRequired":true,"valueName":"search_term_string"}}],"inLanguage":"en-CA"},{"@type":"Organization","@id":"https:\/\/cabanons.com\/en\/#organization","name":"Garages et Cabanons Fontaine","url":"https:\/\/cabanons.com\/en\/","logo":{"@type":"ImageObject","inLanguage":"en-CA","@id":"https:\/\/cabanons.com\/en\/#\/schema\/logo\/image\/","url":"https:\/\/cabanons.com\/wp-content\/uploads\/2020\/11\/icone_Logo_Garages_et_Cabanons_Fontaine_horz.png","contentUrl":"https:\/\/cabanons.com\/wp-content\/uploads\/2020\/11\/icone_Logo_Garages_et_Cabanons_Fontaine_horz.png","width":716,"height":156,"caption":"Garages et Cabanons Fontaine"},"image":{"@id":"https:\/\/cabanons.com\/en\/#\/schema\/logo\/image\/"}}]}},"_links":{"self":[{"href":"https:\/\/cabanons.com\/en\/wp-json\/wp\/v2\/product\/30816","targetHints":{"allow":["GET"]}}],"collection":[{"href":"https:\/\/cabanons.com\/en\/wp-json\/wp\/v2\/product"}],"about":[{"href":"https:\/\/cabanons.com\/en\/wp-json\/wp\/v2\/types\/product"}],"wp:attachment":[{"href":"https:\/\/cabanons.com\/en\/wp-json\/wp\/v2\/media?parent=30816"}],"wp:term":[{"taxonomy":"product_brand","embeddable":true,"href":"https:\/\/cabanons.com\/en\/wp-json\/wp\/v2\/product_brand?post=30816"},{"taxonomy":"product_cat","embeddable":true,"href":"https:\/\/cabanons.com\/en\/wp-json\/wp\/v2\/product_cat?post=30816"},{"taxonomy":"product_tag","embeddable":true,"href":"https:\/\/cabanons.com\/en\/wp-json\/wp\/v2\/product_tag?post=30816"},{"taxonomy":"dimensions-des-demonstrateurs","embeddable":true,"href":"https:\/\/cabanons.com\/en\/wp-json\/wp\/v2\/dimensions-des-demonstrateurs?post=30816"},{"taxonomy":"code-de-produit","embeddable":true,"href":"https:\/\/cabanons.com\/en\/wp-json\/wp\/v2\/code-de-produit?post=30816"}],"curies":[{"name":"wp","href":"https:\/\/api.w.org\/{rel}","templated":true}]}}