{"id":30869,"date":"2025-08-11T14:00:46","date_gmt":"2025-08-11T18:00:46","guid":{"rendered":"https:\/\/cabanons.com\/?post_type=product&#038;p=30869"},"modified":"2025-08-11T14:01:55","modified_gmt":"2025-08-11T18:01:55","slug":"4-versants-6-x-10","status":"publish","type":"product","link":"https:\/\/cabanons.com\/en\/product\/4-versants-6-x-10\/","title":{"rendered":"4 VERSANTS 6&#8242; X 10&#8242;"},"content":{"rendered":"<p>Reference :<strong> CO-230650<\/strong><br \/>\nModel :<strong> 4 VERSANTS | <\/strong>Collection <strong>: Mercier<\/strong><br \/>\nDimension :<strong> 6&#8242; X 10&#8242;<\/strong><br \/>\nSidding :<strong> Gris hudson &#8211; Gentek<br \/>\n<\/strong>Shingle <strong>: 2 tones Black<\/strong><\/p>\n<p><strong>*** TRANSPORT NOT INCLUDED ***<\/strong><\/p>\n","protected":false},"excerpt":{"rendered":"<p>Reference : CO-230650 Model : 4 VERSANTS | Collection : Mercier Dimension : 6&#8242; X 10&#8242; Sidding : Gris hudson &#8211; Gentek Shingle : 2 tones Black *** TRANSPORT NOT INCLUDED ***<\/p>\n","protected":false},"featured_media":30868,"template":"","meta":{"content-type":""},"product_brand":[],"product_cat":[1213],"product_tag":[],"dimensions-des-demonstrateurs":[1166],"code-de-produit":[],"class_list":{"0":"post-30869","1":"product","2":"type-product","3":"status-publish","4":"has-post-thumbnail","6":"product_cat-versant-en","7":"dimensions-des-demonstrateurs-06-x-10-en","9":"first","10":"instock","11":"sale","12":"shipping-taxable","13":"purchasable","14":"product-type-simple"},"yoast_head":"<!-- This site is optimized with the Yoast SEO plugin v27.3 - https:\/\/yoast.com\/product\/yoast-seo-wordpress\/ -->\n<title>4 VERSANTS 6&#039; X 10&#039; - Garages et Cabanons Fontaine<\/title>\n<meta name=\"description\" content=\"Reference : CO-230650 Model : 4 VERSANTS | Collection : Mercier Dimension : 6&#039; X 10&#039; Sidding : Gris hudson - Gentek Shingle : 2 tones Black *** TRANSPORT\" \/>\n<meta name=\"robots\" content=\"index, follow, max-snippet:-1, max-image-preview:large, max-video-preview:-1\" \/>\n<link rel=\"canonical\" href=\"https:\/\/cabanons.com\/en\/product\/4-versants-6-x-10\/\" \/>\n<meta property=\"og:locale\" content=\"en_US\" \/>\n<meta property=\"og:type\" content=\"article\" \/>\n<meta property=\"og:title\" content=\"4 VERSANTS 6&#039; X 10&#039; - Garages et Cabanons Fontaine\" \/>\n<meta property=\"og:description\" content=\"Reference : CO-230650 Model : 4 VERSANTS | Collection : Mercier Dimension : 6&#039; X 10&#039; Sidding : Gris hudson - Gentek Shingle : 2 tones Black *** TRANSPORT\" \/>\n<meta property=\"og:url\" content=\"https:\/\/cabanons.com\/en\/product\/4-versants-6-x-10\/\" \/>\n<meta property=\"og:site_name\" content=\"Garages et Cabanons Fontaine\" \/>\n<meta property=\"article:modified_time\" content=\"2025-08-11T18:01:55+00:00\" \/>\n<meta property=\"og:image\" content=\"https:\/\/cabanons.com\/wp-content\/uploads\/2025\/08\/230650.jpeg\" \/>\n\t<meta property=\"og:image:width\" content=\"1200\" \/>\n\t<meta property=\"og:image:height\" content=\"900\" \/>\n\t<meta property=\"og:image:type\" content=\"image\/jpeg\" \/>\n<meta name=\"twitter:card\" content=\"summary_large_image\" \/>\n<script type=\"application\/ld+json\" class=\"yoast-schema-graph\">{\"@context\":\"https:\\\/\\\/schema.org\",\"@graph\":[{\"@type\":\"WebPage\",\"@id\":\"https:\\\/\\\/cabanons.com\\\/en\\\/product\\\/4-versants-6-x-10\\\/\",\"url\":\"https:\\\/\\\/cabanons.com\\\/en\\\/product\\\/4-versants-6-x-10\\\/\",\"name\":\"4 VERSANTS 6' X 10' - Garages et Cabanons Fontaine\",\"isPartOf\":{\"@id\":\"https:\\\/\\\/cabanons.com\\\/en\\\/#website\"},\"primaryImageOfPage\":{\"@id\":\"https:\\\/\\\/cabanons.com\\\/en\\\/product\\\/4-versants-6-x-10\\\/#primaryimage\"},\"image\":{\"@id\":\"https:\\\/\\\/cabanons.com\\\/en\\\/product\\\/4-versants-6-x-10\\\/#primaryimage\"},\"thumbnailUrl\":\"https:\\\/\\\/cabanons.com\\\/wp-content\\\/uploads\\\/2025\\\/08\\\/230650.jpeg\",\"datePublished\":\"2025-08-11T18:00:46+00:00\",\"dateModified\":\"2025-08-11T18:01:55+00:00\",\"description\":\"Reference : CO-230650 Model : 4 VERSANTS | Collection : Mercier Dimension : 6' X 10' Sidding : Gris hudson - Gentek Shingle : 2 tones Black *** TRANSPORT\",\"breadcrumb\":{\"@id\":\"https:\\\/\\\/cabanons.com\\\/en\\\/product\\\/4-versants-6-x-10\\\/#breadcrumb\"},\"inLanguage\":\"en-CA\",\"potentialAction\":[{\"@type\":\"ReadAction\",\"target\":[\"https:\\\/\\\/cabanons.com\\\/en\\\/product\\\/4-versants-6-x-10\\\/\"]}]},{\"@type\":\"ImageObject\",\"inLanguage\":\"en-CA\",\"@id\":\"https:\\\/\\\/cabanons.com\\\/en\\\/product\\\/4-versants-6-x-10\\\/#primaryimage\",\"url\":\"https:\\\/\\\/cabanons.com\\\/wp-content\\\/uploads\\\/2025\\\/08\\\/230650.jpeg\",\"contentUrl\":\"https:\\\/\\\/cabanons.com\\\/wp-content\\\/uploads\\\/2025\\\/08\\\/230650.jpeg\",\"width\":1200,\"height\":900},{\"@type\":\"BreadcrumbList\",\"@id\":\"https:\\\/\\\/cabanons.com\\\/en\\\/product\\\/4-versants-6-x-10\\\/#breadcrumb\",\"itemListElement\":[{\"@type\":\"ListItem\",\"position\":1,\"name\":\"Accueil\",\"item\":\"https:\\\/\\\/cabanons.com\\\/en\\\/\"},{\"@type\":\"ListItem\",\"position\":2,\"name\":\"Demonstrator\",\"item\":\"https:\\\/\\\/cabanons.com\\\/en\\\/demonstrator\\\/\"},{\"@type\":\"ListItem\",\"position\":3,\"name\":\"4 VERSANTS 6&#8242; X 10&#8242;\"}]},{\"@type\":\"WebSite\",\"@id\":\"https:\\\/\\\/cabanons.com\\\/en\\\/#website\",\"url\":\"https:\\\/\\\/cabanons.com\\\/en\\\/\",\"name\":\"Garages et Cabanons Fontaine\",\"description\":\"LA QUALIT\u00c9 IN\u00c9GAL\u00c9 DEPUIS 1976\",\"publisher\":{\"@id\":\"https:\\\/\\\/cabanons.com\\\/en\\\/#organization\"},\"potentialAction\":[{\"@type\":\"SearchAction\",\"target\":{\"@type\":\"EntryPoint\",\"urlTemplate\":\"https:\\\/\\\/cabanons.com\\\/en\\\/?s={search_term_string}\"},\"query-input\":{\"@type\":\"PropertyValueSpecification\",\"valueRequired\":true,\"valueName\":\"search_term_string\"}}],\"inLanguage\":\"en-CA\"},{\"@type\":\"Organization\",\"@id\":\"https:\\\/\\\/cabanons.com\\\/en\\\/#organization\",\"name\":\"Garages et Cabanons Fontaine\",\"url\":\"https:\\\/\\\/cabanons.com\\\/en\\\/\",\"logo\":{\"@type\":\"ImageObject\",\"inLanguage\":\"en-CA\",\"@id\":\"https:\\\/\\\/cabanons.com\\\/en\\\/#\\\/schema\\\/logo\\\/image\\\/\",\"url\":\"https:\\\/\\\/cabanons.com\\\/wp-content\\\/uploads\\\/2020\\\/11\\\/icone_Logo_Garages_et_Cabanons_Fontaine_horz.png\",\"contentUrl\":\"https:\\\/\\\/cabanons.com\\\/wp-content\\\/uploads\\\/2020\\\/11\\\/icone_Logo_Garages_et_Cabanons_Fontaine_horz.png\",\"width\":716,\"height\":156,\"caption\":\"Garages et Cabanons Fontaine\"},\"image\":{\"@id\":\"https:\\\/\\\/cabanons.com\\\/en\\\/#\\\/schema\\\/logo\\\/image\\\/\"}}]}<\/script>\n<!-- \/ Yoast SEO plugin. -->","yoast_head_json":{"title":"4 VERSANTS 6' X 10' - Garages et Cabanons Fontaine","description":"Reference : CO-230650 Model : 4 VERSANTS | Collection : Mercier Dimension : 6' X 10' Sidding : Gris hudson - Gentek Shingle : 2 tones Black *** TRANSPORT","robots":{"index":"index","follow":"follow","max-snippet":"max-snippet:-1","max-image-preview":"max-image-preview:large","max-video-preview":"max-video-preview:-1"},"canonical":"https:\/\/cabanons.com\/en\/product\/4-versants-6-x-10\/","og_locale":"en_US","og_type":"article","og_title":"4 VERSANTS 6' X 10' - Garages et Cabanons Fontaine","og_description":"Reference : CO-230650 Model : 4 VERSANTS | Collection : Mercier Dimension : 6' X 10' Sidding : Gris hudson - Gentek Shingle : 2 tones Black *** TRANSPORT","og_url":"https:\/\/cabanons.com\/en\/product\/4-versants-6-x-10\/","og_site_name":"Garages et Cabanons Fontaine","article_modified_time":"2025-08-11T18:01:55+00:00","og_image":[{"width":1200,"height":900,"url":"https:\/\/cabanons.com\/wp-content\/uploads\/2025\/08\/230650.jpeg","type":"image\/jpeg"}],"twitter_card":"summary_large_image","schema":{"@context":"https:\/\/schema.org","@graph":[{"@type":"WebPage","@id":"https:\/\/cabanons.com\/en\/product\/4-versants-6-x-10\/","url":"https:\/\/cabanons.com\/en\/product\/4-versants-6-x-10\/","name":"4 VERSANTS 6' X 10' - Garages et Cabanons Fontaine","isPartOf":{"@id":"https:\/\/cabanons.com\/en\/#website"},"primaryImageOfPage":{"@id":"https:\/\/cabanons.com\/en\/product\/4-versants-6-x-10\/#primaryimage"},"image":{"@id":"https:\/\/cabanons.com\/en\/product\/4-versants-6-x-10\/#primaryimage"},"thumbnailUrl":"https:\/\/cabanons.com\/wp-content\/uploads\/2025\/08\/230650.jpeg","datePublished":"2025-08-11T18:00:46+00:00","dateModified":"2025-08-11T18:01:55+00:00","description":"Reference : CO-230650 Model : 4 VERSANTS | Collection : Mercier Dimension : 6' X 10' Sidding : Gris hudson - Gentek Shingle : 2 tones Black *** TRANSPORT","breadcrumb":{"@id":"https:\/\/cabanons.com\/en\/product\/4-versants-6-x-10\/#breadcrumb"},"inLanguage":"en-CA","potentialAction":[{"@type":"ReadAction","target":["https:\/\/cabanons.com\/en\/product\/4-versants-6-x-10\/"]}]},{"@type":"ImageObject","inLanguage":"en-CA","@id":"https:\/\/cabanons.com\/en\/product\/4-versants-6-x-10\/#primaryimage","url":"https:\/\/cabanons.com\/wp-content\/uploads\/2025\/08\/230650.jpeg","contentUrl":"https:\/\/cabanons.com\/wp-content\/uploads\/2025\/08\/230650.jpeg","width":1200,"height":900},{"@type":"BreadcrumbList","@id":"https:\/\/cabanons.com\/en\/product\/4-versants-6-x-10\/#breadcrumb","itemListElement":[{"@type":"ListItem","position":1,"name":"Accueil","item":"https:\/\/cabanons.com\/en\/"},{"@type":"ListItem","position":2,"name":"Demonstrator","item":"https:\/\/cabanons.com\/en\/demonstrator\/"},{"@type":"ListItem","position":3,"name":"4 VERSANTS 6&#8242; X 10&#8242;"}]},{"@type":"WebSite","@id":"https:\/\/cabanons.com\/en\/#website","url":"https:\/\/cabanons.com\/en\/","name":"Garages et Cabanons Fontaine","description":"LA QUALIT\u00c9 IN\u00c9GAL\u00c9 DEPUIS 1976","publisher":{"@id":"https:\/\/cabanons.com\/en\/#organization"},"potentialAction":[{"@type":"SearchAction","target":{"@type":"EntryPoint","urlTemplate":"https:\/\/cabanons.com\/en\/?s={search_term_string}"},"query-input":{"@type":"PropertyValueSpecification","valueRequired":true,"valueName":"search_term_string"}}],"inLanguage":"en-CA"},{"@type":"Organization","@id":"https:\/\/cabanons.com\/en\/#organization","name":"Garages et Cabanons Fontaine","url":"https:\/\/cabanons.com\/en\/","logo":{"@type":"ImageObject","inLanguage":"en-CA","@id":"https:\/\/cabanons.com\/en\/#\/schema\/logo\/image\/","url":"https:\/\/cabanons.com\/wp-content\/uploads\/2020\/11\/icone_Logo_Garages_et_Cabanons_Fontaine_horz.png","contentUrl":"https:\/\/cabanons.com\/wp-content\/uploads\/2020\/11\/icone_Logo_Garages_et_Cabanons_Fontaine_horz.png","width":716,"height":156,"caption":"Garages et Cabanons Fontaine"},"image":{"@id":"https:\/\/cabanons.com\/en\/#\/schema\/logo\/image\/"}}]}},"_links":{"self":[{"href":"https:\/\/cabanons.com\/en\/wp-json\/wp\/v2\/product\/30869","targetHints":{"allow":["GET"]}}],"collection":[{"href":"https:\/\/cabanons.com\/en\/wp-json\/wp\/v2\/product"}],"about":[{"href":"https:\/\/cabanons.com\/en\/wp-json\/wp\/v2\/types\/product"}],"wp:featuredmedia":[{"embeddable":true,"href":"https:\/\/cabanons.com\/en\/wp-json\/wp\/v2\/media\/30868"}],"wp:attachment":[{"href":"https:\/\/cabanons.com\/en\/wp-json\/wp\/v2\/media?parent=30869"}],"wp:term":[{"taxonomy":"product_brand","embeddable":true,"href":"https:\/\/cabanons.com\/en\/wp-json\/wp\/v2\/product_brand?post=30869"},{"taxonomy":"product_cat","embeddable":true,"href":"https:\/\/cabanons.com\/en\/wp-json\/wp\/v2\/product_cat?post=30869"},{"taxonomy":"product_tag","embeddable":true,"href":"https:\/\/cabanons.com\/en\/wp-json\/wp\/v2\/product_tag?post=30869"},{"taxonomy":"dimensions-des-demonstrateurs","embeddable":true,"href":"https:\/\/cabanons.com\/en\/wp-json\/wp\/v2\/dimensions-des-demonstrateurs?post=30869"},{"taxonomy":"code-de-produit","embeddable":true,"href":"https:\/\/cabanons.com\/en\/wp-json\/wp\/v2\/code-de-produit?post=30869"}],"curies":[{"name":"wp","href":"https:\/\/api.w.org\/{rel}","templated":true}]}}