{"id":30873,"date":"2025-08-11T14:14:09","date_gmt":"2025-08-11T18:14:09","guid":{"rendered":"https:\/\/cabanons.com\/?post_type=product&#038;p=30873"},"modified":"2025-08-11T14:15:30","modified_gmt":"2025-08-11T18:15:30","slug":"jazz-8-x-10-3","status":"publish","type":"product","link":"https:\/\/cabanons.com\/en\/product\/jazz-8-x-10-3\/","title":{"rendered":"JAZZ 8&#8242; X 10&#8242;"},"content":{"rendered":"<p>Reference :<strong> CO-230593<\/strong><br \/>\nModel :<strong> JAZZ | <\/strong>Collection <strong>: H\u00e9ritage<\/strong><br \/>\nDimension :<strong> 8&#8242; X 10&#8242;<\/strong><br \/>\nSidding :<strong> Brun caribou &#8211; Mitten<br \/>\n<\/strong>Shingle <strong>: 2 Tones black<\/strong><\/p>\n<p><strong>*** TRANSPORT NOT INCLUDED ***<\/strong><\/p>\n","protected":false},"excerpt":{"rendered":"<p>Reference : CO-230593 Model : JAZZ | Collection : H\u00e9ritage Dimension : 8&#8242; X 10&#8242; Sidding : Brun caribou &#8211; Mitten Shingle : 2 Tones black *** TRANSPORT NOT INCLUDED ***<\/p>\n","protected":false},"featured_media":0,"template":"","meta":{"content-type":""},"product_brand":[],"product_cat":[651],"product_tag":[],"dimensions-des-demonstrateurs":[643],"code-de-produit":[],"class_list":{"0":"post-30873","1":"product","2":"type-product","3":"status-publish","5":"product_cat-jazz-en","6":"dimensions-des-demonstrateurs-08-x-10-en","8":"first","9":"instock","10":"sale","11":"shipping-taxable","12":"purchasable","13":"product-type-simple"},"yoast_head":"<!-- This site is optimized with the Yoast SEO plugin v27.3 - https:\/\/yoast.com\/product\/yoast-seo-wordpress\/ -->\n<title>JAZZ 8&#039; X 10&#039; - Garages et Cabanons Fontaine<\/title>\n<meta name=\"description\" content=\"Reference : CO-230593 Model : JAZZ | Collection : H\u00e9ritage Dimension : 8&#039; X 10&#039; Sidding : Brun caribou - Mitten Shingle : 2 Tones black *** TRANSPORT NOT\" \/>\n<meta name=\"robots\" content=\"index, follow, max-snippet:-1, max-image-preview:large, max-video-preview:-1\" \/>\n<link rel=\"canonical\" href=\"https:\/\/cabanons.com\/en\/product\/jazz-8-x-10-3\/\" \/>\n<meta property=\"og:locale\" content=\"en_US\" \/>\n<meta property=\"og:type\" content=\"article\" \/>\n<meta property=\"og:title\" content=\"JAZZ 8&#039; X 10&#039; - Garages et Cabanons Fontaine\" \/>\n<meta property=\"og:description\" content=\"Reference : CO-230593 Model : JAZZ | Collection : H\u00e9ritage Dimension : 8&#039; X 10&#039; Sidding : Brun caribou - Mitten Shingle : 2 Tones black *** TRANSPORT NOT\" \/>\n<meta property=\"og:url\" content=\"https:\/\/cabanons.com\/en\/product\/jazz-8-x-10-3\/\" \/>\n<meta property=\"og:site_name\" content=\"Garages et Cabanons Fontaine\" \/>\n<meta property=\"article:modified_time\" content=\"2025-08-11T18:15:30+00:00\" \/>\n<meta name=\"twitter:card\" content=\"summary_large_image\" \/>\n<script type=\"application\/ld+json\" class=\"yoast-schema-graph\">{\"@context\":\"https:\\\/\\\/schema.org\",\"@graph\":[{\"@type\":\"WebPage\",\"@id\":\"https:\\\/\\\/cabanons.com\\\/en\\\/product\\\/jazz-8-x-10-3\\\/\",\"url\":\"https:\\\/\\\/cabanons.com\\\/en\\\/product\\\/jazz-8-x-10-3\\\/\",\"name\":\"JAZZ 8' X 10' - Garages et Cabanons Fontaine\",\"isPartOf\":{\"@id\":\"https:\\\/\\\/cabanons.com\\\/en\\\/#website\"},\"datePublished\":\"2025-08-11T18:14:09+00:00\",\"dateModified\":\"2025-08-11T18:15:30+00:00\",\"description\":\"Reference : CO-230593 Model : JAZZ | Collection : H\u00e9ritage Dimension : 8' X 10' Sidding : Brun caribou - Mitten Shingle : 2 Tones black *** TRANSPORT NOT\",\"breadcrumb\":{\"@id\":\"https:\\\/\\\/cabanons.com\\\/en\\\/product\\\/jazz-8-x-10-3\\\/#breadcrumb\"},\"inLanguage\":\"en-CA\",\"potentialAction\":[{\"@type\":\"ReadAction\",\"target\":[\"https:\\\/\\\/cabanons.com\\\/en\\\/product\\\/jazz-8-x-10-3\\\/\"]}]},{\"@type\":\"BreadcrumbList\",\"@id\":\"https:\\\/\\\/cabanons.com\\\/en\\\/product\\\/jazz-8-x-10-3\\\/#breadcrumb\",\"itemListElement\":[{\"@type\":\"ListItem\",\"position\":1,\"name\":\"Accueil\",\"item\":\"https:\\\/\\\/cabanons.com\\\/en\\\/\"},{\"@type\":\"ListItem\",\"position\":2,\"name\":\"Demonstrator\",\"item\":\"https:\\\/\\\/cabanons.com\\\/en\\\/demonstrator\\\/\"},{\"@type\":\"ListItem\",\"position\":3,\"name\":\"JAZZ 8&#8242; X 10&#8242;\"}]},{\"@type\":\"WebSite\",\"@id\":\"https:\\\/\\\/cabanons.com\\\/en\\\/#website\",\"url\":\"https:\\\/\\\/cabanons.com\\\/en\\\/\",\"name\":\"Garages et Cabanons Fontaine\",\"description\":\"LA QUALIT\u00c9 IN\u00c9GAL\u00c9 DEPUIS 1976\",\"publisher\":{\"@id\":\"https:\\\/\\\/cabanons.com\\\/en\\\/#organization\"},\"potentialAction\":[{\"@type\":\"SearchAction\",\"target\":{\"@type\":\"EntryPoint\",\"urlTemplate\":\"https:\\\/\\\/cabanons.com\\\/en\\\/?s={search_term_string}\"},\"query-input\":{\"@type\":\"PropertyValueSpecification\",\"valueRequired\":true,\"valueName\":\"search_term_string\"}}],\"inLanguage\":\"en-CA\"},{\"@type\":\"Organization\",\"@id\":\"https:\\\/\\\/cabanons.com\\\/en\\\/#organization\",\"name\":\"Garages et Cabanons Fontaine\",\"url\":\"https:\\\/\\\/cabanons.com\\\/en\\\/\",\"logo\":{\"@type\":\"ImageObject\",\"inLanguage\":\"en-CA\",\"@id\":\"https:\\\/\\\/cabanons.com\\\/en\\\/#\\\/schema\\\/logo\\\/image\\\/\",\"url\":\"https:\\\/\\\/cabanons.com\\\/wp-content\\\/uploads\\\/2020\\\/11\\\/icone_Logo_Garages_et_Cabanons_Fontaine_horz.png\",\"contentUrl\":\"https:\\\/\\\/cabanons.com\\\/wp-content\\\/uploads\\\/2020\\\/11\\\/icone_Logo_Garages_et_Cabanons_Fontaine_horz.png\",\"width\":716,\"height\":156,\"caption\":\"Garages et Cabanons Fontaine\"},\"image\":{\"@id\":\"https:\\\/\\\/cabanons.com\\\/en\\\/#\\\/schema\\\/logo\\\/image\\\/\"}}]}<\/script>\n<!-- \/ Yoast SEO plugin. -->","yoast_head_json":{"title":"JAZZ 8' X 10' - Garages et Cabanons Fontaine","description":"Reference : CO-230593 Model : JAZZ | Collection : H\u00e9ritage Dimension : 8' X 10' Sidding : Brun caribou - Mitten Shingle : 2 Tones black *** TRANSPORT NOT","robots":{"index":"index","follow":"follow","max-snippet":"max-snippet:-1","max-image-preview":"max-image-preview:large","max-video-preview":"max-video-preview:-1"},"canonical":"https:\/\/cabanons.com\/en\/product\/jazz-8-x-10-3\/","og_locale":"en_US","og_type":"article","og_title":"JAZZ 8' X 10' - Garages et Cabanons Fontaine","og_description":"Reference : CO-230593 Model : JAZZ | Collection : H\u00e9ritage Dimension : 8' X 10' Sidding : Brun caribou - Mitten Shingle : 2 Tones black *** TRANSPORT NOT","og_url":"https:\/\/cabanons.com\/en\/product\/jazz-8-x-10-3\/","og_site_name":"Garages et Cabanons Fontaine","article_modified_time":"2025-08-11T18:15:30+00:00","twitter_card":"summary_large_image","schema":{"@context":"https:\/\/schema.org","@graph":[{"@type":"WebPage","@id":"https:\/\/cabanons.com\/en\/product\/jazz-8-x-10-3\/","url":"https:\/\/cabanons.com\/en\/product\/jazz-8-x-10-3\/","name":"JAZZ 8' X 10' - Garages et Cabanons Fontaine","isPartOf":{"@id":"https:\/\/cabanons.com\/en\/#website"},"datePublished":"2025-08-11T18:14:09+00:00","dateModified":"2025-08-11T18:15:30+00:00","description":"Reference : CO-230593 Model : JAZZ | Collection : H\u00e9ritage Dimension : 8' X 10' Sidding : Brun caribou - Mitten Shingle : 2 Tones black *** TRANSPORT NOT","breadcrumb":{"@id":"https:\/\/cabanons.com\/en\/product\/jazz-8-x-10-3\/#breadcrumb"},"inLanguage":"en-CA","potentialAction":[{"@type":"ReadAction","target":["https:\/\/cabanons.com\/en\/product\/jazz-8-x-10-3\/"]}]},{"@type":"BreadcrumbList","@id":"https:\/\/cabanons.com\/en\/product\/jazz-8-x-10-3\/#breadcrumb","itemListElement":[{"@type":"ListItem","position":1,"name":"Accueil","item":"https:\/\/cabanons.com\/en\/"},{"@type":"ListItem","position":2,"name":"Demonstrator","item":"https:\/\/cabanons.com\/en\/demonstrator\/"},{"@type":"ListItem","position":3,"name":"JAZZ 8&#8242; X 10&#8242;"}]},{"@type":"WebSite","@id":"https:\/\/cabanons.com\/en\/#website","url":"https:\/\/cabanons.com\/en\/","name":"Garages et Cabanons Fontaine","description":"LA QUALIT\u00c9 IN\u00c9GAL\u00c9 DEPUIS 1976","publisher":{"@id":"https:\/\/cabanons.com\/en\/#organization"},"potentialAction":[{"@type":"SearchAction","target":{"@type":"EntryPoint","urlTemplate":"https:\/\/cabanons.com\/en\/?s={search_term_string}"},"query-input":{"@type":"PropertyValueSpecification","valueRequired":true,"valueName":"search_term_string"}}],"inLanguage":"en-CA"},{"@type":"Organization","@id":"https:\/\/cabanons.com\/en\/#organization","name":"Garages et Cabanons Fontaine","url":"https:\/\/cabanons.com\/en\/","logo":{"@type":"ImageObject","inLanguage":"en-CA","@id":"https:\/\/cabanons.com\/en\/#\/schema\/logo\/image\/","url":"https:\/\/cabanons.com\/wp-content\/uploads\/2020\/11\/icone_Logo_Garages_et_Cabanons_Fontaine_horz.png","contentUrl":"https:\/\/cabanons.com\/wp-content\/uploads\/2020\/11\/icone_Logo_Garages_et_Cabanons_Fontaine_horz.png","width":716,"height":156,"caption":"Garages et Cabanons Fontaine"},"image":{"@id":"https:\/\/cabanons.com\/en\/#\/schema\/logo\/image\/"}}]}},"_links":{"self":[{"href":"https:\/\/cabanons.com\/en\/wp-json\/wp\/v2\/product\/30873","targetHints":{"allow":["GET"]}}],"collection":[{"href":"https:\/\/cabanons.com\/en\/wp-json\/wp\/v2\/product"}],"about":[{"href":"https:\/\/cabanons.com\/en\/wp-json\/wp\/v2\/types\/product"}],"wp:attachment":[{"href":"https:\/\/cabanons.com\/en\/wp-json\/wp\/v2\/media?parent=30873"}],"wp:term":[{"taxonomy":"product_brand","embeddable":true,"href":"https:\/\/cabanons.com\/en\/wp-json\/wp\/v2\/product_brand?post=30873"},{"taxonomy":"product_cat","embeddable":true,"href":"https:\/\/cabanons.com\/en\/wp-json\/wp\/v2\/product_cat?post=30873"},{"taxonomy":"product_tag","embeddable":true,"href":"https:\/\/cabanons.com\/en\/wp-json\/wp\/v2\/product_tag?post=30873"},{"taxonomy":"dimensions-des-demonstrateurs","embeddable":true,"href":"https:\/\/cabanons.com\/en\/wp-json\/wp\/v2\/dimensions-des-demonstrateurs?post=30873"},{"taxonomy":"code-de-produit","embeddable":true,"href":"https:\/\/cabanons.com\/en\/wp-json\/wp\/v2\/code-de-produit?post=30873"}],"curies":[{"name":"wp","href":"https:\/\/api.w.org\/{rel}","templated":true}]}}