{"id":33310,"date":"2026-04-09T12:56:28","date_gmt":"2026-04-09T16:56:28","guid":{"rendered":"https:\/\/cabanons.com\/?post_type=product&#038;p=33310"},"modified":"2026-04-09T12:57:43","modified_gmt":"2026-04-09T16:57:43","slug":"fraser-8-0-x-10-0-2","status":"publish","type":"product","link":"https:\/\/cabanons.com\/en\/product\/fraser-8-0-x-10-0-2\/","title":{"rendered":"FRASER 8&#8242; 0&#8221; X 10&#8242; 0&#8221;"},"content":{"rendered":"<p>R\u00e9f\u00e9rence :<strong> CO-260397<\/strong><br \/>\nMod\u00e8le :<strong> FRASER | <\/strong>Collection <strong>: Optimis\u00e9<\/strong><br \/>\nDimension :<strong> 8&#8242; X 10&#8242;<\/strong><br \/>\nCoating :<strong> MITTEN OREGON PRIDE D4.5-D | <\/strong>Coulor <strong>: NICKEL<br \/>\n<\/strong><strong>Shingle : ARCHITECTURAL RIDGELINE NOIR DOUBLE<\/strong><\/p>\n<p><strong>*** TRANSPORT NOT INCLUDED ***<\/strong><\/p>\n","protected":false},"excerpt":{"rendered":"<p>R\u00e9f\u00e9rence : CO-260397 Mod\u00e8le : FRASER | Collection : Optimis\u00e9 Dimension : 8&#8242; X 10&#8242; Coating : MITTEN OREGON PRIDE D4.5-D | Coulor : NICKEL Shingle : ARCHITECTURAL RIDGELINE NOIR DOUBLE *** TRANSPORT NOT INCLUDED ***<\/p>\n","protected":false},"featured_media":33309,"template":"","meta":{"content-type":""},"product_brand":[],"product_cat":[1194],"product_tag":[],"dimensions-des-demonstrateurs":[643],"code-de-produit":[],"class_list":{"0":"post-33310","1":"product","2":"type-product","3":"status-publish","4":"has-post-thumbnail","6":"product_cat-fraser-en","7":"dimensions-des-demonstrateurs-08-x-10-en","9":"first","10":"instock","11":"sale","12":"shipping-taxable","13":"purchasable","14":"product-type-simple"},"yoast_head":"<!-- This site is optimized with the Yoast SEO plugin v27.4 - https:\/\/yoast.com\/product\/yoast-seo-wordpress\/ -->\n<title>FRASER 8&#039; 0&#039;&#039; X 10&#039; 0&#039;&#039; - Garages et Cabanons Fontaine<\/title>\n<meta name=\"description\" content=\"R\u00e9f\u00e9rence : CO-260397 Mod\u00e8le : FRASER | Collection : Optimis\u00e9 Dimension : 8&#039; X 10&#039; Coating : MITTEN OREGON PRIDE D4.5-D | Coulor : NICKEL Shingle :\" \/>\n<meta name=\"robots\" content=\"index, follow, max-snippet:-1, max-image-preview:large, max-video-preview:-1\" \/>\n<link rel=\"canonical\" href=\"https:\/\/cabanons.com\/en\/product\/fraser-8-0-x-10-0-2\/\" \/>\n<meta property=\"og:locale\" content=\"en_US\" \/>\n<meta property=\"og:type\" content=\"article\" \/>\n<meta property=\"og:title\" content=\"FRASER 8&#039; 0&#039;&#039; X 10&#039; 0&#039;&#039; - Garages et Cabanons Fontaine\" \/>\n<meta property=\"og:description\" content=\"R\u00e9f\u00e9rence : CO-260397 Mod\u00e8le : FRASER | Collection : Optimis\u00e9 Dimension : 8&#039; X 10&#039; Coating : MITTEN OREGON PRIDE D4.5-D | Coulor : NICKEL Shingle :\" \/>\n<meta property=\"og:url\" content=\"https:\/\/cabanons.com\/en\/product\/fraser-8-0-x-10-0-2\/\" \/>\n<meta property=\"og:site_name\" content=\"Garages et Cabanons Fontaine\" \/>\n<meta property=\"article:modified_time\" content=\"2026-04-09T16:57:43+00:00\" \/>\n<meta property=\"og:image\" content=\"https:\/\/cabanons.com\/wp-content\/uploads\/2026\/04\/260397.jpeg\" \/>\n\t<meta property=\"og:image:width\" content=\"1200\" \/>\n\t<meta property=\"og:image:height\" content=\"900\" \/>\n\t<meta property=\"og:image:type\" content=\"image\/jpeg\" \/>\n<meta name=\"twitter:card\" content=\"summary_large_image\" \/>\n<script type=\"application\/ld+json\" class=\"yoast-schema-graph\">{\"@context\":\"https:\\\/\\\/schema.org\",\"@graph\":[{\"@type\":\"WebPage\",\"@id\":\"https:\\\/\\\/cabanons.com\\\/en\\\/product\\\/fraser-8-0-x-10-0-2\\\/\",\"url\":\"https:\\\/\\\/cabanons.com\\\/en\\\/product\\\/fraser-8-0-x-10-0-2\\\/\",\"name\":\"FRASER 8' 0'' X 10' 0'' - Garages et Cabanons Fontaine\",\"isPartOf\":{\"@id\":\"https:\\\/\\\/cabanons.com\\\/en\\\/#website\"},\"primaryImageOfPage\":{\"@id\":\"https:\\\/\\\/cabanons.com\\\/en\\\/product\\\/fraser-8-0-x-10-0-2\\\/#primaryimage\"},\"image\":{\"@id\":\"https:\\\/\\\/cabanons.com\\\/en\\\/product\\\/fraser-8-0-x-10-0-2\\\/#primaryimage\"},\"thumbnailUrl\":\"https:\\\/\\\/cabanons.com\\\/wp-content\\\/uploads\\\/2026\\\/04\\\/260397.jpeg\",\"datePublished\":\"2026-04-09T16:56:28+00:00\",\"dateModified\":\"2026-04-09T16:57:43+00:00\",\"description\":\"R\u00e9f\u00e9rence : CO-260397 Mod\u00e8le : FRASER | Collection : Optimis\u00e9 Dimension : 8' X 10' Coating : MITTEN OREGON PRIDE D4.5-D | Coulor : NICKEL Shingle :\",\"breadcrumb\":{\"@id\":\"https:\\\/\\\/cabanons.com\\\/en\\\/product\\\/fraser-8-0-x-10-0-2\\\/#breadcrumb\"},\"inLanguage\":\"en-CA\",\"potentialAction\":[{\"@type\":\"ReadAction\",\"target\":[\"https:\\\/\\\/cabanons.com\\\/en\\\/product\\\/fraser-8-0-x-10-0-2\\\/\"]}]},{\"@type\":\"ImageObject\",\"inLanguage\":\"en-CA\",\"@id\":\"https:\\\/\\\/cabanons.com\\\/en\\\/product\\\/fraser-8-0-x-10-0-2\\\/#primaryimage\",\"url\":\"https:\\\/\\\/cabanons.com\\\/wp-content\\\/uploads\\\/2026\\\/04\\\/260397.jpeg\",\"contentUrl\":\"https:\\\/\\\/cabanons.com\\\/wp-content\\\/uploads\\\/2026\\\/04\\\/260397.jpeg\",\"width\":1200,\"height\":900},{\"@type\":\"BreadcrumbList\",\"@id\":\"https:\\\/\\\/cabanons.com\\\/en\\\/product\\\/fraser-8-0-x-10-0-2\\\/#breadcrumb\",\"itemListElement\":[{\"@type\":\"ListItem\",\"position\":1,\"name\":\"Accueil\",\"item\":\"https:\\\/\\\/cabanons.com\\\/en\\\/\"},{\"@type\":\"ListItem\",\"position\":2,\"name\":\"Demonstrator\",\"item\":\"https:\\\/\\\/cabanons.com\\\/en\\\/demonstrator\\\/\"},{\"@type\":\"ListItem\",\"position\":3,\"name\":\"FRASER 8&#8242; 0&#8221; X 10&#8242; 0&#8221;\"}]},{\"@type\":\"WebSite\",\"@id\":\"https:\\\/\\\/cabanons.com\\\/en\\\/#website\",\"url\":\"https:\\\/\\\/cabanons.com\\\/en\\\/\",\"name\":\"Garages et Cabanons Fontaine\",\"description\":\"LA QUALIT\u00c9 IN\u00c9GAL\u00c9 DEPUIS 1976\",\"publisher\":{\"@id\":\"https:\\\/\\\/cabanons.com\\\/en\\\/#organization\"},\"potentialAction\":[{\"@type\":\"SearchAction\",\"target\":{\"@type\":\"EntryPoint\",\"urlTemplate\":\"https:\\\/\\\/cabanons.com\\\/en\\\/?s={search_term_string}\"},\"query-input\":{\"@type\":\"PropertyValueSpecification\",\"valueRequired\":true,\"valueName\":\"search_term_string\"}}],\"inLanguage\":\"en-CA\"},{\"@type\":\"Organization\",\"@id\":\"https:\\\/\\\/cabanons.com\\\/en\\\/#organization\",\"name\":\"Garages et Cabanons Fontaine\",\"url\":\"https:\\\/\\\/cabanons.com\\\/en\\\/\",\"logo\":{\"@type\":\"ImageObject\",\"inLanguage\":\"en-CA\",\"@id\":\"https:\\\/\\\/cabanons.com\\\/en\\\/#\\\/schema\\\/logo\\\/image\\\/\",\"url\":\"https:\\\/\\\/cabanons.com\\\/wp-content\\\/uploads\\\/2020\\\/11\\\/icone_Logo_Garages_et_Cabanons_Fontaine_horz.png\",\"contentUrl\":\"https:\\\/\\\/cabanons.com\\\/wp-content\\\/uploads\\\/2020\\\/11\\\/icone_Logo_Garages_et_Cabanons_Fontaine_horz.png\",\"width\":716,\"height\":156,\"caption\":\"Garages et Cabanons Fontaine\"},\"image\":{\"@id\":\"https:\\\/\\\/cabanons.com\\\/en\\\/#\\\/schema\\\/logo\\\/image\\\/\"}}]}<\/script>\n<!-- \/ Yoast SEO plugin. -->","yoast_head_json":{"title":"FRASER 8' 0'' X 10' 0'' - Garages et Cabanons Fontaine","description":"R\u00e9f\u00e9rence : CO-260397 Mod\u00e8le : FRASER | Collection : Optimis\u00e9 Dimension : 8' X 10' Coating : MITTEN OREGON PRIDE D4.5-D | Coulor : NICKEL Shingle :","robots":{"index":"index","follow":"follow","max-snippet":"max-snippet:-1","max-image-preview":"max-image-preview:large","max-video-preview":"max-video-preview:-1"},"canonical":"https:\/\/cabanons.com\/en\/product\/fraser-8-0-x-10-0-2\/","og_locale":"en_US","og_type":"article","og_title":"FRASER 8' 0'' X 10' 0'' - Garages et Cabanons Fontaine","og_description":"R\u00e9f\u00e9rence : CO-260397 Mod\u00e8le : FRASER | Collection : Optimis\u00e9 Dimension : 8' X 10' Coating : MITTEN OREGON PRIDE D4.5-D | Coulor : NICKEL Shingle :","og_url":"https:\/\/cabanons.com\/en\/product\/fraser-8-0-x-10-0-2\/","og_site_name":"Garages et Cabanons Fontaine","article_modified_time":"2026-04-09T16:57:43+00:00","og_image":[{"width":1200,"height":900,"url":"https:\/\/cabanons.com\/wp-content\/uploads\/2026\/04\/260397.jpeg","type":"image\/jpeg"}],"twitter_card":"summary_large_image","schema":{"@context":"https:\/\/schema.org","@graph":[{"@type":"WebPage","@id":"https:\/\/cabanons.com\/en\/product\/fraser-8-0-x-10-0-2\/","url":"https:\/\/cabanons.com\/en\/product\/fraser-8-0-x-10-0-2\/","name":"FRASER 8' 0'' X 10' 0'' - Garages et Cabanons Fontaine","isPartOf":{"@id":"https:\/\/cabanons.com\/en\/#website"},"primaryImageOfPage":{"@id":"https:\/\/cabanons.com\/en\/product\/fraser-8-0-x-10-0-2\/#primaryimage"},"image":{"@id":"https:\/\/cabanons.com\/en\/product\/fraser-8-0-x-10-0-2\/#primaryimage"},"thumbnailUrl":"https:\/\/cabanons.com\/wp-content\/uploads\/2026\/04\/260397.jpeg","datePublished":"2026-04-09T16:56:28+00:00","dateModified":"2026-04-09T16:57:43+00:00","description":"R\u00e9f\u00e9rence : CO-260397 Mod\u00e8le : FRASER | Collection : Optimis\u00e9 Dimension : 8' X 10' Coating : MITTEN OREGON PRIDE D4.5-D | Coulor : NICKEL Shingle :","breadcrumb":{"@id":"https:\/\/cabanons.com\/en\/product\/fraser-8-0-x-10-0-2\/#breadcrumb"},"inLanguage":"en-CA","potentialAction":[{"@type":"ReadAction","target":["https:\/\/cabanons.com\/en\/product\/fraser-8-0-x-10-0-2\/"]}]},{"@type":"ImageObject","inLanguage":"en-CA","@id":"https:\/\/cabanons.com\/en\/product\/fraser-8-0-x-10-0-2\/#primaryimage","url":"https:\/\/cabanons.com\/wp-content\/uploads\/2026\/04\/260397.jpeg","contentUrl":"https:\/\/cabanons.com\/wp-content\/uploads\/2026\/04\/260397.jpeg","width":1200,"height":900},{"@type":"BreadcrumbList","@id":"https:\/\/cabanons.com\/en\/product\/fraser-8-0-x-10-0-2\/#breadcrumb","itemListElement":[{"@type":"ListItem","position":1,"name":"Accueil","item":"https:\/\/cabanons.com\/en\/"},{"@type":"ListItem","position":2,"name":"Demonstrator","item":"https:\/\/cabanons.com\/en\/demonstrator\/"},{"@type":"ListItem","position":3,"name":"FRASER 8&#8242; 0&#8221; X 10&#8242; 0&#8221;"}]},{"@type":"WebSite","@id":"https:\/\/cabanons.com\/en\/#website","url":"https:\/\/cabanons.com\/en\/","name":"Garages et Cabanons Fontaine","description":"LA QUALIT\u00c9 IN\u00c9GAL\u00c9 DEPUIS 1976","publisher":{"@id":"https:\/\/cabanons.com\/en\/#organization"},"potentialAction":[{"@type":"SearchAction","target":{"@type":"EntryPoint","urlTemplate":"https:\/\/cabanons.com\/en\/?s={search_term_string}"},"query-input":{"@type":"PropertyValueSpecification","valueRequired":true,"valueName":"search_term_string"}}],"inLanguage":"en-CA"},{"@type":"Organization","@id":"https:\/\/cabanons.com\/en\/#organization","name":"Garages et Cabanons Fontaine","url":"https:\/\/cabanons.com\/en\/","logo":{"@type":"ImageObject","inLanguage":"en-CA","@id":"https:\/\/cabanons.com\/en\/#\/schema\/logo\/image\/","url":"https:\/\/cabanons.com\/wp-content\/uploads\/2020\/11\/icone_Logo_Garages_et_Cabanons_Fontaine_horz.png","contentUrl":"https:\/\/cabanons.com\/wp-content\/uploads\/2020\/11\/icone_Logo_Garages_et_Cabanons_Fontaine_horz.png","width":716,"height":156,"caption":"Garages et Cabanons Fontaine"},"image":{"@id":"https:\/\/cabanons.com\/en\/#\/schema\/logo\/image\/"}}]}},"_links":{"self":[{"href":"https:\/\/cabanons.com\/en\/wp-json\/wp\/v2\/product\/33310","targetHints":{"allow":["GET"]}}],"collection":[{"href":"https:\/\/cabanons.com\/en\/wp-json\/wp\/v2\/product"}],"about":[{"href":"https:\/\/cabanons.com\/en\/wp-json\/wp\/v2\/types\/product"}],"wp:featuredmedia":[{"embeddable":true,"href":"https:\/\/cabanons.com\/en\/wp-json\/wp\/v2\/media\/33309"}],"wp:attachment":[{"href":"https:\/\/cabanons.com\/en\/wp-json\/wp\/v2\/media?parent=33310"}],"wp:term":[{"taxonomy":"product_brand","embeddable":true,"href":"https:\/\/cabanons.com\/en\/wp-json\/wp\/v2\/product_brand?post=33310"},{"taxonomy":"product_cat","embeddable":true,"href":"https:\/\/cabanons.com\/en\/wp-json\/wp\/v2\/product_cat?post=33310"},{"taxonomy":"product_tag","embeddable":true,"href":"https:\/\/cabanons.com\/en\/wp-json\/wp\/v2\/product_tag?post=33310"},{"taxonomy":"dimensions-des-demonstrateurs","embeddable":true,"href":"https:\/\/cabanons.com\/en\/wp-json\/wp\/v2\/dimensions-des-demonstrateurs?post=33310"},{"taxonomy":"code-de-produit","embeddable":true,"href":"https:\/\/cabanons.com\/en\/wp-json\/wp\/v2\/code-de-produit?post=33310"}],"curies":[{"name":"wp","href":"https:\/\/api.w.org\/{rel}","templated":true}]}}