{"id":33525,"date":"2026-04-10T11:18:58","date_gmt":"2026-04-10T15:18:58","guid":{"rendered":"https:\/\/cabanons.com\/?post_type=product&#038;p=33525"},"modified":"2026-04-10T11:21:15","modified_gmt":"2026-04-10T15:21:15","slug":"normande-10-0-x-14-0","status":"publish","type":"product","link":"https:\/\/cabanons.com\/en\/product\/normande-10-0-x-14-0\/","title":{"rendered":"NORMANDE 10&#8242; 0&#8243; X 14&#8242; 0&#8243;"},"content":{"rendered":"<p>R\u00e9f\u00e9rence :<strong> CO-231194<\/strong><br \/>\nMod\u00e8le :<strong> NORMANDE | <\/strong>Collection<strong> : H\u00e9ritage<\/strong><br \/>\nDimension :<strong> 10&#8242; X 14&#8242;<\/strong><br \/>\nSidding :<strong> MAIBEC PLANCHE ET CONVRE JOINT &#8211; | <\/strong>Color <strong>: DUNE DE SABLE 201<\/strong><br \/>\nRoof :<strong> MYSTIQUE &#8211; NOIR 2 TONS<br \/>\n<\/strong>Door <strong>: (1X) P-67B &#8211; (36&#8243; + 36&#8243;) X 79&#8243;<br \/>\n<\/strong>Window <strong>: (2X) 26X40DB &#8211; 26&#8243; x 40&#8243;<\/strong><\/p>\n<p><strong>*** TRANSPORT NOT INCLUDED ***<\/strong><\/p>\n","protected":false},"excerpt":{"rendered":"<p>R\u00e9f\u00e9rence : CO-231194 Mod\u00e8le : NORMANDE | Collection : H\u00e9ritage Dimension : 10&#8242; X 14&#8242; Sidding : MAIBEC PLANCHE ET CONVRE JOINT &#8211; | Color : DUNE DE SABLE 201 Roof : MYSTIQUE &#8211; NOIR 2 TONS Door : (1X) P-67B &#8211; (36&#8243; + 36&#8243;) X 79&#8243; Window : (2X) 26X40DB &#8211; 26&#8243; x 40&#8243; [&hellip;]<\/p>\n","protected":false},"featured_media":33524,"template":"","meta":{"content-type":""},"product_brand":[],"product_cat":[1196],"product_tag":[],"dimensions-des-demonstrateurs":[1165],"code-de-produit":[],"class_list":{"0":"post-33525","1":"product","2":"type-product","3":"status-publish","4":"has-post-thumbnail","6":"product_cat-normandy","7":"dimensions-des-demonstrateurs-10-x-14-en","9":"first","10":"instock","11":"sale","12":"shipping-taxable","13":"purchasable","14":"product-type-simple"},"yoast_head":"<!-- This site is optimized with the Yoast SEO plugin v27.5 - https:\/\/yoast.com\/product\/yoast-seo-wordpress\/ -->\n<title>NORMANDE 10&#039; 0&quot; X 14&#039; 0&quot; - Garages et Cabanons Fontaine<\/title>\n<meta name=\"description\" content=\"R\u00e9f\u00e9rence : CO-231194 Mod\u00e8le : NORMANDE | Collection : H\u00e9ritage Dimension : 10&#039; X 14&#039; Sidding : MAIBEC PLANCHE ET CONVRE JOINT - | Color : DUNE DE SABLE\" \/>\n<meta name=\"robots\" content=\"index, follow, max-snippet:-1, max-image-preview:large, max-video-preview:-1\" \/>\n<link rel=\"canonical\" href=\"https:\/\/cabanons.com\/en\/product\/normande-10-0-x-14-0\/\" \/>\n<meta property=\"og:locale\" content=\"en_US\" \/>\n<meta property=\"og:type\" content=\"article\" \/>\n<meta property=\"og:title\" content=\"NORMANDE 10&#039; 0&quot; X 14&#039; 0&quot; - Garages et Cabanons Fontaine\" \/>\n<meta property=\"og:description\" content=\"R\u00e9f\u00e9rence : CO-231194 Mod\u00e8le : NORMANDE | Collection : H\u00e9ritage Dimension : 10&#039; X 14&#039; Sidding : MAIBEC PLANCHE ET CONVRE JOINT - | Color : DUNE DE SABLE\" \/>\n<meta property=\"og:url\" content=\"https:\/\/cabanons.com\/en\/product\/normande-10-0-x-14-0\/\" \/>\n<meta property=\"og:site_name\" content=\"Garages et Cabanons Fontaine\" \/>\n<meta property=\"article:modified_time\" content=\"2026-04-10T15:21:15+00:00\" \/>\n<meta property=\"og:image\" content=\"https:\/\/cabanons.com\/wp-content\/uploads\/2026\/04\/232194.jpeg\" \/>\n\t<meta property=\"og:image:width\" content=\"768\" \/>\n\t<meta property=\"og:image:height\" content=\"1024\" \/>\n\t<meta property=\"og:image:type\" content=\"image\/jpeg\" \/>\n<meta name=\"twitter:card\" content=\"summary_large_image\" \/>\n<script type=\"application\/ld+json\" class=\"yoast-schema-graph\">{\"@context\":\"https:\\\/\\\/schema.org\",\"@graph\":[{\"@type\":\"WebPage\",\"@id\":\"https:\\\/\\\/cabanons.com\\\/en\\\/product\\\/normande-10-0-x-14-0\\\/\",\"url\":\"https:\\\/\\\/cabanons.com\\\/en\\\/product\\\/normande-10-0-x-14-0\\\/\",\"name\":\"NORMANDE 10' 0\\\" X 14' 0\\\" - Garages et Cabanons Fontaine\",\"isPartOf\":{\"@id\":\"https:\\\/\\\/cabanons.com\\\/en\\\/#website\"},\"primaryImageOfPage\":{\"@id\":\"https:\\\/\\\/cabanons.com\\\/en\\\/product\\\/normande-10-0-x-14-0\\\/#primaryimage\"},\"image\":{\"@id\":\"https:\\\/\\\/cabanons.com\\\/en\\\/product\\\/normande-10-0-x-14-0\\\/#primaryimage\"},\"thumbnailUrl\":\"https:\\\/\\\/cabanons.com\\\/wp-content\\\/uploads\\\/2026\\\/04\\\/232194.jpeg\",\"datePublished\":\"2026-04-10T15:18:58+00:00\",\"dateModified\":\"2026-04-10T15:21:15+00:00\",\"description\":\"R\u00e9f\u00e9rence : CO-231194 Mod\u00e8le : NORMANDE | Collection : H\u00e9ritage Dimension : 10' X 14' Sidding : MAIBEC PLANCHE ET CONVRE JOINT - | Color : DUNE DE SABLE\",\"breadcrumb\":{\"@id\":\"https:\\\/\\\/cabanons.com\\\/en\\\/product\\\/normande-10-0-x-14-0\\\/#breadcrumb\"},\"inLanguage\":\"en-CA\",\"potentialAction\":[{\"@type\":\"ReadAction\",\"target\":[\"https:\\\/\\\/cabanons.com\\\/en\\\/product\\\/normande-10-0-x-14-0\\\/\"]}]},{\"@type\":\"ImageObject\",\"inLanguage\":\"en-CA\",\"@id\":\"https:\\\/\\\/cabanons.com\\\/en\\\/product\\\/normande-10-0-x-14-0\\\/#primaryimage\",\"url\":\"https:\\\/\\\/cabanons.com\\\/wp-content\\\/uploads\\\/2026\\\/04\\\/232194.jpeg\",\"contentUrl\":\"https:\\\/\\\/cabanons.com\\\/wp-content\\\/uploads\\\/2026\\\/04\\\/232194.jpeg\",\"width\":768,\"height\":1024},{\"@type\":\"BreadcrumbList\",\"@id\":\"https:\\\/\\\/cabanons.com\\\/en\\\/product\\\/normande-10-0-x-14-0\\\/#breadcrumb\",\"itemListElement\":[{\"@type\":\"ListItem\",\"position\":1,\"name\":\"Accueil\",\"item\":\"https:\\\/\\\/cabanons.com\\\/en\\\/\"},{\"@type\":\"ListItem\",\"position\":2,\"name\":\"Demonstrator\",\"item\":\"https:\\\/\\\/cabanons.com\\\/en\\\/demonstrator\\\/\"},{\"@type\":\"ListItem\",\"position\":3,\"name\":\"NORMANDE 10&#8242; 0&#8243; X 14&#8242; 0&#8243;\"}]},{\"@type\":\"WebSite\",\"@id\":\"https:\\\/\\\/cabanons.com\\\/en\\\/#website\",\"url\":\"https:\\\/\\\/cabanons.com\\\/en\\\/\",\"name\":\"Garages et Cabanons Fontaine\",\"description\":\"LA QUALIT\u00c9 IN\u00c9GAL\u00c9 DEPUIS 1976\",\"publisher\":{\"@id\":\"https:\\\/\\\/cabanons.com\\\/en\\\/#organization\"},\"potentialAction\":[{\"@type\":\"SearchAction\",\"target\":{\"@type\":\"EntryPoint\",\"urlTemplate\":\"https:\\\/\\\/cabanons.com\\\/en\\\/?s={search_term_string}\"},\"query-input\":{\"@type\":\"PropertyValueSpecification\",\"valueRequired\":true,\"valueName\":\"search_term_string\"}}],\"inLanguage\":\"en-CA\"},{\"@type\":\"Organization\",\"@id\":\"https:\\\/\\\/cabanons.com\\\/en\\\/#organization\",\"name\":\"Garages et Cabanons Fontaine\",\"url\":\"https:\\\/\\\/cabanons.com\\\/en\\\/\",\"logo\":{\"@type\":\"ImageObject\",\"inLanguage\":\"en-CA\",\"@id\":\"https:\\\/\\\/cabanons.com\\\/en\\\/#\\\/schema\\\/logo\\\/image\\\/\",\"url\":\"https:\\\/\\\/cabanons.com\\\/wp-content\\\/uploads\\\/2020\\\/11\\\/icone_Logo_Garages_et_Cabanons_Fontaine_horz.png\",\"contentUrl\":\"https:\\\/\\\/cabanons.com\\\/wp-content\\\/uploads\\\/2020\\\/11\\\/icone_Logo_Garages_et_Cabanons_Fontaine_horz.png\",\"width\":716,\"height\":156,\"caption\":\"Garages et Cabanons Fontaine\"},\"image\":{\"@id\":\"https:\\\/\\\/cabanons.com\\\/en\\\/#\\\/schema\\\/logo\\\/image\\\/\"}}]}<\/script>\n<!-- \/ Yoast SEO plugin. -->","yoast_head_json":{"title":"NORMANDE 10' 0\" X 14' 0\" - Garages et Cabanons Fontaine","description":"R\u00e9f\u00e9rence : CO-231194 Mod\u00e8le : NORMANDE | Collection : H\u00e9ritage Dimension : 10' X 14' Sidding : MAIBEC PLANCHE ET CONVRE JOINT - | Color : DUNE DE SABLE","robots":{"index":"index","follow":"follow","max-snippet":"max-snippet:-1","max-image-preview":"max-image-preview:large","max-video-preview":"max-video-preview:-1"},"canonical":"https:\/\/cabanons.com\/en\/product\/normande-10-0-x-14-0\/","og_locale":"en_US","og_type":"article","og_title":"NORMANDE 10' 0\" X 14' 0\" - Garages et Cabanons Fontaine","og_description":"R\u00e9f\u00e9rence : CO-231194 Mod\u00e8le : NORMANDE | Collection : H\u00e9ritage Dimension : 10' X 14' Sidding : MAIBEC PLANCHE ET CONVRE JOINT - | Color : DUNE DE SABLE","og_url":"https:\/\/cabanons.com\/en\/product\/normande-10-0-x-14-0\/","og_site_name":"Garages et Cabanons Fontaine","article_modified_time":"2026-04-10T15:21:15+00:00","og_image":[{"width":768,"height":1024,"url":"https:\/\/cabanons.com\/wp-content\/uploads\/2026\/04\/232194.jpeg","type":"image\/jpeg"}],"twitter_card":"summary_large_image","schema":{"@context":"https:\/\/schema.org","@graph":[{"@type":"WebPage","@id":"https:\/\/cabanons.com\/en\/product\/normande-10-0-x-14-0\/","url":"https:\/\/cabanons.com\/en\/product\/normande-10-0-x-14-0\/","name":"NORMANDE 10' 0\" X 14' 0\" - Garages et Cabanons Fontaine","isPartOf":{"@id":"https:\/\/cabanons.com\/en\/#website"},"primaryImageOfPage":{"@id":"https:\/\/cabanons.com\/en\/product\/normande-10-0-x-14-0\/#primaryimage"},"image":{"@id":"https:\/\/cabanons.com\/en\/product\/normande-10-0-x-14-0\/#primaryimage"},"thumbnailUrl":"https:\/\/cabanons.com\/wp-content\/uploads\/2026\/04\/232194.jpeg","datePublished":"2026-04-10T15:18:58+00:00","dateModified":"2026-04-10T15:21:15+00:00","description":"R\u00e9f\u00e9rence : CO-231194 Mod\u00e8le : NORMANDE | Collection : H\u00e9ritage Dimension : 10' X 14' Sidding : MAIBEC PLANCHE ET CONVRE JOINT - | Color : DUNE DE SABLE","breadcrumb":{"@id":"https:\/\/cabanons.com\/en\/product\/normande-10-0-x-14-0\/#breadcrumb"},"inLanguage":"en-CA","potentialAction":[{"@type":"ReadAction","target":["https:\/\/cabanons.com\/en\/product\/normande-10-0-x-14-0\/"]}]},{"@type":"ImageObject","inLanguage":"en-CA","@id":"https:\/\/cabanons.com\/en\/product\/normande-10-0-x-14-0\/#primaryimage","url":"https:\/\/cabanons.com\/wp-content\/uploads\/2026\/04\/232194.jpeg","contentUrl":"https:\/\/cabanons.com\/wp-content\/uploads\/2026\/04\/232194.jpeg","width":768,"height":1024},{"@type":"BreadcrumbList","@id":"https:\/\/cabanons.com\/en\/product\/normande-10-0-x-14-0\/#breadcrumb","itemListElement":[{"@type":"ListItem","position":1,"name":"Accueil","item":"https:\/\/cabanons.com\/en\/"},{"@type":"ListItem","position":2,"name":"Demonstrator","item":"https:\/\/cabanons.com\/en\/demonstrator\/"},{"@type":"ListItem","position":3,"name":"NORMANDE 10&#8242; 0&#8243; X 14&#8242; 0&#8243;"}]},{"@type":"WebSite","@id":"https:\/\/cabanons.com\/en\/#website","url":"https:\/\/cabanons.com\/en\/","name":"Garages et Cabanons Fontaine","description":"LA QUALIT\u00c9 IN\u00c9GAL\u00c9 DEPUIS 1976","publisher":{"@id":"https:\/\/cabanons.com\/en\/#organization"},"potentialAction":[{"@type":"SearchAction","target":{"@type":"EntryPoint","urlTemplate":"https:\/\/cabanons.com\/en\/?s={search_term_string}"},"query-input":{"@type":"PropertyValueSpecification","valueRequired":true,"valueName":"search_term_string"}}],"inLanguage":"en-CA"},{"@type":"Organization","@id":"https:\/\/cabanons.com\/en\/#organization","name":"Garages et Cabanons Fontaine","url":"https:\/\/cabanons.com\/en\/","logo":{"@type":"ImageObject","inLanguage":"en-CA","@id":"https:\/\/cabanons.com\/en\/#\/schema\/logo\/image\/","url":"https:\/\/cabanons.com\/wp-content\/uploads\/2020\/11\/icone_Logo_Garages_et_Cabanons_Fontaine_horz.png","contentUrl":"https:\/\/cabanons.com\/wp-content\/uploads\/2020\/11\/icone_Logo_Garages_et_Cabanons_Fontaine_horz.png","width":716,"height":156,"caption":"Garages et Cabanons Fontaine"},"image":{"@id":"https:\/\/cabanons.com\/en\/#\/schema\/logo\/image\/"}}]}},"_links":{"self":[{"href":"https:\/\/cabanons.com\/en\/wp-json\/wp\/v2\/product\/33525","targetHints":{"allow":["GET"]}}],"collection":[{"href":"https:\/\/cabanons.com\/en\/wp-json\/wp\/v2\/product"}],"about":[{"href":"https:\/\/cabanons.com\/en\/wp-json\/wp\/v2\/types\/product"}],"wp:featuredmedia":[{"embeddable":true,"href":"https:\/\/cabanons.com\/en\/wp-json\/wp\/v2\/media\/33524"}],"wp:attachment":[{"href":"https:\/\/cabanons.com\/en\/wp-json\/wp\/v2\/media?parent=33525"}],"wp:term":[{"taxonomy":"product_brand","embeddable":true,"href":"https:\/\/cabanons.com\/en\/wp-json\/wp\/v2\/product_brand?post=33525"},{"taxonomy":"product_cat","embeddable":true,"href":"https:\/\/cabanons.com\/en\/wp-json\/wp\/v2\/product_cat?post=33525"},{"taxonomy":"product_tag","embeddable":true,"href":"https:\/\/cabanons.com\/en\/wp-json\/wp\/v2\/product_tag?post=33525"},{"taxonomy":"dimensions-des-demonstrateurs","embeddable":true,"href":"https:\/\/cabanons.com\/en\/wp-json\/wp\/v2\/dimensions-des-demonstrateurs?post=33525"},{"taxonomy":"code-de-produit","embeddable":true,"href":"https:\/\/cabanons.com\/en\/wp-json\/wp\/v2\/code-de-produit?post=33525"}],"curies":[{"name":"wp","href":"https:\/\/api.w.org\/{rel}","templated":true}]}}